{"id":85235,"date":"2024-05-20T07:49:32","date_gmt":"2024-05-20T07:55:58","guid":{"rendered":"https:\/\/factory.sale\/?post_type=product&#038;p=85235"},"modified":"2024-06-27T21:47:54","modified_gmt":"2024-06-27T21:47:54","slug":"aiakuur-garaaz-17m2-hall","status":"publish","type":"product","link":"https:\/\/factory.sale\/et\/toode\/aiakuur-garaaz-17m2-hall\/","title":{"rendered":"Aiakuur\/garaaz 17m2 hall"},"content":{"rendered":"<p>Garaaz \/ aiakuur tavaliste ustega on kergesti paigaldatav<br \/>\nSeinad ja katus on valmistatud galvaniseeritud terasplekist ning vastupidavast karkass galvaniseeritud terasest<br \/>\nGaraaz \/ aiakuuril on kaks ust (\u00fcks peauks ja \u00fcks k\u00fcljeuks) ja 4 ventilatsiooniava<\/p>\n<p>&nbsp;<\/p>\n<p><strong>Tehnilised andmed:<\/strong><\/p>\n<ul>\n<li>K\u00fcljeuks m\u00f5\u00f5tudega 780mm x 1880mm on lukustatav<\/li>\n<li>Materjal: tsingitud+v\u00e4rvitud teras plaadid<\/li>\n<li>Tsingitud terasest karkass<\/li>\n<li>M\u00f5\u00f5dud (P x L x K): 590 x 289 x 232 cm<\/li>\n<li>Peaukse m\u00f5\u00f5t: (L xK) 212 x 186 cm<\/li>\n<li>K\u00fcljeuks m\u00f5\u00f5tudega: 78x 187 cm on lukustatav<\/li>\n<li>Materjal: Seinad ja katus 0,25mm galvaniseeritud terasplekk<\/li>\n<li>Karkass 0,6 mm galvaniseeritud teras<\/li>\n<li>V\u00e4rv: hall<\/li>\n<li>Roostegarantii: 15 a<\/li>\n<li>Lumekoormus: 15kg\/m2<\/li>\n<\/ul>\n","protected":false},"excerpt":{"rendered":"<p>Garaaz \/ aiakuur tavaliste ustega on kergesti paigaldatav.<\/p>\n","protected":false},"featured_media":85227,"comment_status":"open","ping_status":"closed","template":"","meta":{"_acf_changed":false},"factory":[],"free-shipment":[],"product_brand":[],"product_cat":[924,2356],"product_tag":[940,2714],"class_list":{"0":"post-85235","1":"product","2":"type-product","3":"status-publish","4":"has-post-thumbnail","6":"product_cat-aiatooted","7":"product_cat-aiarajatised","8":"product_tag-garage-et","9":"product_tag-yard-and-garden-et","11":"first","12":"instock","13":"sale","14":"taxable","15":"shipping-taxable","16":"purchasable","17":"product-type-simple"},"acf":[],"_links":{"self":[{"href":"https:\/\/factory.sale\/et\/wp-json\/wp\/v2\/product\/85235","targetHints":{"allow":["GET"]}}],"collection":[{"href":"https:\/\/factory.sale\/et\/wp-json\/wp\/v2\/product"}],"about":[{"href":"https:\/\/factory.sale\/et\/wp-json\/wp\/v2\/types\/product"}],"replies":[{"embeddable":true,"href":"https:\/\/factory.sale\/et\/wp-json\/wp\/v2\/comments?post=85235"}],"wp:featuredmedia":[{"embeddable":true,"href":"https:\/\/factory.sale\/et\/wp-json\/wp\/v2\/media\/85227"}],"wp:attachment":[{"href":"https:\/\/factory.sale\/et\/wp-json\/wp\/v2\/media?parent=85235"}],"wp:term":[{"taxonomy":"factory","embeddable":true,"href":"https:\/\/factory.sale\/et\/wp-json\/wp\/v2\/factory?post=85235"},{"taxonomy":"free-shipment","embeddable":true,"href":"https:\/\/factory.sale\/et\/wp-json\/wp\/v2\/free-shipment?post=85235"},{"taxonomy":"product_brand","embeddable":true,"href":"https:\/\/factory.sale\/et\/wp-json\/wp\/v2\/product_brand?post=85235"},{"taxonomy":"product_cat","embeddable":true,"href":"https:\/\/factory.sale\/et\/wp-json\/wp\/v2\/product_cat?post=85235"},{"taxonomy":"product_tag","embeddable":true,"href":"https:\/\/factory.sale\/et\/wp-json\/wp\/v2\/product_tag?post=85235"}],"curies":[{"name":"wp","href":"https:\/\/api.w.org\/{rel}","templated":true}]}}