{"id":84988,"date":"2024-05-03T19:44:22","date_gmt":"2024-05-03T19:57:23","guid":{"rendered":"https:\/\/factory.sale\/?post_type=product&#038;p=84988"},"modified":"2025-01-12T16:20:49","modified_gmt":"2025-01-12T13:20:49","slug":"kampingumajake-2-4-m-x-3-5-m","status":"publish","type":"product","link":"https:\/\/factory.sale\/et\/toode\/kampingumajake-2-4-m-x-3-5-m\/","title":{"rendered":"K\u00e4mpingumajake 2.4 m x 3.5 m"},"content":{"rendered":"<p>K\u00e4mpingumajasid saab ideaalselt kasutada ilusate aia- v\u00f5i k\u00fclalistemajadena, suveresidentsidena, kodukontoritena, t\u00f6\u00f6tubadena, kalurionnide, rannamajade, vaba aja veetmise kohtade v\u00f5i laste m\u00e4ngumajadena.<\/p>\n<p>Parimatest kvaliteetmaterjalidest valmistatud k\u00e4mpingumajad esindavad t\u00f5eliselt ainulaadset majutust, pakkudes uskumatut vaba aja veetmise kogemust.<\/p>\n<p>&nbsp;<\/p>\n<p><strong>TEHNILISED ANDMED:<\/strong><\/p>\n<p>Suurus: 2 inimest<br \/>\nTuba: 1<br \/>\nSisepindala: 6.3 m\u00b2<br \/>\nV\u00e4lism\u00f5\u00f5tmed: 2.4 m x 3.5 m<br \/>\nK\u00f5rgus: 2.6 m<br \/>\nPuit: m\u00e4nnipuit v\u00f5i termopuit<br \/>\nSeina paksus: 46 mm<br \/>\nP\u00f5randa paksus: 28 mm<br \/>\nKatuse viimistlus: Soome bituumensindlid<br \/>\nAkna suurus: 700 x 900 mm<br \/>\nUkse suurus: 1030 x 1900 mm<\/p>\n<p>Seinad on kaetud bituumensindlitega<br \/>\nP\u00f5rand on valmistatud 28 mm m\u00e4nnipuidust plaatidest<br \/>\n1 topeltklaasiga avanev aken tagaseinas<br \/>\nPrantsuse stiilis topeltklaasiga uks standardse k\u00e4epideme ja lukuga<\/p>\n<p>&nbsp;<\/p>\n<p><strong>TARNE:<\/strong><\/p>\n<p>Aluse suurus (LxPxK): 1p (1.2 x 3.5 x 1.2) 1600 kg<\/p>\n<p>Koostatud maja suurus (LxPxK): (2.4 x 3.6 x 2.6) 1600 kg<\/p>\n<p><img loading=\"lazy\" decoding=\"async\" class=\"alignnone wp-image-84974\" src=\"https:\/\/factory.sale\/wp-content\/uploads\/2024\/05\/Bildschirmfoto-2024-05-03-um-22.39.59-300x225.png\" alt=\"\" width=\"423\" height=\"317\" srcset=\"https:\/\/factory.sale\/wp-content\/uploads\/2024\/05\/Bildschirmfoto-2024-05-03-um-22.39.59-300x225.png 300w, https:\/\/factory.sale\/wp-content\/uploads\/2024\/05\/Bildschirmfoto-2024-05-03-um-22.39.59-1024x768.png 1024w, https:\/\/factory.sale\/wp-content\/uploads\/2024\/05\/Bildschirmfoto-2024-05-03-um-22.39.59-150x113.png 150w, https:\/\/factory.sale\/wp-content\/uploads\/2024\/05\/Bildschirmfoto-2024-05-03-um-22.39.59-600x450.png 600w, https:\/\/factory.sale\/wp-content\/uploads\/2024\/05\/Bildschirmfoto-2024-05-03-um-22.39.59.png 1256w\" sizes=\"auto, (max-width: 423px) 100vw, 423px\" \/><\/p>\n<p>&nbsp;<\/p>\n<p><a href=\"https:\/\/factory.sale\/wp-content\/uploads\/2024\/04\/Camping-Pod-2.4-x-4.0-m.pdf\" target=\"_blank\" rel=\"noopener\">Paigaldusjuhend<\/a><\/p>\n<p>&nbsp;<\/p>\n<p><strong>LISAD<\/strong><\/p>\n<p>Bituumenkatuse v\u00e4rv: must, roheline, punane<\/p>\n<p><img loading=\"lazy\" decoding=\"async\" class=\"alignnone wp-image-84758\" src=\"https:\/\/factory.sale\/wp-content\/uploads\/2024\/04\/colours-300x93.png\" alt=\"\" width=\"574\" height=\"178\" srcset=\"https:\/\/factory.sale\/wp-content\/uploads\/2024\/04\/colours-300x93.png 300w, https:\/\/factory.sale\/wp-content\/uploads\/2024\/04\/colours-150x46.png 150w, https:\/\/factory.sale\/wp-content\/uploads\/2024\/04\/colours-600x185.png 600w, https:\/\/factory.sale\/wp-content\/uploads\/2024\/04\/colours.png 648w\" sizes=\"auto, (max-width: 574px) 100vw, 574px\" \/><\/p>\n<p><strong>Aknad<\/strong><\/p>\n<p>Poolpanoraamaken + 1265 \u20ac<\/p>\n<p>T\u00e4ispanoraamaken + 1518 \u20ac<\/p>\n<p>Kahekordse klaasiga aken, professionaalselt v\u00e4rvitud antratsiitv\u00e4rvi v\u00e4rvikambris, tagaseinas + 63,25 \u20ac<\/p>\n<p>&nbsp;<\/p>\n<p><strong>Puidu t\u00fc\u00fcp<\/strong><\/p>\n<p>M\u00e4nnipuit +0 \u20ac<\/p>\n<p>Termopuit + 494,5 \u20ac<\/p>\n<p>&nbsp;<\/p>\n<p><strong>Saatmisv\u00f5imalused<\/strong><\/p>\n<p>Monteerimata + 0 \u20ac<\/p>\n<p>Monteeritud + 434,7 \u20ac<\/p>\n<p>&nbsp;<\/p>\n<p>&nbsp;<\/p>\n<p><strong>Elekter matkabussidele<\/strong><\/p>\n<p>\u00dcks pistik + 69 \u20ac<\/p>\n<p>Kahekordne pistik + 74,75 \u20ac<\/p>\n<p>\u00dcks l\u00fcliti + 69 \u20ac<\/p>\n<p>Kahekordne l\u00fcliti + 86,25 \u20ac<\/p>\n<p>Kaabel 1 lambi jaoks + 28,75 \u20ac<\/p>\n<p>Kaitsepaneel + 138 \u20ac<\/p>\n<p>K\u00e4mpingumaja v\u00e4limine v\u00e4rv + 189,75 \u20ac<\/p>\n<p>&nbsp;<\/p>\n<p><em><strong>Samuti on saadaval palju m\u00f6\u00f6blit k\u00e4mpingumajadele, k\u00fcsige lisateavet!<\/strong><\/em><\/p>\n<p>&nbsp;<\/p>\n<p>&nbsp;<\/p>\n<div class=\"video-wrapper \"><iframe loading=\"lazy\" title=\"The folding bench from Woodprofesionals\" width=\"500\" height=\"281\" src=\"https:\/\/www.youtube.com\/embed\/rihF8b40BVs?feature=oembed\" frameborder=\"0\" allow=\"accelerometer; autoplay; clipboard-write; encrypted-media; gyroscope; picture-in-picture; web-share\" referrerpolicy=\"strict-origin-when-cross-origin\" allowfullscreen><\/iframe><\/div>\n","protected":false},"excerpt":{"rendered":"<p>K\u00e4mpingumajad v\u00f5imaldavad inimestel nautida suurt \u00f5ues olemise r\u00f5\u00f5mu, seega valivad need sageli k\u00e4mpingute omanikud ja muusikafestivalide korraldajad, kes soovivad pakkuda oma klientidele keerukamat ja mugavamat telgi t\u00fc\u00fcpi.<\/p>\n","protected":false},"featured_media":84977,"comment_status":"open","ping_status":"closed","template":"","meta":{"_acf_changed":false},"factory":[],"free-shipment":[],"product_brand":[],"product_cat":[801,2888],"product_tag":[],"class_list":{"0":"post-84988","1":"product","2":"type-product","3":"status-publish","4":"has-post-thumbnail","6":"product_cat-elementmajad-2","7":"product_cat-kampingumajakesed","9":"first","10":"instock","11":"sale","12":"taxable","13":"shipping-taxable","14":"purchasable","15":"product-type-simple"},"acf":[],"_links":{"self":[{"href":"https:\/\/factory.sale\/et\/wp-json\/wp\/v2\/product\/84988","targetHints":{"allow":["GET"]}}],"collection":[{"href":"https:\/\/factory.sale\/et\/wp-json\/wp\/v2\/product"}],"about":[{"href":"https:\/\/factory.sale\/et\/wp-json\/wp\/v2\/types\/product"}],"replies":[{"embeddable":true,"href":"https:\/\/factory.sale\/et\/wp-json\/wp\/v2\/comments?post=84988"}],"wp:featuredmedia":[{"embeddable":true,"href":"https:\/\/factory.sale\/et\/wp-json\/wp\/v2\/media\/84977"}],"wp:attachment":[{"href":"https:\/\/factory.sale\/et\/wp-json\/wp\/v2\/media?parent=84988"}],"wp:term":[{"taxonomy":"factory","embeddable":true,"href":"https:\/\/factory.sale\/et\/wp-json\/wp\/v2\/factory?post=84988"},{"taxonomy":"free-shipment","embeddable":true,"href":"https:\/\/factory.sale\/et\/wp-json\/wp\/v2\/free-shipment?post=84988"},{"taxonomy":"product_brand","embeddable":true,"href":"https:\/\/factory.sale\/et\/wp-json\/wp\/v2\/product_brand?post=84988"},{"taxonomy":"product_cat","embeddable":true,"href":"https:\/\/factory.sale\/et\/wp-json\/wp\/v2\/product_cat?post=84988"},{"taxonomy":"product_tag","embeddable":true,"href":"https:\/\/factory.sale\/et\/wp-json\/wp\/v2\/product_tag?post=84988"}],"curies":[{"name":"wp","href":"https:\/\/api.w.org\/{rel}","templated":true}]}}