{"id":84963,"date":"2024-05-03T18:01:31","date_gmt":"2024-05-03T18:52:38","guid":{"rendered":"https:\/\/factory.sale\/?post_type=product&#038;p=84963"},"modified":"2025-01-12T23:12:49","modified_gmt":"2025-01-12T20:12:49","slug":"kampingumajake-3m","status":"publish","type":"product","link":"https:\/\/factory.sale\/et\/toode\/kampingumajake-3m\/","title":{"rendered":"K\u00e4mpingumajake 3m"},"content":{"rendered":"<p>Avasta ideaalne mugavuse ja vastupidavuse segu meie hoolikalt kujundatud k\u00e4mpingumaja. Need otstarbekalt disainitud k\u00e4mpingubussid loovad t\u00e4iusliku tasakaalu, tagades, et iga seiklus on nii hubane kui ka meeldej\u00e4\u00e4v.<\/p>\n<p>K\u00e4mpingumaja, mis on sageli valitud nende ahvatleva disaini ja lisaruumi t\u00f5ttu, toodetakse m\u00e4nnipuidust v\u00f5i termopuidust, mille seinad on paksusega 46 mm.<\/p>\n<p>&nbsp;<\/p>\n<p><strong>Tehnilised andmed:<\/strong><\/p>\n<p>Suurus: 2 inimest<br \/>\nToad: 2<br \/>\nSisepindala: 5.5 m\u00b2<br \/>\nV\u00e4lism\u00f5\u00f5tmed: 2.3 m x 3.0 m<br \/>\nK\u00f5rgus: 2.6 m<br \/>\nPuit: m\u00e4nnipuit v\u00f5i termopuit<br \/>\nSeina paksus: 46 mm<br \/>\nP\u00f5randa paksus: 28 mm<br \/>\nKatuse viimistlus: Soome bituumensindlid<br \/>\nUks: 700 x 1800 mm<br \/>\nAken: 700 x 900 mm<\/p>\n<p>&nbsp;<\/p>\n<p><strong>Standardkomplekt:<\/strong><\/p>\n<ul>\n<li>Puidust seinad<\/li>\n<li>Roostevabast terasest tugevdusrihmad<\/li>\n<li>Katusekatteks bituumensindlid<\/li>\n<li>P\u00f5rand 28 mm m\u00e4nnipuidust plaatidest<\/li>\n<li>Tagaseinas topeltklaasiga avanev podi aken<\/li>\n<li>Puidust esiuks topeltklaasiga akna, puidust k\u00e4epideme ja lukuga<\/li>\n<\/ul>\n<p>&nbsp;<\/p>\n<p><strong>Tarne:<\/strong><\/p>\n<p>Aluse suurus (LxPxK): 1p (1.2 x 3.1 x 1.2) 1800 kg<br \/>\nKokkupandud suurus (LxPxK): 1 p (2.4 x 3.1 x 2.6) 1800 kg<\/p>\n<p><img loading=\"lazy\" decoding=\"async\" class=\"alignnone wp-image-84966\" src=\"https:\/\/factory.sale\/wp-content\/uploads\/2024\/05\/Bildschirmfoto-2024-05-03-um-21.54.30-300x204.png\" alt=\"\" width=\"499\" height=\"339\" srcset=\"https:\/\/factory.sale\/wp-content\/uploads\/2024\/05\/Bildschirmfoto-2024-05-03-um-21.54.30-300x204.png 300w, https:\/\/factory.sale\/wp-content\/uploads\/2024\/05\/Bildschirmfoto-2024-05-03-um-21.54.30-1024x698.png 1024w, https:\/\/factory.sale\/wp-content\/uploads\/2024\/05\/Bildschirmfoto-2024-05-03-um-21.54.30-150x102.png 150w, https:\/\/factory.sale\/wp-content\/uploads\/2024\/05\/Bildschirmfoto-2024-05-03-um-21.54.30-600x409.png 600w, https:\/\/factory.sale\/wp-content\/uploads\/2024\/05\/Bildschirmfoto-2024-05-03-um-21.54.30.png 1236w\" sizes=\"auto, (max-width: 499px) 100vw, 499px\" \/><\/p>\n<p>&nbsp;<\/p>\n<p><strong>LISAD<\/strong><\/p>\n<p>Bituumenkatuse v\u00e4rv: must, roheline, punane<\/p>\n<p><img loading=\"lazy\" decoding=\"async\" class=\"alignnone wp-image-84758\" src=\"https:\/\/factory.sale\/wp-content\/uploads\/2024\/04\/colours-300x93.png\" alt=\"\" width=\"574\" height=\"178\" srcset=\"https:\/\/factory.sale\/wp-content\/uploads\/2024\/04\/colours-300x93.png 300w, https:\/\/factory.sale\/wp-content\/uploads\/2024\/04\/colours-150x46.png 150w, https:\/\/factory.sale\/wp-content\/uploads\/2024\/04\/colours-600x185.png 600w, https:\/\/factory.sale\/wp-content\/uploads\/2024\/04\/colours.png 648w\" sizes=\"auto, (max-width: 574px) 100vw, 574px\" \/><\/p>\n<p><strong>Aknad:<\/strong><\/p>\n<p>Poolpanoraamaken + 1265 \u20ac<\/p>\n<p>T\u00e4ispanoraamaken + 1518 \u20ac<\/p>\n<p>Kahekordse klaasiga aken, professionaalselt v\u00e4rvitud antratsiitv\u00e4rvi v\u00e4rvikambris, tagaseinas + 63,25 \u20ac<\/p>\n<p>&nbsp;<\/p>\n<p><strong>Puidu t\u00fc\u00fcp:<\/strong><\/p>\n<p>M\u00e4nnipuit 0 \u20ac<\/p>\n<p>Termopuit + 494,5 \u20ac<\/p>\n<p>&nbsp;<\/p>\n<p>&nbsp;<\/p>\n<p><strong>Saatmisv\u00f5imalused:<\/strong><\/p>\n<p>Monteerimata \u00a00 \u20ac<\/p>\n<p>Monteeritud + 434,7 \u20ac<\/p>\n<p>&nbsp;<\/p>\n<p>&nbsp;<\/p>\n<p><strong>Elekter matkabussidele:<\/strong><\/p>\n<p>\u00dcks pistik + 69 \u20ac<\/p>\n<p>Kahekordne pistik + 74,75 \u20ac<\/p>\n<p>\u00dcks l\u00fcliti + 69 \u20ac<\/p>\n<p>Kahekordne l\u00fcliti + 86,25 \u20ac<\/p>\n<p>Kaabel 1 lambi jaoks + 28,75 \u20ac<\/p>\n<p>Kaitsepaneel + 138 \u20ac<\/p>\n<p>K\u00e4mpingumaja v\u00e4limine v\u00e4rv + 189,75 \u20ac<\/p>\n<p>&nbsp;<\/p>\n<p><em><strong>Samuti on saadaval palju m\u00f6\u00f6blit k\u00e4mpingumajadele, k\u00fcsige lisateavet!<\/strong><\/em><\/p>\n<p>&nbsp;<\/p>\n<p>&nbsp;<\/p>\n<div class=\"video-wrapper \"><iframe loading=\"lazy\" title=\"The folding bench from Woodprofesionals\" width=\"500\" height=\"281\" src=\"https:\/\/www.youtube.com\/embed\/rihF8b40BVs?feature=oembed\" frameborder=\"0\" allow=\"accelerometer; autoplay; clipboard-write; encrypted-media; gyroscope; picture-in-picture; web-share\" referrerpolicy=\"strict-origin-when-cross-origin\" allowfullscreen><\/iframe><\/div>\n","protected":false},"excerpt":{"rendered":"<p>Avasta ideaalne mugavuse ja vastupidavuse segu meie hoolikalt kujundatud k\u00e4mpingumaja. Need otstarbekalt disainitud k\u00e4mpingubussid loovad t\u00e4iusliku tasakaalu, tagades, et iga seiklus on nii hubane kui ka meeldej\u00e4\u00e4v.<\/p>\n","protected":false},"featured_media":97581,"comment_status":"open","ping_status":"closed","template":"","meta":{"_acf_changed":false},"factory":[],"free-shipment":[],"product_brand":[],"product_cat":[801,2888],"product_tag":[],"class_list":{"0":"post-84963","1":"product","2":"type-product","3":"status-publish","4":"has-post-thumbnail","6":"product_cat-elementmajad-2","7":"product_cat-kampingumajakesed","9":"first","10":"instock","11":"sale","12":"taxable","13":"shipping-taxable","14":"purchasable","15":"product-type-simple"},"acf":[],"_links":{"self":[{"href":"https:\/\/factory.sale\/et\/wp-json\/wp\/v2\/product\/84963","targetHints":{"allow":["GET"]}}],"collection":[{"href":"https:\/\/factory.sale\/et\/wp-json\/wp\/v2\/product"}],"about":[{"href":"https:\/\/factory.sale\/et\/wp-json\/wp\/v2\/types\/product"}],"replies":[{"embeddable":true,"href":"https:\/\/factory.sale\/et\/wp-json\/wp\/v2\/comments?post=84963"}],"wp:featuredmedia":[{"embeddable":true,"href":"https:\/\/factory.sale\/et\/wp-json\/wp\/v2\/media\/97581"}],"wp:attachment":[{"href":"https:\/\/factory.sale\/et\/wp-json\/wp\/v2\/media?parent=84963"}],"wp:term":[{"taxonomy":"factory","embeddable":true,"href":"https:\/\/factory.sale\/et\/wp-json\/wp\/v2\/factory?post=84963"},{"taxonomy":"free-shipment","embeddable":true,"href":"https:\/\/factory.sale\/et\/wp-json\/wp\/v2\/free-shipment?post=84963"},{"taxonomy":"product_brand","embeddable":true,"href":"https:\/\/factory.sale\/et\/wp-json\/wp\/v2\/product_brand?post=84963"},{"taxonomy":"product_cat","embeddable":true,"href":"https:\/\/factory.sale\/et\/wp-json\/wp\/v2\/product_cat?post=84963"},{"taxonomy":"product_tag","embeddable":true,"href":"https:\/\/factory.sale\/et\/wp-json\/wp\/v2\/product_tag?post=84963"}],"curies":[{"name":"wp","href":"https:\/\/api.w.org\/{rel}","templated":true}]}}