{"id":84949,"date":"2024-05-03T07:29:52","date_gmt":"2024-05-03T17:11:12","guid":{"rendered":"https:\/\/factory.sale\/?post_type=product&#038;p=84949"},"modified":"2025-01-12T16:10:34","modified_gmt":"2025-01-12T13:10:34","slug":"kampingumajake-2-4-m-x-3-m","status":"publish","type":"product","link":"https:\/\/factory.sale\/et\/toode\/kampingumajake-2-4-m-x-3-m\/","title":{"rendered":"K\u00e4mpingumajake 2.4 m x 3 m"},"content":{"rendered":"<p>K\u00e4mpingumajakesed v\u00f5imaldavad inimestel nautida suurep\u00e4rast vabas \u00f5hus veedetud aega, mist\u00f5ttu valivad neid sageli k\u00e4mpingute omanikud ja muusikafestivalide korraldajad, kes soovivad oma klientidele pakkuda mugavamat \u00f6\u00f6bimist.<\/p>\n<p>Samuti sobivad k\u00e4mpingumajakesed suurep\u00e4raselt ilusaks aia- v\u00f5i k\u00fclalistemajaks, suveresidentsiks, kodukontoriks, t\u00f6\u00f6kojaks, kalurionniks, rannamajaks, vaba aja veetmise kohaks v\u00f5i laste m\u00e4ngumajaks.<\/p>\n<p>Valmistatud parimatest kvaliteetmaterjalidest, esindavad k\u00e4mpingumajakesed t\u00f5eliselt ainulaadset majutust, pakkudes uskumatut puhkuseelamust.<\/p>\n<p>&nbsp;<\/p>\n<p><strong>TEHNILISED ANDMED:<\/strong><\/p>\n<p>Suurus: 2 inimest<br \/>\nTuba: 1<br \/>\nSisepindala: 5.1 m\u00b2<br \/>\nV\u00e4lism\u00f5\u00f5tmed: 2.4 m x 3.0 m<br \/>\nK\u00f5rgus: 2.6 m<br \/>\nPuit: m\u00e4nnipuit v\u00f5i termopuit<br \/>\nSeina paksus: 46 mm<br \/>\nP\u00f5randa paksus: 28 mm<br \/>\nKatuse viimistlus: Soome bituumensindlid<br \/>\nAkna suurus: 700 x 900 mm<br \/>\nUkse suurus: 1030 x 1900 mm<\/p>\n<p>Seinad kaetud bituumensindlitega<br \/>\nP\u00f5rand 28 mm m\u00e4nnipuidust plaatidest<br \/>\n1 topeltklaasiga avatav aken tagaseinas<br \/>\nPrantsuse stiilis topeltklaasiga uks standardse k\u00e4epideme ja lukuga<\/p>\n<p>&nbsp;<\/p>\n<p><strong>M\u00d5\u00d5TMED:<\/strong><\/p>\n<p>Aluse suurus (LxPxK): 1p (1.2 x 3.0 x 1.2) 1400 kg<\/p>\n<p>Koostatud kapsli suurus (LxPxK): (2.4 x 3.1 x 2.6) 1400 kg<\/p>\n<p>&nbsp;<\/p>\n<p><strong>LISAD<\/strong><\/p>\n<p>Bituumenkatuse v\u00e4rv: must, roheline, punane<\/p>\n<p><img loading=\"lazy\" decoding=\"async\" class=\"alignnone wp-image-84758\" src=\"https:\/\/factory.sale\/wp-content\/uploads\/2024\/04\/colours-300x93.png\" alt=\"\" width=\"574\" height=\"178\" srcset=\"https:\/\/factory.sale\/wp-content\/uploads\/2024\/04\/colours-300x93.png 300w, https:\/\/factory.sale\/wp-content\/uploads\/2024\/04\/colours-150x46.png 150w, https:\/\/factory.sale\/wp-content\/uploads\/2024\/04\/colours-600x185.png 600w, https:\/\/factory.sale\/wp-content\/uploads\/2024\/04\/colours.png 648w\" sizes=\"auto, (max-width: 574px) 100vw, 574px\" \/><\/p>\n<p>&nbsp;<\/p>\n<p><strong>Aknad<\/strong><\/p>\n<p>Poolpanoraamaken + 1265 \u20ac<\/p>\n<p>T\u00e4ispanoraamaken + 1518 \u20ac<\/p>\n<p>Kahekordse klaasiga aken, professionaalselt v\u00e4rvitud antratsiitv\u00e4rvi v\u00e4rvikambris, tagaseinas + 63,25 \u20ac<\/p>\n<p>&nbsp;<\/p>\n<p><strong>Puidu t\u00fc\u00fcp<\/strong><\/p>\n<p>M\u00e4nnipuit +0 \u20ac<\/p>\n<p>Termopuit + 494,5 \u20ac<\/p>\n<p>Saatmisv\u00f5imalused<\/p>\n<p>Monteerimata + 0 \u20ac<\/p>\n<p>Monteeritud + 434,7 \u20ac<\/p>\n<p>&nbsp;<\/p>\n<p>&nbsp;<\/p>\n<p><strong>Elekter matkabussidele<\/strong><\/p>\n<p>\u00dcks pistik + 69 \u20ac<\/p>\n<p>Kahekordne pistik + 74,75 \u20ac<\/p>\n<p>\u00dcks l\u00fcliti + 69 \u20ac<\/p>\n<p>Kahekordne l\u00fcliti + 86,25 \u20ac<\/p>\n<p>Kaabel 1 lambi jaoks + 28,75 \u20ac<\/p>\n<p>Kaitsepaneel + 138 \u20ac<\/p>\n<p>K\u00e4mpingumaja v\u00e4limine v\u00e4rv + 189,75<\/p>\n<p>&nbsp;<\/p>\n<p>&nbsp;<\/p>\n<div class=\"video-wrapper \"><iframe loading=\"lazy\" title=\"The folding bench from Woodprofesionals\" width=\"500\" height=\"281\" src=\"https:\/\/www.youtube.com\/embed\/rihF8b40BVs?feature=oembed\" frameborder=\"0\" allow=\"accelerometer; autoplay; clipboard-write; encrypted-media; gyroscope; picture-in-picture; web-share\" referrerpolicy=\"strict-origin-when-cross-origin\" allowfullscreen><\/iframe><\/div>\n<p>&nbsp;<\/p>\n","protected":false},"excerpt":{"rendered":"<p>K\u00e4mpingumaja, tuntud ka kui Glamping Pod, on suurep\u00e4rane valik \u00f5ues \u00f6\u00f6bimiseks. See pakub hubast, mugavat ja avarat majutust kuni 4-6 inimesele. Erakordne kuju sulandub maastikku, muutes vaate loomulikuks ja atraktiivseks.<\/p>\n","protected":false},"featured_media":84933,"comment_status":"open","ping_status":"closed","template":"","meta":{"_acf_changed":false},"factory":[],"free-shipment":[],"product_brand":[],"product_cat":[801,2888],"product_tag":[],"class_list":{"0":"post-84949","1":"product","2":"type-product","3":"status-publish","4":"has-post-thumbnail","6":"product_cat-elementmajad-2","7":"product_cat-kampingumajakesed","9":"first","10":"instock","11":"sale","12":"taxable","13":"shipping-taxable","14":"purchasable","15":"product-type-simple"},"acf":[],"_links":{"self":[{"href":"https:\/\/factory.sale\/et\/wp-json\/wp\/v2\/product\/84949","targetHints":{"allow":["GET"]}}],"collection":[{"href":"https:\/\/factory.sale\/et\/wp-json\/wp\/v2\/product"}],"about":[{"href":"https:\/\/factory.sale\/et\/wp-json\/wp\/v2\/types\/product"}],"replies":[{"embeddable":true,"href":"https:\/\/factory.sale\/et\/wp-json\/wp\/v2\/comments?post=84949"}],"wp:featuredmedia":[{"embeddable":true,"href":"https:\/\/factory.sale\/et\/wp-json\/wp\/v2\/media\/84933"}],"wp:attachment":[{"href":"https:\/\/factory.sale\/et\/wp-json\/wp\/v2\/media?parent=84949"}],"wp:term":[{"taxonomy":"factory","embeddable":true,"href":"https:\/\/factory.sale\/et\/wp-json\/wp\/v2\/factory?post=84949"},{"taxonomy":"free-shipment","embeddable":true,"href":"https:\/\/factory.sale\/et\/wp-json\/wp\/v2\/free-shipment?post=84949"},{"taxonomy":"product_brand","embeddable":true,"href":"https:\/\/factory.sale\/et\/wp-json\/wp\/v2\/product_brand?post=84949"},{"taxonomy":"product_cat","embeddable":true,"href":"https:\/\/factory.sale\/et\/wp-json\/wp\/v2\/product_cat?post=84949"},{"taxonomy":"product_tag","embeddable":true,"href":"https:\/\/factory.sale\/et\/wp-json\/wp\/v2\/product_tag?post=84949"}],"curies":[{"name":"wp","href":"https:\/\/api.w.org\/{rel}","templated":true}]}}