{"id":84860,"date":"2024-04-30T09:52:03","date_gmt":"2024-04-30T09:58:57","guid":{"rendered":"https:\/\/factory.sale\/?post_type=product&#038;p=84860"},"modified":"2024-06-27T14:51:11","modified_gmt":"2024-06-27T14:51:11","slug":"puukuttega-keris-juup-original","status":"publish","type":"product","link":"https:\/\/factory.sale\/et\/toode\/puukuttega-keris-juup-original\/","title":{"rendered":"Puuk\u00fcttega keris Juup Original"},"content":{"rendered":"<p><strong>SOOME K\u00c4SIT\u00d6\u00d6<\/strong><\/p>\n<p>Iga Juupi k\u00e4sit\u00f6\u00f6keris on ainulaadne. Et tagada kompromissitu kvaliteet ja vastupidavus aastak\u00fcmneteks, valmistab \u00fcks inimene kerise algusest l\u00f5puni. Igal kerisel on plaadikene, mis n\u00e4itab kerise mudelit, seerianumbrit ja ehitaja nime. Kerisele on omistatud Soome Lipu m\u00e4rk. Soome Lipu m\u00e4rk on registreeritud \u00fchenduse kaubam\u00e4rk, mis tagab, et toode on valmistatud Soomes ja annab t\u00f6\u00f6d Soomes.<\/p>\n<p>Kerise korpus ja tulekamber on valmistatud 3 mm s\u00fcsinikterasest ning tulekambris on ainult \u00fcks keevis\u00f5mblus. Selline disain tagab, et k\u00fcttekolle kestab \u00fchelt p\u00f5lvkonnalt teisele. Algup\u00e4rased kerised, mida ehitas G\u00f6sta Juup 1960ndatel, on endiselt kasutusel. T\u00e4nu oma tugevale ja vastupidavale konstruktsioonile pakume kerisele 10-aastast garantiid kodukasutuses.<\/p>\n<p>&nbsp;<\/p>\n<p><strong>KIIRE JA \u00d6KONOOMNE<\/strong><\/p>\n<p>Juup Original keris seab kahtluse alla traditsiooniliste keriste t\u00f6\u00f6p\u00f5him\u00f5tted. See on peamiselt kavandatud saunaruumi ja teisese t\u00e4htsusega kivipesa soojendamiseks. Keris t\u00f5mbab sauna ruumist k\u00fclma v\u00e4rske \u00f5hu korpuse ja p\u00f5lemiskambri vahele kerise alaosast. \u00d5hk soojeneb kerise sees ja puhutakse kuumalt v\u00e4lja kerise \u00fclaosast. See protsess v\u00f5ib t\u00f5sta saunaruumi temperatuuri kuni 10\u00b0C minutis, olenevalt saunaruumi suurusest ja materjalidest.<\/p>\n<p>T\u00e4nu oma kahele uksele on kerist v\u00e4ga lihtne s\u00fc\u00fcdata ning selle soojenemiseks piisab \u00fchest laadimisest ja m\u00f5nest halust temperatuuri hoidmiseks. Puit p\u00f5leb puhtalt t\u00e4nu suurele p\u00f5lemiskambrile ning m\u00f5\u00f5detud s\u00fcsinikmonooksiidi heide on vaid 0.11%, mis on \u00fcks turu madalaimatest v\u00e4\u00e4rtustest.<\/p>\n<p>&nbsp;<\/p>\n<p><strong>GARANTII<\/strong><\/p>\n<p>K\u00fcttekolde ja kamina korpus on valmistatud 3 mm s\u00fcsinikterasest ja kaminal on ainult \u00fcks keevis\u00f5mblus. See v\u00f5imaldab kerisel kesta \u00fchelt p\u00f5lvkonnalt teisele. Algup\u00e4rased kerised, mida ehitas G\u00f6sta Juup 1950ndatel, on endiselt kasutusel.<\/p>\n<p>T\u00e4nu oma tugevale ja vastupidavale konstruktsioonile anname kerisele 10-aastase garantiid kodukasutuses.<\/p>\n<p>&nbsp;<\/p>\n<p><strong>TEHNILISED ANDMED:<\/strong><\/p>\n<ul>\n<li>Kaubam\u00e4rk: Juup<\/li>\n<li>Tootekood: JUUP-original-keris-teras<\/li>\n<li>K\u00f5rgus: 1400 mm<\/li>\n<li>S\u00fcgavus: 609 mm<\/li>\n<li>Laius: 515 mm<\/li>\n<li>Diameeter: 515 mm<\/li>\n<li>Materjal: Teras<\/li>\n<li>V\u00e4rv: Teras<\/li>\n<li>GTIN-kood: 6429830099109<\/li>\n<li>Valmistusmaa: Soome<\/li>\n<li>Suitsutoru \u00fchenduse l\u00e4bim\u00f5\u00f5t (mm): 115<\/li>\n<li>Toote kaal (kg): 117<\/li>\n<li>V\u00e4rvuse t\u00e4psustus: Teras. Terasest v\u00e4limine kest patineerub aja jooksul peaaegu matimustaks.<\/li>\n<li>Materjali t\u00e4psustus: Leht (s\u00fcsinikteras)<\/li>\n<li>Veepaagiga: Ei<\/li>\n<li>Komplekti sisu: Paigaldus-, k\u00e4itamis- ja saunakasutusjuhendid on kaasas. Saunakivid ei kuulu komplekti<\/li>\n<li>Reguleeritavate jalgade ulatus: 0-5 cm<\/li>\n<li>Soovitatud saunakivide suurus (cm): 10-15<\/li>\n<li>Puidu maksimumpikkus (cm): 40<\/li>\n<li>Luuk: Standardne pimeuks, valikus ka klaasuks<\/li>\n<li>Nimiv\u00f5imsus (kW): 41<\/li>\n<li>Tulekate paksus (mm): 3<\/li>\n<li>Tulekolde suurus (mm): 400x400x1000<\/li>\n<li>Suitsutorult n\u00f5utav temperatuuriklass: T600<\/li>\n<li>Suitsuliitmiku asukoht kerise peal: Ava asukoht p\u00f5randast ava alaosani (mm): 1660<\/li>\n<li>Suitsuliitmiku asukoht kerise taga: Ava asukoht p\u00f5randast ava keskpaigani (mm): 1315<\/li>\n<li>P\u00f5lematutele materjalidele soovitame 50 mm kaitsevahemaad \u00f5huringluse jaoks<\/li>\n<li>Kivide maksimaalne kogus (kg): 50<\/li>\n<li>Sauna minimaalne ruumala (m\u00b3): 14<\/li>\n<li>Sauna maksimaalne ruumala (m\u00b3): 30<\/li>\n<li>Kaitsekaugus lakke (mm): 900<\/li>\n<li>Kaitsekaugus k\u00fclgedele (mm): 300<\/li>\n<li>Kaitsekaugus ette (mm): 500<\/li>\n<li>Kaitsekaugus taha (mm): 300<\/li>\n<li>Suitsuliitmiku asukoht: Peal, Taga<\/li>\n<li>Pakendi laius (mm): 600,00<\/li>\n<li>Pakendi k\u00f5rgus (mm): 1750,00<\/li>\n<li>Pakendi s\u00fcgavus (mm): 800,00<\/li>\n<li>Rahtikaal (kg): 130,00<\/li>\n<\/ul>\n<p>&nbsp;<\/p>\n<p><strong>VALIKULINE:<\/strong><\/p>\n<p><strong>Suitsutoru pistik:<\/strong> k\u00fclg- v\u00f5i vertikaalne paigaldus<br \/>\n<strong>K\u00e4epidemed:<\/strong> m\u00e4nd v\u00f5i p\u00e4hklipuu<\/p>\n<p>&nbsp;<\/p>\n<p><a href=\"https:\/\/factory.sale\/wp-content\/uploads\/2024\/04\/1-2021-Juup-Original-kayttoohjeet-FIN-SV-Web-1.pdf\" target=\"_blank\" rel=\"noopener\">PAIGALDUS- JA KASUTUSJUHEND<\/a><\/p>\n<p><a href=\"https:\/\/factory.sale\/wp-content\/uploads\/2024\/04\/2-202206-Juup-Original-asennusohje.pdf\" target=\"_blank\" rel=\"noopener\">PAIGALDUSJUHEND<\/a><\/p>\n<p><a href=\"https:\/\/factory.sale\/wp-content\/uploads\/2024\/04\/3-202107-Juup-Original-Saunojan-ohje-digi.pdf\" target=\"_blank\" rel=\"noopener\">SAUNA KASUTUSJUHEND<\/a><\/p>\n","protected":false},"excerpt":{"rendered":"<p>Juup Original teraskestaga on lihtsasti kasutatav puiduk\u00fcttel saunakeris, mis sobib 14 m\u00b3 ja suurematele saunaruumidele. See CE-m\u00e4rgisega k\u00fcttekolle soojeneb vaid umbes 15 minutiga, kasutades v\u00e4hem puitu kui traditsioonilised puiduk\u00fcttega kerised. Efektiivne Juup Original keris toodab v\u00e4hem heitmeid ja selle efektiivsuse reiting on \u00fcle 72%.<\/p>\n<p><img loading=\"lazy\" decoding=\"async\" class=\"alignnone size-medium wp-image-27957\" src=\"https:\/\/factory.sale\/wp-content\/uploads\/2023\/05\/made-in-finland-300x240.png\" alt=\"\" width=\"300\" height=\"240\" srcset=\"https:\/\/factory.sale\/wp-content\/uploads\/2023\/05\/made-in-finland-300x240.png 300w, https:\/\/factory.sale\/wp-content\/uploads\/2023\/05\/made-in-finland-150x120.png 150w, https:\/\/factory.sale\/wp-content\/uploads\/2023\/05\/made-in-finland-600x480.png 600w, https:\/\/factory.sale\/wp-content\/uploads\/2023\/05\/made-in-finland.png 750w\" sizes=\"auto, (max-width: 300px) 100vw, 300px\" \/><\/p>\n","protected":false},"featured_media":84845,"comment_status":"open","ping_status":"closed","template":"","meta":{"_acf_changed":false},"factory":[],"free-shipment":[],"product_brand":[],"product_cat":[2894,306],"product_tag":[811,2176],"class_list":{"0":"post-84860","1":"product","2":"type-product","3":"status-publish","4":"has-post-thumbnail","6":"product_cat-juup-et","7":"product_cat-saunakerised","8":"product_tag-sauna-et","9":"product_tag-sauna-heater-et","11":"first","12":"instock","13":"sale","14":"taxable","15":"shipping-taxable","16":"purchasable","17":"product-type-simple"},"acf":[],"_links":{"self":[{"href":"https:\/\/factory.sale\/et\/wp-json\/wp\/v2\/product\/84860","targetHints":{"allow":["GET"]}}],"collection":[{"href":"https:\/\/factory.sale\/et\/wp-json\/wp\/v2\/product"}],"about":[{"href":"https:\/\/factory.sale\/et\/wp-json\/wp\/v2\/types\/product"}],"replies":[{"embeddable":true,"href":"https:\/\/factory.sale\/et\/wp-json\/wp\/v2\/comments?post=84860"}],"wp:featuredmedia":[{"embeddable":true,"href":"https:\/\/factory.sale\/et\/wp-json\/wp\/v2\/media\/84845"}],"wp:attachment":[{"href":"https:\/\/factory.sale\/et\/wp-json\/wp\/v2\/media?parent=84860"}],"wp:term":[{"taxonomy":"factory","embeddable":true,"href":"https:\/\/factory.sale\/et\/wp-json\/wp\/v2\/factory?post=84860"},{"taxonomy":"free-shipment","embeddable":true,"href":"https:\/\/factory.sale\/et\/wp-json\/wp\/v2\/free-shipment?post=84860"},{"taxonomy":"product_brand","embeddable":true,"href":"https:\/\/factory.sale\/et\/wp-json\/wp\/v2\/product_brand?post=84860"},{"taxonomy":"product_cat","embeddable":true,"href":"https:\/\/factory.sale\/et\/wp-json\/wp\/v2\/product_cat?post=84860"},{"taxonomy":"product_tag","embeddable":true,"href":"https:\/\/factory.sale\/et\/wp-json\/wp\/v2\/product_tag?post=84860"}],"curies":[{"name":"wp","href":"https:\/\/api.w.org\/{rel}","templated":true}]}}