{"id":84808,"date":"2024-04-30T07:54:09","date_gmt":"2024-04-30T08:00:29","guid":{"rendered":"https:\/\/factory.sale\/?post_type=product&#038;p=84808"},"modified":"2024-06-29T10:52:52","modified_gmt":"2024-06-29T10:52:52","slug":"puukuttega-keris-juup-iivari","status":"publish","type":"product","link":"https:\/\/factory.sale\/et\/toode\/puukuttega-keris-juup-iivari\/","title":{"rendered":"Puuk\u00fcttega keris Juup Iivari"},"content":{"rendered":"<p><strong>KOMPAKTNE AHI PIKEMAKS LEILIKS<\/strong><\/p>\n<p>Juup Iivari on Juup Originali j\u00e4rgmine p\u00f5lvkond, mis on loodud meie klientide tegelikust vajadusest. Juup Iivari on sarnane eelk\u00e4ijaga, kuid sobib paremini v\u00e4iksematesse saunaruumidesse (9\u201318m\u00b3). Nagu tema eelk\u00e4ija, pakub see v\u00e4ga mitmek\u00fclgseid l\u00f6ylysid.<\/p>\n<p>Juup Iivari kivikambris mahub umbes 45\u201355 kg kive, olenevalt kivide suurusest ja materjalist.<\/p>\n<p>T\u00e4nu oma vastupidavale ja tugevale konstruktsioonile on ahjul 10-aastane garantii kodukasutuses.<\/p>\n<p>Iivari ahjudel on standardvarustuses suur klaasuks. Juup Iivari on saadaval kas tagant v\u00f5i vertikaalse suitsutoruga. Piltidel n\u00e4idatud p\u00e4hklipuust k\u00e4epidemed on saadaval lisatasu eest.<\/p>\n<p>Juup Iivari on Juup Originali j\u00e4rgmine p\u00f5lvkond, mis on loodud meie klientide tegelikust vajadusest. Nagu tema eelk\u00e4ija, pakub Juup Iivari mitmek\u00fclgseid l\u00f6ylysid, kuid on kujundatud v\u00e4iksemate saunaruumide jaoks. Ahi on vastupidav ja teenib aastak\u00fcmneid.<\/p>\n<p>Soome saunainnovatsioon, mille on kujundanud, arendanud ja ehitanud saunahuvilised. Juba kolm p\u00f5lvkonda.<\/p>\n<p>Lihtsasti kasutatav ja CE-m\u00e4rgisega ahi soojeneb kiiresti, kasutades v\u00e4hem puitu kui traditsioonilised puuk\u00fcttega ahjud.<\/p>\n<p>T\u00f5hus ahi toodab v\u00e4hem heitmeid ja uuringud* n\u00e4itavad, et Juup Iivari saunahi s\u00fcsinikmonooksiidi heitmed on ainult 0,15%**, \u00fcks turu madalaimaid v\u00e4\u00e4rtusi.<\/p>\n<p>Juup Iivari ahju efektiivsus on \u00fcle 68% ja sobib 9 m\u00b3 ja suurematele saunadele.<\/p>\n<p>Ab Juup Oy on saanud Avainlippu sertifikaadi. Avainlippu on registreeritud kogukonna kaubam\u00e4rk ja tagab, et toode on valmistatud Soomes ja annab t\u00f6\u00f6d Soomes.<\/p>\n<p>&nbsp;<\/p>\n<p>&nbsp;<\/p>\n<p><strong>GARANTII<\/strong><\/p>\n<p>Ahju korpus ja kamin on valmistatud 3 mm s\u00fcsinikterasest ja kaminas on ainult \u00fcks keevis\u00f5mblus. See v\u00f5imaldab ahju kesta p\u00f5lvkondade vahel. G\u00f6sta Juupi poolt 1950. aastatel ehitatud algup\u00e4rased ahjud on endiselt kasutusel.<\/p>\n<p>T\u00e4nu oma tugevale ja vastupidavale konstruktsioonile anname ahjule 10-aastase garantii kodukasutuses.<\/p>\n<p>&nbsp;<\/p>\n<p><strong>TEHNILISED ANDMED:<\/strong><\/p>\n<ul>\n<li>Kaubam\u00e4rk: Juup<\/li>\n<li>Tootenumero: JUUP-iivari-ahi<\/li>\n<li>K\u00f5rgus: 910 mm<\/li>\n<li>S\u00fcgavus: 593 mm<\/li>\n<li>Laius: 515 mm<\/li>\n<li>Diameeter: 515 mm<\/li>\n<li>Materjal: Teras<\/li>\n<li>V\u00e4rv: Must<\/li>\n<li>GTIN-kood: 6429830099147<\/li>\n<li>Valmistusmaa: Soome<\/li>\n<li>Suitsutoru \u00fchenduse diameeter (mm): 115<\/li>\n<li>Toote kaal (kg): 95<\/li>\n<li>V\u00e4rvuse detail: Mattmust<\/li>\n<li>Materjali detail: Leht (s\u00fcsinikteras)<\/li>\n<li>Vees\u00e4ilioga: Ei<\/li>\n<li>Tarne sisu: Paigaldus-, k\u00e4itamis- ja saunakasutusjuhendid kaasas. Saunakivid ei kuulu komplekti<\/li>\n<li>Soovitatud saunakivide suurus: 10-15 cm<\/li>\n<li>P\u00f5lematu materjali jaoks soovitame 50 mm kaitsevahemaad \u00f5huringluse jaoks<\/li>\n<li>Uks: Klaasuks, k\u00e4elisus ei ole muudetav<\/li>\n<li>Reguleeritavate jalgade reguleerimisvahemik: 0-5 cm<\/li>\n<li>Tulekaane paksus: 5 mm<\/li>\n<li>Puidu maksimaalne pikkus: 40 cm<\/li>\n<li>Sobiva puidu diameeter: 5-12 cm<\/li>\n<li>Nimiv\u00f5imsus: 27 kW<\/li>\n<li>Tulekolde suurus: 400x400x600 mm (K x L x S)<\/li>\n<li>Suitsutorult n\u00f5utav temperatuuriklass: T600<\/li>\n<li>Suitsutoru \u00fchendus ahju peal, asukoht tagaserva keskelt auguni: 204 mm<\/li>\n<li>Suitsutoru \u00fchendus ahju peal, asukoht p\u00f5randast augu alaosani: 1000 mm<\/li>\n<li>Suitsutoru \u00fchendus ahju taga, asukoht p\u00f5randast augu keskpaigani: 795 mm<\/li>\n<li>Maksimaalne kivide kogus (kg): 50<\/li>\n<li>Minimaalne sauna ruumala (m\u00b3): 9<\/li>\n<li>Maksimaalne sauna ruumala (m\u00b3): 18<\/li>\n<li>Kaitsevahemaa lakke (mm): 1100<\/li>\n<li>Kaitsevahemaa k\u00fcljele (mm): 200<\/li>\n<li>Kaitsevahemaa ette (mm): 300<\/li>\n<li>Kaitsevahemaa taha (mm): 200<\/li>\n<li>Suitsutoru asukoht: Peal, Taga<\/li>\n<li>Pakendi laius (mm): 600,00<\/li>\n<li>Pakendi k\u00f5rgus (mm): 1100,00<\/li>\n<li>Pakendi s\u00fcgavus (mm): 800,00<\/li>\n<li>Rahtikaal (kg): 110,00<\/li>\n<\/ul>\n<p>&nbsp;<\/p>\n<p><strong>VALIKULINE:<\/strong><\/p>\n<p><strong>Suitsutoru pistik<\/strong>: k\u00fclg- v\u00f5i vertikaalne paigaldus<br \/>\n<strong>K\u00e4epidemed:<\/strong> m\u00e4nd v\u00f5i p\u00e4hklipuu<\/p>\n<p>&nbsp;<\/p>\n<p><a href=\"https:\/\/factory.sale\/wp-content\/uploads\/2024\/04\/1-202204-Juup-Iivari-kayttoohjeet-FIN-SV-Digital.pdf\" target=\"_blank\" rel=\"noopener\">PAIGALDUS- JA KASUTUSJUHEND<\/a><\/p>\n<p><a href=\"https:\/\/factory.sale\/wp-content\/uploads\/2024\/04\/2-202201-Juup-Iivari-asennusohje.pdf\" target=\"_blank\" rel=\"noopener\">PAIGALDUSJUHEND<\/a><\/p>\n<p><a href=\"https:\/\/factory.sale\/wp-content\/uploads\/2024\/04\/1-202204-Juup-Iivari-kayttoohjeet-FIN-SV-Digital.pdf\" target=\"_blank\" rel=\"noopener\">SAUNA KASUTAJA K\u00c4SIRAAMAT<\/a><\/p>\n","protected":false},"excerpt":{"rendered":"<p>Juup Iivari on j\u00e4rgmine p\u00f5lvkond Juup Originalist, s\u00fcndinud meie klientide tegelikust vajadusest. Juup Iivari on sarnane eelk\u00e4ijaga, kuid sobib paremini v\u00e4iksematesse saunaruumidesse (9\u201318m\u00b3). Nagu tema eelk\u00e4ija, pakub see v\u00e4ga mitmek\u00fclgseid leile.<\/p>\n<p><img loading=\"lazy\" decoding=\"async\" class=\"alignnone size-medium wp-image-27957\" src=\"https:\/\/factory.sale\/wp-content\/uploads\/2023\/05\/made-in-finland-300x240.png\" alt=\"\" width=\"300\" height=\"240\" srcset=\"https:\/\/factory.sale\/wp-content\/uploads\/2023\/05\/made-in-finland-300x240.png 300w, https:\/\/factory.sale\/wp-content\/uploads\/2023\/05\/made-in-finland-150x120.png 150w, https:\/\/factory.sale\/wp-content\/uploads\/2023\/05\/made-in-finland-600x480.png 600w, https:\/\/factory.sale\/wp-content\/uploads\/2023\/05\/made-in-finland.png 750w\" sizes=\"auto, (max-width: 300px) 100vw, 300px\" \/><\/p>\n","protected":false},"featured_media":84800,"comment_status":"open","ping_status":"closed","template":"","meta":{"_acf_changed":false},"factory":[],"free-shipment":[],"product_brand":[],"product_cat":[2894,306],"product_tag":[1892],"class_list":{"0":"post-84808","1":"product","2":"type-product","3":"status-publish","4":"has-post-thumbnail","6":"product_cat-juup-et","7":"product_cat-saunakerised","8":"product_tag-stove-et","10":"first","11":"instock","12":"sale","13":"taxable","14":"shipping-taxable","15":"purchasable","16":"product-type-simple"},"acf":[],"_links":{"self":[{"href":"https:\/\/factory.sale\/et\/wp-json\/wp\/v2\/product\/84808","targetHints":{"allow":["GET"]}}],"collection":[{"href":"https:\/\/factory.sale\/et\/wp-json\/wp\/v2\/product"}],"about":[{"href":"https:\/\/factory.sale\/et\/wp-json\/wp\/v2\/types\/product"}],"replies":[{"embeddable":true,"href":"https:\/\/factory.sale\/et\/wp-json\/wp\/v2\/comments?post=84808"}],"wp:featuredmedia":[{"embeddable":true,"href":"https:\/\/factory.sale\/et\/wp-json\/wp\/v2\/media\/84800"}],"wp:attachment":[{"href":"https:\/\/factory.sale\/et\/wp-json\/wp\/v2\/media?parent=84808"}],"wp:term":[{"taxonomy":"factory","embeddable":true,"href":"https:\/\/factory.sale\/et\/wp-json\/wp\/v2\/factory?post=84808"},{"taxonomy":"free-shipment","embeddable":true,"href":"https:\/\/factory.sale\/et\/wp-json\/wp\/v2\/free-shipment?post=84808"},{"taxonomy":"product_brand","embeddable":true,"href":"https:\/\/factory.sale\/et\/wp-json\/wp\/v2\/product_brand?post=84808"},{"taxonomy":"product_cat","embeddable":true,"href":"https:\/\/factory.sale\/et\/wp-json\/wp\/v2\/product_cat?post=84808"},{"taxonomy":"product_tag","embeddable":true,"href":"https:\/\/factory.sale\/et\/wp-json\/wp\/v2\/product_tag?post=84808"}],"curies":[{"name":"wp","href":"https:\/\/api.w.org\/{rel}","templated":true}]}}