{"id":84760,"date":"2024-04-29T07:15:43","date_gmt":"2024-04-29T07:59:55","guid":{"rendered":"https:\/\/factory.sale\/?post_type=product&#038;p=84760"},"modified":"2024-06-25T11:32:26","modified_gmt":"2024-06-25T11:32:26","slug":"kampingumajake-24-m-x-24-m","status":"publish","type":"product","link":"https:\/\/factory.sale\/et\/toode\/kampingumajake-24-m-x-24-m\/","title":{"rendered":"K\u00e4mpingumajake 2,4 m x 2,4 m"},"content":{"rendered":"<p>K\u00e4mpingumajake, tuntud ka kui kl\u00e4mpingumaja, on suurep\u00e4rane valik v\u00e4listingimustes elamiseks. See pakub hubast, mugavat ja avarat majutust kuni 4-6 inimesele. Erakordne kuju sulandub maastikku, muutes vaate loomulikuks ja ahvatlevaks.<\/p>\n<p>K\u00e4mpingumajakesed v\u00f5imaldavad inimestel nautida suurep\u00e4rast \u00f5ues olemist, seet\u00f5ttu valivad need sageli matkalaagri omanikud ja muusikafestivalide korraldajad, kes soovivad pakkuda oma klientidele keerukamat ja mugavamat telgit\u00fc\u00fcpi.<\/p>\n<p>Samuti saab majakesi kasutada ideaalselt kauni aia &#8211; v\u00f5i k\u00fclalismajana, suveresidentsina, kodukontorina, t\u00f6\u00f6kojana, kalurionnina, rannamajana, puhkekohana v\u00f5i laste m\u00e4ngumajana.<\/p>\n<p>Valmistatud parimatest kvaliteetsetest materjalidest, esindavad k\u00e4mpingumajakesed t\u00f5eliselt unikaalset majutust, pakkudes uskumatut vabaaja kogemust.<\/p>\n<p>&nbsp;<\/p>\n<p><strong>Tehnilised andmed:<\/strong><\/p>\n<p>Suurus: 2 inimest<br \/>\nTuba: 1<br \/>\nSiseruum: 4,1 m\u00b2<br \/>\nV\u00e4lism\u00f5\u00f5tmed: 2,4 m x 2,4 m<br \/>\nK\u00f5rgus: 2,6 m<br \/>\nPuit: m\u00e4nnipuit v\u00f5i termopuit<br \/>\nSeina paksus: 46 mm<br \/>\nP\u00f5randa paksus: 28 mm<br \/>\nKatuse viimistlus: Soome bituumensindlid<br \/>\nAkna suurus: 700 x 900 mm<br \/>\nUkse suurus: 1030 x 1900 mm<\/p>\n<p>&nbsp;<\/p>\n<p><strong>Standardkomplekt<\/strong><\/p>\n<p>Podi seinad kaetud bituumensindlitega<br \/>\nP\u00f5rand 28 mm m\u00e4nnipuidust laudadest<br \/>\n1 kahekordse klaasiga avatav aken tagaseinas<br \/>\nPrantsuse stiilis kahekordse klaasiga uks standardse k\u00e4epideme ja lukuga<\/p>\n<p>&nbsp;<\/p>\n<p><strong>Tarne<\/strong><\/p>\n<p>Aluse suurus (LxPxl): 1p (1,2 x 2,4 x 1,2)<\/p>\n<p>Koostatud podi suurus (LxPxl): 2,4 x 2,5 x 2,6<\/p>\n<p>Kaal: 1200 kg<\/p>\n<p><img loading=\"lazy\" decoding=\"async\" class=\"alignnone wp-image-84754\" src=\"https:\/\/factory.sale\/wp-content\/uploads\/2024\/04\/Bildschirmfoto-2024-04-29-um-10.16.22-300x211.png\" alt=\"\" width=\"416\" height=\"292\" srcset=\"https:\/\/factory.sale\/wp-content\/uploads\/2024\/04\/Bildschirmfoto-2024-04-29-um-10.16.22-300x211.png 300w, https:\/\/factory.sale\/wp-content\/uploads\/2024\/04\/Bildschirmfoto-2024-04-29-um-10.16.22-1024x720.png 1024w, https:\/\/factory.sale\/wp-content\/uploads\/2024\/04\/Bildschirmfoto-2024-04-29-um-10.16.22-150x105.png 150w, https:\/\/factory.sale\/wp-content\/uploads\/2024\/04\/Bildschirmfoto-2024-04-29-um-10.16.22-600x422.png 600w, https:\/\/factory.sale\/wp-content\/uploads\/2024\/04\/Bildschirmfoto-2024-04-29-um-10.16.22.png 1328w\" sizes=\"auto, (max-width: 416px) 100vw, 416px\" \/><\/p>\n<p>&nbsp;<\/p>\n<p><a href=\"https:\/\/factory.sale\/wp-content\/uploads\/2024\/04\/Camping-Pod-2.4-x-4.0-m.pdf\" target=\"_blank\" rel=\"noopener\">Paigaldusjuhend<\/a><\/p>\n<p>&nbsp;<\/p>\n<p><strong>LISAD<\/strong><\/p>\n<p>Bituumenkatuse v\u00e4rv: must, roheline, punane<\/p>\n<p><img loading=\"lazy\" decoding=\"async\" class=\"alignnone wp-image-84758\" src=\"https:\/\/factory.sale\/wp-content\/uploads\/2024\/04\/colours-300x93.png\" alt=\"\" width=\"574\" height=\"178\" srcset=\"https:\/\/factory.sale\/wp-content\/uploads\/2024\/04\/colours-300x93.png 300w, https:\/\/factory.sale\/wp-content\/uploads\/2024\/04\/colours-150x46.png 150w, https:\/\/factory.sale\/wp-content\/uploads\/2024\/04\/colours-600x185.png 600w, https:\/\/factory.sale\/wp-content\/uploads\/2024\/04\/colours.png 648w\" sizes=\"auto, (max-width: 574px) 100vw, 574px\" \/><\/p>\n<p><strong>Aknad<\/strong><\/p>\n<p>Poolpanoraamaken + 1265 \u20ac<\/p>\n<p>T\u00e4ispanoraamaken + 1518 \u20ac<\/p>\n<p>Kahekordse klaasiga aken, professionaalselt v\u00e4rvitud antratsiitv\u00e4rvi v\u00e4rvikambris, tagaseinas + 63,25 \u20ac<\/p>\n<p>&nbsp;<\/p>\n<p><strong>Puidu t\u00fc\u00fcp<\/strong><\/p>\n<p>M\u00e4nnipuit +0 \u20ac<\/p>\n<p>Termopuit + 494,5 \u20ac<\/p>\n<p>Saatmisv\u00f5imalused<\/p>\n<p>Monteerimata + 0 \u20ac<\/p>\n<p>Monteeritud + 434,7 \u20ac<\/p>\n<p>&nbsp;<\/p>\n<p>&nbsp;<\/p>\n<p><strong>Elekter matkabussidele<\/strong><\/p>\n<p>\u00dcks pistik + 69 \u20ac<\/p>\n<p>Kahekordne pistik + 74,75 \u20ac<\/p>\n<p>\u00dcks l\u00fcliti + 69 \u20ac<\/p>\n<p>Kahekordne l\u00fcliti + 86,25 \u20ac<\/p>\n<p>Kaabel 1 lambi jaoks + 28,75 \u20ac<\/p>\n<p>Kaitsepaneel + 138 \u20ac<\/p>\n<p>K\u00e4mpingumaja v\u00e4limine v\u00e4rv + 189,75 \u20ac<\/p>\n<p>&nbsp;<\/p>\n<p><em><strong>Samuti on saadaval palju m\u00f6\u00f6blit k\u00e4mpingumajadele, k\u00fcsige lisateavet!<\/strong><\/em><\/p>\n<p>&nbsp;<\/p>\n<p>&nbsp;<\/p>\n<div class=\"video-wrapper \"><iframe loading=\"lazy\" title=\"The folding bench from Woodprofesionals\" width=\"500\" height=\"281\" src=\"https:\/\/www.youtube.com\/embed\/rihF8b40BVs?feature=oembed\" frameborder=\"0\" allow=\"accelerometer; autoplay; clipboard-write; encrypted-media; gyroscope; picture-in-picture; web-share\" referrerpolicy=\"strict-origin-when-cross-origin\" allowfullscreen><\/iframe><\/div>\n","protected":false},"excerpt":{"rendered":"<p>K\u00e4mpingumajake, tuntud ka kui kl\u00e4mpingumaja, on suurep\u00e4rane valik v\u00e4listingimustes elamiseks. See pakub hubast, mugavat ja avarat majutust kuni 4-6 inimesele. Erakordne kuju sulandub maastikku, muutes vaate loomulikuks ja ahvatlevaks. K\u00e4mpingumajakesed v\u00f5imaldavad inimestel nautida suurep\u00e4rast \u00f5ues olemist, seet\u00f5ttu valivad need sageli matkalaagri omanikud ja muusikafestivalide korraldajad, kes soovivad pakkuda oma klientidele keerukamat ja mugavamat telgit\u00fc\u00fcpi. Samuti [&hellip;]<\/p>\n","protected":false},"featured_media":84737,"comment_status":"open","ping_status":"closed","template":"","meta":{"_acf_changed":false},"factory":[],"free-shipment":[],"product_brand":[],"product_cat":[801,2888],"product_tag":[],"class_list":{"0":"post-84760","1":"product","2":"type-product","3":"status-publish","4":"has-post-thumbnail","6":"product_cat-elementmajad-2","7":"product_cat-kampingumajakesed","9":"first","10":"instock","11":"sale","12":"taxable","13":"shipping-taxable","14":"purchasable","15":"product-type-simple"},"acf":[],"_links":{"self":[{"href":"https:\/\/factory.sale\/et\/wp-json\/wp\/v2\/product\/84760","targetHints":{"allow":["GET"]}}],"collection":[{"href":"https:\/\/factory.sale\/et\/wp-json\/wp\/v2\/product"}],"about":[{"href":"https:\/\/factory.sale\/et\/wp-json\/wp\/v2\/types\/product"}],"replies":[{"embeddable":true,"href":"https:\/\/factory.sale\/et\/wp-json\/wp\/v2\/comments?post=84760"}],"wp:featuredmedia":[{"embeddable":true,"href":"https:\/\/factory.sale\/et\/wp-json\/wp\/v2\/media\/84737"}],"wp:attachment":[{"href":"https:\/\/factory.sale\/et\/wp-json\/wp\/v2\/media?parent=84760"}],"wp:term":[{"taxonomy":"factory","embeddable":true,"href":"https:\/\/factory.sale\/et\/wp-json\/wp\/v2\/factory?post=84760"},{"taxonomy":"free-shipment","embeddable":true,"href":"https:\/\/factory.sale\/et\/wp-json\/wp\/v2\/free-shipment?post=84760"},{"taxonomy":"product_brand","embeddable":true,"href":"https:\/\/factory.sale\/et\/wp-json\/wp\/v2\/product_brand?post=84760"},{"taxonomy":"product_cat","embeddable":true,"href":"https:\/\/factory.sale\/et\/wp-json\/wp\/v2\/product_cat?post=84760"},{"taxonomy":"product_tag","embeddable":true,"href":"https:\/\/factory.sale\/et\/wp-json\/wp\/v2\/product_tag?post=84760"}],"curies":[{"name":"wp","href":"https:\/\/api.w.org\/{rel}","templated":true}]}}