{"id":84722,"date":"2024-04-28T22:40:43","date_gmt":"2024-04-28T22:43:47","guid":{"rendered":"https:\/\/factory.sale\/?post_type=product&#038;p=84722"},"modified":"2024-06-26T06:59:42","modified_gmt":"2024-06-26T06:59:42","slug":"lisauks-acd-retro-mudelitele","status":"publish","type":"product","link":"https:\/\/factory.sale\/et\/toode\/lisauks-acd-retro-mudelitele\/","title":{"rendered":"Lisauks ACD Retro mudelitele"},"content":{"rendered":"<p><strong>Tootekood:<\/strong> ACO25M<\/p>\n<p>&nbsp;<\/p>\n<p>ACD Retro 13,6 ja 14,1 m\u00b2 mudelite \u00fchte otsa saab paigaldada lisaukse topeltukseks v\u00f5i \u00fcksikukseks.<\/p>\n","protected":false},"excerpt":{"rendered":"<p>ACD Retro 13,6 ja 14,1 m\u00b2 mudelite \u00fchte otsa saab paigaldada lisaukse topeltukseks v\u00f5i \u00fcksikukseks.<\/p>\n","protected":false},"featured_media":84720,"comment_status":"open","ping_status":"closed","template":"","meta":{"_acf_changed":false},"factory":[],"free-shipment":[],"product_brand":[],"product_cat":[924,221],"product_tag":[222,1950,2714],"class_list":{"0":"post-84722","1":"product","2":"type-product","3":"status-publish","4":"has-post-thumbnail","6":"product_cat-aiatooted","7":"product_cat-kasvuhooned","8":"product_tag-greenhouse-et-2","9":"product_tag-greenhouses-et","10":"product_tag-yard-and-garden-et","12":"first","13":"instock","14":"sale","15":"taxable","16":"shipping-taxable","17":"purchasable","18":"product-type-simple"},"acf":[],"_links":{"self":[{"href":"https:\/\/factory.sale\/et\/wp-json\/wp\/v2\/product\/84722","targetHints":{"allow":["GET"]}}],"collection":[{"href":"https:\/\/factory.sale\/et\/wp-json\/wp\/v2\/product"}],"about":[{"href":"https:\/\/factory.sale\/et\/wp-json\/wp\/v2\/types\/product"}],"replies":[{"embeddable":true,"href":"https:\/\/factory.sale\/et\/wp-json\/wp\/v2\/comments?post=84722"}],"wp:featuredmedia":[{"embeddable":true,"href":"https:\/\/factory.sale\/et\/wp-json\/wp\/v2\/media\/84720"}],"wp:attachment":[{"href":"https:\/\/factory.sale\/et\/wp-json\/wp\/v2\/media?parent=84722"}],"wp:term":[{"taxonomy":"factory","embeddable":true,"href":"https:\/\/factory.sale\/et\/wp-json\/wp\/v2\/factory?post=84722"},{"taxonomy":"free-shipment","embeddable":true,"href":"https:\/\/factory.sale\/et\/wp-json\/wp\/v2\/free-shipment?post=84722"},{"taxonomy":"product_brand","embeddable":true,"href":"https:\/\/factory.sale\/et\/wp-json\/wp\/v2\/product_brand?post=84722"},{"taxonomy":"product_cat","embeddable":true,"href":"https:\/\/factory.sale\/et\/wp-json\/wp\/v2\/product_cat?post=84722"},{"taxonomy":"product_tag","embeddable":true,"href":"https:\/\/factory.sale\/et\/wp-json\/wp\/v2\/product_tag?post=84722"}],"curies":[{"name":"wp","href":"https:\/\/api.w.org\/{rel}","templated":true}]}}