{"id":84642,"date":"2024-04-28T20:55:44","date_gmt":"2024-04-28T21:04:32","guid":{"rendered":"https:\/\/factory.sale\/?post_type=product&#038;p=84642"},"modified":"2024-06-26T00:37:04","modified_gmt":"2024-06-26T00:37:04","slug":"univent-ventilatsiooniukse-avaja","status":"publish","type":"product","link":"https:\/\/factory.sale\/et\/toode\/univent-ventilatsiooniukse-avaja\/","title":{"rendered":"Univent ventilatsiooniukse avaja"},"content":{"rendered":"<p><strong>Tootekood:<\/strong> AA4031<\/p>\n<p>&nbsp;<\/p>\n<p>Univent automaatne avaja sobib eriti h\u00e4sti k\u00e4rgpaneelmudelitele v\u00f5i k\u00fclguksele.<\/p>\n<p>Automaatne kasvuhoone ukseavaja on praktiliselt k\u00f5ige vajalikum varustus kasvuhoones. Isegi v\u00e4ike p\u00e4ikesepaiste salvestub ja t\u00f5stab kasvuhoones kiiresti sisetemperatuuri. Kui katuseluukidel on automaatne avaja, ei pea te ise ventilatsiooni p\u00e4rast muretsema. Uste ja luukide avamisel ei saa alati ise kohal olla, sel juhul hoolitseb automaatika sinu \u00a0ja sinu taimede eest.<br \/>\nUnivent automaatne avaja sobib k\u00e4rgplaadi mudelitele v\u00f5i k\u00fclguksele. Seadme juhtsilindris sisalduv aine paisub kuumenemisel ja l\u00fckkab ukse lahti temperatuuril 17-25 \u00b0. Univent avajal on tugev vedrumehhanism, mis t\u00f5mbab ukse kinni, kui \u00f5hk jahtub. Roostevaba korpus. Temperatuuri reguleerimine silindrit keerates: 0,5 \u00b0\/p\u00f6\u00f6re.<\/p>\n<p>Suurim aknaava on ca 45 cm.<\/p>\n<p>Maksimaalne avanemine saavutatakse ca +30\u00b0C juures.<\/p>\n<p>Avage max 14 kg siiber (t\u00f5stej\u00f5ud 7kg).<\/p>\n<p>Valmistatud Taanis.<\/p>\n<p>Garantii 2 aastat.<\/p>\n<p>V\u00e4rv: Must.<\/p>\n<p>&nbsp;<\/p>\n<div class=\"video-wrapper \"><iframe loading=\"lazy\" title=\"Univent, automaattinen kasvihuoneen katto- ja sein\u00e4luukun avaaja\" width=\"500\" height=\"281\" src=\"https:\/\/www.youtube.com\/embed\/y3dCUYIZfo8?feature=oembed\" frameborder=\"0\" allow=\"accelerometer; autoplay; clipboard-write; encrypted-media; gyroscope; picture-in-picture; web-share\" referrerpolicy=\"strict-origin-when-cross-origin\" allowfullscreen><\/iframe><\/div>\n","protected":false},"excerpt":{"rendered":"<p>Automaatne kasvuhoone ukseavaja on praktiliselt k\u00f5ige vajalikum varustus kasvuhoones. Isegi v\u00e4ike p\u00e4ikesepaiste salvestub ja t\u00f5stab kasvuhoones kiiresti sisetemperatuuri. Kui katuseluukidel on automaatne avaja, ei pea te ise ventilatsiooni p\u00e4rast muretsema. Uste ja luukide avamisel ei saa alati ise kohal olla, sel juhul hoolitseb automaatika sinu \u00a0ja sinu taimede eest.<\/p>\n","protected":false},"featured_media":84631,"comment_status":"open","ping_status":"closed","template":"","meta":{"_acf_changed":false},"factory":[],"free-shipment":[],"product_brand":[],"product_cat":[924,221],"product_tag":[1483,222,1950,2714],"class_list":{"0":"post-84642","1":"product","2":"type-product","3":"status-publish","4":"has-post-thumbnail","6":"product_cat-aiatooted","7":"product_cat-kasvuhooned","8":"product_tag-garden-et","9":"product_tag-greenhouse-et-2","10":"product_tag-greenhouses-et","11":"product_tag-yard-and-garden-et","13":"first","14":"instock","15":"sale","16":"taxable","17":"shipping-taxable","18":"purchasable","19":"product-type-simple"},"acf":[],"_links":{"self":[{"href":"https:\/\/factory.sale\/et\/wp-json\/wp\/v2\/product\/84642","targetHints":{"allow":["GET"]}}],"collection":[{"href":"https:\/\/factory.sale\/et\/wp-json\/wp\/v2\/product"}],"about":[{"href":"https:\/\/factory.sale\/et\/wp-json\/wp\/v2\/types\/product"}],"replies":[{"embeddable":true,"href":"https:\/\/factory.sale\/et\/wp-json\/wp\/v2\/comments?post=84642"}],"wp:featuredmedia":[{"embeddable":true,"href":"https:\/\/factory.sale\/et\/wp-json\/wp\/v2\/media\/84631"}],"wp:attachment":[{"href":"https:\/\/factory.sale\/et\/wp-json\/wp\/v2\/media?parent=84642"}],"wp:term":[{"taxonomy":"factory","embeddable":true,"href":"https:\/\/factory.sale\/et\/wp-json\/wp\/v2\/factory?post=84642"},{"taxonomy":"free-shipment","embeddable":true,"href":"https:\/\/factory.sale\/et\/wp-json\/wp\/v2\/free-shipment?post=84642"},{"taxonomy":"product_brand","embeddable":true,"href":"https:\/\/factory.sale\/et\/wp-json\/wp\/v2\/product_brand?post=84642"},{"taxonomy":"product_cat","embeddable":true,"href":"https:\/\/factory.sale\/et\/wp-json\/wp\/v2\/product_cat?post=84642"},{"taxonomy":"product_tag","embeddable":true,"href":"https:\/\/factory.sale\/et\/wp-json\/wp\/v2\/product_tag?post=84642"}],"curies":[{"name":"wp","href":"https:\/\/api.w.org\/{rel}","templated":true}]}}