{"id":84605,"date":"2024-04-28T19:26:32","date_gmt":"2024-04-28T19:35:14","guid":{"rendered":"https:\/\/factory.sale\/?post_type=product&#038;p=84605"},"modified":"2024-06-28T16:20:47","modified_gmt":"2024-06-28T16:20:47","slug":"kasvuhoone-acd-retro-13-6-m2-turvaklaasiga-must-raam","status":"publish","type":"product","link":"https:\/\/factory.sale\/et\/toode\/kasvuhoone-acd-retro-13-6-m2-turvaklaasiga-must-raam\/","title":{"rendered":"Kasvuhoone ACD Retro 13.6 m2 turvaklaasiga, must raam"},"content":{"rendered":"<p><strong>Tootekood:<\/strong> AC136R<\/p>\n<p>&nbsp;<\/p>\n<p>ACD kasvuhoone tugeva musta alumiiniumraamiga ja karastatud turvaklaasidega. Katusele on paigaldatud mustriline matistatud klaas, mis hajutab t\u00f5husalt otsest p\u00e4ikesevalgust.<\/p>\n<p>T\u00e4helepanu! Kasvuhoones on \u00fcks liuguks, lisauks on v\u00f5imalik soetada lisavarustusena.<br \/>\nKasvuhoone, mis sobib ka puhkeruumiks. Toa k\u00f5rge r\u00e4\u00e4stak\u00f5rgus v\u00f5imaldab erinevaid kasutusviise. Retro-kampaaniamudel sisaldab musta pulberv\u00e4rvitud alumiiniumraami, integreeritud alust maapinnakinnitustega, ventilatsiooniaknaid ja vihmaveetorusid vihmavee kogumiseks. Kui valite lisaukse, saab selle vabalt paigaldada kas paariks ukseks v\u00f5i teisele k\u00fcljele l\u00e4bip\u00e4\u00e4suks.<\/p>\n<p>ACD kasvuhooned on 12-aastase raamigarantiiga. Toimetame k\u00f5ik kasvuhooned soodsalt otse teie koduukseni!<br \/>\nPANGE T\u00c4HELE! Harjakaunistus on lisavarustus ja paigaldatakse montaa\u017ei k\u00e4igus.<\/p>\n<p>&nbsp;<\/p>\n<p><strong>TEHNILISED ANDMED:<\/strong><\/p>\n<p>SUURUS: 13,6 m\u00b2<br \/>\nHARJA K\u00d5RGUS: 259 cm<br \/>\nR\u00c4\u00c4STA K\u00d5RGUS: 179 cm<br \/>\nLAIUS: 306 cm<br \/>\nPIKKUS: 445 cm<br \/>\nUKS: Lukustatav liuguks 70 cm<br \/>\nKATUSELUUKIDE ARV: 2<br \/>\nRAAMI V\u00c4RV: Must<br \/>\nKATTEMATERIAAL: 4 mm selge turvaklaas, katuseks matistatud klaas (turvaklaas)<br \/>\nSAADAVUS: Laokaup<br \/>\nGARANTII: Raam: 12 aastat<\/p>\n<p>&nbsp;<\/p>\n<p>&nbsp;<\/p>\n<p><strong>JUHISED<\/strong><\/p>\n<p><a href=\"https:\/\/factory.sale\/wp-content\/uploads\/2024\/04\/1-acd_retro136_ja_prestige159_kasausohje.pdf\" target=\"_blank\" rel=\"noopener\">ACD Retro 13,6 m\u00b2 paigaldusjuhised (pdf)<\/a><br \/>\n<a href=\"https:\/\/factory.sale\/wp-content\/uploads\/2024\/04\/2-kasvihuoneperustus-2.pdf\" target=\"_blank\" rel=\"noopener\">Vundamendi valikud (pdf)<\/a><br \/>\n<a href=\"https:\/\/factory.sale\/wp-content\/uploads\/2024\/04\/3-perustusohje-1.pdf\" target=\"_blank\" rel=\"noopener\">Vundamendi juhised (pdf)<\/a><\/p>\n<p><a href=\"https:\/\/factory.sale\/wp-content\/uploads\/2024\/04\/3-perustusohje-1.pdf\" target=\"_blank\" rel=\"noopener\">Paigaldusteenus (pdf)<\/a><\/p>\n<p>&nbsp;<\/p>\n<p><strong>LISAVARUSTUSE VALIKUD<\/strong><\/p>\n<p><strong>Lisauks<\/strong><\/p>\n<p>Lisauks, mida saab paigaldada kaheks eraldi ukseks.<\/p>\n<p><strong>Kasvuhoone paigalduspakett<\/strong><\/p>\n<p>Sisaldab klaasi iminapp-t\u00f5stukit, kindaid, kaitseprille, h\u00fclsside komplekti + t\u00e4htpead ja k\u00e4\u00e4rid.<\/p>\n<p>ACD on juhtiv Belgia harrastajakasvuhoonete tootja. ACD kasvuhoone eristub oma tugeva raami, suurema k\u00f5rguse ja karastatud klaasi poolest. Vundament, sealhulgas alus, on kasvuhoonetega standardvarustuses. Kasvuhooned on struktuurilt ja detailidelt h\u00e4sti viimistletud, pakkudes muretut r\u00f5\u00f5mu aastateks.<\/p>\n<p>&nbsp;<\/p>\n<p><strong>TURVALINE JA VASTUPIDAV KASVUHOONE<\/strong><\/p>\n<p>ACD kasvuhoonete seinad on valmistatud 4 mm karastatud turvaklaasist. See talub l\u00f6\u00f6ke, paindumist ja temperatuurik\u00f5ikumisi palju rohkem kui tavaline klaas ning selle purustamiseks on vaja tugevat teravat otsaga l\u00f6\u00f6ki. Turvaklaas on mitu korda tugevam kui tavaline kasvuhooneklaas ja kahjustuse korral puruneb see v\u00e4ikesteks killudeks, mis ei p\u00f5hjusta l\u00f5ikehaavu. Alumiiniumist raamiprofiilid on tugevalt ehitatud ja koormust kandvates kohtades lisaks kaitstud. Vastupidavad poldid ja mutrid on roostevabast terasest ning klaasi peal olevad kummilindid kaitsevad vihma ja tuule eest. Integreeritud alus muudab raami v\u00e4ga tugevaks ja kinnitab ruumi h\u00e4sti maapinnale. Seega on ACD turvaline valik, eriti kui plaanite oma aeda eluruumi!<\/p>\n<p>&nbsp;<\/p>\n<p>&nbsp;<\/p>\n","protected":false},"excerpt":{"rendered":"<p>ACD on juhtiv Belgia harrastajakasvuhoonete tootja. ACD kasvuhoone eristub oma tugeva raami, suurema k\u00f5rguse ja karastatud klaasi poolest. Vundament, sealhulgas alus, on kasvuhoonetega standardvarustuses. Kasvuhooned on struktuurilt ja detailidelt h\u00e4sti viimistletud, pakkudes muretut r\u00f5\u00f5mu aastateks.<\/p>\n","protected":false},"featured_media":84591,"comment_status":"open","ping_status":"closed","template":"","meta":{"_acf_changed":false},"factory":[],"free-shipment":[],"product_brand":[],"product_cat":[924,221],"product_tag":[1483,1950,1484],"class_list":{"0":"post-84605","1":"product","2":"type-product","3":"status-publish","4":"has-post-thumbnail","6":"product_cat-aiatooted","7":"product_cat-kasvuhooned","8":"product_tag-garden-et","9":"product_tag-greenhouses-et","10":"product_tag-yard-et","12":"first","13":"instock","14":"sale","15":"taxable","16":"shipping-taxable","17":"purchasable","18":"product-type-simple"},"acf":[],"_links":{"self":[{"href":"https:\/\/factory.sale\/et\/wp-json\/wp\/v2\/product\/84605","targetHints":{"allow":["GET"]}}],"collection":[{"href":"https:\/\/factory.sale\/et\/wp-json\/wp\/v2\/product"}],"about":[{"href":"https:\/\/factory.sale\/et\/wp-json\/wp\/v2\/types\/product"}],"replies":[{"embeddable":true,"href":"https:\/\/factory.sale\/et\/wp-json\/wp\/v2\/comments?post=84605"}],"wp:featuredmedia":[{"embeddable":true,"href":"https:\/\/factory.sale\/et\/wp-json\/wp\/v2\/media\/84591"}],"wp:attachment":[{"href":"https:\/\/factory.sale\/et\/wp-json\/wp\/v2\/media?parent=84605"}],"wp:term":[{"taxonomy":"factory","embeddable":true,"href":"https:\/\/factory.sale\/et\/wp-json\/wp\/v2\/factory?post=84605"},{"taxonomy":"free-shipment","embeddable":true,"href":"https:\/\/factory.sale\/et\/wp-json\/wp\/v2\/free-shipment?post=84605"},{"taxonomy":"product_brand","embeddable":true,"href":"https:\/\/factory.sale\/et\/wp-json\/wp\/v2\/product_brand?post=84605"},{"taxonomy":"product_cat","embeddable":true,"href":"https:\/\/factory.sale\/et\/wp-json\/wp\/v2\/product_cat?post=84605"},{"taxonomy":"product_tag","embeddable":true,"href":"https:\/\/factory.sale\/et\/wp-json\/wp\/v2\/product_tag?post=84605"}],"curies":[{"name":"wp","href":"https:\/\/api.w.org\/{rel}","templated":true}]}}