{"id":84574,"date":"2024-04-28T18:09:41","date_gmt":"2024-04-28T18:15:01","guid":{"rendered":"https:\/\/factory.sale\/?post_type=product&#038;p=84574"},"modified":"2024-06-26T07:17:21","modified_gmt":"2024-06-26T07:17:21","slug":"kasvuhoone-acd-prestige-retro-7-m%c2%b2-turvaklaasiga","status":"publish","type":"product","link":"https:\/\/factory.sale\/et\/toode\/kasvuhoone-acd-prestige-retro-7-m%c2%b2-turvaklaasiga\/","title":{"rendered":"Kasvuhoone ACD Prestige Retro 7 m\u00b2 turvaklaasiga"},"content":{"rendered":"<p><strong>Tootekood:<\/strong> AC70R<\/p>\n<p>&nbsp;<\/p>\n<p>ACD kasvuhoone tugeva alumiiniumraami ja karastatud turvaklaasidega. Katusele on paigaldatud mustriline matistatud klaas, mis hajutab t\u00f5husalt otsest p\u00e4ikesevalgust.<\/p>\n<p>T\u00e4helepanu! Kasvuhoones on \u00fcks katuseventilaator. Harja kaunistus ja v\u00f5rgust uks on valikulised lisavarustused.<br \/>\nKasvuhoone, mis sobib ka l\u00f5\u00f5gastumiseks. Toa k\u00f5rge r\u00e4\u00e4sta k\u00f5rgus v\u00f5imaldab mitmesuguseid kasutusv\u00f5imalusi. Retro mudel sisaldab musta pulberv\u00e4rvitud alumiiniumraami, integreeritud aluse maapinnakinnitustega, ventilatsiooniakna ja vihmaveerennid.<br \/>\nACD kasvuhoonetele kehtib 12-aastane raamigarantii. Toimetame k\u00f5ik kasvuhooned soodsalt otse teie koduukseni!<\/p>\n<p>ACD on juhtiv Belgia harrastajate kasvuhoonete tootja. ACD kasvuhoone eristub oma tugeva raami, suurema k\u00f5rguse ja karastatud klaasi poolest. Vundament, sealhulgas alus, on kasvuhoonetega standardvarustuses. Kasvuhooned on struktuurilt ja detailidelt h\u00e4sti viimistletud, pakkudes muretut r\u00f5\u00f5mu aastateks.<\/p>\n<p>&nbsp;<\/p>\n<p><strong>TURVALINE JA VASTUPIDAV KASVUHOONE<\/strong><\/p>\n<p>ACD taimede ja aiaruumide seinad on valmistatud 4 mm karastatud turvaklaasist. See talub l\u00f6\u00f6ke, paindumist ja temperatuurik\u00f5ikumisi palju rohkem kui tavaline klaas ning selle purustamiseks on vaja tugevat teravat otsaga l\u00f6\u00f6ki. Turvaklaas on mitu korda tugevam kui tavaline kasvuhooneklaas ja kahjustuse korral puruneb see v\u00e4ikesteks killudeks, mis ei p\u00f5hjusta l\u00f5ikehaavu. Alumiiniumist raamiprofiilid on tugevalt ehitatud ja koormust kandvates kohtades lisaks kaitstud. Vastupidavad poldid ja mutrid on roostevabast terasest ning klaasi peal olevad kummilindid kaitsevad vihma ja tuule eest. Integreeritud alus muudab raami v\u00e4ga tugevaks ja kinnitab ruumi h\u00e4sti maapinnale. Seega on ACD turvaline valik, eriti kui plaanite oma aeda eluruumi!<\/p>\n<p>&nbsp;<\/p>\n<p><strong>TEHNILISED ANDMED:<\/strong><\/p>\n<p>SUURUS: 7 m\u00b2<\/p>\n<p>HARJA K\u00d5RGUS: 237 cm<\/p>\n<p>R\u00c4\u00c4STA K\u00d5RGUS: 179 cm<\/p>\n<p>LAIUS: 232 cm<\/p>\n<p>PIKKUS: 298 cm<\/p>\n<p>UKS: Liuguks 70 cm<\/p>\n<p>KATUSEVENTILAATORITE ARV: 1<\/p>\n<p>RAAMI V\u00c4RV: Must<\/p>\n<p>KATTEMATERJAL: 4 mm selge turvaklaas, katus matistatud klaasist (turvaklaas)<\/p>\n<p>SAADAVUS: Laos<\/p>\n<p>GARANTII: Raam: 12 aastat<\/p>\n<p>&nbsp;<\/p>\n<p><strong>JUHISED<\/strong><\/p>\n<p><a href=\"https:\/\/factory.sale\/wp-content\/uploads\/2024\/04\/1-acd-retro-7m2-kasausohje.pdf\" target=\"_blank\" rel=\"noopener\">ACD Retro 7.0 m\u00b2 paigaldusjuhend (pdf)<\/a><br \/>\n<a href=\"https:\/\/factory.sale\/wp-content\/uploads\/2024\/04\/2-kasvihuoneperustus-1.pdf\" target=\"_blank\" rel=\"noopener\">Vundamendi valikud (pdf)<\/a><br \/>\n<a href=\"https:\/\/factory.sale\/wp-content\/uploads\/2024\/04\/3-perustusohje-1.pdf\" target=\"_blank\" rel=\"noopener\">Vundamendi juhised (pdf)<\/a><\/p>\n","protected":false},"excerpt":{"rendered":"<p>ACD on juhtiv Belgia harrastajate kasvuhoonete tootja. ACD kasvuhoone eristub oma tugeva raami, suurema k\u00f5rguse ja karastatud klaasi poolest. Vundament, sealhulgas alus, on kasvuhoonetega standardvarustuses. Kasvuhooned on struktuurilt ja detailidelt h\u00e4sti viimistletud, pakkudes muretut r\u00f5\u00f5mu aastateks.<\/p>\n","protected":false},"featured_media":84566,"comment_status":"open","ping_status":"closed","template":"","meta":{"_acf_changed":false},"factory":[],"free-shipment":[],"product_brand":[],"product_cat":[924,221],"product_tag":[1950,1484,2714],"class_list":{"0":"post-84574","1":"product","2":"type-product","3":"status-publish","4":"has-post-thumbnail","6":"product_cat-aiatooted","7":"product_cat-kasvuhooned","8":"product_tag-greenhouses-et","9":"product_tag-yard-et","10":"product_tag-yard-and-garden-et","12":"first","13":"instock","14":"sale","15":"taxable","16":"shipping-taxable","17":"purchasable","18":"product-type-simple"},"acf":[],"_links":{"self":[{"href":"https:\/\/factory.sale\/et\/wp-json\/wp\/v2\/product\/84574","targetHints":{"allow":["GET"]}}],"collection":[{"href":"https:\/\/factory.sale\/et\/wp-json\/wp\/v2\/product"}],"about":[{"href":"https:\/\/factory.sale\/et\/wp-json\/wp\/v2\/types\/product"}],"replies":[{"embeddable":true,"href":"https:\/\/factory.sale\/et\/wp-json\/wp\/v2\/comments?post=84574"}],"wp:featuredmedia":[{"embeddable":true,"href":"https:\/\/factory.sale\/et\/wp-json\/wp\/v2\/media\/84566"}],"wp:attachment":[{"href":"https:\/\/factory.sale\/et\/wp-json\/wp\/v2\/media?parent=84574"}],"wp:term":[{"taxonomy":"factory","embeddable":true,"href":"https:\/\/factory.sale\/et\/wp-json\/wp\/v2\/factory?post=84574"},{"taxonomy":"free-shipment","embeddable":true,"href":"https:\/\/factory.sale\/et\/wp-json\/wp\/v2\/free-shipment?post=84574"},{"taxonomy":"product_brand","embeddable":true,"href":"https:\/\/factory.sale\/et\/wp-json\/wp\/v2\/product_brand?post=84574"},{"taxonomy":"product_cat","embeddable":true,"href":"https:\/\/factory.sale\/et\/wp-json\/wp\/v2\/product_cat?post=84574"},{"taxonomy":"product_tag","embeddable":true,"href":"https:\/\/factory.sale\/et\/wp-json\/wp\/v2\/product_tag?post=84574"}],"curies":[{"name":"wp","href":"https:\/\/api.w.org\/{rel}","templated":true}]}}