{"id":84545,"date":"2024-04-28T17:07:15","date_gmt":"2024-04-28T17:16:15","guid":{"rendered":"https:\/\/factory.sale\/?post_type=product&#038;p=84545"},"modified":"2024-06-27T11:30:13","modified_gmt":"2024-06-27T11:30:13","slug":"kasvuhoone-halls-altan-13-m%c2%b2-polukarbonaatpaneelidega-roheline-raam","status":"publish","type":"product","link":"https:\/\/factory.sale\/et\/toode\/kasvuhoone-halls-altan-13-m%c2%b2-polukarbonaatpaneelidega-roheline-raam\/","title":{"rendered":"Kasvuhoone Halls Altan 1,3 m\u00b2 pol\u00fckarbonaatpaneelidega, roheline raam"},"content":{"rendered":"<p><strong>Tootekood:<\/strong> HA13VK<\/p>\n<p>&nbsp;<\/p>\n<p>Halls Altan on kasvuhoone v\u00e4ikestele aedadele .<\/p>\n<p>Altan on seina vastu paigaldatav alumiiniumraamiga kasvuhoone v\u00e4ikesele pinnale. Ometi pakub see samu kasvatusv\u00f5imalusi nagu traditsiooniline kasvuhoone. Altani saab paigutada terrassile, aiamaja k\u00fclje alla v\u00f5i r\u00f5dule. N\u00e4pun\u00e4iteks olgu \u00f6eldud, et kui kasvuhoone paigaldatakse n\u00e4iteks tellisseina vastu, siis tellised loovutavad p\u00e4eva jooksul kogunenud soojust kasvuhoonesse, kui \u00f5htu jaheneb. Altanis on 60 cm lai lihtsalt liigutatav liuguks ja \u00fcks katuseaken ventilatsiooniks. Kaasas on selged soomekeelsed paigaldusjuhised.<\/p>\n<p>Halls kasvuhoonetel on 12-aastane raamigarantii. Toimetame k\u00f5ik kasvuhooned soodsalt otse teie ukse taha!<\/p>\n<p>Soovitame pol\u00fckarbonaatpaneelide otste teipimist alumiiniumteibiga. See takistab vee, mustuse ja putukate p\u00e4\u00e4su kambritesse ning aitab hoida pol\u00fckarbonaatpaneelid kauem puhtana.<\/p>\n<p>&nbsp;<\/p>\n<p><strong>TEHNILISED ANDMED:<\/strong><\/p>\n<p>SUURUS: 1,3 m\u00b2<\/p>\n<p>K\u00d5RGUS (TAGA): 185 cm<\/p>\n<p>K\u00d5RGUS (EES): 152 cm<\/p>\n<p>LAIUS: 193 cm<\/p>\n<p>S\u00dcGAVUS: 68 cm<\/p>\n<p>UKS: Liuguks 60 cm<\/p>\n<p>KATUSELUUKIDE ARV: 1<\/p>\n<p>RAAMI V\u00c4RV: Roheline<\/p>\n<p>KATEMATERJAL: 4 mm UV-kaitstud pol\u00fckarbonaatpaneelid<\/p>\n<p>SAADAVUS: Laos<\/p>\n<p>GARANTII: Raam: 12 aastat<\/p>\n<p>&nbsp;<\/p>\n<p>&nbsp;<\/p>\n<p><strong>JUHISED<\/strong><\/p>\n<p><a href=\"https:\/\/factory.sale\/wp-content\/uploads\/2024\/04\/1-altan_kokoamisohje.pdf\" target=\"_blank\" rel=\"noopener\">Halls Altan kokkupaneku juhised (pdf)<\/a><br \/>\n<a href=\"https:\/\/factory.sale\/wp-content\/uploads\/2024\/04\/2-kasvihuoneperustus.pdf\" target=\"_blank\" rel=\"noopener\">Vundamendi valikud (pdf)<\/a><br \/>\n<a href=\"https:\/\/factory.sale\/wp-content\/uploads\/2024\/04\/3-perustusohje.pdf\" target=\"_blank\" rel=\"noopener\">Vundamendi juhised (pdf)<\/a><\/p>\n<p><a href=\"https:\/\/factory.sale\/wp-content\/uploads\/2024\/04\/4-pystytyspalvelu.pdf\" target=\"_blank\" rel=\"noopener\">Paigaldusteenus (pdf)<\/a><\/p>\n<p>&nbsp;<\/p>\n<p>&nbsp;<\/p>\n<p>&nbsp;<\/p>\n<p><strong>LISAVARUSTUS<\/strong><\/p>\n<p><strong>Sokkel<\/strong><\/p>\n<p>Valmissokkel on lihtsaim ja kiireim viis kasvuhoone vundamendi rajamiseks. Selle k\u00f5rgus on 12 cm.<br \/>\nKomplekt sisaldab maakruvisid ja k\u00f5iki vajalikke osi ruumi kinnitamiseks.<\/p>\n<p><strong>Automaatne avaja<\/strong><\/p>\n<p>Automaatne ventilatsiooniavaja. Seadme juhts\u00fcliinder sisaldab vaha, mis laieneb kuumenedes ja<br \/>\navab ventilaatori temperatuuridel vahemikus 17\u201325 \u00b0C. Ventilaator sulgub automaatselt oma raskuse all, kui \u00f5hk jahtub.<\/p>\n<p>&nbsp;<\/p>\n<p>&nbsp;<\/p>\n<p>&nbsp;<\/p>\n<p>&nbsp;<\/p>\n<div class=\"video-wrapper \"><iframe loading=\"lazy\" title=\"Halls Altan - Montage af vindue\" width=\"500\" height=\"281\" src=\"https:\/\/www.youtube.com\/embed\/vxmoYQpY-pU?feature=oembed\" frameborder=\"0\" allow=\"accelerometer; autoplay; clipboard-write; encrypted-media; gyroscope; picture-in-picture; web-share\" referrerpolicy=\"strict-origin-when-cross-origin\" allowfullscreen><\/iframe><\/div>\n<div class=\"video-wrapper \"><iframe loading=\"lazy\" title=\"Halls Altan -  Montage af d\u00f8r\" width=\"500\" height=\"281\" src=\"https:\/\/www.youtube.com\/embed\/6zhOfc1PdS4?feature=oembed\" frameborder=\"0\" allow=\"accelerometer; autoplay; clipboard-write; encrypted-media; gyroscope; picture-in-picture; web-share\" referrerpolicy=\"strict-origin-when-cross-origin\" allowfullscreen><\/iframe><\/div>\n","protected":false},"excerpt":{"rendered":"<p>Altan on seina vastu paigaldatav alumiiniumraamiga kasvuhoone v\u00e4ikesele pinnale. Ometi pakub see samu kasvatusv\u00f5imalusi nagu traditsiooniline kasvuhoone. Altani saab paigutada terrassile, aiamaja k\u00fclje alla v\u00f5i r\u00f5dule. N\u00e4pun\u00e4iteks olgu \u00f6eldud, et kui kasvuhoone paigaldatakse n\u00e4iteks tellisseina vastu, siis tellised loovutavad p\u00e4eva jooksul kogunenud soojust kasvuhoonesse, kui \u00f5htu jaheneb. Altanis on 60 cm lai lihtsalt liigutatav liuguks ja \u00fcks katuseaken ventilatsiooniks.<\/p>\n","protected":false},"featured_media":84537,"comment_status":"open","ping_status":"closed","template":"","meta":{"_acf_changed":false},"factory":[],"free-shipment":[],"product_brand":[],"product_cat":[924,221],"product_tag":[222,1950,1484,2714],"class_list":{"0":"post-84545","1":"product","2":"type-product","3":"status-publish","4":"has-post-thumbnail","6":"product_cat-aiatooted","7":"product_cat-kasvuhooned","8":"product_tag-greenhouse-et-2","9":"product_tag-greenhouses-et","10":"product_tag-yard-et","11":"product_tag-yard-and-garden-et","13":"first","14":"instock","15":"sale","16":"taxable","17":"shipping-taxable","18":"purchasable","19":"product-type-simple"},"acf":[],"_links":{"self":[{"href":"https:\/\/factory.sale\/et\/wp-json\/wp\/v2\/product\/84545","targetHints":{"allow":["GET"]}}],"collection":[{"href":"https:\/\/factory.sale\/et\/wp-json\/wp\/v2\/product"}],"about":[{"href":"https:\/\/factory.sale\/et\/wp-json\/wp\/v2\/types\/product"}],"replies":[{"embeddable":true,"href":"https:\/\/factory.sale\/et\/wp-json\/wp\/v2\/comments?post=84545"}],"wp:featuredmedia":[{"embeddable":true,"href":"https:\/\/factory.sale\/et\/wp-json\/wp\/v2\/media\/84537"}],"wp:attachment":[{"href":"https:\/\/factory.sale\/et\/wp-json\/wp\/v2\/media?parent=84545"}],"wp:term":[{"taxonomy":"factory","embeddable":true,"href":"https:\/\/factory.sale\/et\/wp-json\/wp\/v2\/factory?post=84545"},{"taxonomy":"free-shipment","embeddable":true,"href":"https:\/\/factory.sale\/et\/wp-json\/wp\/v2\/free-shipment?post=84545"},{"taxonomy":"product_brand","embeddable":true,"href":"https:\/\/factory.sale\/et\/wp-json\/wp\/v2\/product_brand?post=84545"},{"taxonomy":"product_cat","embeddable":true,"href":"https:\/\/factory.sale\/et\/wp-json\/wp\/v2\/product_cat?post=84545"},{"taxonomy":"product_tag","embeddable":true,"href":"https:\/\/factory.sale\/et\/wp-json\/wp\/v2\/product_tag?post=84545"}],"curies":[{"name":"wp","href":"https:\/\/api.w.org\/{rel}","templated":true}]}}