{"id":84527,"date":"2024-04-28T10:57:53","date_gmt":"2024-04-28T11:54:28","guid":{"rendered":"https:\/\/factory.sale\/?post_type=product&#038;p=84527"},"modified":"2024-06-25T18:31:58","modified_gmt":"2024-06-25T18:31:58","slug":"kasvuhoone-halls-altan-13-m%c2%b2-klaasiga-roheline-raam","status":"publish","type":"product","link":"https:\/\/factory.sale\/et\/toode\/kasvuhoone-halls-altan-13-m%c2%b2-klaasiga-roheline-raam\/","title":{"rendered":"Kasvuhoone Halls Altan 1,3 m\u00b2 klaasiga, roheline raam"},"content":{"rendered":"<p><strong>Tootekood:<\/strong> HA13V<\/p>\n<p>&nbsp;<\/p>\n<p>Halls Altan on kasvuhoone v\u00e4ikestesse aedadesse.<\/p>\n<p>Altan on seinale paigaldatav kasvuhoone alumiiniumraamiga, mis on m\u00f5eldud v\u00e4ikestele aladele. Siiski pakub see samu kasvutingimusi nagu traditsiooniline kasvuhoone. Altani saab paigutada terrassile, aiamaja seina k\u00f5rvale v\u00f5i r\u00f5dule. N\u00e4pun\u00e4ide: kui kasvuhoone paigaldatakse n\u00e4iteks tellisseina vastu, vabastavad tellised p\u00e4eva jooksul kogunenud soojust kasvuhoonesse, kui \u00f5htu jaheneb. Altanil on 60 cm laiune h\u00f5lpsasti liikuv liuguks ja \u00fcks katuseventilaator ventilatsiooniks.<\/p>\n<p>Halls kasvuhoonetele on 12-aastane raamigarantii.<\/p>\n<p>&nbsp;<\/p>\n<p><strong>TEHNILISED ANDMED:<\/strong><\/p>\n<p>Suurus: 1,3 m\u00b2<\/p>\n<p>K\u00f5rgus (taga): 185 cm<\/p>\n<p>K\u00f5rgus (ees): 152 cm<\/p>\n<p>Laius: 193 cm<\/p>\n<p>S\u00fcgavus: 68 cm<\/p>\n<p>Uks: liuguks 60 cm<\/p>\n<p>Katuseventilaatorite arv: 1<\/p>\n<p>Raami v\u00e4rv: roheline<\/p>\n<p>Kattematerjal: 3 mm klaas<\/p>\n<p>Saadavus: laos<\/p>\n<p>Garantii: raam: 12 aastat<\/p>\n<p>&nbsp;<\/p>\n<p>&nbsp;<\/p>\n<p><strong>JUHISED<\/strong><\/p>\n<p><a href=\"https:\/\/factory.sale\/wp-content\/uploads\/2024\/04\/1-altan_kokoamisohje.pdf\" target=\"_blank\" rel=\"noopener\">Halls Altan kokkupaneku juhised (pdf)<\/a><br \/>\n<a href=\"https:\/\/factory.sale\/wp-content\/uploads\/2024\/04\/2-kasvihuoneperustus.pdf\" target=\"_blank\" rel=\"noopener\">Vundamendi valikud (pdf)<\/a><br \/>\n<a href=\"https:\/\/factory.sale\/wp-content\/uploads\/2024\/04\/3-perustusohje.pdf\" target=\"_blank\" rel=\"noopener\">Vundamendi juhised (pdf)<\/a><\/p>\n<p><a href=\"https:\/\/factory.sale\/wp-content\/uploads\/2024\/04\/4-pystytyspalvelu.pdf\" target=\"_blank\" rel=\"noopener\">Paigaldusteenus (pdf)<\/a><\/p>\n<p>&nbsp;<\/p>\n<p>&nbsp;<\/p>\n<p><strong>LISAVARUSTUS<\/strong><\/p>\n<p><strong>Sokkel<\/strong><\/p>\n<p>Valmissokkel on lihtsaim ja kiireim viis kasvuhoone vundamendi rajamiseks. Selle k\u00f5rgus on 12 cm.<br \/>\nKomplekt sisaldab maakruvisid ja k\u00f5iki vajalikke osi ruumi kinnitamiseks.<\/p>\n<p><strong>Automaatne avaja<\/strong><\/p>\n<p>Automaatne ventilatsiooniavaja. Seadme juhts\u00fcliinder sisaldab vaha, mis laieneb kuumenedes ja<br \/>\navab ventilaatori temperatuuridel vahemikus 17\u201325 \u00b0C. Ventilaator sulgub automaatselt oma raskuse all, kui \u00f5hk jahtub.<\/p>\n<p>&nbsp;<\/p>\n<p>&nbsp;<\/p>\n<p>&nbsp;<\/p>\n<p>&nbsp;<\/p>\n<p>&nbsp;<\/p>\n<div class=\"video-wrapper \"><iframe loading=\"lazy\" title=\"Halls Altan - Montage af vindue\" width=\"500\" height=\"281\" src=\"https:\/\/www.youtube.com\/embed\/vxmoYQpY-pU?feature=oembed\" frameborder=\"0\" allow=\"accelerometer; autoplay; clipboard-write; encrypted-media; gyroscope; picture-in-picture; web-share\" referrerpolicy=\"strict-origin-when-cross-origin\" allowfullscreen><\/iframe><\/div>\n<div class=\"video-wrapper \"><iframe loading=\"lazy\" title=\"Halls Altan -  Montage af d\u00f8r\" width=\"500\" height=\"281\" src=\"https:\/\/www.youtube.com\/embed\/6zhOfc1PdS4?feature=oembed\" frameborder=\"0\" allow=\"accelerometer; autoplay; clipboard-write; encrypted-media; gyroscope; picture-in-picture; web-share\" referrerpolicy=\"strict-origin-when-cross-origin\" allowfullscreen><\/iframe><\/div>\n","protected":false},"excerpt":{"rendered":"<p>Altan on seinale paigaldatav kasvuhoone alumiiniumraamiga, mis on m\u00f5eldud v\u00e4ikestele aladele. Siiski pakub see samu kasvutingimusi nagu traditsiooniline kasvuhoone. Altani saab paigutada terrassile, aiamaja seina k\u00f5rvale v\u00f5i r\u00f5dule. N\u00e4pun\u00e4ide: kui kasvuhoone paigaldatakse n\u00e4iteks tellisseina vastu, vabastavad tellised p\u00e4eva jooksul kogunenud soojust kasvuhoonesse, kui \u00f5htu jaheneb. Altanil on 60 cm laiune h\u00f5lpsasti liikuv liuguks ja \u00fcks katuseventilaator ventilatsiooniks.<\/p>\n","protected":false},"featured_media":84516,"comment_status":"open","ping_status":"closed","template":"","meta":{"_acf_changed":false},"factory":[],"free-shipment":[],"product_brand":[],"product_cat":[924,221],"product_tag":[1483,1950,2714],"class_list":{"0":"post-84527","1":"product","2":"type-product","3":"status-publish","4":"has-post-thumbnail","6":"product_cat-aiatooted","7":"product_cat-kasvuhooned","8":"product_tag-garden-et","9":"product_tag-greenhouses-et","10":"product_tag-yard-and-garden-et","12":"first","13":"instock","14":"sale","15":"taxable","16":"shipping-taxable","17":"purchasable","18":"product-type-simple"},"acf":[],"_links":{"self":[{"href":"https:\/\/factory.sale\/et\/wp-json\/wp\/v2\/product\/84527","targetHints":{"allow":["GET"]}}],"collection":[{"href":"https:\/\/factory.sale\/et\/wp-json\/wp\/v2\/product"}],"about":[{"href":"https:\/\/factory.sale\/et\/wp-json\/wp\/v2\/types\/product"}],"replies":[{"embeddable":true,"href":"https:\/\/factory.sale\/et\/wp-json\/wp\/v2\/comments?post=84527"}],"wp:featuredmedia":[{"embeddable":true,"href":"https:\/\/factory.sale\/et\/wp-json\/wp\/v2\/media\/84516"}],"wp:attachment":[{"href":"https:\/\/factory.sale\/et\/wp-json\/wp\/v2\/media?parent=84527"}],"wp:term":[{"taxonomy":"factory","embeddable":true,"href":"https:\/\/factory.sale\/et\/wp-json\/wp\/v2\/factory?post=84527"},{"taxonomy":"free-shipment","embeddable":true,"href":"https:\/\/factory.sale\/et\/wp-json\/wp\/v2\/free-shipment?post=84527"},{"taxonomy":"product_brand","embeddable":true,"href":"https:\/\/factory.sale\/et\/wp-json\/wp\/v2\/product_brand?post=84527"},{"taxonomy":"product_cat","embeddable":true,"href":"https:\/\/factory.sale\/et\/wp-json\/wp\/v2\/product_cat?post=84527"},{"taxonomy":"product_tag","embeddable":true,"href":"https:\/\/factory.sale\/et\/wp-json\/wp\/v2\/product_tag?post=84527"}],"curies":[{"name":"wp","href":"https:\/\/api.w.org\/{rel}","templated":true}]}}