{"id":84496,"date":"2024-04-28T10:34:21","date_gmt":"2024-04-28T10:38:34","guid":{"rendered":"https:\/\/factory.sale\/?post_type=product&#038;p=84496"},"modified":"2024-06-27T22:53:25","modified_gmt":"2024-06-27T22:53:25","slug":"halls-magnum-must-sokkel-83-m%c2%b2-kasvuhoonele","status":"publish","type":"product","link":"https:\/\/factory.sale\/et\/toode\/halls-magnum-must-sokkel-83-m%c2%b2-kasvuhoonele\/","title":{"rendered":"Halls Magnum must sokkel 8,3 m\u00b2 kasvuhoonele"},"content":{"rendered":"<p><strong>Tootekood:<\/strong> HMS83M (8,3 m\u00b2)<\/p>\n<p>&nbsp;<\/p>\n<p>Valmissokkel Halls Magnum kasvuhoonetele. Vali vastavalt kasvuhoone suurusele.<br \/>\nK\u00f5ige lihtsam ja kiireim viis kasvuhoone vundamendi loomiseks on valmis metallist sokkeli hankimine. Vundamendid toimetatakse kohale tervikuna, mis sisaldab k\u00f5iki vajalikke osi ruumi kinnitamiseks ja maakruvisid. Metallvundament on t\u00e4pselt \u00f5ige pikkusega teie kasvuhoonele. Vundamendi k\u00f5rgus on 12 cm, mis aitab kaasa teie kasvuhoone avarusele.<\/p>\n<p>Pange t\u00e4hele, et saadetis ei sisalda plasttorusid ega teisi valuvorme ega tsementi. Metallvundamendi kasutamisel soovitatakse lisaks kasutada spetsiaalset filtreerkangast, mis eraldab pinnasematerjale \u00fcksteisest ja takistab seel\u00e4bi nende segunemist.<\/p>\n<p>&nbsp;<\/p>\n<p>Magnum 9,9 m\u00b2 mudelile +23,4 \u20ac<\/p>\n<p>Magnum 11,5 m\u00b2 mudelile +46,8 \u20ac<\/p>\n","protected":false},"excerpt":{"rendered":"<p>Valmissokkel Halls Magnum kasvuhoonetele. Vali vastavalt kasvuhoone suurusele.<br \/>\nK\u00f5ige lihtsam ja kiireim viis kasvuhoone vundamendi loomiseks on valmis metallist sokkeli hankimine. Vundamendid toimetatakse kohale tervikuna, mis sisaldab k\u00f5iki vajalikke osi ruumi kinnitamiseks ja maakruvisid. Metallvundament on t\u00e4pselt \u00f5ige pikkusega teie kasvuhoonele. Vundamendi k\u00f5rgus on 12 cm, mis aitab kaasa teie kasvuhoone avarusele.<\/p>\n","protected":false},"featured_media":84403,"comment_status":"open","ping_status":"closed","template":"","meta":{"_acf_changed":false},"factory":[],"free-shipment":[],"product_brand":[],"product_cat":[924,221],"product_tag":[331,1950,1484,2714],"class_list":{"0":"post-84496","1":"product","2":"type-product","3":"status-publish","4":"has-post-thumbnail","6":"product_cat-aiatooted","7":"product_cat-kasvuhooned","8":"product_tag-base-et-2","9":"product_tag-greenhouses-et","10":"product_tag-yard-et","11":"product_tag-yard-and-garden-et","13":"first","14":"instock","15":"sale","16":"taxable","17":"shipping-taxable","18":"purchasable","19":"product-type-simple"},"acf":[],"_links":{"self":[{"href":"https:\/\/factory.sale\/et\/wp-json\/wp\/v2\/product\/84496","targetHints":{"allow":["GET"]}}],"collection":[{"href":"https:\/\/factory.sale\/et\/wp-json\/wp\/v2\/product"}],"about":[{"href":"https:\/\/factory.sale\/et\/wp-json\/wp\/v2\/types\/product"}],"replies":[{"embeddable":true,"href":"https:\/\/factory.sale\/et\/wp-json\/wp\/v2\/comments?post=84496"}],"wp:featuredmedia":[{"embeddable":true,"href":"https:\/\/factory.sale\/et\/wp-json\/wp\/v2\/media\/84403"}],"wp:attachment":[{"href":"https:\/\/factory.sale\/et\/wp-json\/wp\/v2\/media?parent=84496"}],"wp:term":[{"taxonomy":"factory","embeddable":true,"href":"https:\/\/factory.sale\/et\/wp-json\/wp\/v2\/factory?post=84496"},{"taxonomy":"free-shipment","embeddable":true,"href":"https:\/\/factory.sale\/et\/wp-json\/wp\/v2\/free-shipment?post=84496"},{"taxonomy":"product_brand","embeddable":true,"href":"https:\/\/factory.sale\/et\/wp-json\/wp\/v2\/product_brand?post=84496"},{"taxonomy":"product_cat","embeddable":true,"href":"https:\/\/factory.sale\/et\/wp-json\/wp\/v2\/product_cat?post=84496"},{"taxonomy":"product_tag","embeddable":true,"href":"https:\/\/factory.sale\/et\/wp-json\/wp\/v2\/product_tag?post=84496"}],"curies":[{"name":"wp","href":"https:\/\/api.w.org\/{rel}","templated":true}]}}