{"id":84490,"date":"2024-04-28T10:10:28","date_gmt":"2024-04-28T10:19:31","guid":{"rendered":"https:\/\/factory.sale\/?post_type=product&#038;p=84490"},"modified":"2024-06-27T22:59:03","modified_gmt":"2024-06-27T22:59:03","slug":"kasvuhoone-halls-magnum-83-m%c2%b2-turvaklaasiga-roheline-varv","status":"publish","type":"product","link":"https:\/\/factory.sale\/et\/toode\/kasvuhoone-halls-magnum-83-m%c2%b2-turvaklaasiga-roheline-varv\/","title":{"rendered":"Kasvuhoone Halls Magnum 8,3 m\u00b2 turvaklaasiga, roheline v\u00e4rv"},"content":{"rendered":"<p><strong>Tootekood:<\/strong> HM83V<\/p>\n<p>&nbsp;<\/p>\n<p>Avar ja soodne kasvuhoone kahe liugukse ja nelja ventilatsiooniaknaga.<\/p>\n<p>Magnum-mudelid sobivad suurep\u00e4raseltteie aeda. Lai kasvuhoone on avar ja t\u00e4nu piisavale k\u00f5rgusele saavad pikalt kasvavad taimed, nagu kurgid ja tomatid, vajaliku ruumi. Lihtsalt liigutatavad topeltliuguksed v\u00f5imaldavad h\u00f5lpsa ligip\u00e4\u00e4su, isegi k\u00e4ruga, kuna ukseava laius on 120 cm. Neli katuseakent tagavad ventilatsiooni ja ukse avamine parandab \u00f5huringlust. Kuigi kasvuhoone hind on soodne, ei ole kvaliteedis j\u00e4releandmisi tehtud. Alumiiniumraam on vastupidav ja konstruktsioon on diagonaalsete tugevdustega tugevdatud. Ruumides on ka vihmaveerennid.<\/p>\n<p>Halls kasvuhooned tulevad 12-aastase raamigarantiiga. Toimetame k\u00f5ik kasvuhooned soodsalt otse teie ukse taha!<\/p>\n<p>&nbsp;<\/p>\n<p><strong>TEHNILISED ANDMED:<\/strong><\/p>\n<p>Suurus: 8,3 m\u00b2<\/p>\n<p>Harja k\u00f5rgus: 258 cm<\/p>\n<p>R\u00e4\u00e4sta k\u00f5rgus: 148 cm<\/p>\n<p>Laius: 257 cm<\/p>\n<p>Pikkus: 322 cm<\/p>\n<p>Uks: topelt liuguks 120 cm<\/p>\n<p>Katuseakende arv: 4<\/p>\n<p>Raami v\u00e4rv: tumerohe<\/p>\n<p>Kattematerjal: 3 mm karastatud turvaklaas<\/p>\n<p>Saadavus: laos<\/p>\n<p>Garantii: raam: 12 aastat<\/p>\n<p>&nbsp;<\/p>\n<p><strong>JUHISED<\/strong><\/p>\n<p><a href=\"https:\/\/factory.sale\/wp-content\/uploads\/2024\/04\/1-halls_magnum_kasausohje.pdf\" target=\"_blank\" rel=\"noopener\">Halls Magnumi kokkupaneku juhised (pdf)<\/a><br \/>\n<a href=\"https:\/\/factory.sale\/wp-content\/uploads\/2024\/04\/2-lisaohje_halls_magnum_ja_universal.pdf\" target=\"_blank\" rel=\"noopener\">\u00dcldised juhised Halls &#8211; Magnum &#8211; Universal paigalduseks (pdf)<\/a><br \/>\n<a href=\"https:\/\/factory.sale\/wp-content\/uploads\/2024\/04\/3-kasvihuoneperustus-1.pdf\" target=\"_blank\" rel=\"noopener\">Vundamendi valikud (pdf)<\/a><br \/>\n<a href=\"https:\/\/factory.sale\/wp-content\/uploads\/2024\/04\/4-perustusohje-1.pdf\" target=\"_blank\" rel=\"noopener\">Vundamendi juhised (pdf)<\/a><\/p>\n<p>&nbsp;<\/p>\n<p><strong>LISAVARUSTUS<\/strong><\/p>\n<p><strong>Sokkel<\/strong><\/p>\n<p>Valmissokkel on lihtsaim ja kiireim viis kasvuhoone vundamendi rajamiseks. Selle k\u00f5rgus on 12 cm. Komplekt sisaldab maakruvisid ja k\u00f5iki vajalikke osi ruumi kinnitamiseks.<\/p>\n<p><strong>Klaas Mix stardipakett<\/strong><\/p>\n<p>Stardipakett klaaskasvuhoonetele. Komplekti kuuluvad automaatne avaja, riputuskonksud, padrunv\u00f5ti, erilised peapoldid ja min\/max termomeeter.<\/p>\n<p>&nbsp;<\/p>\n<p>&nbsp;<\/p>\n<p>&nbsp;<\/p>\n<div class=\"video-wrapper \"><iframe loading=\"lazy\" title=\"Halls Universal &amp; Magnum - Samling af sider\" width=\"500\" height=\"281\" src=\"https:\/\/www.youtube.com\/embed\/QDYNxOb21x8?feature=oembed\" frameborder=\"0\" allow=\"accelerometer; autoplay; clipboard-write; encrypted-media; gyroscope; picture-in-picture; web-share\" referrerpolicy=\"strict-origin-when-cross-origin\" allowfullscreen><\/iframe><\/div>\n<p>&nbsp;<\/p>\n<p>[\/vc_column_text][\/vc_column][\/vc_row][vc_row][vc_column]<div class=\"video-wrapper \"><iframe loading=\"lazy\" title=\"Halls Universal &amp; Magnum - Samling af vindue\" width=\"500\" height=\"281\" src=\"https:\/\/www.youtube.com\/embed\/IHZqlm0RVmk?feature=oembed\" frameborder=\"0\" allow=\"accelerometer; autoplay; clipboard-write; encrypted-media; gyroscope; picture-in-picture; web-share\" referrerpolicy=\"strict-origin-when-cross-origin\" allowfullscreen><\/iframe><\/div>[\/vc_column][\/vc_row][vc_row][vc_column]<div class=\"video-wrapper \"><iframe loading=\"lazy\" title=\"Halls Universal &amp; Magnum - Samling af vindue\" width=\"500\" height=\"281\" src=\"https:\/\/www.youtube.com\/embed\/IHZqlm0RVmk?feature=oembed\" frameborder=\"0\" allow=\"accelerometer; autoplay; clipboard-write; encrypted-media; gyroscope; picture-in-picture; web-share\" referrerpolicy=\"strict-origin-when-cross-origin\" allowfullscreen><\/iframe><\/div>[\/vc_column][\/vc_row][vc_row][vc_column]<div class=\"video-wrapper \"><iframe loading=\"lazy\" title=\"Halls Universal &amp; Magnum -  Montage af vindue\" width=\"500\" height=\"281\" src=\"https:\/\/www.youtube.com\/embed\/aqIrx0OfWJw?feature=oembed\" frameborder=\"0\" allow=\"accelerometer; autoplay; clipboard-write; encrypted-media; gyroscope; picture-in-picture; web-share\" referrerpolicy=\"strict-origin-when-cross-origin\" allowfullscreen><\/iframe><\/div>[\/vc_column][\/vc_row][vc_row][vc_column]<div class=\"video-wrapper \"><iframe loading=\"lazy\" title=\"Halls Universal &amp; Magnum - Samling af d\u00f8r\" width=\"500\" height=\"281\" src=\"https:\/\/www.youtube.com\/embed\/mqTXgY8qduY?feature=oembed\" frameborder=\"0\" allow=\"accelerometer; autoplay; clipboard-write; encrypted-media; gyroscope; picture-in-picture; web-share\" referrerpolicy=\"strict-origin-when-cross-origin\" allowfullscreen><\/iframe><\/div>[\/vc_column][\/vc_row][vc_row][vc_column]<div class=\"video-wrapper \"><iframe loading=\"lazy\" title=\"Halls Universal &amp; Magnum - Montage af d\u00f8r\" width=\"500\" height=\"281\" src=\"https:\/\/www.youtube.com\/embed\/d6WJFJ2j8Yg?feature=oembed\" frameborder=\"0\" allow=\"accelerometer; autoplay; clipboard-write; encrypted-media; gyroscope; picture-in-picture; web-share\" referrerpolicy=\"strict-origin-when-cross-origin\" allowfullscreen><\/iframe><\/div>[\/vc_column][\/vc_row]<\/p>\n","protected":false},"excerpt":{"rendered":"<p>Magnum-mudelid sobivad suurep\u00e4raseltteie aeda. Lai kasvuhoone on avar ja t\u00e4nu piisavale k\u00f5rgusele saavad pikalt kasvavad taimed, nagu kurgid ja tomatid, vajaliku ruumi. Lihtsalt liigutatavad topeltliuguksed v\u00f5imaldavad h\u00f5lpsa ligip\u00e4\u00e4su, isegi k\u00e4ruga, kuna ukseava laius on 120 cm. Neli katuseakent tagavad ventilatsiooni ja ukse avamine parandab \u00f5huringlust. Kuigi kasvuhoone hind on soodne, ei ole kvaliteedis j\u00e4releandmisi tehtud. Alumiiniumraam on vastupidav ja konstruktsioon on diagonaalsete tugevdustega tugevdatud. Ruumides on ka vihmaveerennid.<\/p>\n","protected":false},"featured_media":84458,"comment_status":"open","ping_status":"closed","template":"","meta":{"_acf_changed":false},"factory":[],"free-shipment":[],"product_brand":[],"product_cat":[924,221],"product_tag":[1483,1950,2714],"class_list":{"0":"post-84490","1":"product","2":"type-product","3":"status-publish","4":"has-post-thumbnail","6":"product_cat-aiatooted","7":"product_cat-kasvuhooned","8":"product_tag-garden-et","9":"product_tag-greenhouses-et","10":"product_tag-yard-and-garden-et","12":"first","13":"instock","14":"sale","15":"taxable","16":"shipping-taxable","17":"purchasable","18":"product-type-simple"},"acf":[],"_links":{"self":[{"href":"https:\/\/factory.sale\/et\/wp-json\/wp\/v2\/product\/84490","targetHints":{"allow":["GET"]}}],"collection":[{"href":"https:\/\/factory.sale\/et\/wp-json\/wp\/v2\/product"}],"about":[{"href":"https:\/\/factory.sale\/et\/wp-json\/wp\/v2\/types\/product"}],"replies":[{"embeddable":true,"href":"https:\/\/factory.sale\/et\/wp-json\/wp\/v2\/comments?post=84490"}],"wp:featuredmedia":[{"embeddable":true,"href":"https:\/\/factory.sale\/et\/wp-json\/wp\/v2\/media\/84458"}],"wp:attachment":[{"href":"https:\/\/factory.sale\/et\/wp-json\/wp\/v2\/media?parent=84490"}],"wp:term":[{"taxonomy":"factory","embeddable":true,"href":"https:\/\/factory.sale\/et\/wp-json\/wp\/v2\/factory?post=84490"},{"taxonomy":"free-shipment","embeddable":true,"href":"https:\/\/factory.sale\/et\/wp-json\/wp\/v2\/free-shipment?post=84490"},{"taxonomy":"product_brand","embeddable":true,"href":"https:\/\/factory.sale\/et\/wp-json\/wp\/v2\/product_brand?post=84490"},{"taxonomy":"product_cat","embeddable":true,"href":"https:\/\/factory.sale\/et\/wp-json\/wp\/v2\/product_cat?post=84490"},{"taxonomy":"product_tag","embeddable":true,"href":"https:\/\/factory.sale\/et\/wp-json\/wp\/v2\/product_tag?post=84490"}],"curies":[{"name":"wp","href":"https:\/\/api.w.org\/{rel}","templated":true}]}}