{"id":84451,"date":"2024-04-25T20:51:29","date_gmt":"2024-04-25T21:00:14","guid":{"rendered":"https:\/\/factory.sale\/?post_type=product&#038;p=84451"},"modified":"2024-06-27T03:56:11","modified_gmt":"2024-06-27T03:56:11","slug":"kasvuhoone-halls-universal-99-m%c2%b2-rohelise-raamiga-ja-polukarbonaatpaneelidega","status":"publish","type":"product","link":"https:\/\/factory.sale\/et\/toode\/kasvuhoone-halls-universal-99-m%c2%b2-rohelise-raamiga-ja-polukarbonaatpaneelidega\/","title":{"rendered":"Kasvuhoone Halls Universal 9,9 m\u00b2 rohelise raamiga ja pol\u00fckarbonaatpaneelidega"},"content":{"rendered":"<p><strong>Tootekood:<\/strong> HU99VK<\/p>\n<p>&nbsp;<\/p>\n<p>Universal-mudel on valik neile, kes vajavad veidi suuremat kasvuhoonet m\u00f5istliku hinnaga. Halls Universal mudelil on roheliseks v\u00e4rvitud alumiiniumraam ja pol\u00fckarbonaat kate. Standardvarustusse kuuluvad liuguks, kaks katuseakent ja vihmaveerennid. Kuigi kasvuhoone on soodsa hinnatasemega, ei ole kvaliteedis j\u00e4releandmisi tehtud. Alumiiniumraam on vastupidav ja konstruktsioon on diagonaalsete tugedega tugevdatud.<\/p>\n<p>&nbsp;<\/p>\n<p><strong>TEHNILISED ANDMED:<\/strong><\/p>\n<p>SUURUS: 9,9 m\u00b2<\/p>\n<p>HARJA K\u00d5RGUS: 230 cm<\/p>\n<p>R\u00c4\u00c4STA K\u00d5RGUS: 123 cm<\/p>\n<p>LAIUS: 257 cm<\/p>\n<p>PIKKUS: 384 cm<\/p>\n<p>UKS: Liuguks<\/p>\n<p>KATUSEAKENDE ARV: 2<\/p>\n<p>RAAMI V\u00c4RV: Roheline<\/p>\n<p>KATTEMATERJAL: 6 mm UV-kaitsega pol\u00fckarbonaatleht<\/p>\n<p>SAADAVUS: Laos<\/p>\n<p>GARANTII: Raam: 12 aastat<\/p>\n<p>&nbsp;<\/p>\n<p><strong>JUHISED<\/strong><\/p>\n<p><a href=\"https:\/\/factory.sale\/wp-content\/uploads\/2024\/04\/halls_universal.pdf\" target=\"_blank\" rel=\"noopener\">Halls Universal paigaldusjuhised (pdf))<\/a><\/p>\n<p><a href=\"https:\/\/factory.sale\/wp-content\/uploads\/2024\/04\/lisaohje_halls_magnum_ja_universal.pdf\" target=\"_blank\" rel=\"noopener\">\u00dcldised juhised Halls &#8211; Magnum &#8211; Universal paigalduseks (pdf)<\/a><\/p>\n<p><a href=\"https:\/\/factory.sale\/wp-content\/uploads\/2024\/04\/kasvihuoneperustus.pdf\" target=\"_blank\" rel=\"noopener\">Vundamendi valikud (pdf)<\/a><\/p>\n<p><a href=\"https:\/\/factory.sale\/wp-content\/uploads\/2024\/04\/perustusohje.pdf\" target=\"_blank\" rel=\"noopener\">Vundamendi juhised (pdf)<\/a><\/p>\n<p>&nbsp;<\/p>\n<p>&nbsp;<\/p>\n<p><strong>LISAVARUSTUS<\/strong><\/p>\n<p><strong>Sokkel<\/strong><\/p>\n<p>Valmissokkel on k\u00f5ige lihtsam ja kiireim viis kasvuhoone vundamendi rajamiseks. Selle k\u00f5rgus on 12 cm. Komplekt sisaldab maakruvisid ja k\u00f5iki vajalikke osi ruumi kinnitamiseks.<\/p>\n<p><strong>Stardipakett<\/strong><\/p>\n<p>Pakett pol\u00fckarbonaadist kasvuhoonetele. Komplekti kuuluvad automaatne avaja, riputuskonksud, padrunv\u00f5ti, erilised peapoldid ja min\/max termomeeter.<\/p>\n<p>&nbsp;<\/p>\n<p>&nbsp;<\/p>\n<p>&nbsp;<\/p>\n<div class=\"video-wrapper \"><iframe loading=\"lazy\" title=\"Halls Universal &amp; Magnum - Samling af sider\" width=\"500\" height=\"281\" src=\"https:\/\/www.youtube.com\/embed\/QDYNxOb21x8?feature=oembed\" frameborder=\"0\" allow=\"accelerometer; autoplay; clipboard-write; encrypted-media; gyroscope; picture-in-picture; web-share\" referrerpolicy=\"strict-origin-when-cross-origin\" allowfullscreen><\/iframe><\/div>\n<p>&nbsp;<\/p>\n<div class=\"video-wrapper \"><iframe loading=\"lazy\" title=\"Halls Universal &amp; Magnum - Samling af vindue\" width=\"500\" height=\"281\" src=\"https:\/\/www.youtube.com\/embed\/IHZqlm0RVmk?feature=oembed\" frameborder=\"0\" allow=\"accelerometer; autoplay; clipboard-write; encrypted-media; gyroscope; picture-in-picture; web-share\" referrerpolicy=\"strict-origin-when-cross-origin\" allowfullscreen><\/iframe><\/div>\n<p>&nbsp;<\/p>\n","protected":false},"excerpt":{"rendered":"<p>Universal-mudel on valik neile, kes vajavad veidi suuremat kasvuhoonet m\u00f5istliku hinnaga. Halls Universal mudelil on roheliseks v\u00e4rvitud alumiiniumraam ja pol\u00fckarbonaat kate. Standardvarustusse kuuluvad liuguks, kaks katuseakent ja vihmaveerennid. Kuigi kasvuhoone on soodsa hinnatasemega, ei ole kvaliteedis j\u00e4releandmisi tehtud. Alumiiniumraam on vastupidav ja konstruktsioon on diagonaalsete tugedega tugevdatud.<\/p>\n","protected":false},"featured_media":84446,"comment_status":"open","ping_status":"closed","template":"","meta":{"_acf_changed":false},"factory":[],"free-shipment":[],"product_brand":[],"product_cat":[924,221],"product_tag":[1483,1950,1484,2714],"class_list":{"0":"post-84451","1":"product","2":"type-product","3":"status-publish","4":"has-post-thumbnail","6":"product_cat-aiatooted","7":"product_cat-kasvuhooned","8":"product_tag-garden-et","9":"product_tag-greenhouses-et","10":"product_tag-yard-et","11":"product_tag-yard-and-garden-et","13":"first","14":"instock","15":"sale","16":"taxable","17":"shipping-taxable","18":"purchasable","19":"product-type-simple"},"acf":[],"_links":{"self":[{"href":"https:\/\/factory.sale\/et\/wp-json\/wp\/v2\/product\/84451","targetHints":{"allow":["GET"]}}],"collection":[{"href":"https:\/\/factory.sale\/et\/wp-json\/wp\/v2\/product"}],"about":[{"href":"https:\/\/factory.sale\/et\/wp-json\/wp\/v2\/types\/product"}],"replies":[{"embeddable":true,"href":"https:\/\/factory.sale\/et\/wp-json\/wp\/v2\/comments?post=84451"}],"wp:featuredmedia":[{"embeddable":true,"href":"https:\/\/factory.sale\/et\/wp-json\/wp\/v2\/media\/84446"}],"wp:attachment":[{"href":"https:\/\/factory.sale\/et\/wp-json\/wp\/v2\/media?parent=84451"}],"wp:term":[{"taxonomy":"factory","embeddable":true,"href":"https:\/\/factory.sale\/et\/wp-json\/wp\/v2\/factory?post=84451"},{"taxonomy":"free-shipment","embeddable":true,"href":"https:\/\/factory.sale\/et\/wp-json\/wp\/v2\/free-shipment?post=84451"},{"taxonomy":"product_brand","embeddable":true,"href":"https:\/\/factory.sale\/et\/wp-json\/wp\/v2\/product_brand?post=84451"},{"taxonomy":"product_cat","embeddable":true,"href":"https:\/\/factory.sale\/et\/wp-json\/wp\/v2\/product_cat?post=84451"},{"taxonomy":"product_tag","embeddable":true,"href":"https:\/\/factory.sale\/et\/wp-json\/wp\/v2\/product_tag?post=84451"}],"curies":[{"name":"wp","href":"https:\/\/api.w.org\/{rel}","templated":true}]}}