{"id":84360,"date":"2024-04-22T10:07:14","date_gmt":"2024-04-22T10:10:55","guid":{"rendered":"https:\/\/factory.sale\/?post_type=product&#038;p=84360"},"modified":"2024-06-27T23:00:56","modified_gmt":"2024-06-27T23:00:56","slug":"kasvuhoone-halls-popular-50-m%c2%b2-polukarbonaadiga-alumiinium","status":"publish","type":"product","link":"https:\/\/factory.sale\/et\/toode\/kasvuhoone-halls-popular-50-m%c2%b2-polukarbonaadiga-alumiinium\/","title":{"rendered":"Kasvuhoone halls popular 5,0 m\u00b2 pol\u00fckarbonaadiga, alumiinium"},"content":{"rendered":"<p><strong>Tootekood:<\/strong> HP50K<\/p>\n<p>&nbsp;<\/p>\n<p>Halls Popular on mugava suurusega kasvuhoone, mis on suurep\u00e4rane algajale kasvuhoonehuvilisele, kes soovib nautida oma kasvuhoones kasvatatud tomateid ja kurke. Oma suuruse poolest sobib see suurep\u00e4raselt ka v\u00e4iksematesse aedadesse. Kuigi kasvuhoone on hinnalt soodne, ei ole kvaliteedis j\u00e4releandmisi tehtud. Popular-mudelitel on vastupidav alumiiniumraam, \u00fcks kergesti liikuv liuguks ning ventilatsiooni v\u00f5imaldab tuulutusluuk. Hoonetes on samuti r\u00e4\u00e4stakarbid. Komplekt sisaldab selgeid eestikeelseid paigaldusjuhiseid.<\/p>\n<p>Halls kasvuhooned on varustatud 12-aastase raamigarantiiga.<\/p>\n<p>&nbsp;<\/p>\n<p>&nbsp;<\/p>\n<p><strong>Toote spetsifikatsioonid:<\/strong><\/p>\n<p>SUURUS: 5,0 m\u00b2<\/p>\n<p>HARJA K\u00d5RGUS: 195 cm<\/p>\n<p>R\u00c4\u00c4STA K\u00d5RGUS: 124 cm<\/p>\n<p>LAIUS: 193 cm<\/p>\n<p>PIKKUS: 257\u00a0cm<\/p>\n<p>UKS: Liuguks 62,5 cm<\/p>\n<p>KATUSELUUKIDE ARV: 1<\/p>\n<p>RAAMI V\u00c4RV: Alumiinium<\/p>\n<p>KATTEMATERJAL: 4 mm UV-kaitsega<\/p>\n<p>SAADAVUS: Laotoodang<\/p>\n<p>GARANTII: Raam: 12 aastat<\/p>\n<p>&nbsp;<\/p>\n<p><strong>JUHISED<\/strong><\/p>\n<p><a href=\"https:\/\/factory.sale\/wp-content\/uploads\/2024\/04\/1-halls_popular_kasausohje.pdf\" target=\"_blank\" rel=\"noopener\">Halls Popular kokkupanekujuhis(pdf)<\/a><br \/>\n<a href=\"https:\/\/factory.sale\/wp-content\/uploads\/2024\/04\/2-halls-popular-kennolevykaton-asennus.pdf\" target=\"_blank\" rel=\"noopener\">Halls Popular pol\u00fckarbonaatkatuse paigaldusjuhised \u00a0(pdf)<\/a><br \/>\n<a href=\"https:\/\/factory.sale\/wp-content\/uploads\/2024\/04\/3-kasvihuoneperustus.pdf\" target=\"_blank\" rel=\"noopener\">Vundamendi valikud (pdf)<\/a><br \/>\n<a href=\"https:\/\/factory.sale\/wp-content\/uploads\/2024\/04\/4-perustusohje.pdf\" target=\"_blank\" rel=\"noopener\">Vundamendi juhised (pdf)<\/a><\/p>\n<p>&nbsp;<\/p>\n<p><strong>LISAKS<\/strong><\/p>\n<p><strong>Sokkel<\/strong><\/p>\n<p>Valmisalus on k\u00f5ige lihtsam ja kiireim viis kasvuhoone vundamendi rajamiseks. Selle k\u00f5rgus on 12 cm. Pakett sisaldab maakruvisid ja k\u00f5iki vajalikke osi struktuuri kinnitamiseks.<\/p>\n<p>&nbsp;<\/p>\n<p><strong>Stardipakett<\/strong><\/p>\n<p>Stardipakett klaaskasvuhoonetele. Sisaldab automaatset avajat, riputuskonkse, padrunv\u00f5tit, erilisi pea polte ja min\/max termomeetrit.<\/p>\n<p>&nbsp;<\/p>\n<p>&nbsp;<\/p>\n<div class=\"video-wrapper \"><iframe loading=\"lazy\" title=\"Installing A Halls Popular 86 Greenhouse\" width=\"500\" height=\"281\" src=\"https:\/\/www.youtube.com\/embed\/AQNFsfOpKYs?feature=oembed\" frameborder=\"0\" allow=\"accelerometer; autoplay; clipboard-write; encrypted-media; gyroscope; picture-in-picture; web-share\" referrerpolicy=\"strict-origin-when-cross-origin\" allowfullscreen><\/iframe><\/div>\n","protected":false},"excerpt":{"rendered":"<p>Halls Popular on mugava suurusega kasvuhoone, mis on suurep\u00e4rane algajale kasvuhoonehuvilisele, kes soovib nautida oma kasvuhoones kasvatatud tomateid ja kurke. Oma suuruse poolest sobib see suurep\u00e4raselt ka v\u00e4iksematesse aedadesse. Kuigi kasvuhoone on hinnalt soodne, ei ole kvaliteedis j\u00e4releandmisi tehtud. Popular-mudelitel on vastupidav alumiiniumraam, \u00fcks kergesti liikuv liuguks ning ventilatsiooni v\u00f5imaldab tuulutusluuk. Hoonetes on samuti r\u00e4\u00e4stakarbid. Komplekt sisaldab selgeid eestikeelseid paigaldusjuhiseid.<\/p>\n","protected":false},"featured_media":84352,"comment_status":"open","ping_status":"closed","template":"","meta":{"_acf_changed":false},"factory":[],"free-shipment":[],"product_brand":[],"product_cat":[924,221],"product_tag":[222,1950,2714],"class_list":{"0":"post-84360","1":"product","2":"type-product","3":"status-publish","4":"has-post-thumbnail","6":"product_cat-aiatooted","7":"product_cat-kasvuhooned","8":"product_tag-greenhouse-et-2","9":"product_tag-greenhouses-et","10":"product_tag-yard-and-garden-et","12":"first","13":"instock","14":"sale","15":"taxable","16":"shipping-taxable","17":"purchasable","18":"product-type-simple"},"acf":[],"_links":{"self":[{"href":"https:\/\/factory.sale\/et\/wp-json\/wp\/v2\/product\/84360","targetHints":{"allow":["GET"]}}],"collection":[{"href":"https:\/\/factory.sale\/et\/wp-json\/wp\/v2\/product"}],"about":[{"href":"https:\/\/factory.sale\/et\/wp-json\/wp\/v2\/types\/product"}],"replies":[{"embeddable":true,"href":"https:\/\/factory.sale\/et\/wp-json\/wp\/v2\/comments?post=84360"}],"wp:featuredmedia":[{"embeddable":true,"href":"https:\/\/factory.sale\/et\/wp-json\/wp\/v2\/media\/84352"}],"wp:attachment":[{"href":"https:\/\/factory.sale\/et\/wp-json\/wp\/v2\/media?parent=84360"}],"wp:term":[{"taxonomy":"factory","embeddable":true,"href":"https:\/\/factory.sale\/et\/wp-json\/wp\/v2\/factory?post=84360"},{"taxonomy":"free-shipment","embeddable":true,"href":"https:\/\/factory.sale\/et\/wp-json\/wp\/v2\/free-shipment?post=84360"},{"taxonomy":"product_brand","embeddable":true,"href":"https:\/\/factory.sale\/et\/wp-json\/wp\/v2\/product_brand?post=84360"},{"taxonomy":"product_cat","embeddable":true,"href":"https:\/\/factory.sale\/et\/wp-json\/wp\/v2\/product_cat?post=84360"},{"taxonomy":"product_tag","embeddable":true,"href":"https:\/\/factory.sale\/et\/wp-json\/wp\/v2\/product_tag?post=84360"}],"curies":[{"name":"wp","href":"https:\/\/api.w.org\/{rel}","templated":true}]}}