{"id":84331,"date":"2024-04-22T08:55:34","date_gmt":"2024-04-22T09:03:05","guid":{"rendered":"https:\/\/factory.sale\/?post_type=product&#038;p=84331"},"modified":"2024-06-25T23:10:19","modified_gmt":"2024-06-25T23:10:19","slug":"kasvuhoone-halls-popular-38-m%c2%b2-klaasiga-roheline","status":"publish","type":"product","link":"https:\/\/factory.sale\/et\/toode\/kasvuhoone-halls-popular-38-m%c2%b2-klaasiga-roheline\/","title":{"rendered":"Kasvuhoone Halls Popular 3,8 m\u00b2 klaasiga, roheline"},"content":{"rendered":"<p><strong>Tootekood:<\/strong> HP38V<\/p>\n<p>&nbsp;<\/p>\n<p>Taskukohane ja vastupidav kasvuhoone tumeda rohelise alumiiniumraamiga.<\/p>\n<p>T\u00e4helepanu! Pildid n\u00e4itavad erineva suurusega kasvuhooneid.<\/p>\n<p>Halls Popular on mugava suurusega kasvuhoone, mis on suurep\u00e4rane algajatele aednikele, kes soovivad nautida oma kasvuhoones kasvatatud tomateid ja kurke. Oma suuruse t\u00f5ttu sobib kasvuhoone suurep\u00e4raselt ka v\u00e4iksematesse aedadesse. Hoolimata soodsast hinnast, ei ole kvaliteedis j\u00e4releandmisi tehtud. Popular mudelitel on vastupidav alumiiniumraam, \u00fcks kergesti liikuv l\u00fckanduks ning ventilatsioon on v\u00f5imalik ventilatsiooniluugi kaudu. Kasvuhoonetel on ka vihmaveerennid. Komplekti kuuluvad selged paigaldusjuhised soome keeles.<\/p>\n<p>Hallsi kasvuhooned on varustatud 12-aastase raamigarantiiga. Toimetame k\u00f5ik kasvuhooned soodsalt otse teie ukse juurde!<\/p>\n<p>Tehke teoks oma unistus kasvuhoonest \u2013 Hallsi kasvuhoone on oma hinnaklassis kvaliteetne valik.<br \/>\nHalls on inglise ettev\u00f5te, mis asutati 1936. aastal ja oli maailma esimene kasvuhoonete massitootja. Hallsi kasvuhooned on tihedalt seotud inglise aiandustraditsiooniga ja pakuvad m\u00f5istliku hinnaga kasvuhooneid nii amat\u00f6\u00f6raednikele kui ka kogenud aednikele. Hallsi lai valik pakub funktsionaalseid lahendusi neile, kes unistavad kasvuhoonest. Hallsi kasvuhoone on ka meeldiv koht aja veetmiseks varakevadest hiliss\u00fcgiseni.<\/p>\n<p>&nbsp;<\/p>\n<p><strong>Toote spetsifikatsioonid:<\/strong><\/p>\n<p>SUURUS: 3,8 m\u00b2<br \/>\nHARJA K\u00d5RGUS: 195 cm<br \/>\nR\u00c4\u00c4STA K\u00d5RGUS: 124 cm<br \/>\nLAIUS: 193 cm<br \/>\nPIKKUS: 195 cm<br \/>\nUKS: L\u00fckanduks 62,5 cm<br \/>\nKATUSEAKENDE ARV: 1<br \/>\nRAAMI V\u00c4RV: Tume roheline<br \/>\nKATTEMATERJAL: 3 mm selge klaas<br \/>\nSAADAVUS: Laotoode<br \/>\nGARANTII: Raam: 12 aastat<\/p>\n<p>&nbsp;<\/p>\n<p><strong>JUHISED<\/strong><\/p>\n<p><a href=\"https:\/\/factory.sale\/wp-content\/uploads\/2024\/04\/1-halls_popular_kasausohje.pdf\" target=\"_blank\" rel=\"noopener\">Halls Popular kokkupanekujuhis(pdf)<\/a><br \/>\n<a href=\"https:\/\/factory.sale\/wp-content\/uploads\/2024\/04\/2-halls-popular-kennolevykaton-asennus.pdf\" target=\"_blank\" rel=\"noopener\">Halls Popular pol\u00fckarbonaatkatuse paigaldusjuhised \u00a0(pdf)<\/a><br \/>\n<a href=\"https:\/\/factory.sale\/wp-content\/uploads\/2024\/04\/3-kasvihuoneperustus.pdf\" target=\"_blank\" rel=\"noopener\">Vundamendi valikud (pdf)<\/a><br \/>\n<a href=\"https:\/\/factory.sale\/wp-content\/uploads\/2024\/04\/4-perustusohje.pdf\" target=\"_blank\" rel=\"noopener\">Vundamendi juhised (pdf)<\/a><\/p>\n<p>&nbsp;<\/p>\n<p><strong>Terassi sokkel<\/strong><\/p>\n<p>Valmissokkel on k\u00f5ige lihtsam ja kiireim viis kasvuhoonele vundamendi rajamiseks. Selle k\u00f5rgus on 12 cm. Pakend sisaldab maakruvisid ja k\u00f5iki vajalikke osi konstruktsiooni kinnitamiseks.<\/p>\n<p>&nbsp;<\/p>\n<p><strong>Pol\u00fckarbonaatkatus<\/strong><\/p>\n<p>6 mm paksune UV-kaitsega pol\u00fckarbonaatkatus U-profiilidega lehtede alumisel serval. Varjutab ja hajutab otsest p\u00e4ikesevalgust, luues paremad kasvutingimused.<\/p>\n<p>&nbsp;<\/p>\n<p><strong>Klaasist Mix Starter Kit<\/strong><\/p>\n<p>Algkomplekt klaasist kasvuhoonetele. Komplekti kuuluvad automaatne avaja, riputuskonksud, padrunv\u00f5ti, erikruvid ja min\/max termomeeter.<\/p>\n<p>&nbsp;<\/p>\n<div class=\"video-wrapper \"><iframe loading=\"lazy\" title=\"Installing A Halls Popular 86 Greenhouse\" width=\"500\" height=\"281\" src=\"https:\/\/www.youtube.com\/embed\/AQNFsfOpKYs?feature=oembed\" frameborder=\"0\" allow=\"accelerometer; autoplay; clipboard-write; encrypted-media; gyroscope; picture-in-picture; web-share\" referrerpolicy=\"strict-origin-when-cross-origin\" allowfullscreen><\/iframe><\/div>\n","protected":false},"excerpt":{"rendered":"<p>Halls Popular on mugava suurusega kasvuhoone, mis on suurep\u00e4rane algajatele aednikele, kes soovivad nautida oma kasvuhoones kasvatatud tomateid ja kurke. Oma suuruse t\u00f5ttu sobib kasvuhoone suurep\u00e4raselt ka v\u00e4iksematesse aedadesse. Hoolimata soodsast hinnast, ei ole kvaliteedis j\u00e4releandmisi tehtud. Popular mudelitel on vastupidav alumiiniumraam, \u00fcks kergesti liikuv l\u00fckanduks ning ventilatsioon on v\u00f5imalik ventilatsiooniluugi kaudu. Kasvuhoonetel on ka vihmaveerennid. Komplekti kuuluvad selged paigaldusjuhised soome keeles.<\/p>\n","protected":false},"featured_media":84326,"comment_status":"open","ping_status":"closed","template":"","meta":{"_acf_changed":false},"factory":[],"free-shipment":[],"product_brand":[],"product_cat":[924,221],"product_tag":[1483,1950,1484,2714],"class_list":{"0":"post-84331","1":"product","2":"type-product","3":"status-publish","4":"has-post-thumbnail","6":"product_cat-aiatooted","7":"product_cat-kasvuhooned","8":"product_tag-garden-et","9":"product_tag-greenhouses-et","10":"product_tag-yard-et","11":"product_tag-yard-and-garden-et","13":"first","14":"instock","15":"sale","16":"taxable","17":"shipping-taxable","18":"purchasable","19":"product-type-simple"},"acf":[],"_links":{"self":[{"href":"https:\/\/factory.sale\/et\/wp-json\/wp\/v2\/product\/84331","targetHints":{"allow":["GET"]}}],"collection":[{"href":"https:\/\/factory.sale\/et\/wp-json\/wp\/v2\/product"}],"about":[{"href":"https:\/\/factory.sale\/et\/wp-json\/wp\/v2\/types\/product"}],"replies":[{"embeddable":true,"href":"https:\/\/factory.sale\/et\/wp-json\/wp\/v2\/comments?post=84331"}],"wp:featuredmedia":[{"embeddable":true,"href":"https:\/\/factory.sale\/et\/wp-json\/wp\/v2\/media\/84326"}],"wp:attachment":[{"href":"https:\/\/factory.sale\/et\/wp-json\/wp\/v2\/media?parent=84331"}],"wp:term":[{"taxonomy":"factory","embeddable":true,"href":"https:\/\/factory.sale\/et\/wp-json\/wp\/v2\/factory?post=84331"},{"taxonomy":"free-shipment","embeddable":true,"href":"https:\/\/factory.sale\/et\/wp-json\/wp\/v2\/free-shipment?post=84331"},{"taxonomy":"product_brand","embeddable":true,"href":"https:\/\/factory.sale\/et\/wp-json\/wp\/v2\/product_brand?post=84331"},{"taxonomy":"product_cat","embeddable":true,"href":"https:\/\/factory.sale\/et\/wp-json\/wp\/v2\/product_cat?post=84331"},{"taxonomy":"product_tag","embeddable":true,"href":"https:\/\/factory.sale\/et\/wp-json\/wp\/v2\/product_tag?post=84331"}],"curies":[{"name":"wp","href":"https:\/\/api.w.org\/{rel}","templated":true}]}}