{"id":84313,"date":"2024-04-21T09:20:56","date_gmt":"2024-04-21T09:33:50","guid":{"rendered":"https:\/\/factory.sale\/?post_type=product&#038;p=84313"},"modified":"2024-06-27T14:24:11","modified_gmt":"2024-06-27T14:24:11","slug":"halls-popular-terassi-sokkel","status":"publish","type":"product","link":"https:\/\/factory.sale\/et\/toode\/halls-popular-terassi-sokkel\/","title":{"rendered":"Halls Popular terassi sokkel"},"content":{"rendered":"<p><strong>Tootekood:<\/strong> HPS38 (Popular 3,8 m2 jaoks)<\/p>\n<p><strong>Tootekood:<\/strong> HPS50 (Popular 5,0 m2 jaoks) <strong>134,93 \u20ac<\/strong><\/p>\n<p>&nbsp;<\/p>\n<p>Valmissokkel Halls Popular kasvuhoonetele. Vali suurus vastavalt oma kasvuhoonele.<br \/>\nK\u00f5ige lihtsam ja kiireim viis kasvuhoone vundamendi rajamiseks on valmis metallist sokkeli hankimine. Vundamendid tarnitakse t\u00e4iskomplektina, mis sisaldab k\u00f5iki vajalikke osi konstruktsiooni kinnitamiseks ja maakruvisid. Metallvundament on t\u00e4pselt \u00f5ige pikkusega teie ruumi jaoks. Vundamendi k\u00f5rgus on 12 cm, mis omakorda suurendab teie kasvuhoone mahtu.<\/p>\n<p>Pane t\u00e4hele, et saadetis ei sisalda plasttorusid ega muid valuvorme ega tsementi. Metallvundamendi kasutamisel soovitatakse lisaks kasutada spetsiaalselt selleks otstarbeks m\u00f5eldud filtreerkangast, mis eraldab mullamaterjalid \u00fcksteisest ja takistab nii nende segunemist.<\/p>\n","protected":false},"excerpt":{"rendered":"<p>Valmissokkel Halls Popular kasvuhoonetele. Vali suurus vastavalt oma kasvuhoonele.<br \/>\nK\u00f5ige lihtsam ja kiireim viis kasvuhoone vundamendi rajamiseks on valmis metallist sokkeli hankimine. Vundamendid tarnitakse t\u00e4iskomplektina, mis sisaldab k\u00f5iki vajalikke osi konstruktsiooni kinnitamiseks ja maakruvisid. Metallvundament on t\u00e4pselt \u00f5ige pikkusega teie ruumi jaoks. Vundamendi k\u00f5rgus on 12 cm, mis omakorda suurendab teie kasvuhoone mahtu.<\/p>\n<p>&nbsp;<\/p>\n","protected":false},"featured_media":84308,"comment_status":"open","ping_status":"closed","template":"","meta":{"_acf_changed":false},"factory":[],"free-shipment":[],"product_brand":[],"product_cat":[924,221],"product_tag":[222,1950,2714],"class_list":{"0":"post-84313","1":"product","2":"type-product","3":"status-publish","4":"has-post-thumbnail","6":"product_cat-aiatooted","7":"product_cat-kasvuhooned","8":"product_tag-greenhouse-et-2","9":"product_tag-greenhouses-et","10":"product_tag-yard-and-garden-et","12":"first","13":"instock","14":"sale","15":"taxable","16":"shipping-taxable","17":"purchasable","18":"product-type-simple"},"acf":[],"_links":{"self":[{"href":"https:\/\/factory.sale\/et\/wp-json\/wp\/v2\/product\/84313","targetHints":{"allow":["GET"]}}],"collection":[{"href":"https:\/\/factory.sale\/et\/wp-json\/wp\/v2\/product"}],"about":[{"href":"https:\/\/factory.sale\/et\/wp-json\/wp\/v2\/types\/product"}],"replies":[{"embeddable":true,"href":"https:\/\/factory.sale\/et\/wp-json\/wp\/v2\/comments?post=84313"}],"wp:featuredmedia":[{"embeddable":true,"href":"https:\/\/factory.sale\/et\/wp-json\/wp\/v2\/media\/84308"}],"wp:attachment":[{"href":"https:\/\/factory.sale\/et\/wp-json\/wp\/v2\/media?parent=84313"}],"wp:term":[{"taxonomy":"factory","embeddable":true,"href":"https:\/\/factory.sale\/et\/wp-json\/wp\/v2\/factory?post=84313"},{"taxonomy":"free-shipment","embeddable":true,"href":"https:\/\/factory.sale\/et\/wp-json\/wp\/v2\/free-shipment?post=84313"},{"taxonomy":"product_brand","embeddable":true,"href":"https:\/\/factory.sale\/et\/wp-json\/wp\/v2\/product_brand?post=84313"},{"taxonomy":"product_cat","embeddable":true,"href":"https:\/\/factory.sale\/et\/wp-json\/wp\/v2\/product_cat?post=84313"},{"taxonomy":"product_tag","embeddable":true,"href":"https:\/\/factory.sale\/et\/wp-json\/wp\/v2\/product_tag?post=84313"}],"curies":[{"name":"wp","href":"https:\/\/api.w.org\/{rel}","templated":true}]}}