{"id":84218,"date":"2024-04-19T21:23:16","date_gmt":"2024-04-20T10:01:00","guid":{"rendered":"https:\/\/factory.sale\/?post_type=product&#038;p=84218"},"modified":"2024-06-26T18:53:34","modified_gmt":"2024-06-26T18:53:34","slug":"saun-ja-kumblustunn-5-m-24-m","status":"publish","type":"product","link":"https:\/\/factory.sale\/et\/toode\/saun-ja-kumblustunn-5-m-24-m\/","title":{"rendered":"Saun ja k\u00fcmblust\u00fcnn 5 m \/ 2,4 m"},"content":{"rendered":"<p><strong>Tehnilised andmed:<\/strong><\/p>\n<p>Mahutavus: 6-8 inimest<br \/>\nPuit: kuusepuit<br \/>\n\u00dcldk\u00f5rgus: 2,5 m<br \/>\nSeina paksus: 44 mm<br \/>\nP\u00f5randalaudade paksus: 44 mm<br \/>\nKatusematerjal: Soome bituumensindlid<br \/>\nAkna suurus:<br \/>\nUkse suurus: klaasist saunauks (raam) 70 cm x 190 cm<\/p>\n<p>&nbsp;<\/p>\n<p><strong>Standardkomplekt saun:<\/strong><\/p>\n<p>Katus kaetud bituumensindlitega<br \/>\nKarastatud klaasist esiuks puidust k\u00e4epidemega<br \/>\n\u00dcmar kolmnurkne aken, diagonaalis 100 cm x 80 cm<br \/>\nKuumakindlad plaadid k\u00fctteseadmele<br \/>\n1 \u00fchik lai saunalava (mahutab 4 inimest) v\u00f5i L-kujuline saunalava (mahutab 5-6 inimest). Lavade valmistamiseks kasutatakse haavapuitu.<\/p>\n<p>&nbsp;<\/p>\n<p><strong>Standardkomplekt k\u00fcmblust\u00fcnn:<\/strong><\/p>\n<p>Puit: kuusk<br \/>\nDiameeter 180 cm \/ 200 cm<br \/>\nKlaasplastist sisu<br \/>\nIntegreeritud 30 kW k\u00fctteseade 2 m korstna ja katusega<br \/>\nVesi v\u00e4ljub k\u00fcljelt<br \/>\nM\u00f5la<\/p>\n<p>&nbsp;<\/p>\n<p><strong>Elektri paigaldus:<\/strong><\/p>\n<p>2 \u00fchikut LED-lampe (saunaruumis Harvia lamp), topeltl\u00fcliti ja topeltpistik k\u00fcmblust\u00fcnni ala seinal.<\/p>\n<p>&nbsp;<\/p>\n<p><strong>Tarne:<\/strong><\/p>\n<p>Last: (5,2 m x 2,5 m x 2,4 m) 2500 kg<br \/>\nTootmisaeg: 2-3 n\u00e4dalat<\/p>\n<p>&nbsp;<\/p>\n<h2>Lisatarvikud<\/h2>\n<p><strong>Klaasplastist v\u00e4rvi valikud:<\/strong><\/p>\n<p><img loading=\"lazy\" decoding=\"async\" class=\"alignnone wp-image-84220\" src=\"https:\/\/factory.sale\/wp-content\/uploads\/2024\/04\/klaasplast-varvid-300x114.jpeg\" alt=\"\" width=\"629\" height=\"239\" srcset=\"https:\/\/factory.sale\/wp-content\/uploads\/2024\/04\/klaasplast-varvid-300x114.jpeg 300w, https:\/\/factory.sale\/wp-content\/uploads\/2024\/04\/klaasplast-varvid-150x57.jpeg 150w, https:\/\/factory.sale\/wp-content\/uploads\/2024\/04\/klaasplast-varvid-600x227.jpeg 600w, https:\/\/factory.sale\/wp-content\/uploads\/2024\/04\/klaasplast-varvid.jpeg 718w\" sizes=\"auto, (max-width: 629px) 100vw, 629px\" \/><\/p>\n<p>&nbsp;<\/p>\n<p><strong>Katuse v\u00e4rv:<\/strong><\/p>\n<p><img loading=\"lazy\" decoding=\"async\" class=\"alignnone wp-image-84223\" src=\"https:\/\/factory.sale\/wp-content\/uploads\/2024\/04\/katuse-varvid-300x95.jpeg\" alt=\"\" width=\"597\" height=\"189\" srcset=\"https:\/\/factory.sale\/wp-content\/uploads\/2024\/04\/katuse-varvid-300x95.jpeg 300w, https:\/\/factory.sale\/wp-content\/uploads\/2024\/04\/katuse-varvid-150x48.jpeg 150w, https:\/\/factory.sale\/wp-content\/uploads\/2024\/04\/katuse-varvid-600x190.jpeg 600w, https:\/\/factory.sale\/wp-content\/uploads\/2024\/04\/katuse-varvid.jpeg 720w\" sizes=\"auto, (max-width: 597px) 100vw, 597px\" \/><\/p>\n<p><strong>V\u00e4lisv\u00e4rv:<\/strong><\/p>\n<p>Looduslik 0 \u20ac<\/p>\n<p>V\u00e4rvitud 198 \u20ac<\/p>\n<p>&nbsp;<\/p>\n<p>&nbsp;<\/p>\n<p><strong>K\u00fctteseade:<\/strong><\/p>\n<p>Ilma k\u00fctteseadmeta, elektriline k\u00fctteseade v\u00f5i puuk\u00fcttega k\u00fctteseade<\/p>\n<p>K\u00fcsi pakkumist!<\/p>\n<p>LED-riba saunalavade all (ainult kokkupanduna) 264 \u20ac<\/p>\n<p>&nbsp;<\/p>\n<p>&nbsp;<\/p>\n<p><strong>Sauna lisatarvikud:<\/strong><\/p>\n<p>Puidust \u00e4mber 39,6 \u20ac<\/p>\n<p>Puidust kulp 13,2 \u20ac<\/p>\n<p>Termomeeter-h\u00fcgromeeter 39,6 \u20ac<\/p>\n<p>K\u00fctteseadme (ahju) turvaelement 52,8 \u20ac<\/p>\n<p>Seljatugi 52,8 \u20ac<\/p>\n<p>Riidepuu 9,6 \u20ac<\/p>\n<p>Peatugi 26,4 \u20ac<\/p>\n<p>&nbsp;<\/p>\n<p><strong>K\u00fcttekeha metalli valikud:<\/strong><\/p>\n<p>Teras 304 0 \u20ac<\/p>\n<p>Teras 316 211,2 \u20ac<\/p>\n<p>K\u00fctteseadme lisatarvikud:<\/p>\n<p>Korstna kaitse 79,2 \u20ac<\/p>\n<p>Lisa 1 m korsten 26,4 \u20ac<\/p>\n<p>Puidust kate 13,2 \u20ac<\/p>\n<p>&nbsp;<\/p>\n<p>&nbsp;<\/p>\n<p><strong>Lisaks:<\/strong><\/p>\n<p>Termokate (must, hall v\u00f5i pruun) 264 \u20ac<\/p>\n<p>LED-valgustus 132 \u20ac<\/p>\n<p>\u00d5hu SPA s\u00fcsteem 12 d\u00fc\u00fcsi 462 \u20ac<\/p>\n<p>Vee SPA s\u00fcsteem 6 d\u00fc\u00fcsi 462 \u20ac<\/p>\n","protected":false},"excerpt":{"rendered":"<p>Muutke oma v\u00e4liaed l\u00f5\u00f5gastumise oaasiks meie funktsionaalse v\u00e4lisaunaga!<\/p>\n","protected":false},"featured_media":84201,"comment_status":"open","ping_status":"closed","template":"","meta":{"_acf_changed":false},"factory":[],"free-shipment":[],"product_brand":[],"product_cat":[826],"product_tag":[2842,1908,811],"class_list":{"0":"post-84218","1":"product","2":"type-product","3":"status-publish","4":"has-post-thumbnail","6":"product_cat-saunas-et","7":"product_tag-hot-tub-et","8":"product_tag-outdoor-sauna-et","9":"product_tag-sauna-et","11":"first","12":"instock","13":"sale","14":"taxable","15":"shipping-taxable","16":"purchasable","17":"product-type-simple"},"acf":[],"_links":{"self":[{"href":"https:\/\/factory.sale\/et\/wp-json\/wp\/v2\/product\/84218","targetHints":{"allow":["GET"]}}],"collection":[{"href":"https:\/\/factory.sale\/et\/wp-json\/wp\/v2\/product"}],"about":[{"href":"https:\/\/factory.sale\/et\/wp-json\/wp\/v2\/types\/product"}],"replies":[{"embeddable":true,"href":"https:\/\/factory.sale\/et\/wp-json\/wp\/v2\/comments?post=84218"}],"wp:featuredmedia":[{"embeddable":true,"href":"https:\/\/factory.sale\/et\/wp-json\/wp\/v2\/media\/84201"}],"wp:attachment":[{"href":"https:\/\/factory.sale\/et\/wp-json\/wp\/v2\/media?parent=84218"}],"wp:term":[{"taxonomy":"factory","embeddable":true,"href":"https:\/\/factory.sale\/et\/wp-json\/wp\/v2\/factory?post=84218"},{"taxonomy":"free-shipment","embeddable":true,"href":"https:\/\/factory.sale\/et\/wp-json\/wp\/v2\/free-shipment?post=84218"},{"taxonomy":"product_brand","embeddable":true,"href":"https:\/\/factory.sale\/et\/wp-json\/wp\/v2\/product_brand?post=84218"},{"taxonomy":"product_cat","embeddable":true,"href":"https:\/\/factory.sale\/et\/wp-json\/wp\/v2\/product_cat?post=84218"},{"taxonomy":"product_tag","embeddable":true,"href":"https:\/\/factory.sale\/et\/wp-json\/wp\/v2\/product_tag?post=84218"}],"curies":[{"name":"wp","href":"https:\/\/api.w.org\/{rel}","templated":true}]}}