{"id":84181,"date":"2024-04-19T20:12:58","date_gmt":"2024-04-19T20:43:37","guid":{"rendered":"https:\/\/factory.sale\/?post_type=product&#038;p=84181"},"modified":"2024-06-25T16:30:03","modified_gmt":"2024-06-25T16:30:03","slug":"haagisele-integreeritud-kuttega-kumblustunn","status":"publish","type":"product","link":"https:\/\/factory.sale\/et\/toode\/haagisele-integreeritud-kuttega-kumblustunn\/","title":{"rendered":"Haagisele integreeritud k\u00fcttega k\u00fcmblust\u00fcnn"},"content":{"rendered":"<p><strong>Spetsifikatsioonid:<\/strong><\/p>\n<p>Kuju: \u00dcmmargune;<br \/>\nSisemine diameeter: 1,8 m;<br \/>\nV\u00e4limine diameeter: 2,0 m;<br \/>\nSeina k\u00f5rgus: 0,93 m;<br \/>\nPingi k\u00f5rgus: 28 cm;<br \/>\nVoodrilaudade paksus: 20 mm;<br \/>\nMaht: 1500 l;<br \/>\nKaal: 230 kg;<br \/>\nMahutavus: 5-6 inimest.<br \/>\nHaagis &#8211; platvormi suurus 3 m x 2 m. Haagise kogupikkus 4,5 m;<\/p>\n<p>&nbsp;<\/p>\n<p><strong>Standardkomplekt:<\/strong><\/p>\n<p>K\u00fcmblust\u00fcnn integreeritud k\u00fcttega \u00d8 1,8 m \/ \u00d8 2 m<\/p>\n<p>Puit &#8211; kuusk (standard); Valikuline: Termopuit, WPC (puitplastkomposiit \u2013 koosneb 30% puidust, 60% plastist ja 10% muudest komponentidest);<br \/>\nKlaasplastist sisud;<br \/>\nIntegreeritud k\u00fctteseade (30 kW, teras 304), 2 m korsten katusega (korstnakaitseta);<br \/>\nV\u00e4lised puidust trepid;<br \/>\nVesi v\u00e4ljub k\u00fcljelt;<br \/>\nSegamispulk (kui k\u00fcmblust\u00fcnn on varustatud SPA s\u00fcsteemiga, siis standardkomplekti segamispulk ei kuulu, kuid seda saab tellida valikuliselt).<br \/>\nKlaasplastist k\u00fcmblust\u00fcnn 1,8 m \/ 2 m integreeritud k\u00fcttega on viimistletud kvaliteetse puiduga, mis annab sellele elegantse, klassikalise ja luksusliku v\u00e4limuse. Enne k\u00fcmblust\u00fcnni kasutamist lugege l\u00e4bi \u00fcldine kasutusjuhend.<\/p>\n<p>&nbsp;<\/p>\n<p>&nbsp;<\/p>\n<h2>Lisatarvikud<\/h2>\n<p><strong>Materjali sisu:<\/strong><\/p>\n<p>Klaasplast 0 \u20ac<\/p>\n<p>Akr\u00fc\u00fcl 528 \u20ac<\/p>\n<p>&nbsp;<\/p>\n<p>&nbsp;<\/p>\n<p><strong>Akr\u00fc\u00fcli v\u00e4rvi valikud:<\/strong><\/p>\n<p>Marmorhall 0 \u20ac<\/p>\n<p>Marmorpruun 0 \u20ac<\/p>\n<p>Puidu valikud:<\/p>\n<p>Kuusk 0 \u20ac<\/p>\n<p>Termopuit 264 \u20ac<\/p>\n<p>WPC 330 \u20ac<\/p>\n<p>&nbsp;<\/p>\n<p><strong>V\u00e4rvipalett:<\/strong><\/p>\n<p><img loading=\"lazy\" decoding=\"async\" class=\"alignnone wp-image-84179\" src=\"https:\/\/factory.sale\/wp-content\/uploads\/2024\/04\/colours-300x217.jpeg\" alt=\"\" width=\"482\" height=\"349\" srcset=\"https:\/\/factory.sale\/wp-content\/uploads\/2024\/04\/colours-300x217.jpeg 300w, https:\/\/factory.sale\/wp-content\/uploads\/2024\/04\/colours-150x108.jpeg 150w, https:\/\/factory.sale\/wp-content\/uploads\/2024\/04\/colours-600x433.jpeg 600w, https:\/\/factory.sale\/wp-content\/uploads\/2024\/04\/colours.jpeg 706w\" sizes=\"auto, (max-width: 482px) 100vw, 482px\" \/><\/p>\n<p>&nbsp;<\/p>\n<p><strong>K\u00fctteseadmed:<\/strong><\/p>\n<p>30 KW, teras 304 0 \u20ac<\/p>\n<p>30 KW, teras 316 132 \u20ac<\/p>\n<p>Roostevabast terasest k\u00f5verdused v\u00e4liste k\u00fctteseadmete jaoks (2 tk.) 54 \u20ac<\/p>\n<p>Korstnam\u00fcts s\u00e4demep\u00fc\u00fcdjaga tavap\u00e4rase korstna asemel 18 \u20ac<\/p>\n<p>&nbsp;<\/p>\n<p>&nbsp;<\/p>\n<p><strong>Lisak\u00fctte valikud:<\/strong><\/p>\n<p>K\u00fcte \u2013 elektriline 3 KW\/220v 660 \u20ac<\/p>\n<p>K\u00fcte \u2013 elektriline 6 KW\/380v 660 \u20ac<\/p>\n<p>Trepp haagise juurde:<\/p>\n<p>Kuuse- v\u00f5i m\u00e4nnipuidust trepid 66 \u20ac<\/p>\n<p>Termopuidust trepid 120 \u20ac<\/p>\n<p>WPC termopuidust treppidega 120 \u20ac<\/p>\n<p>&nbsp;<\/p>\n<p><strong>Katted:<\/strong><\/p>\n<p>Telkkate 132 \u20ac<\/p>\n<p>Termokate 176 \u20ac<\/p>\n<p>PVC katte v\u00e4rv (0\u20ac):<\/p>\n<p>Must<\/p>\n<p>Pruun<\/p>\n<p>Hall<\/p>\n<p>&nbsp;<\/p>\n<p><strong>SPA s\u00fcsteemid:<\/strong><\/p>\n<p>Vee SPA s\u00fcsteem 6 d\u00fc\u00fcsi 330 \u20ac<\/p>\n<p>\u00d5hu SPA s\u00fcsteem 12 d\u00fc\u00fcsi 330 \u20ac<\/p>\n<p>Lisad\u00fc\u00fcsid 12 \u20ac<\/p>\n<p>Lekke relee 84 \u20ac<\/p>\n<p>&nbsp;<\/p>\n<p><strong>LED-valgustus:<\/strong><\/p>\n<p>1 LED 66 \u20ac<\/p>\n<p>2 LED 132 \u20ac<\/p>\n<p>3 LED 198 \u20ac<\/p>\n<p>6 MINI LEDi 102 \u20ac<\/p>\n<p>Lisaks mini LED 12 \u20ac<\/p>\n<p>Liivafilter ja lisatarvikud:<\/p>\n<p>Liivafilter 462 \u20ac<\/p>\n<p>Filtreerimis\u00fchendused 86,7 \u20ac<\/p>\n<p>Dekoratiivkast liivafiltrile 108 \u20ac<\/p>\n<p>Puidust kast liivafiltrile 66 \u20ac<\/p>\n<p>&nbsp;<\/p>\n<p><strong>Lisatarvikud:<\/strong><\/p>\n<p>Roostevabast terasest ribad \u2013 2 tk 54 \u20ac<\/p>\n<p>Vahtisolatsioon 96 \u20ac<\/p>\n<p>Segamispulk 30 \u20ac<\/p>\n<p>Korstna kaitse 42 \u20ac<\/p>\n<p>1 m lisa korstnat 24 \u20ac<\/p>\n<p>Korstnam\u00fcts s\u00e4demep\u00fc\u00fcdjaga tavap\u00e4rase korstna asemel 18 \u20ac<\/p>\n<p>Termomeeter 36 \u20ac<\/p>\n<p>H\u00f5ljuv, valgustatud LED-baar 120 \u20ac<\/p>\n<p>2 tk. Bluetooth-audio k\u00f5larid (pop-up LEDiga) 306 \u20ac<\/p>\n<p>Riiul 30 \u20ac<\/p>\n<p>5 kohaga riiul 42 \u20ac<\/p>\n<p>6 kohaga riiul 48 \u20ac<\/p>\n<p>Ultrapunane pesuvahend 30 \u20ac<\/p>\n<p>Peatugi 18 \u20ac<\/p>\n<p>&nbsp;<\/p>\n<p><a href=\"https:\/\/factory.sale\/wp-content\/uploads\/2024\/04\/Manual-for-hot-tub-using.pdf\" target=\"_blank\" rel=\"noopener\">Manuaal t\u00fcnnisauna kasutamiseks<\/a><\/p>\n","protected":false},"excerpt":{"rendered":"<p>Klaasplastist k\u00fcmblust\u00fcnn 1,8 m \/ 2 m integreeritud k\u00fcttega on viimistletud kvaliteetse puiduga, mis annab sellele elegantse, klassikalise ja luksusliku v\u00e4limuse.<\/p>\n","protected":false},"featured_media":84164,"comment_status":"open","ping_status":"closed","template":"","meta":{"_acf_changed":false},"factory":[],"free-shipment":[],"product_brand":[],"product_cat":[2208],"product_tag":[],"class_list":{"0":"post-84181","1":"product","2":"type-product","3":"status-publish","4":"has-post-thumbnail","6":"product_cat-hot-tubs-2","8":"first","9":"instock","10":"sale","11":"taxable","12":"shipping-taxable","13":"purchasable","14":"product-type-simple"},"acf":[],"_links":{"self":[{"href":"https:\/\/factory.sale\/et\/wp-json\/wp\/v2\/product\/84181","targetHints":{"allow":["GET"]}}],"collection":[{"href":"https:\/\/factory.sale\/et\/wp-json\/wp\/v2\/product"}],"about":[{"href":"https:\/\/factory.sale\/et\/wp-json\/wp\/v2\/types\/product"}],"replies":[{"embeddable":true,"href":"https:\/\/factory.sale\/et\/wp-json\/wp\/v2\/comments?post=84181"}],"wp:featuredmedia":[{"embeddable":true,"href":"https:\/\/factory.sale\/et\/wp-json\/wp\/v2\/media\/84164"}],"wp:attachment":[{"href":"https:\/\/factory.sale\/et\/wp-json\/wp\/v2\/media?parent=84181"}],"wp:term":[{"taxonomy":"factory","embeddable":true,"href":"https:\/\/factory.sale\/et\/wp-json\/wp\/v2\/factory?post=84181"},{"taxonomy":"free-shipment","embeddable":true,"href":"https:\/\/factory.sale\/et\/wp-json\/wp\/v2\/free-shipment?post=84181"},{"taxonomy":"product_brand","embeddable":true,"href":"https:\/\/factory.sale\/et\/wp-json\/wp\/v2\/product_brand?post=84181"},{"taxonomy":"product_cat","embeddable":true,"href":"https:\/\/factory.sale\/et\/wp-json\/wp\/v2\/product_cat?post=84181"},{"taxonomy":"product_tag","embeddable":true,"href":"https:\/\/factory.sale\/et\/wp-json\/wp\/v2\/product_tag?post=84181"}],"curies":[{"name":"wp","href":"https:\/\/api.w.org\/{rel}","templated":true}]}}