{"id":84021,"date":"2025-10-12T12:48:23","date_gmt":"2024-04-16T13:00:10","guid":{"rendered":"https:\/\/factory.sale\/?post_type=product&#038;p=84021"},"modified":"2026-02-11T00:53:24","modified_gmt":"2026-02-10T21:53:24","slug":"ofuro-tunnisaun-integreeritud-kutteseadme-ja-akruulsisuga","status":"publish","type":"product","link":"https:\/\/factory.sale\/et\/toode\/ofuro-tunnisaun-integreeritud-kutteseadme-ja-akruulsisuga\/","title":{"rendered":"1,2&#215;1,9m Ofuro kompaktne k\u00fcmblust\u00fcnn integreeritud ahju ja akr\u00fc\u00fclsisuga"},"content":{"rendered":"<p><em><strong>OFURO AKR\u00dc\u00dcLSISUGA K\u00dcMBLUST\u00dcNN INTEGREERITUD K\u00dcTTESEADMEGA<\/strong><\/em><\/p>\n<p>Naudi kompaktset ja luksuslikku l\u00f5\u00f5gastust meie Ofuro akr\u00fc\u00fclsisuga k\u00fcmblust\u00fcnnis, mis sobib ideaalselt kahele inimesele. See mudel on m\u00f5eldud neile, kes soovivad hoovis ruumi s\u00e4\u00e4sta \u2013 t\u00e4nu oma m\u00f5\u00f5tmetele ja integreeritud k\u00fcttekehale ei ole vaja eraldi v\u00e4liseid seadmeid.<\/p>\n<p><strong>T\u00f5hus vee soojendamine: <\/strong>Kuna selles mudelis on v\u00e4hem vett kui tavap\u00e4rastes k\u00fcmblust\u00fcnnides, soojeneb vesi v\u00e4ga kiiresti (umbes 1\u20131,5 tunni jooksul), v\u00f5imaldades nautida sooja vanni ilma pika ootamiseta.<\/p>\n<p><strong>K\u00f5rgekvaliteediline akr\u00fc\u00fclist sisu:<\/strong> Akr\u00fc\u00fclist sisepind on kaks korda paksem kui klaaskiud, tagades suurep\u00e4rase vastupidavuse ning v\u00e4ga hea kaitse kemikaalide ja v\u00e4iksemate kriimustuste vastu. See aitab s\u00e4ilitada k\u00fcmblust\u00fcnni v\u00e4limust ja funktsionaalsust aastateks.<\/p>\n<p><strong>Akr\u00fc\u00fclsisu v\u00e4rvivalik:<\/strong> Valikus on 3 metalliktooni akr\u00fc\u00fclsisu, mis lisavad aeda luksuslikku ja elegantset ilmet. K\u00fcmblust\u00fcnn ei ole ainult praktiline, vaid ka stiilne disainielement sinu \u00f5uealal.<\/p>\n<p>Ofuro akr\u00fc\u00fclsisuga k\u00fcmblust\u00fcnn integreeritud k\u00fcttekehaga on suurep\u00e4rane valik paaridele, kus mugavus ja kvaliteet on \u00fchendatud elegantse disainiga.<\/p>\n<p>&nbsp;<\/p>\n<p>&nbsp;<\/p>\n<p><strong>Tehnilised andmed:<\/strong><\/p>\n<div class=\"TyagGW_tableContainer\">\n<div class=\"group TyagGW_tableWrapper flex w-fit flex-col-reverse\" tabindex=\"-1\">\n<table class=\"w-fit min-w-(--thread-content-width)\" style=\"height: 244px;\" width=\"414\" data-start=\"86\" data-end=\"526\">\n<thead data-start=\"86\" data-end=\"134\">\n<tr data-start=\"86\" data-end=\"134\">\n<th data-start=\"86\" data-end=\"111\" data-col-size=\"sm\"><\/th>\n<th data-start=\"111\" data-end=\"134\" data-col-size=\"sm\"><\/th>\n<\/tr>\n<\/thead>\n<tbody data-start=\"184\" data-end=\"526\">\n<tr data-start=\"184\" data-end=\"232\">\n<td data-start=\"184\" data-end=\"209\" data-col-size=\"sm\">Kuju<\/td>\n<td data-col-size=\"sm\" data-start=\"209\" data-end=\"232\">Ovaalne<\/td>\n<\/tr>\n<tr data-start=\"233\" data-end=\"281\">\n<td data-start=\"233\" data-end=\"258\" data-col-size=\"sm\">Sisemine l\u00e4bim\u00f5\u00f5t<\/td>\n<td data-col-size=\"sm\" data-start=\"258\" data-end=\"281\">100 cm \u00d7 170 cm<\/td>\n<\/tr>\n<tr data-start=\"282\" data-end=\"330\">\n<td data-start=\"282\" data-end=\"307\" data-col-size=\"sm\">V\u00e4limine l\u00e4bim\u00f5\u00f5t<\/td>\n<td data-col-size=\"sm\" data-start=\"307\" data-end=\"330\">120 cm \u00d7 190 cm<\/td>\n<\/tr>\n<tr data-start=\"331\" data-end=\"379\">\n<td data-start=\"331\" data-end=\"356\" data-col-size=\"sm\">Seina k\u00f5rgus<\/td>\n<td data-col-size=\"sm\" data-start=\"356\" data-end=\"379\">1 m<\/td>\n<\/tr>\n<tr data-start=\"380\" data-end=\"428\">\n<td data-start=\"380\" data-end=\"405\" data-col-size=\"sm\">Mahutavus (vesi)<\/td>\n<td data-col-size=\"sm\" data-start=\"405\" data-end=\"428\">750\u2013800 l<\/td>\n<\/tr>\n<tr data-start=\"429\" data-end=\"477\">\n<td data-start=\"429\" data-end=\"454\" data-col-size=\"sm\">Kaal<\/td>\n<td data-col-size=\"sm\" data-start=\"454\" data-end=\"477\">200 kg<\/td>\n<\/tr>\n<tr data-start=\"478\" data-end=\"526\">\n<td data-start=\"478\" data-end=\"503\" data-col-size=\"sm\">Mahutavus (inimesed)<\/td>\n<td data-col-size=\"sm\" data-start=\"503\" data-end=\"526\">2 inimest<\/td>\n<\/tr>\n<\/tbody>\n<\/table>\n<p>&nbsp;<\/p>\n<\/div>\n<\/div>\n<p>&nbsp;<\/p>\n<p><strong>Standardkomplekt:<\/strong><\/p>\n<p><img loading=\"lazy\" decoding=\"async\" class=\"alignnone wp-image-139444\" src=\"https:\/\/factory.sale\/wp-content\/uploads\/2025\/10\/Ufuro-standard-set-est-factory-sale-300x178.png\" alt=\"\" width=\"543\" height=\"322\" srcset=\"https:\/\/factory.sale\/wp-content\/uploads\/2025\/10\/Ufuro-standard-set-est-factory-sale-300x178.png 300w, https:\/\/factory.sale\/wp-content\/uploads\/2025\/10\/Ufuro-standard-set-est-factory-sale-1024x608.png 1024w, https:\/\/factory.sale\/wp-content\/uploads\/2025\/10\/Ufuro-standard-set-est-factory-sale-150x89.png 150w, https:\/\/factory.sale\/wp-content\/uploads\/2025\/10\/Ufuro-standard-set-est-factory-sale-768x456.png 768w, https:\/\/factory.sale\/wp-content\/uploads\/2025\/10\/Ufuro-standard-set-est-factory-sale-600x356.png 600w, https:\/\/factory.sale\/wp-content\/uploads\/2025\/10\/Ufuro-standard-set-est-factory-sale.png 1408w\" sizes=\"auto, (max-width: 543px) 100vw, 543px\" \/><\/p>\n<p>&nbsp;<\/p>\n<p>&nbsp;<\/p>\n<p><strong>LISAD<\/strong><\/p>\n<p>&nbsp;<\/p>\n<p><strong>Kerised<\/strong><\/p>\n<p><img loading=\"lazy\" decoding=\"async\" class=\"alignnone wp-image-139691\" src=\"https:\/\/factory.sale\/wp-content\/uploads\/2025\/10\/Ufuro-Kerised-EST-factory-sale-300x216.png\" alt=\"\" width=\"474\" height=\"342\" srcset=\"https:\/\/factory.sale\/wp-content\/uploads\/2025\/10\/Ufuro-Kerised-EST-factory-sale-300x216.png 300w, https:\/\/factory.sale\/wp-content\/uploads\/2025\/10\/Ufuro-Kerised-EST-factory-sale-1024x738.png 1024w, https:\/\/factory.sale\/wp-content\/uploads\/2025\/10\/Ufuro-Kerised-EST-factory-sale-150x108.png 150w, https:\/\/factory.sale\/wp-content\/uploads\/2025\/10\/Ufuro-Kerised-EST-factory-sale-768x554.png 768w, https:\/\/factory.sale\/wp-content\/uploads\/2025\/10\/Ufuro-Kerised-EST-factory-sale-600x433.png 600w, https:\/\/factory.sale\/wp-content\/uploads\/2025\/10\/Ufuro-Kerised-EST-factory-sale.png 1334w\" sizes=\"auto, (max-width: 474px) 100vw, 474px\" \/><\/p>\n<p><img loading=\"lazy\" decoding=\"async\" class=\"alignnone wp-image-139683\" src=\"https:\/\/factory.sale\/wp-content\/uploads\/2024\/06\/Ufuro-Electric-EST-factory-sale-300x61.png\" alt=\"\" width=\"596\" height=\"121\" srcset=\"https:\/\/factory.sale\/wp-content\/uploads\/2024\/06\/Ufuro-Electric-EST-factory-sale-300x61.png 300w, https:\/\/factory.sale\/wp-content\/uploads\/2024\/06\/Ufuro-Electric-EST-factory-sale-1024x208.png 1024w, https:\/\/factory.sale\/wp-content\/uploads\/2024\/06\/Ufuro-Electric-EST-factory-sale-150x30.png 150w, https:\/\/factory.sale\/wp-content\/uploads\/2024\/06\/Ufuro-Electric-EST-factory-sale-768x156.png 768w, https:\/\/factory.sale\/wp-content\/uploads\/2024\/06\/Ufuro-Electric-EST-factory-sale-1536x312.png 1536w, https:\/\/factory.sale\/wp-content\/uploads\/2024\/06\/Ufuro-Electric-EST-factory-sale-600x122.png 600w, https:\/\/factory.sale\/wp-content\/uploads\/2024\/06\/Ufuro-Electric-EST-factory-sale.png 1822w\" sizes=\"auto, (max-width: 596px) 100vw, 596px\" \/><\/p>\n<p>&nbsp;<\/p>\n<p><strong>Akr\u00fc\u00fclsisu v\u00e4rv<\/strong><\/p>\n<p>P\u00e4rlvalge, metallhall, metallkuldne<\/p>\n<p><img loading=\"lazy\" decoding=\"async\" class=\"alignnone wp-image-139140\" src=\"https:\/\/factory.sale\/wp-content\/uploads\/2025\/10\/Ufuro-insert-colour-factory-sale-300x59.png\" alt=\"\" width=\"499\" height=\"98\" srcset=\"https:\/\/factory.sale\/wp-content\/uploads\/2025\/10\/Ufuro-insert-colour-factory-sale-300x59.png 300w, https:\/\/factory.sale\/wp-content\/uploads\/2025\/10\/Ufuro-insert-colour-factory-sale-150x29.png 150w, https:\/\/factory.sale\/wp-content\/uploads\/2025\/10\/Ufuro-insert-colour-factory-sale-768x151.png 768w, https:\/\/factory.sale\/wp-content\/uploads\/2025\/10\/Ufuro-insert-colour-factory-sale-600x118.png 600w, https:\/\/factory.sale\/wp-content\/uploads\/2025\/10\/Ufuro-insert-colour-factory-sale.png 898w\" sizes=\"auto, (max-width: 499px) 100vw, 499px\" \/><\/p>\n<p>&nbsp;<\/p>\n<p><strong>Puidu v\u00e4rv<\/strong><\/p>\n<p><img loading=\"lazy\" decoding=\"async\" class=\"alignnone wp-image-139710\" src=\"https:\/\/factory.sale\/wp-content\/uploads\/2025\/10\/Ufuro-Wood-Colour-EST-factory-sale-2-300x187.png\" alt=\"\" width=\"435\" height=\"271\" srcset=\"https:\/\/factory.sale\/wp-content\/uploads\/2025\/10\/Ufuro-Wood-Colour-EST-factory-sale-2-300x187.png 300w, https:\/\/factory.sale\/wp-content\/uploads\/2025\/10\/Ufuro-Wood-Colour-EST-factory-sale-2-1024x637.png 1024w, https:\/\/factory.sale\/wp-content\/uploads\/2025\/10\/Ufuro-Wood-Colour-EST-factory-sale-2-150x93.png 150w, https:\/\/factory.sale\/wp-content\/uploads\/2025\/10\/Ufuro-Wood-Colour-EST-factory-sale-2-768x478.png 768w, https:\/\/factory.sale\/wp-content\/uploads\/2025\/10\/Ufuro-Wood-Colour-EST-factory-sale-2-600x373.png 600w, https:\/\/factory.sale\/wp-content\/uploads\/2025\/10\/Ufuro-Wood-Colour-EST-factory-sale-2.png 1396w\" sizes=\"auto, (max-width: 435px) 100vw, 435px\" \/><\/p>\n<p>&nbsp;<\/p>\n<p><strong>LED tuled<\/strong><\/p>\n<p><img loading=\"lazy\" decoding=\"async\" class=\"alignnone wp-image-139670\" src=\"https:\/\/factory.sale\/wp-content\/uploads\/2025\/10\/Ufuro-EST-LED-lights-factory-sale-300x168.png\" alt=\"\" width=\"544\" height=\"305\" srcset=\"https:\/\/factory.sale\/wp-content\/uploads\/2025\/10\/Ufuro-EST-LED-lights-factory-sale-300x168.png 300w, https:\/\/factory.sale\/wp-content\/uploads\/2025\/10\/Ufuro-EST-LED-lights-factory-sale-1024x573.png 1024w, https:\/\/factory.sale\/wp-content\/uploads\/2025\/10\/Ufuro-EST-LED-lights-factory-sale-150x84.png 150w, https:\/\/factory.sale\/wp-content\/uploads\/2025\/10\/Ufuro-EST-LED-lights-factory-sale-768x430.png 768w, https:\/\/factory.sale\/wp-content\/uploads\/2025\/10\/Ufuro-EST-LED-lights-factory-sale-600x336.png 600w, https:\/\/factory.sale\/wp-content\/uploads\/2025\/10\/Ufuro-EST-LED-lights-factory-sale.png 1322w\" sizes=\"auto, (max-width: 544px) 100vw, 544px\" \/><\/p>\n<p>&nbsp;<\/p>\n<p><strong>Katted<\/strong><\/p>\n<p><img loading=\"lazy\" decoding=\"async\" class=\"alignnone wp-image-139650\" src=\"https:\/\/factory.sale\/wp-content\/uploads\/2025\/10\/Ufuro-Covers-EST-factory-sale-1-300x86.png\" alt=\"\" width=\"540\" height=\"155\" srcset=\"https:\/\/factory.sale\/wp-content\/uploads\/2025\/10\/Ufuro-Covers-EST-factory-sale-1-300x86.png 300w, https:\/\/factory.sale\/wp-content\/uploads\/2025\/10\/Ufuro-Covers-EST-factory-sale-1-1024x292.png 1024w, https:\/\/factory.sale\/wp-content\/uploads\/2025\/10\/Ufuro-Covers-EST-factory-sale-1-150x43.png 150w, https:\/\/factory.sale\/wp-content\/uploads\/2025\/10\/Ufuro-Covers-EST-factory-sale-1-768x219.png 768w, https:\/\/factory.sale\/wp-content\/uploads\/2025\/10\/Ufuro-Covers-EST-factory-sale-1-600x171.png 600w, https:\/\/factory.sale\/wp-content\/uploads\/2025\/10\/Ufuro-Covers-EST-factory-sale-1.png 1318w\" sizes=\"auto, (max-width: 540px) 100vw, 540px\" \/><\/p>\n<p>&nbsp;<\/p>\n<p><strong>Filtrid<\/strong><\/p>\n<p><img loading=\"lazy\" decoding=\"async\" class=\"alignnone wp-image-139468\" src=\"https:\/\/factory.sale\/wp-content\/uploads\/2025\/10\/Ufuro-filters-EST-factory-sale-300x235.png\" alt=\"\" width=\"533\" height=\"418\" srcset=\"https:\/\/factory.sale\/wp-content\/uploads\/2025\/10\/Ufuro-filters-EST-factory-sale-300x235.png 300w, https:\/\/factory.sale\/wp-content\/uploads\/2025\/10\/Ufuro-filters-EST-factory-sale-150x117.png 150w, https:\/\/factory.sale\/wp-content\/uploads\/2025\/10\/Ufuro-filters-EST-factory-sale-768x601.png 768w, https:\/\/factory.sale\/wp-content\/uploads\/2025\/10\/Ufuro-filters-EST-factory-sale-600x469.png 600w, https:\/\/factory.sale\/wp-content\/uploads\/2025\/10\/Ufuro-filters-EST-factory-sale.png 890w\" sizes=\"auto, (max-width: 533px) 100vw, 533px\" \/><\/p>\n<p>&nbsp;<\/p>\n<p><strong>SPA s\u00fcsteem<\/strong><\/p>\n<p><img loading=\"lazy\" decoding=\"async\" class=\"alignnone wp-image-139674\" src=\"https:\/\/factory.sale\/wp-content\/uploads\/2025\/10\/Ufuro-SPA-EST-factory-sale-1-300x171.png\" alt=\"\" width=\"545\" height=\"311\" srcset=\"https:\/\/factory.sale\/wp-content\/uploads\/2025\/10\/Ufuro-SPA-EST-factory-sale-1-300x171.png 300w, https:\/\/factory.sale\/wp-content\/uploads\/2025\/10\/Ufuro-SPA-EST-factory-sale-1-1024x585.png 1024w, https:\/\/factory.sale\/wp-content\/uploads\/2025\/10\/Ufuro-SPA-EST-factory-sale-1-150x86.png 150w, https:\/\/factory.sale\/wp-content\/uploads\/2025\/10\/Ufuro-SPA-EST-factory-sale-1-768x438.png 768w, https:\/\/factory.sale\/wp-content\/uploads\/2025\/10\/Ufuro-SPA-EST-factory-sale-1-600x342.png 600w, https:\/\/factory.sale\/wp-content\/uploads\/2025\/10\/Ufuro-SPA-EST-factory-sale-1.png 1384w\" sizes=\"auto, (max-width: 545px) 100vw, 545px\" \/><\/p>\n<p>&nbsp;<\/p>\n<p><strong>Muud lisad<\/strong><\/p>\n<p><img loading=\"lazy\" decoding=\"async\" class=\"alignnone wp-image-139660\" src=\"https:\/\/factory.sale\/wp-content\/uploads\/2025\/10\/Ufuro-Other-Accessories-EST-factory-sale-1-300x266.png\" alt=\"\" width=\"540\" height=\"479\" srcset=\"https:\/\/factory.sale\/wp-content\/uploads\/2025\/10\/Ufuro-Other-Accessories-EST-factory-sale-1-300x266.png 300w, https:\/\/factory.sale\/wp-content\/uploads\/2025\/10\/Ufuro-Other-Accessories-EST-factory-sale-1-1024x907.png 1024w, https:\/\/factory.sale\/wp-content\/uploads\/2025\/10\/Ufuro-Other-Accessories-EST-factory-sale-1-150x133.png 150w, https:\/\/factory.sale\/wp-content\/uploads\/2025\/10\/Ufuro-Other-Accessories-EST-factory-sale-1-768x680.png 768w, https:\/\/factory.sale\/wp-content\/uploads\/2025\/10\/Ufuro-Other-Accessories-EST-factory-sale-1-600x531.png 600w, https:\/\/factory.sale\/wp-content\/uploads\/2025\/10\/Ufuro-Other-Accessories-EST-factory-sale-1.png 1310w\" sizes=\"auto, (max-width: 540px) 100vw, 540px\" \/><\/p>\n<p><img loading=\"lazy\" decoding=\"async\" class=\"alignnone wp-image-139706\" src=\"https:\/\/factory.sale\/wp-content\/uploads\/2025\/10\/Ufuro-Accessories-2-EST-factory-sale-300x147.png\" alt=\"\" width=\"545\" height=\"267\" srcset=\"https:\/\/factory.sale\/wp-content\/uploads\/2025\/10\/Ufuro-Accessories-2-EST-factory-sale-300x147.png 300w, https:\/\/factory.sale\/wp-content\/uploads\/2025\/10\/Ufuro-Accessories-2-EST-factory-sale-1024x501.png 1024w, https:\/\/factory.sale\/wp-content\/uploads\/2025\/10\/Ufuro-Accessories-2-EST-factory-sale-150x73.png 150w, https:\/\/factory.sale\/wp-content\/uploads\/2025\/10\/Ufuro-Accessories-2-EST-factory-sale-768x376.png 768w, https:\/\/factory.sale\/wp-content\/uploads\/2025\/10\/Ufuro-Accessories-2-EST-factory-sale-600x294.png 600w, https:\/\/factory.sale\/wp-content\/uploads\/2025\/10\/Ufuro-Accessories-2-EST-factory-sale.png 1344w\" sizes=\"auto, (max-width: 545px) 100vw, 545px\" \/><\/p>\n<p>&nbsp;<\/p>\n<p><strong>Eritelimusjoonised 81 \u20ac<\/strong><\/p>\n","protected":false},"excerpt":{"rendered":"<p>Naudi luksuslikku ja rahulikku hetke oma aias. Ofuro akr\u00fc\u00fclsisuga k\u00fcmblust\u00fcnn kahele, integreeritud k\u00fcttekehaga, kiire veesoojenduse ja elegantse disainiga, mis toob t\u00f5elise spa-elamuse Sulle koju.<\/p>\n","protected":false},"featured_media":135117,"comment_status":"open","ping_status":"closed","template":"","meta":{"_acf_changed":false},"factory":[],"free-shipment":[],"product_brand":[],"product_cat":[2587,2209],"product_tag":[2842],"class_list":{"0":"post-84021","1":"product","2":"type-product","3":"status-publish","4":"has-post-thumbnail","6":"product_cat-klaasplastist-kumblustunnid","7":"product_cat-kumblustunnid","8":"product_tag-hot-tub-et","10":"first","11":"instock","12":"sale","13":"taxable","14":"shipping-taxable","15":"purchasable","16":"product-type-simple"},"acf":[],"_links":{"self":[{"href":"https:\/\/factory.sale\/et\/wp-json\/wp\/v2\/product\/84021","targetHints":{"allow":["GET"]}}],"collection":[{"href":"https:\/\/factory.sale\/et\/wp-json\/wp\/v2\/product"}],"about":[{"href":"https:\/\/factory.sale\/et\/wp-json\/wp\/v2\/types\/product"}],"replies":[{"embeddable":true,"href":"https:\/\/factory.sale\/et\/wp-json\/wp\/v2\/comments?post=84021"}],"wp:featuredmedia":[{"embeddable":true,"href":"https:\/\/factory.sale\/et\/wp-json\/wp\/v2\/media\/135117"}],"wp:attachment":[{"href":"https:\/\/factory.sale\/et\/wp-json\/wp\/v2\/media?parent=84021"}],"wp:term":[{"taxonomy":"factory","embeddable":true,"href":"https:\/\/factory.sale\/et\/wp-json\/wp\/v2\/factory?post=84021"},{"taxonomy":"free-shipment","embeddable":true,"href":"https:\/\/factory.sale\/et\/wp-json\/wp\/v2\/free-shipment?post=84021"},{"taxonomy":"product_brand","embeddable":true,"href":"https:\/\/factory.sale\/et\/wp-json\/wp\/v2\/product_brand?post=84021"},{"taxonomy":"product_cat","embeddable":true,"href":"https:\/\/factory.sale\/et\/wp-json\/wp\/v2\/product_cat?post=84021"},{"taxonomy":"product_tag","embeddable":true,"href":"https:\/\/factory.sale\/et\/wp-json\/wp\/v2\/product_tag?post=84021"}],"curies":[{"name":"wp","href":"https:\/\/api.w.org\/{rel}","templated":true}]}}