{"id":83959,"date":"2024-04-14T19:01:24","date_gmt":"2024-04-14T19:04:44","guid":{"rendered":"https:\/\/factory.sale\/?post_type=product&#038;p=83959"},"modified":"2024-06-26T11:32:10","modified_gmt":"2024-06-26T11:32:10","slug":"katusetugi-75","status":"publish","type":"product","link":"https:\/\/factory.sale\/et\/toode\/katusetugi-75\/","title":{"rendered":"Katusetugi &#8211;  75"},"content":{"rendered":"<p>Katusetugi toetub pehmete D- kummik\u00e4ppadega katusele ja hoiab redelit toetumast vihmaveerenni peale, mist\u00f5ttu see ei vigasta oma raskusega renni. Katusetugi-75 sobitub kasutamiseks vaid Suomi-Tikas O\u00dc valmistatud redelitega.<\/p>\n<p>Katusetuge kasutavad paljud vihmavees\u00fcsteeme paigaldavad spetsialistid. Katusetoe abil saab kaldredelil seistes puhastada vihmaveerenne ja tilgaplekke neid kahjustamata. Toode toetub kummijalgade abil katusele ja hoiab redeli vihmaveerennist eemal. Katusetugi sobib \u00fcksnes Suomi-Tikas O\u00dc valmistatud redelitele.<\/p>\n<p>Katusetugi ei kuulu redeli juurde, vaid on saadaval eraldi lisavarustusena.<\/p>\n<p>&nbsp;<\/p>\n<p><strong>Sobitub kasutamiseks j\u00e4rgmiste redelitega:<\/strong><\/p>\n<p>1-e osalised lihtredelid: Mudelid KT-135, KT-140, KT-150 ja KT160<\/p>\n<p>2-e osalised lihtredelid: Mudelid KTS-261,KTS-272 ja KTS-284<\/p>\n<p>3-e osalised lihtredelid: Mudelid KTS-360, KTS-375 ja KTS-390<\/p>\n<p>2-e osalised kombineeritud redelid: Mudelid KTY-261 ja KTY-272<\/p>\n    <div class=\"col-xl-3 col-6\">\n        <div class=\"product-card h-100\">\n            <div class=\"ratio ratio-4x3 overflow-hidden\">\n                <a href=\"https:\/\/factory.sale\/et\/toode\/3-osalised-kombineeritud-redelid\/\">\n                    <img loading=\"lazy\" decoding=\"async\" width=\"754\" height=\"600\" src=\"https:\/\/factory.sale\/wp-content\/uploads\/2024\/04\/kty-5.png\" class=\"img-fluid object-fit-contain w-100 h-100\" alt=\"3-osalised kombineeritud redelid\" srcset=\"https:\/\/factory.sale\/wp-content\/uploads\/2024\/04\/kty-5.png 754w, https:\/\/factory.sale\/wp-content\/uploads\/2024\/04\/kty-5-300x239.png 300w, https:\/\/factory.sale\/wp-content\/uploads\/2024\/04\/kty-5-150x119.png 150w, https:\/\/factory.sale\/wp-content\/uploads\/2024\/04\/kty-5-600x477.png 600w\" sizes=\"auto, (max-width: 754px) 100vw, 754px\" \/>                <\/a>\n            <\/div>\n\n            <div class=\"px-xl-3 px-2 py-3 text-xl-start\">\n                <a class=\"product-title-link\" href=\"https:\/\/factory.sale\/et\/toode\/3-osalised-kombineeritud-redelid\/\">\n                    <p class=\"d-none d-xl-block\">3-osalised kombineeritud redelid<\/p>\n                    <p class=\"d-xl-none\">3-osalised kombineeritud redelid<\/p>\n                <\/a>\n\n                <div class=\"price\">\n                                            <span class=\"new-price\"><span class=\"woocommerce-Price-amount amount\"><bdi><span class=\"woocommerce-Price-currencySymbol\">&euro;<\/span>480,39<\/bdi><\/span><\/span>\n                        <span class=\"old-price\"><span class=\"woocommerce-Price-amount amount\"><bdi><span class=\"woocommerce-Price-currencySymbol\">&euro;<\/span>535,00<\/bdi><\/span><\/span>\n                                    <\/div>\n\n                <div class=\"d-xl-grid d-none gap-4 d-xl-flex justify-content-start mt-2\">\n                    <button class=\"btn btn-product ajax-add-to-quote w-100 mt-1rem\"\n                            data-product-id=\"83899\">\n                        Add to quote\n                    <\/button>\n                <\/div>\n            <\/div>\n\n                            <div class=\"sale\">Sale -10%<\/div>\n                    <\/div>\n    <\/div>\n    \n","protected":false},"excerpt":{"rendered":"<p>Katusetugi toetub pehmete D- kummik\u00e4ppadega katusele ja hoiab redelit toetumast vihmaveerenni peale, mist\u00f5ttu see ei vigasta oma raskusega renni. Katusetugi-75 sobitub kasutamiseks vaid Suomi-Tikas O\u00dc valmistatud redelitega.<\/p>\n<p><img loading=\"lazy\" decoding=\"async\" class=\"alignnone size-medium wp-image-27957\" src=\"https:\/\/factory.sale\/wp-content\/uploads\/2023\/05\/made-in-finland-300x240.png\" alt=\"\" width=\"300\" height=\"240\" srcset=\"https:\/\/factory.sale\/wp-content\/uploads\/2023\/05\/made-in-finland-300x240.png 300w, https:\/\/factory.sale\/wp-content\/uploads\/2023\/05\/made-in-finland-150x120.png 150w, https:\/\/factory.sale\/wp-content\/uploads\/2023\/05\/made-in-finland-600x480.png 600w, https:\/\/factory.sale\/wp-content\/uploads\/2023\/05\/made-in-finland.png 750w\" sizes=\"auto, (max-width: 300px) 100vw, 300px\" \/><\/p>\n","protected":false},"featured_media":83955,"comment_status":"open","ping_status":"closed","template":"","meta":{"_acf_changed":false},"factory":[],"free-shipment":[],"product_brand":[],"product_cat":[2855,1041],"product_tag":[313],"class_list":{"0":"post-83959","1":"product","2":"type-product","3":"status-publish","4":"has-post-thumbnail","6":"product_cat-redelid-ja-tellingud","7":"product_cat-tooriistad-ja-tarvikud","8":"product_tag-tools-et-2","10":"first","11":"instock","12":"sale","13":"taxable","14":"shipping-taxable","15":"purchasable","16":"product-type-simple"},"acf":[],"_links":{"self":[{"href":"https:\/\/factory.sale\/et\/wp-json\/wp\/v2\/product\/83959","targetHints":{"allow":["GET"]}}],"collection":[{"href":"https:\/\/factory.sale\/et\/wp-json\/wp\/v2\/product"}],"about":[{"href":"https:\/\/factory.sale\/et\/wp-json\/wp\/v2\/types\/product"}],"replies":[{"embeddable":true,"href":"https:\/\/factory.sale\/et\/wp-json\/wp\/v2\/comments?post=83959"}],"wp:featuredmedia":[{"embeddable":true,"href":"https:\/\/factory.sale\/et\/wp-json\/wp\/v2\/media\/83955"}],"wp:attachment":[{"href":"https:\/\/factory.sale\/et\/wp-json\/wp\/v2\/media?parent=83959"}],"wp:term":[{"taxonomy":"factory","embeddable":true,"href":"https:\/\/factory.sale\/et\/wp-json\/wp\/v2\/factory?post=83959"},{"taxonomy":"free-shipment","embeddable":true,"href":"https:\/\/factory.sale\/et\/wp-json\/wp\/v2\/free-shipment?post=83959"},{"taxonomy":"product_brand","embeddable":true,"href":"https:\/\/factory.sale\/et\/wp-json\/wp\/v2\/product_brand?post=83959"},{"taxonomy":"product_cat","embeddable":true,"href":"https:\/\/factory.sale\/et\/wp-json\/wp\/v2\/product_cat?post=83959"},{"taxonomy":"product_tag","embeddable":true,"href":"https:\/\/factory.sale\/et\/wp-json\/wp\/v2\/product_tag?post=83959"}],"curies":[{"name":"wp","href":"https:\/\/api.w.org\/{rel}","templated":true}]}}