{"id":83949,"date":"2024-04-14T18:28:47","date_gmt":"2024-04-14T18:37:58","guid":{"rendered":"https:\/\/factory.sale\/?post_type=product&#038;p=83949"},"modified":"2024-06-28T10:14:42","modified_gmt":"2024-06-28T10:14:42","slug":"katusetugi-60","status":"publish","type":"product","link":"https:\/\/factory.sale\/et\/toode\/katusetugi-60\/","title":{"rendered":"Katusetugi-60"},"content":{"rendered":"<p>Katusetugi toetub katusele plastikk\u00e4ppadega, millel on hea haardumine ja mis hoiab redelit rennist eemal, seega ei saa renni redeli raskus kahjustada. Katusetugi &#8211; 60 sobib kasutamiseks ainult Suomi-Tikka toodetud redeliga.<\/p>\n<p>Katusetuge kasutavad paljud vihmavees\u00fcsteemide paigaldamisega tegelevad spetsialistid. Katusetoe abil saate puhastada vihmaveerennid ja n\u00e4iteks hooldada tilkumisaluseid, renni kahjustamata.<\/p>\n<p>Katusetugi ei sisalda redelit, vaid on eraldi saadav lisavarustus.<\/p>\n<p><strong>Sobib kasutamiseks j\u00e4rgmiste redelitega:<\/strong><\/p>\n<p><a href=\"https:\/\/factory.sale\/et\/product-category\/uldehitus\/tooriistad-ja-tarvikud\/redelid-ja-tellingud\/\" target=\"_blank\" rel=\"noopener\"><strong>1-osaline treppredel<\/strong><\/a><br \/>\nMudel KT-125<br \/>\nMudel KT-130<\/p>\n<p><a href=\"https:\/\/factory.sale\/et\/toode\/2-osalised-lukandredelid\/\" target=\"_blank\" rel=\"noopener\"><strong>2-osaline trepp<\/strong><\/a><br \/>\nMudel KTS-241<br \/>\nMudel KTS-250<\/p>\n<p><a href=\"https:\/\/factory.sale\/et\/toode\/2-osalised-kombineeritud-redelid\/\" target=\"_blank\" rel=\"noopener\"><strong>2-osaline kombineeritud redel<\/strong><\/a><br \/>\nMudel KTY-241<br \/>\nMudel KTY-250<\/p>\n<ul>\n<li>Laius 111 cm (m\u00f5\u00f5detuna k\u00e4ppadest)<\/li>\n<li>Kaks k\u00f5rgust (redeli kaugus laest) 32 cm \/ 44 cm<\/li>\n<\/ul>\n<p>&nbsp;<\/p>\n<p>&nbsp;<\/p>\n<p>&nbsp;<\/p>\n<p><a href=\"https:\/\/factory.sale\/wp-content\/uploads\/2024\/04\/redeli-juhised.pdf\" target=\"_blank\" rel=\"noopener\">Redeli ohutu kasutamise meelespea<\/a><\/p>\n","protected":false},"excerpt":{"rendered":"<p>Katusetugi toetub katusele plastikk\u00e4ppadega, millel on hea haardumine ja mis hoiab redelit rennist eemal, seega ei saa renni redeli raskus kahjustada. Katusetugi &#8211; 60 sobib kasutamiseks ainult Suomi-Tikka toodetud redeliga.<\/p>\n<p><img loading=\"lazy\" decoding=\"async\" class=\"alignnone size-medium wp-image-27957\" src=\"https:\/\/factory.sale\/wp-content\/uploads\/2023\/05\/made-in-finland-300x240.png\" alt=\"\" width=\"300\" height=\"240\" srcset=\"https:\/\/factory.sale\/wp-content\/uploads\/2023\/05\/made-in-finland-300x240.png 300w, https:\/\/factory.sale\/wp-content\/uploads\/2023\/05\/made-in-finland-150x120.png 150w, https:\/\/factory.sale\/wp-content\/uploads\/2023\/05\/made-in-finland-600x480.png 600w, https:\/\/factory.sale\/wp-content\/uploads\/2023\/05\/made-in-finland.png 750w\" sizes=\"auto, (max-width: 300px) 100vw, 300px\" \/><\/p>\n","protected":false},"featured_media":83955,"comment_status":"open","ping_status":"closed","template":"","meta":{"_acf_changed":false},"factory":[],"free-shipment":[],"product_brand":[],"product_cat":[2855,1041],"product_tag":[313],"class_list":{"0":"post-83949","1":"product","2":"type-product","3":"status-publish","4":"has-post-thumbnail","6":"product_cat-redelid-ja-tellingud","7":"product_cat-tooriistad-ja-tarvikud","8":"product_tag-tools-et-2","10":"first","11":"instock","12":"sale","13":"taxable","14":"shipping-taxable","15":"purchasable","16":"product-type-simple"},"acf":[],"_links":{"self":[{"href":"https:\/\/factory.sale\/et\/wp-json\/wp\/v2\/product\/83949","targetHints":{"allow":["GET"]}}],"collection":[{"href":"https:\/\/factory.sale\/et\/wp-json\/wp\/v2\/product"}],"about":[{"href":"https:\/\/factory.sale\/et\/wp-json\/wp\/v2\/types\/product"}],"replies":[{"embeddable":true,"href":"https:\/\/factory.sale\/et\/wp-json\/wp\/v2\/comments?post=83949"}],"wp:featuredmedia":[{"embeddable":true,"href":"https:\/\/factory.sale\/et\/wp-json\/wp\/v2\/media\/83955"}],"wp:attachment":[{"href":"https:\/\/factory.sale\/et\/wp-json\/wp\/v2\/media?parent=83949"}],"wp:term":[{"taxonomy":"factory","embeddable":true,"href":"https:\/\/factory.sale\/et\/wp-json\/wp\/v2\/factory?post=83949"},{"taxonomy":"free-shipment","embeddable":true,"href":"https:\/\/factory.sale\/et\/wp-json\/wp\/v2\/free-shipment?post=83949"},{"taxonomy":"product_brand","embeddable":true,"href":"https:\/\/factory.sale\/et\/wp-json\/wp\/v2\/product_brand?post=83949"},{"taxonomy":"product_cat","embeddable":true,"href":"https:\/\/factory.sale\/et\/wp-json\/wp\/v2\/product_cat?post=83949"},{"taxonomy":"product_tag","embeddable":true,"href":"https:\/\/factory.sale\/et\/wp-json\/wp\/v2\/product_tag?post=83949"}],"curies":[{"name":"wp","href":"https:\/\/api.w.org\/{rel}","templated":true}]}}