{"id":83939,"date":"2024-04-14T18:10:52","date_gmt":"2024-04-14T18:18:29","guid":{"rendered":"https:\/\/factory.sale\/?post_type=product&#038;p=83939"},"modified":"2025-01-03T01:16:52","modified_gmt":"2025-01-02T22:16:52","slug":"noheva-alumiiniumist-tootrepp","status":"publish","type":"product","link":"https:\/\/factory.sale\/et\/toode\/noheva-alumiiniumist-tootrepp\/","title":{"rendered":"NOHEVA alumiiniumist t\u00f6\u00f6trepp"},"content":{"rendered":"<div class=\"responsive-table\">\n<p>Kahepoolsetel Noheva t\u00f6\u00f6treppidel on mahukas alumiiniumplaat, mille pind tagab suurep\u00e4rase haarde isegi v\u00e4lit\u00f6\u00f6del.<br \/>\nT\u00f6\u00f6treppide suur alumiiniumplatvorm on valmistatud \u00fchest t\u00fckist, tagades platvormi tugevuse ja ohutuse. Selle trepi t\u00f5usunurk on 20\u00b0, mis on meie teiste mudelitega v\u00f5rreldes pehmem.<\/p>\n<p>T\u00f6\u00f6platvormi auguline pind tagab suurep\u00e4rase haarde. Ovaalsed augud on kujundatud nii, et igasugune t\u00f6\u00f6 k\u00e4igus kogunenud vesi saaks \u00e4ra voolata, v\u00e4ltides pinna j\u00e4\u00e4tumist veekihi tekkest.<\/p>\n<p>Vastab Vna 205\/2009 n\u00f5uetele<br \/>\nAlumiiniumist t\u00f6\u00f6platvorm<br \/>\n80 mm s\u00fcgavad soonitud astmed<br \/>\nLibisemisvastased padjad on valmistatud TPE-plastikust, mis omavad suurep\u00e4raseid haardumisomadusi<br \/>\nTurvaline nivellukustus<\/p>\n<\/div>\n<p>&nbsp;<\/p>\n<div class=\"responsive-table\">\n<table>\n<tbody>\n<tr>\n<td><strong>TOOTEKOOD<\/strong><\/td>\n<td><strong>ASTMED<\/strong><\/td>\n<td><strong>K\u00d5RGUS<\/strong><\/td>\n<td><strong>ALUMINE LAIUS<\/strong><\/td>\n<td><strong>AVA ALL<\/strong><\/td>\n<td><strong>KAAL<\/strong><\/td>\n<td><strong>ASTMETE M\u00d5\u00d5DUD laius\/s\u00fcgavus<\/strong><\/td>\n<td><b>HIND<\/b><\/td>\n<\/tr>\n<tr>\n<td>NOHEVA-3<\/td>\n<td>3 kpl<\/td>\n<td>65,5 cm<\/td>\n<td>91 cm<\/td>\n<td>84 cm<\/td>\n<td>9 kg<\/td>\n<td>63,5 cm x 39,5 cm<\/td>\n<td>260.76 \u20ac<\/td>\n<\/tr>\n<tr>\n<td>NOHEVA-4<\/td>\n<td>4 kpl<\/td>\n<td>95 cm<\/td>\n<td>101 cm<\/td>\n<td>106 cm<\/td>\n<td>11,5 kg<\/td>\n<td>63,5 cm x 39,5 cm<\/td>\n<td>316.69 \u20ac<\/td>\n<\/tr>\n<\/tbody>\n<\/table>\n<\/div>\n<p>&nbsp;<\/p>\n<p>&nbsp;<\/p>\n<p><a href=\"https:\/\/factory.sale\/wp-content\/uploads\/2024\/04\/redeli-juhised.pdf\" target=\"_blank\" rel=\"noopener\">Redeli ohutu kasutamise meelespea<\/a><\/p>\n","protected":false},"excerpt":{"rendered":"<p>Kahepoolsetel Noheva t\u00f6\u00f6treppidel on mahukas alumiiniumplaat, mille pind tagab suurep\u00e4rase haarde isegi v\u00e4lit\u00f6\u00f6del.<br \/>\nT\u00f6\u00f6treppide suur alumiiniumplatvorm on valmistatud \u00fchest t\u00fckist, tagades platvormi tugevuse ja ohutuse. Selle trepi t\u00f5usunurk on 20\u00b0, mis on meie teiste mudelitega v\u00f5rreldes pehmem.<\/p>\n<p><img loading=\"lazy\" decoding=\"async\" class=\"alignnone size-medium wp-image-27957\" src=\"https:\/\/factory.sale\/wp-content\/uploads\/2023\/05\/made-in-finland-300x240.png\" alt=\"\" width=\"300\" height=\"240\" srcset=\"https:\/\/factory.sale\/wp-content\/uploads\/2023\/05\/made-in-finland-300x240.png 300w, https:\/\/factory.sale\/wp-content\/uploads\/2023\/05\/made-in-finland-150x120.png 150w, https:\/\/factory.sale\/wp-content\/uploads\/2023\/05\/made-in-finland-600x480.png 600w, https:\/\/factory.sale\/wp-content\/uploads\/2023\/05\/made-in-finland.png 750w\" sizes=\"auto, (max-width: 300px) 100vw, 300px\" \/><\/p>\n","protected":false},"featured_media":83934,"comment_status":"open","ping_status":"closed","template":"","meta":{"_acf_changed":false},"factory":[],"free-shipment":[],"product_brand":[],"product_cat":[2855,1041],"product_tag":[313],"class_list":{"0":"post-83939","1":"product","2":"type-product","3":"status-publish","4":"has-post-thumbnail","6":"product_cat-redelid-ja-tellingud","7":"product_cat-tooriistad-ja-tarvikud","8":"product_tag-tools-et-2","10":"first","11":"instock","12":"sale","13":"taxable","14":"shipping-taxable","15":"purchasable","16":"product-type-simple"},"acf":[],"_links":{"self":[{"href":"https:\/\/factory.sale\/et\/wp-json\/wp\/v2\/product\/83939","targetHints":{"allow":["GET"]}}],"collection":[{"href":"https:\/\/factory.sale\/et\/wp-json\/wp\/v2\/product"}],"about":[{"href":"https:\/\/factory.sale\/et\/wp-json\/wp\/v2\/types\/product"}],"replies":[{"embeddable":true,"href":"https:\/\/factory.sale\/et\/wp-json\/wp\/v2\/comments?post=83939"}],"wp:featuredmedia":[{"embeddable":true,"href":"https:\/\/factory.sale\/et\/wp-json\/wp\/v2\/media\/83934"}],"wp:attachment":[{"href":"https:\/\/factory.sale\/et\/wp-json\/wp\/v2\/media?parent=83939"}],"wp:term":[{"taxonomy":"factory","embeddable":true,"href":"https:\/\/factory.sale\/et\/wp-json\/wp\/v2\/factory?post=83939"},{"taxonomy":"free-shipment","embeddable":true,"href":"https:\/\/factory.sale\/et\/wp-json\/wp\/v2\/free-shipment?post=83939"},{"taxonomy":"product_brand","embeddable":true,"href":"https:\/\/factory.sale\/et\/wp-json\/wp\/v2\/product_brand?post=83939"},{"taxonomy":"product_cat","embeddable":true,"href":"https:\/\/factory.sale\/et\/wp-json\/wp\/v2\/product_cat?post=83939"},{"taxonomy":"product_tag","embeddable":true,"href":"https:\/\/factory.sale\/et\/wp-json\/wp\/v2\/product_tag?post=83939"}],"curies":[{"name":"wp","href":"https:\/\/api.w.org\/{rel}","templated":true}]}}