{"id":83927,"date":"2024-04-13T11:33:58","date_gmt":"2024-04-14T17:53:08","guid":{"rendered":"https:\/\/factory.sale\/?post_type=product&#038;p=83927"},"modified":"2025-01-03T00:57:38","modified_gmt":"2025-01-02T21:57:38","slug":"2-poolsed-treppredelid","status":"publish","type":"product","link":"https:\/\/factory.sale\/et\/toode\/2-poolsed-treppredelid\/","title":{"rendered":"2-poolsed treppredelid"},"content":{"rendered":"<div class=\"responsive-table\">\n<p>Tugev ja kokkupandav treppredel sobib ideaalselt ehitusplatsi kasutamiseks. See aastak\u00fcmnete pikkune kestev lemmik meie valikus on loodud vastu pidama tugevale kasutusele. Neid on kasutatud tavap\u00e4raste maalimis-, krohvimis- ja paigaldust\u00f6\u00f6de k\u00f5rval ka t\u00f6\u00f6lauana ja saagimislauana.<\/p>\n<p>Heaks ja turvalisust suurendavaks alternatiiviks treppredelile on kuni 760 mm laiused Retee-tasoredelid &#8211; eriti juhul, kui vaigu soovitakse lisada kukkumiskaitsevarda ja rohkem k\u00f5rgust.<\/p>\n<p>&nbsp;<\/p>\n<p>Vastab Vna 205\/2009 n\u00f5uetele<br \/>\nT\u00f6\u00f6tasand on valmistatud vastupidavast ja ilmastikukindlast viiravanerist<br \/>\n80 mm s\u00fcgavad soonitud astmed<br \/>\nVaikude libisemisvastased padjad on valmistatud TPE-muovist, mis omab suurep\u00e4raseid haardumisomadusi<br \/>\nTurvaline nivellukustus<\/p>\n<p>&nbsp;<\/p>\n<table>\n<tbody>\n<tr>\n<td><strong>TOOTEKOOD<\/strong><\/td>\n<td><strong>ASTMED<\/strong><\/td>\n<td><strong>K\u00d5RGUS<\/strong><\/td>\n<td><strong>ALUMINE LAIUS<\/strong><\/td>\n<td><b>AVA ALL<\/b><\/td>\n<td><strong>KAAL<\/strong><\/td>\n<td><b>ASTMETE M\u00d5\u00d5DUD laius\/s\u00fcgavus<\/b><\/td>\n<td><strong>HIND<\/strong><\/td>\n<\/tr>\n<tr>\n<td>KRP-50\/70<\/td>\n<td>2 kpl<\/td>\n<td>50 cm<\/td>\n<td>84 cm<\/td>\n<td>53 cm<\/td>\n<td>8 kg<\/td>\n<td>70 cm x 30 cm<\/td>\n<td>214,69 \u20ac<\/td>\n<\/tr>\n<tr>\n<td>KRP-70\/70<\/td>\n<td>3 kpl<\/td>\n<td>70 cm<\/td>\n<td>93 cm<\/td>\n<td>65 cm<\/td>\n<td>9,5 kg<\/td>\n<td>70 cm x 30 cm<\/td>\n<td>241,84 \u20ac<\/td>\n<\/tr>\n<tr>\n<td>KRP-90\/70<\/td>\n<td>4 kpl<\/td>\n<td>90 cm<\/td>\n<td>101 cm<\/td>\n<td>75 cm<\/td>\n<td>11 kg<\/td>\n<td>70 cm x 30 cm<\/td>\n<td>296,95 \u20ac<\/td>\n<\/tr>\n<\/tbody>\n<\/table>\n<\/div>\n<p>&nbsp;<\/p>\n<p>&nbsp;<\/p>\n<p><a href=\"https:\/\/factory.sale\/wp-content\/uploads\/2024\/04\/redeli-juhised.pdf\" target=\"_blank\" rel=\"noopener\">Redeli ohutu kasutamise meelespea<\/a><\/p>\n","protected":false},"excerpt":{"rendered":"<p>2-poolse treppredeli t\u00f6\u00f6tasand on valmistatud \u00fchest t\u00fckist, mis muudab redeli isegi suurema mehe kasutamisel t\u00f5eliselt tugevaks ja mittev\u00e4risevaks. See mudel on professionaalide eelistus.<\/p>\n<p><img loading=\"lazy\" decoding=\"async\" class=\"alignnone size-medium wp-image-27957\" src=\"https:\/\/factory.sale\/wp-content\/uploads\/2023\/05\/made-in-finland-300x240.png\" alt=\"\" width=\"300\" height=\"240\" srcset=\"https:\/\/factory.sale\/wp-content\/uploads\/2023\/05\/made-in-finland-300x240.png 300w, https:\/\/factory.sale\/wp-content\/uploads\/2023\/05\/made-in-finland-150x120.png 150w, https:\/\/factory.sale\/wp-content\/uploads\/2023\/05\/made-in-finland-600x480.png 600w, https:\/\/factory.sale\/wp-content\/uploads\/2023\/05\/made-in-finland.png 750w\" sizes=\"auto, (max-width: 300px) 100vw, 300px\" \/><\/p>\n","protected":false},"featured_media":83908,"comment_status":"open","ping_status":"closed","template":"","meta":{"_acf_changed":false},"factory":[],"free-shipment":[],"product_brand":[],"product_cat":[2855,1041],"product_tag":[],"class_list":{"0":"post-83927","1":"product","2":"type-product","3":"status-publish","4":"has-post-thumbnail","6":"product_cat-redelid-ja-tellingud","7":"product_cat-tooriistad-ja-tarvikud","9":"first","10":"instock","11":"sale","12":"taxable","13":"shipping-taxable","14":"purchasable","15":"product-type-simple"},"acf":[],"_links":{"self":[{"href":"https:\/\/factory.sale\/et\/wp-json\/wp\/v2\/product\/83927","targetHints":{"allow":["GET"]}}],"collection":[{"href":"https:\/\/factory.sale\/et\/wp-json\/wp\/v2\/product"}],"about":[{"href":"https:\/\/factory.sale\/et\/wp-json\/wp\/v2\/types\/product"}],"replies":[{"embeddable":true,"href":"https:\/\/factory.sale\/et\/wp-json\/wp\/v2\/comments?post=83927"}],"wp:featuredmedia":[{"embeddable":true,"href":"https:\/\/factory.sale\/et\/wp-json\/wp\/v2\/media\/83908"}],"wp:attachment":[{"href":"https:\/\/factory.sale\/et\/wp-json\/wp\/v2\/media?parent=83927"}],"wp:term":[{"taxonomy":"factory","embeddable":true,"href":"https:\/\/factory.sale\/et\/wp-json\/wp\/v2\/factory?post=83927"},{"taxonomy":"free-shipment","embeddable":true,"href":"https:\/\/factory.sale\/et\/wp-json\/wp\/v2\/free-shipment?post=83927"},{"taxonomy":"product_brand","embeddable":true,"href":"https:\/\/factory.sale\/et\/wp-json\/wp\/v2\/product_brand?post=83927"},{"taxonomy":"product_cat","embeddable":true,"href":"https:\/\/factory.sale\/et\/wp-json\/wp\/v2\/product_cat?post=83927"},{"taxonomy":"product_tag","embeddable":true,"href":"https:\/\/factory.sale\/et\/wp-json\/wp\/v2\/product_tag?post=83927"}],"curies":[{"name":"wp","href":"https:\/\/api.w.org\/{rel}","templated":true}]}}