{"id":83899,"date":"2024-04-13T10:24:47","date_gmt":"2024-04-13T10:36:09","guid":{"rendered":"https:\/\/factory.sale\/?post_type=product&#038;p=83899"},"modified":"2025-01-02T14:28:03","modified_gmt":"2025-01-02T11:28:03","slug":"3-osalised-kombineeritud-redelid","status":"publish","type":"product","link":"https:\/\/factory.sale\/et\/toode\/3-osalised-kombineeritud-redelid\/","title":{"rendered":"3-osalised kombineeritud redelid"},"content":{"rendered":"<p>Kombinatsioonredelite keerduj\u00e4ikus on tagatud, kasutades k\u00fcljepiiretes keerdu j\u00e4ikat kastiprofiili. Poolte s\u00fcgavalt soonitud astmepinnad on horisontaalsed, kui redelid on kasutusasendis. See muudab redeli mugavaks kasutada ja nojatikkadele on turvaline nojakulma lihtne leida.<\/p>\n<p>&nbsp;<\/p>\n<p>Vastab EN-131 standardile<br \/>\nK\u00fcljepiirete s\u00fcgavus: 30 mm<br \/>\nAstmed on k\u00fcljepiiretesse tuuleriiviga kinnitatud<br \/>\nAlatukipalk kuulub standardvarustusse<br \/>\nRedeli libisemisvastased padjad on valmistatud TPE plastikust, millel on suurep\u00e4rased haardumisomadused<\/p>\n<p>&nbsp;<\/p>\n<div class=\"responsive-table\">\n<table>\n<tbody>\n<tr>\n<td><strong>TOOTEKOOD<\/strong><\/td>\n<td><strong>ASTMEID<\/strong><\/td>\n<td><strong>PIKKUS<\/strong><\/td>\n<td><strong>ALUMISE TUGITALA LAIUS<\/strong><\/td>\n<td><strong>KAAL<\/strong><\/td>\n<td><strong>MAX. SEISEMISE K\u00d5RGUS A-REDELIL<\/strong><\/td>\n<td><strong>\u00dcLDPIKKUS REDELINA<\/strong><\/td>\n<td><strong>KOGUPIKKUS KALDREDELINA<\/strong><\/td>\n<td><b>HIND<\/b><\/td>\n<\/tr>\n<tr>\n<td>KTY-360<\/td>\n<td>3 X 8 kpl<\/td>\n<td>48 cm<\/td>\n<td>110 cm<\/td>\n<td>16,5 kg<\/td>\n<td>209 cm<\/td>\n<td>583 cm<\/td>\n<td>248 cm<\/td>\n<td>480.39 \u20ac<\/td>\n<\/tr>\n<tr>\n<td>KTY-375<\/td>\n<td>3 X 10 kpl<\/td>\n<td>48 cm<\/td>\n<td>130 cm<\/td>\n<td>27 kg<\/td>\n<td>268 cm<\/td>\n<td>753 cm<\/td>\n<td>304 cm<\/td>\n<td>625.16 \u20ac<\/td>\n<\/tr>\n<tr>\n<td>KTY-390<\/td>\n<td>3 X 12 kpl<\/td>\n<td>48 cm<\/td>\n<td>140 cm<\/td>\n<td>28,5 kg<\/td>\n<td>322 cm<\/td>\n<td>893 cm<\/td>\n<td>360 cm<\/td>\n<td>755.13 \u20ac<\/td>\n<\/tr>\n<\/tbody>\n<\/table>\n<\/div>\n<p>&nbsp;<\/p>\n<p><a href=\"https:\/\/factory.sale\/wp-content\/uploads\/2024\/04\/redeli-juhised.pdf\" target=\"_blank\" rel=\"noopener\">Redeli ohutu kasutamise meelespea<\/a><\/p>\n<p><a href=\"https:\/\/factory.sale\/wp-content\/uploads\/2024\/04\/universaalredelid_manuaal.pdf\" target=\"_blank\" rel=\"noopener\">Redeli kasutusjuhend<\/a><\/p>\n<p>&nbsp;<\/p>\n","protected":false},"excerpt":{"rendered":"<p>Kombinatsioonredelid on mitmek\u00fclgsed mitmeotstarbelised redelid, mida saab kasutada nii A-redelitena kui ka nojatikkadena. Redelite keerduj\u00e4ikus on tagatud, kasutades raamis keerdu j\u00e4ikat kastiprofiili. Kombinatsioonredelid saab kasutada nii nojatikkadena kui ka vabalt seisvatena redelitena. Kombinatsioonredelite standardvarustusse kuulub alatukipalk, mis takistab redelite kummuli kukkumist.<\/p>\n<p><img loading=\"lazy\" decoding=\"async\" class=\"alignnone size-medium wp-image-27957\" src=\"https:\/\/factory.sale\/wp-content\/uploads\/2023\/05\/made-in-finland-300x240.png\" alt=\"\" width=\"300\" height=\"240\" srcset=\"https:\/\/factory.sale\/wp-content\/uploads\/2023\/05\/made-in-finland-300x240.png 300w, https:\/\/factory.sale\/wp-content\/uploads\/2023\/05\/made-in-finland-150x120.png 150w, https:\/\/factory.sale\/wp-content\/uploads\/2023\/05\/made-in-finland-600x480.png 600w, https:\/\/factory.sale\/wp-content\/uploads\/2023\/05\/made-in-finland.png 750w\" sizes=\"auto, (max-width: 300px) 100vw, 300px\" \/><\/p>\n","protected":false},"featured_media":83897,"comment_status":"open","ping_status":"closed","template":"","meta":{"_acf_changed":false},"factory":[],"free-shipment":[],"product_brand":[],"product_cat":[2855,1041],"product_tag":[313],"class_list":{"0":"post-83899","1":"product","2":"type-product","3":"status-publish","4":"has-post-thumbnail","6":"product_cat-redelid-ja-tellingud","7":"product_cat-tooriistad-ja-tarvikud","8":"product_tag-tools-et-2","10":"first","11":"instock","12":"sale","13":"taxable","14":"shipping-taxable","15":"purchasable","16":"product-type-simple"},"acf":[],"_links":{"self":[{"href":"https:\/\/factory.sale\/et\/wp-json\/wp\/v2\/product\/83899","targetHints":{"allow":["GET"]}}],"collection":[{"href":"https:\/\/factory.sale\/et\/wp-json\/wp\/v2\/product"}],"about":[{"href":"https:\/\/factory.sale\/et\/wp-json\/wp\/v2\/types\/product"}],"replies":[{"embeddable":true,"href":"https:\/\/factory.sale\/et\/wp-json\/wp\/v2\/comments?post=83899"}],"wp:featuredmedia":[{"embeddable":true,"href":"https:\/\/factory.sale\/et\/wp-json\/wp\/v2\/media\/83897"}],"wp:attachment":[{"href":"https:\/\/factory.sale\/et\/wp-json\/wp\/v2\/media?parent=83899"}],"wp:term":[{"taxonomy":"factory","embeddable":true,"href":"https:\/\/factory.sale\/et\/wp-json\/wp\/v2\/factory?post=83899"},{"taxonomy":"free-shipment","embeddable":true,"href":"https:\/\/factory.sale\/et\/wp-json\/wp\/v2\/free-shipment?post=83899"},{"taxonomy":"product_brand","embeddable":true,"href":"https:\/\/factory.sale\/et\/wp-json\/wp\/v2\/product_brand?post=83899"},{"taxonomy":"product_cat","embeddable":true,"href":"https:\/\/factory.sale\/et\/wp-json\/wp\/v2\/product_cat?post=83899"},{"taxonomy":"product_tag","embeddable":true,"href":"https:\/\/factory.sale\/et\/wp-json\/wp\/v2\/product_tag?post=83899"}],"curies":[{"name":"wp","href":"https:\/\/api.w.org\/{rel}","templated":true}]}}