{"id":83884,"date":"2024-04-13T09:32:51","date_gmt":"2024-04-13T09:42:03","guid":{"rendered":"https:\/\/factory.sale\/?post_type=product&#038;p=83884"},"modified":"2025-01-02T14:34:59","modified_gmt":"2025-01-02T11:34:59","slug":"2-osalised-kombineeritud-redelid","status":"publish","type":"product","link":"https:\/\/factory.sale\/et\/toode\/2-osalised-kombineeritud-redelid\/","title":{"rendered":"2-osalised kombineeritud redelid"},"content":{"rendered":"<p>Kombinatsioonredelid saab kasutada nii nojatikkadena kui ka vabalt seisvatena redelitena. Kombinatsioonredelite standardvarustusse kuulub alatukipalk, mis takistab redelite kummuli kukkumist.<br \/>\nKombinatsioonredelite keerduj\u00e4ikus on tagatud, kasutades k\u00fcljepiiretes kastiprofiili. Astmelauad on k\u00fcljepiiretesse tuuleriiviga kinnitatud ja nende s\u00fcgavalt soonitud pinnad on horisontaalsed, kui redelid on kasutusasendis. See muudab redeli mugavaks kasutada ja tagab, et nojatikkade turvaline toestusnurk leitakse lihtsalt.<\/p>\n<p>Vastab EN-131 standardile<br \/>\nK\u00fcljepiirete s\u00fcgavus: 30 mm<br \/>\nAstmed on k\u00fcljepiiretesse tuuleriiviga kinnitatud<br \/>\nAlatukipalk kuulub standardvarustusse<br \/>\nRedeli libisemisvastased padjad on valmistatud TPE plastikust, millel on suurep\u00e4rased haardumisomadused<\/p>\n<p>&nbsp;<\/p>\n<div class=\"responsive-table\">\n<table>\n<tbody>\n<tr>\n<td><strong>TOOTEKOOD<\/strong><\/td>\n<td><b>PIKKUS<\/b><\/td>\n<td><strong>ASTMEPULKI<\/strong><\/td>\n<td><strong>LAIUS<\/strong><\/td>\n<td><strong>ALUMISE TUGITALA LAIUS<\/strong><\/td>\n<td><strong>KAAL<\/strong><\/td>\n<td><strong>KOGUPIKKUS KALDREDELINA<\/strong><\/td>\n<td><strong>MAX SEISUK\u00d5RGUS A-REDELINA<\/strong><\/td>\n<td><strong>HIND<\/strong><\/td>\n<\/tr>\n<tr>\n<td>KTY-241<\/td>\n<td>248 cm<\/td>\n<td>2 X 8 kpl<\/td>\n<td>42 cm<\/td>\n<td>90 cm<\/td>\n<td>9,5 kg<\/td>\n<td>416 cm<\/td>\n<td>157 cm<\/td>\n<td>263.23 \u20ac<\/td>\n<\/tr>\n<tr>\n<td>KTY-250<\/td>\n<td>304 cm<\/td>\n<td>2 X 10 kpl<\/td>\n<td>42 cm<\/td>\n<td>95 cm<\/td>\n<td>12 kg<\/td>\n<td>500 cm<\/td>\n<td>214 cm<\/td>\n<td>304.35 \u20ac<\/td>\n<\/tr>\n<tr>\n<td>KTY-261<\/td>\n<td>360 cm<\/td>\n<td>2 X 12 kpl<\/td>\n<td>45,5 cm<\/td>\n<td>110 cm<\/td>\n<td>15,5 kg<\/td>\n<td>613 cm<\/td>\n<td>268 cm<\/td>\n<td>378.39 \u20ac<\/td>\n<\/tr>\n<\/tbody>\n<\/table>\n<\/div>\n<p><a href=\"https:\/\/factory.sale\/wp-content\/uploads\/2024\/04\/redeli-juhised.pdf\" target=\"_blank\" rel=\"noopener\">Redeli ohutu kasutamise meelespea<\/a><\/p>\n<p><a href=\"https:\/\/factory.sale\/wp-content\/uploads\/2024\/04\/universaalredelid_manuaal.pdf\" target=\"_blank\" rel=\"noopener\">Redeli kasutusjuhend<\/a><\/p>\n","protected":false},"excerpt":{"rendered":"<p>Kombinatsioonredelid on mitmek\u00fclgsed mitmeotstarbelised redelid, mida saab kasutada nii A-redelitena kui ka nojatikkadena. Need professionaalseks kasutamiseks m\u00f5eldud redelid on absoluutne valik n\u00e4iteks elamute igak\u00fclgseteks redeliteks.<\/p>\n<p><img loading=\"lazy\" decoding=\"async\" class=\"alignnone size-medium wp-image-27957\" src=\"https:\/\/factory.sale\/wp-content\/uploads\/2023\/05\/made-in-finland-300x240.png\" alt=\"\" width=\"300\" height=\"240\" srcset=\"https:\/\/factory.sale\/wp-content\/uploads\/2023\/05\/made-in-finland-300x240.png 300w, https:\/\/factory.sale\/wp-content\/uploads\/2023\/05\/made-in-finland-150x120.png 150w, https:\/\/factory.sale\/wp-content\/uploads\/2023\/05\/made-in-finland-600x480.png 600w, https:\/\/factory.sale\/wp-content\/uploads\/2023\/05\/made-in-finland.png 750w\" sizes=\"auto, (max-width: 300px) 100vw, 300px\" \/><\/p>\n","protected":false},"featured_media":83879,"comment_status":"open","ping_status":"closed","template":"","meta":{"_acf_changed":false},"factory":[],"free-shipment":[],"product_brand":[],"product_cat":[2855,1041],"product_tag":[313],"class_list":{"0":"post-83884","1":"product","2":"type-product","3":"status-publish","4":"has-post-thumbnail","6":"product_cat-redelid-ja-tellingud","7":"product_cat-tooriistad-ja-tarvikud","8":"product_tag-tools-et-2","10":"first","11":"instock","12":"sale","13":"taxable","14":"shipping-taxable","15":"purchasable","16":"product-type-simple"},"acf":[],"_links":{"self":[{"href":"https:\/\/factory.sale\/et\/wp-json\/wp\/v2\/product\/83884","targetHints":{"allow":["GET"]}}],"collection":[{"href":"https:\/\/factory.sale\/et\/wp-json\/wp\/v2\/product"}],"about":[{"href":"https:\/\/factory.sale\/et\/wp-json\/wp\/v2\/types\/product"}],"replies":[{"embeddable":true,"href":"https:\/\/factory.sale\/et\/wp-json\/wp\/v2\/comments?post=83884"}],"wp:featuredmedia":[{"embeddable":true,"href":"https:\/\/factory.sale\/et\/wp-json\/wp\/v2\/media\/83879"}],"wp:attachment":[{"href":"https:\/\/factory.sale\/et\/wp-json\/wp\/v2\/media?parent=83884"}],"wp:term":[{"taxonomy":"factory","embeddable":true,"href":"https:\/\/factory.sale\/et\/wp-json\/wp\/v2\/factory?post=83884"},{"taxonomy":"free-shipment","embeddable":true,"href":"https:\/\/factory.sale\/et\/wp-json\/wp\/v2\/free-shipment?post=83884"},{"taxonomy":"product_brand","embeddable":true,"href":"https:\/\/factory.sale\/et\/wp-json\/wp\/v2\/product_brand?post=83884"},{"taxonomy":"product_cat","embeddable":true,"href":"https:\/\/factory.sale\/et\/wp-json\/wp\/v2\/product_cat?post=83884"},{"taxonomy":"product_tag","embeddable":true,"href":"https:\/\/factory.sale\/et\/wp-json\/wp\/v2\/product_tag?post=83884"}],"curies":[{"name":"wp","href":"https:\/\/api.w.org\/{rel}","templated":true}]}}