{"id":83850,"date":"2024-04-11T20:33:09","date_gmt":"2024-04-11T20:43:51","guid":{"rendered":"https:\/\/factory.sale\/?post_type=product&#038;p=83850"},"modified":"2025-01-02T14:43:57","modified_gmt":"2025-01-02T11:43:57","slug":"2-osalised-lukandredelid","status":"publish","type":"product","link":"https:\/\/factory.sale\/et\/toode\/2-osalised-lukandredelid\/","title":{"rendered":"2-osalised l\u00fckandredelid"},"content":{"rendered":"<p>Pikendatavate toetavate redelite keerduj\u00e4ikus on tagatud kasutades k\u00fcljepiiretes kastiprofiili. Poolte s\u00fcgavalt soonitud astmepinnad on horisontaalsed, kui redelid on kasutusasendis. See muudab redelid mugavaks kasutada ja kindlustab, et ohutu toetamisnurk leitakse vaevata.<\/p>\n<p>Poolte s\u00fcgavus: 30 mm<br \/>\nAstmelauad on k\u00fcljepiiretesse tuuleriiviga kinnitatud<br \/>\nRedeli libisemisvastased padjad on valmistatud TPE plastikust, millel on suurep\u00e4rased haardumisomadused<br \/>\nRedelid vastavad EN-131 standardile, kui need on varustatud alatoepalgiga<\/p>\n<p>&nbsp;<\/p>\n<table width=\"675\">\n<tbody>\n<tr>\n<td><strong>Tootekood<\/strong><\/td>\n<td><strong>Transpordi pikkus<\/strong><\/td>\n<td><strong>Sammu k\u00fcljed<\/strong><\/td>\n<td><strong>Laius<br \/>\n<\/strong><\/td>\n<td><strong>Kaal<\/strong><\/td>\n<td><strong>\u00dcldpikkus<\/strong><\/td>\n<td><b>Sobiv alumine tugitala<\/b><br \/>\n<strong>(lisavarustus)<\/strong><\/td>\n<td><strong>Hind<\/strong><\/td>\n<\/tr>\n<tr>\n<td>KTS-241<\/td>\n<td>241 cm<\/td>\n<td>2 x 8 kpl<\/td>\n<td>42 cm<\/td>\n<td>8,5 kg<\/td>\n<td>409 cm<\/td>\n<td>90 cm<\/td>\n<td>194,95 \u00a0\u20ac<\/td>\n<\/tr>\n<tr>\n<td>KTS-250<\/td>\n<td>297cm<\/td>\n<td>2 x 10 kpl<\/td>\n<td>42 cm<\/td>\n<td>11 kg<\/td>\n<td>520 cm<\/td>\n<td>95 cm<\/td>\n<td>232,79 \u20ac<\/td>\n<\/tr>\n<tr>\n<td>KTS-261<\/td>\n<td>353 cm<\/td>\n<td>2 x 12 kpl<\/td>\n<td>45,5 cm<\/td>\n<td>14,5 kg<\/td>\n<td>630 cm<\/td>\n<td>110 cm<\/td>\n<td>304,35 \u20ac<\/td>\n<\/tr>\n<tr>\n<td>KTS-272<\/td>\n<td>411 cm<\/td>\n<td>2 x 14 kpl<\/td>\n<td>45,5 cm<\/td>\n<td>15,7 kg<\/td>\n<td>726 cm<\/td>\n<td>120 cm<\/td>\n<td>330,68 \u20ac<\/td>\n<\/tr>\n<tr>\n<td>KTS-284<\/td>\n<td>467 cm<\/td>\n<td>2 x 16 kpl<\/td>\n<td>45,5 cm<\/td>\n<td>20 kg<\/td>\n<td>838 cm<\/td>\n<td>130 cm<\/td>\n<td>435,97 \u20ac<\/td>\n<\/tr>\n<\/tbody>\n<\/table>\n<p>&nbsp;<\/p>\n<p><a href=\"https:\/\/factory.sale\/wp-content\/uploads\/2024\/04\/redeli-juhised.pdf\" target=\"_blank\" rel=\"noopener\">Redeli ohutu kasutamise meelespea<\/a><\/p>\n<p><a href=\"https:\/\/factory.sale\/wp-content\/uploads\/2024\/04\/lukandredel_kts_est-1.pdf\" target=\"_blank\" rel=\"noopener\">Kasutusjuhend<\/a><\/p>\n","protected":false},"excerpt":{"rendered":"<p>2-osaliste toetavate redelite keerduj\u00e4ikus on tagatud kasutades redeli raamis kastiprofiili. Need pikendatavad professionaalsed redelid ei paindu isegi intensiivsel kasutamisel.<\/p>\n<p><img loading=\"lazy\" decoding=\"async\" class=\"alignnone size-medium wp-image-27957\" src=\"https:\/\/factory.sale\/wp-content\/uploads\/2023\/05\/made-in-finland-300x240.png\" alt=\"\" width=\"300\" height=\"240\" srcset=\"https:\/\/factory.sale\/wp-content\/uploads\/2023\/05\/made-in-finland-300x240.png 300w, https:\/\/factory.sale\/wp-content\/uploads\/2023\/05\/made-in-finland-150x120.png 150w, https:\/\/factory.sale\/wp-content\/uploads\/2023\/05\/made-in-finland-600x480.png 600w, https:\/\/factory.sale\/wp-content\/uploads\/2023\/05\/made-in-finland.png 750w\" sizes=\"auto, (max-width: 300px) 100vw, 300px\" \/><\/p>\n","protected":false},"featured_media":83842,"comment_status":"open","ping_status":"closed","template":"","meta":{"_acf_changed":false},"factory":[],"free-shipment":[],"product_brand":[],"product_cat":[2855,1041],"product_tag":[],"class_list":{"0":"post-83850","1":"product","2":"type-product","3":"status-publish","4":"has-post-thumbnail","6":"product_cat-redelid-ja-tellingud","7":"product_cat-tooriistad-ja-tarvikud","9":"first","10":"instock","11":"sale","12":"taxable","13":"shipping-taxable","14":"purchasable","15":"product-type-simple"},"acf":[],"_links":{"self":[{"href":"https:\/\/factory.sale\/et\/wp-json\/wp\/v2\/product\/83850","targetHints":{"allow":["GET"]}}],"collection":[{"href":"https:\/\/factory.sale\/et\/wp-json\/wp\/v2\/product"}],"about":[{"href":"https:\/\/factory.sale\/et\/wp-json\/wp\/v2\/types\/product"}],"replies":[{"embeddable":true,"href":"https:\/\/factory.sale\/et\/wp-json\/wp\/v2\/comments?post=83850"}],"wp:featuredmedia":[{"embeddable":true,"href":"https:\/\/factory.sale\/et\/wp-json\/wp\/v2\/media\/83842"}],"wp:attachment":[{"href":"https:\/\/factory.sale\/et\/wp-json\/wp\/v2\/media?parent=83850"}],"wp:term":[{"taxonomy":"factory","embeddable":true,"href":"https:\/\/factory.sale\/et\/wp-json\/wp\/v2\/factory?post=83850"},{"taxonomy":"free-shipment","embeddable":true,"href":"https:\/\/factory.sale\/et\/wp-json\/wp\/v2\/free-shipment?post=83850"},{"taxonomy":"product_brand","embeddable":true,"href":"https:\/\/factory.sale\/et\/wp-json\/wp\/v2\/product_brand?post=83850"},{"taxonomy":"product_cat","embeddable":true,"href":"https:\/\/factory.sale\/et\/wp-json\/wp\/v2\/product_cat?post=83850"},{"taxonomy":"product_tag","embeddable":true,"href":"https:\/\/factory.sale\/et\/wp-json\/wp\/v2\/product_tag?post=83850"}],"curies":[{"name":"wp","href":"https:\/\/api.w.org\/{rel}","templated":true}]}}