{"id":83834,"date":"2024-04-11T10:59:45","date_gmt":"2024-04-11T11:07:27","guid":{"rendered":"https:\/\/factory.sale\/?post_type=product&#038;p=83834"},"modified":"2025-01-02T14:19:32","modified_gmt":"2025-01-02T11:19:32","slug":"laiad-retee-tasapinnaredelid","status":"publish","type":"product","link":"https:\/\/factory.sale\/et\/toode\/laiad-retee-tasapinnaredelid\/","title":{"rendered":"Laiad retee &#8211; tasapinnaredelid"},"content":{"rendered":"<p>Retee-redelite t\u00f6\u00f6tasapind pakub k\u00fcllaldaselt liikumisruumi k\u00fclgsuunas ja on laiem kui meie valmistatud ehituspukid. Vaatamata oma laiusele on redelid kerged ja v\u00e4ga stabiilsed. T\u00f6\u00f6tasapinna augustatud pind pakub suurep\u00e4rast haarduvust. Ovaalsed augud on kavandatud nii, et t\u00f6\u00f6tamise ajal tasapinnale sattunud vesi saaks valguda \u00e4ra, takistades seel\u00e4bi veekihi tekkimist pinnale.<\/p>\n<p>Redelite \u00fclaosas on tarvikukast, kuhu saab t\u00f6\u00f6tamise ajaks asetada v\u00e4iksemaid tarvikuid, nagu nuga, pliiats ja kruvikeeraja.<\/p>\n<p>Redelid on ohutud kasutada, kui neid kasutatakse \u00f5igesti. Palun tutvuge enne redelite kasutuselev\u00f5ttu redelite ohutu kasutamise juhistega.<\/p>\n<p>T\u00f6\u00f6tasapind on augustatud, augud s\u00fcvavormitud 760 x 400 mm<br \/>\nP\u00f5lvetoe k\u00f5rgus 640 mm<br \/>\nVastab VNa-205\/2009 n\u00f5uetele (platvormi k\u00f5rgustes \u00fcle 1 meetri tuleb valida P-mudel)<br \/>\nVastab ehitusettev\u00f5tete redelin\u00f5uetele (platvormi k\u00f5rgustes \u00fcle 1 meetri tuleb valida P-mudel)<br \/>\nVastab EN-131 standardile<br \/>\n80 mm s\u00fcgavad, soonega astmed<br \/>\nRedelite libisemisvastased padjad on valmistatud TPE plastikust, millel on suurep\u00e4rased haardumisomadused<\/p>\n<p>&nbsp;<\/p>\n<p>&nbsp;<\/p>\n<p>&nbsp;<\/p>\n<table>\n<tbody>\n<tr>\n<td><strong>Tootekood<\/strong><\/td>\n<td><strong>Astmed<\/strong><\/td>\n<td><strong>Level<\/strong><\/td>\n<td><strong>K\u00f5rgus<\/strong><\/td>\n<td><strong>Avamine all<\/strong><\/td>\n<td><strong>Kaal <\/strong><\/td>\n<td><strong>Transpordi pikkus<\/strong><\/td>\n<td><strong>VNA 205\/2009<\/strong><\/td>\n<td><strong>Hind<\/strong><\/td>\n<\/tr>\n<tr>\n<td>RETEE-4<\/td>\n<td>4 kpl<\/td>\n<td>94 cm<\/td>\n<td>93,50 cm<\/td>\n<td>99 cm<\/td>\n<td>12,5 kg<\/td>\n<td>171,5 cm<\/td>\n<td>ok<\/td>\n<td>308.47 \u20ac<\/td>\n<\/tr>\n<tr>\n<td>RETEE-5<\/td>\n<td>5 kpl<\/td>\n<td>120 cm<\/td>\n<td>96,50 cm<\/td>\n<td>116 cm<\/td>\n<td>14 kg<\/td>\n<td>199 cm<\/td>\n<td>\u2013<\/td>\n<td>341.37 \u20ac<\/td>\n<\/tr>\n<tr>\n<td>RETEE-5 P<\/td>\n<td>5 kpl<\/td>\n<td>126 cm<\/td>\n<td>120 cm<\/td>\n<td>118 cm<\/td>\n<td>17 kg<\/td>\n<td>203 cm<\/td>\n<td>ok<\/td>\n<td>449.95 \u20ac<\/td>\n<\/tr>\n<tr>\n<td>RETEE-6<\/td>\n<td>6 kpl<\/td>\n<td>144 cm<\/td>\n<td>99,50 cm<\/td>\n<td>135 cm<\/td>\n<td>17 kg<\/td>\n<td>226 cm<\/td>\n<td>\u2013<\/td>\n<td>372.63 \u20ac<\/td>\n<\/tr>\n<tr>\n<td>RETEE-6 P<\/td>\n<td>6 kpl<\/td>\n<td>150 cm<\/td>\n<td>130 cm<\/td>\n<td>137 cm<\/td>\n<td>20 kg<\/td>\n<td>230 cm<\/td>\n<td>ok<\/td>\n<td>487.79 \u20ac<\/td>\n<\/tr>\n<\/tbody>\n<\/table>\n<p>&nbsp;<\/p>\n<p><a href=\"https:\/\/factory.sale\/wp-content\/uploads\/2024\/04\/redeli-juhised.pdf\" target=\"_blank\" rel=\"noopener\">Redeli ohutu kasutamise meelespea<\/a><\/p>\n","protected":false},"excerpt":{"rendered":"<p>Eriti laia, 76 cm t\u00f6\u00f6tasapinnaga varustatud Retee-tasapinnaredelid \u00fchendavad endas t\u00f6\u00f6pukkide ja redelite parimad omadused.<\/p>\n<p><img loading=\"lazy\" decoding=\"async\" class=\"alignnone size-medium wp-image-27957\" src=\"https:\/\/factory.sale\/wp-content\/uploads\/2023\/05\/made-in-finland-300x240.png\" alt=\"\" width=\"300\" height=\"240\" srcset=\"https:\/\/factory.sale\/wp-content\/uploads\/2023\/05\/made-in-finland-300x240.png 300w, https:\/\/factory.sale\/wp-content\/uploads\/2023\/05\/made-in-finland-150x120.png 150w, https:\/\/factory.sale\/wp-content\/uploads\/2023\/05\/made-in-finland-600x480.png 600w, https:\/\/factory.sale\/wp-content\/uploads\/2023\/05\/made-in-finland.png 750w\" sizes=\"auto, (max-width: 300px) 100vw, 300px\" \/><\/p>\n","protected":false},"featured_media":83826,"comment_status":"open","ping_status":"closed","template":"","meta":{"_acf_changed":false},"factory":[],"free-shipment":[],"product_brand":[],"product_cat":[2855,1041],"product_tag":[313],"class_list":{"0":"post-83834","1":"product","2":"type-product","3":"status-publish","4":"has-post-thumbnail","6":"product_cat-redelid-ja-tellingud","7":"product_cat-tooriistad-ja-tarvikud","8":"product_tag-tools-et-2","10":"first","11":"instock","12":"sale","13":"taxable","14":"shipping-taxable","15":"purchasable","16":"product-type-simple"},"acf":[],"_links":{"self":[{"href":"https:\/\/factory.sale\/et\/wp-json\/wp\/v2\/product\/83834","targetHints":{"allow":["GET"]}}],"collection":[{"href":"https:\/\/factory.sale\/et\/wp-json\/wp\/v2\/product"}],"about":[{"href":"https:\/\/factory.sale\/et\/wp-json\/wp\/v2\/types\/product"}],"replies":[{"embeddable":true,"href":"https:\/\/factory.sale\/et\/wp-json\/wp\/v2\/comments?post=83834"}],"wp:featuredmedia":[{"embeddable":true,"href":"https:\/\/factory.sale\/et\/wp-json\/wp\/v2\/media\/83826"}],"wp:attachment":[{"href":"https:\/\/factory.sale\/et\/wp-json\/wp\/v2\/media?parent=83834"}],"wp:term":[{"taxonomy":"factory","embeddable":true,"href":"https:\/\/factory.sale\/et\/wp-json\/wp\/v2\/factory?post=83834"},{"taxonomy":"free-shipment","embeddable":true,"href":"https:\/\/factory.sale\/et\/wp-json\/wp\/v2\/free-shipment?post=83834"},{"taxonomy":"product_brand","embeddable":true,"href":"https:\/\/factory.sale\/et\/wp-json\/wp\/v2\/product_brand?post=83834"},{"taxonomy":"product_cat","embeddable":true,"href":"https:\/\/factory.sale\/et\/wp-json\/wp\/v2\/product_cat?post=83834"},{"taxonomy":"product_tag","embeddable":true,"href":"https:\/\/factory.sale\/et\/wp-json\/wp\/v2\/product_tag?post=83834"}],"curies":[{"name":"wp","href":"https:\/\/api.w.org\/{rel}","templated":true}]}}