{"id":83819,"date":"2024-04-11T10:01:22","date_gmt":"2024-04-11T10:17:17","guid":{"rendered":"https:\/\/factory.sale\/?post_type=product&#038;p=83819"},"modified":"2025-01-02T13:51:51","modified_gmt":"2025-01-02T10:51:51","slug":"tt-tasapinnaredelid","status":"publish","type":"product","link":"https:\/\/factory.sale\/et\/toode\/tt-tasapinnaredelid\/","title":{"rendered":"TT- tasapinnaredelid"},"content":{"rendered":"<div class=\"responsive-table\">\n<p>TT-tasapinnaredelid on meie toodetud tasapinnaredelitest k\u00f5ige kergemad ja on m\u00f5eldud n\u00f5udlikuks professionaalseks kasutuseks. Nende kergus ja suur t\u00f6\u00f6platvorm teevad neist ideaalsed t\u00f6\u00f6kaaslased nii ehitusplatsil kui ka t\u00f6\u00f6stuses. T\u00f6\u00f6platvormi augustatud pind pakub suurep\u00e4rast haarduvust. Ovaalsed augud on kavandatud nii, et t\u00f6\u00f6tamise ajal platvormile sattunud vesi saaks valguda \u00e4ra, takistades seel\u00e4bi veekihi tekkimist pinnale.<\/p>\n<p>Redelitel on \u00fclaosas tarvikukast, kuhu saab t\u00f6\u00f6tamise ajaks asetada v\u00e4iksemaid tarvikuid, nagu nuga, pliiats ja kruvikeeraja.<br \/>\nVastab EN-131 standardile<br \/>\nVastab VNa-205\/2009 n\u00f5uetele (platvormi k\u00f5rgustes \u00fcle 1 meetri tuleb valida P-mudel)<br \/>\nVastab ehitusettev\u00f5tete redelin\u00f5uetele platvormi k\u00f5rgustes alla 151 cm (platvormi k\u00f5rgustes \u00fcle 1 meetri tuleb valida P-mudel)<br \/>\n80 mm s\u00fcgavad, soonega astmed<br \/>\nAstmed on k\u00fcljepiirdesse tuuleriiviga kinnitatud<br \/>\nT\u00f6\u00f6platvorm on augustatud, augud s\u00fcvavormitud 310 x 400 mm<br \/>\nP\u00f5lvetoe k\u00f5rgus 640 mm<br \/>\nRedeli libisemisvastased padjad on valmistatud TPE plastikust, millel on suurep\u00e4rased haardumisomadused<\/p>\n<p>&nbsp;<\/p>\n<table>\n<tbody>\n<tr>\n<td><strong>Tootekood<\/strong><\/td>\n<td><strong>Astmed<\/strong><\/td>\n<td><strong>Level<\/strong><\/td>\n<td><strong>K\u00f5rgus<\/strong><\/td>\n<td><strong>Avamine alla<\/strong><\/td>\n<td><strong>Kaal <\/strong><\/td>\n<td><strong>Transpordi pikkus<\/strong><\/td>\n<td><strong>Vna 205\/2009<\/strong><\/td>\n<td><strong>Hind<\/strong><\/td>\n<\/tr>\n<tr>\n<td>TT-103<\/td>\n<td>3 kpl<\/td>\n<td>68 cm<\/td>\n<td>46 cm<\/td>\n<td>82 cm<\/td>\n<td>7 kg<\/td>\n<td>143 cm<\/td>\n<td>ok<\/td>\n<td>144,78 \u00a0\u20ac<\/td>\n<\/tr>\n<tr>\n<td>TT-104<\/td>\n<td>4 kpl<\/td>\n<td>94 cm<\/td>\n<td>49 cm<\/td>\n<td>99 cm<\/td>\n<td>8 kg<\/td>\n<td>172 cm<\/td>\n<td>ok<\/td>\n<td>170,28 \u20ac<\/td>\n<\/tr>\n<tr>\n<td>TT-105<\/td>\n<td>5 kpl<\/td>\n<td>120 cm<\/td>\n<td>52 cm<\/td>\n<td>116 cm<\/td>\n<td>9 kg<\/td>\n<td>199 cm<\/td>\n<td>\u2013<\/td>\n<td>204,82 \u20ac<\/td>\n<\/tr>\n<tr>\n<td>TT-105 P<\/td>\n<td>5 kpl<\/td>\n<td>126 cm<\/td>\n<td>80 cm<\/td>\n<td>118 cm<\/td>\n<td>11 kg<\/td>\n<td>203 cm<\/td>\n<td>ok<\/td>\n<td>288,72 \u20ac<\/td>\n<\/tr>\n<tr>\n<td>TT-106<\/td>\n<td>6 kpl<\/td>\n<td>144 cm<\/td>\n<td>55 cm<\/td>\n<td>133 cm<\/td>\n<td>10,50 kg<\/td>\n<td>226 cm<\/td>\n<td>\u2013<\/td>\n<td>242,66 \u20ac<\/td>\n<\/tr>\n<tr>\n<td>TT-106 P<\/td>\n<td>6 kpl<\/td>\n<td>150 cm<\/td>\n<td>95 cm<\/td>\n<td>135 cm<\/td>\n<td>12,5 kg<\/td>\n<td>230 cm<\/td>\n<td>ok<\/td>\n<td>339,72 \u20ac<\/td>\n<\/tr>\n<tr>\n<td>TT-107<\/td>\n<td>7 kpl<\/td>\n<td>172 cm<\/td>\n<td>58 cm<\/td>\n<td>150 cm<\/td>\n<td>11,5 kg<\/td>\n<td>255 cm<\/td>\n<td>\u2013<\/td>\n<td>264,87 \u20ac<\/td>\n<\/tr>\n<tr>\n<td>TT-107 P<\/td>\n<td>7 kpl<\/td>\n<td>178 cm<\/td>\n<td>110 cm<\/td>\n<td>152 cm<\/td>\n<td>14,5 kg<\/td>\n<td>259 cm<\/td>\n<td>ok<\/td>\n<td>368,51 \u20ac<\/td>\n<\/tr>\n<tr>\n<td>TT-108<\/td>\n<td>8 kpl<\/td>\n<td>194 cm<\/td>\n<td>61 cm<\/td>\n<td>167 cm<\/td>\n<td>12,5 kg<\/td>\n<td>277 cm<\/td>\n<td>\u2013<\/td>\n<td>294,48 \u20ac<\/td>\n<\/tr>\n<tr>\n<td>TT-108 P<\/td>\n<td>8 kpl<\/td>\n<td>200 cm<\/td>\n<td>120 cm<\/td>\n<td>169 cm<\/td>\n<td>15,5 kg<\/td>\n<td>281 cm<\/td>\n<td>ok<\/td>\n<td>403,06 \u20ac<\/td>\n<\/tr>\n<tr>\n<td>TT-110*<\/td>\n<td>10 kpl<\/td>\n<td>250 cm<\/td>\n<td>67 cm<\/td>\n<td>201 cm<\/td>\n<td>14 kg<\/td>\n<td>339 cm<\/td>\n<td>\u2013<\/td>\n<td>357,82 \u20ac<\/td>\n<\/tr>\n<tr>\n<td><\/td>\n<td><\/td>\n<td><\/td>\n<td><\/td>\n<td><\/td>\n<td><\/td>\n<td><\/td>\n<td><\/td>\n<\/tr>\n<tr>\n<td>TT-112*<\/td>\n<td>12 kpl<\/td>\n<td>303 cm<\/td>\n<td>73 cm<\/td>\n<td>235 cm<\/td>\n<td>16 kg<\/td>\n<td>395 cm<\/td>\n<td>\u2013<\/td>\n<td>425,28 \u20ac<\/td>\n<\/tr>\n<tr>\n<td>TT-112P*<\/td>\n<td>12 kpl<\/td>\n<td>309 cm<\/td>\n<td>130 cm<\/td>\n<td>237 cm<\/td>\n<td>19 kg<\/td>\n<td>399 cm<\/td>\n<td>\u2013<\/td>\n<td>540,44 \u20ac<\/td>\n<\/tr>\n<\/tbody>\n<\/table>\n<\/div>\n<div class=\"responsive-table\"><\/div>\n<p>&nbsp;<\/p>\n<p><a href=\"https:\/\/factory.sale\/wp-content\/uploads\/2024\/04\/redeli-juhised.pdf\" target=\"_blank\" rel=\"noopener\">Redeli ohutu kasutamise meelespea<\/a><\/p>\n","protected":false},"excerpt":{"rendered":"<p>TT-tasapinnaredelid on k\u00f5ige populaarsem tasapinnaredeli mudel ehitusplatsidel, kui platvormi k\u00f5rgus on alla 150 cm. Need rasketeks professionaalseteks kasutusteks m\u00f5eldud redelid on kerged liigutada ja seisavad kindlalt paigal t\u00f6\u00f6tamisel.<\/p>\n<p><img loading=\"lazy\" decoding=\"async\" class=\"alignnone size-medium wp-image-27957\" src=\"https:\/\/factory.sale\/wp-content\/uploads\/2023\/05\/made-in-finland-300x240.png\" alt=\"\" width=\"300\" height=\"240\" srcset=\"https:\/\/factory.sale\/wp-content\/uploads\/2023\/05\/made-in-finland-300x240.png 300w, https:\/\/factory.sale\/wp-content\/uploads\/2023\/05\/made-in-finland-150x120.png 150w, https:\/\/factory.sale\/wp-content\/uploads\/2023\/05\/made-in-finland-600x480.png 600w, https:\/\/factory.sale\/wp-content\/uploads\/2023\/05\/made-in-finland.png 750w\" sizes=\"auto, (max-width: 300px) 100vw, 300px\" \/><\/p>\n","protected":false},"featured_media":83808,"comment_status":"open","ping_status":"closed","template":"","meta":{"_acf_changed":false},"factory":[],"free-shipment":[],"product_brand":[],"product_cat":[2855,1041],"product_tag":[313],"class_list":{"0":"post-83819","1":"product","2":"type-product","3":"status-publish","4":"has-post-thumbnail","6":"product_cat-redelid-ja-tellingud","7":"product_cat-tooriistad-ja-tarvikud","8":"product_tag-tools-et-2","10":"first","11":"instock","12":"sale","13":"taxable","14":"shipping-taxable","15":"purchasable","16":"product-type-simple"},"acf":[],"_links":{"self":[{"href":"https:\/\/factory.sale\/et\/wp-json\/wp\/v2\/product\/83819","targetHints":{"allow":["GET"]}}],"collection":[{"href":"https:\/\/factory.sale\/et\/wp-json\/wp\/v2\/product"}],"about":[{"href":"https:\/\/factory.sale\/et\/wp-json\/wp\/v2\/types\/product"}],"replies":[{"embeddable":true,"href":"https:\/\/factory.sale\/et\/wp-json\/wp\/v2\/comments?post=83819"}],"wp:featuredmedia":[{"embeddable":true,"href":"https:\/\/factory.sale\/et\/wp-json\/wp\/v2\/media\/83808"}],"wp:attachment":[{"href":"https:\/\/factory.sale\/et\/wp-json\/wp\/v2\/media?parent=83819"}],"wp:term":[{"taxonomy":"factory","embeddable":true,"href":"https:\/\/factory.sale\/et\/wp-json\/wp\/v2\/factory?post=83819"},{"taxonomy":"free-shipment","embeddable":true,"href":"https:\/\/factory.sale\/et\/wp-json\/wp\/v2\/free-shipment?post=83819"},{"taxonomy":"product_brand","embeddable":true,"href":"https:\/\/factory.sale\/et\/wp-json\/wp\/v2\/product_brand?post=83819"},{"taxonomy":"product_cat","embeddable":true,"href":"https:\/\/factory.sale\/et\/wp-json\/wp\/v2\/product_cat?post=83819"},{"taxonomy":"product_tag","embeddable":true,"href":"https:\/\/factory.sale\/et\/wp-json\/wp\/v2\/product_tag?post=83819"}],"curies":[{"name":"wp","href":"https:\/\/api.w.org\/{rel}","templated":true}]}}