{"id":83794,"date":"2024-04-10T19:24:34","date_gmt":"2024-04-10T20:27:18","guid":{"rendered":"https:\/\/factory.sale\/?post_type=product&#038;p=83794"},"modified":"2025-01-02T14:08:55","modified_gmt":"2025-01-02T11:08:55","slug":"4t-taseme-redelid","status":"publish","type":"product","link":"https:\/\/factory.sale\/et\/toode\/4t-taseme-redelid\/","title":{"rendered":"4T-taseme redelid"},"content":{"rendered":"<div class=\"responsive-table\">\n<p>4T-tase redelid, mis on \u00fcks samm suuremad kui nende v\u00e4ikevend, TT-tase redelid, on varustatud v\u00e4ga suure t\u00f6\u00f6platvormi ja k\u00f5rge puusatoega, muutes t\u00f6\u00f6tamise stabiilseks, mugavaks ja ohutuks. Standardvarustuses olevad k\u00e4etoed teevad redelile ronimise ja sealt laskumise lihtsamaks. Alatoetuslattidega varustatuna vastavad isegi k\u00f5rgemad 4T-redelid ehitusplatsi redelin\u00f5uetele.<\/p>\n<p>T\u00f6\u00f6platvormi augustatud pind pakub suurep\u00e4rast haarduvust. Ovaalsed augud on kavandatud nii, et t\u00f6\u00f6tamise ajal platvormile sattunud vesi saaks valguda \u00e4ra, takistades seel\u00e4bi veekihi tekkimist pinnale.<\/p>\n<p>Redelitel on \u00fclaosas tarvikukast, kuhu saab t\u00f6\u00f6tamise ajaks asetada v\u00e4iksemaid tarvikuid, nagu nuga, pliiats ja kruvikeeraja.<\/p>\n<p>Redelid on ohutud kasutada, kui neid kasutatakse \u00f5igesti. Palun tutvuge enne redelide kasutuselev\u00f5ttu redelite ohutu kasutamise juhistega.<br \/>\nVastab EN-131 standardile<br \/>\nVastab VNa-205\/2009 n\u00f5uetele (platvormi k\u00f5rgustes \u00fcle 1 meetri tuleb valida P-mudel)<br \/>\nVastab ehitusettev\u00f5tete redelin\u00f5uetele (platvormi k\u00f5rgustes \u00fcle 1 meetri tuleb valida P-mudel)<br \/>\n80 mm s\u00fcgavad, soonega astmed<br \/>\nAstmed on k\u00fcljepiirdesse tuuleriiviga kinnitatud<br \/>\nT\u00f6\u00f6platvorm on augustatud, augud s\u00fcvavormitud 420 x 400 mm<br \/>\nPuusatoe k\u00f5rgus 890 mm<br \/>\nK\u00e4etoed on standardvarustuses<br \/>\nRedeli libisemisvastased padjad on valmistatud TPE plastikust, millel on suurep\u00e4rased haardumisomadused<br \/>\nP-mudelid sisaldavad 2 alatoetuslatti<\/p>\n<p><em>** J\u00f5udu n\u00f5udvas t\u00f6\u00f6s tuleb sellele mudelile lisada alatoetuslatid<\/em><\/p>\n<p>&nbsp;<\/p>\n<table style=\"height: 432px;\" width=\"861\">\n<tbody>\n<tr>\n<td><strong>Tootekood<br \/>\n<\/strong><\/td>\n<td><strong>Astmed<\/strong><\/td>\n<td><strong>Level<\/strong><\/td>\n<td><strong>K\u00f5rgus<\/strong><\/td>\n<td><strong>Avamine alla<\/strong><\/td>\n<td><strong>Kaal<\/strong><\/td>\n<td><strong>Transpordi pikkus<\/strong><\/td>\n<td><strong>VNA 205\/2009<\/strong><\/td>\n<td><strong>Hind<\/strong><\/td>\n<\/tr>\n<tr>\n<td>4T-104<\/td>\n<td>4 kpl<\/td>\n<td>94 cm<\/td>\n<td>59 cm<\/td>\n<td>99 cm<\/td>\n<td>10,5 kg<\/td>\n<td>197 cm<\/td>\n<td>ok<\/td>\n<td>263.23 \u20ac<\/td>\n<\/tr>\n<tr>\n<td>4T-105<\/td>\n<td>5 kpl<\/td>\n<td>120 cm<\/td>\n<td>62 cm<\/td>\n<td>116 cm<\/td>\n<td>12 kg<\/td>\n<td>225 cm<\/td>\n<td>\u2013<\/td>\n<td>291.19 \u20ac<\/td>\n<\/tr>\n<tr>\n<td>4T-105 P<\/td>\n<td>5 kpl<\/td>\n<td>126 cm<\/td>\n<td>90 cm<\/td>\n<td>116 cm<\/td>\n<td>14 kg<\/td>\n<td>231 cm<\/td>\n<td>ok<\/td>\n<td>383.31\u20ac<\/td>\n<\/tr>\n<tr>\n<td><\/td>\n<td>6 kpl<\/td>\n<td>144 cm<\/td>\n<td>65 cm<\/td>\n<td>133 cm<\/td>\n<td>14 kg<\/td>\n<td>253 cm<\/td>\n<td>\u2013<\/td>\n<td>321.63 \u20ac<\/td>\n<\/tr>\n<tr>\n<td>4T-106 P<\/td>\n<td>6 kpl<\/td>\n<td>150 cm<\/td>\n<td>110 cm<\/td>\n<td>133 cm<\/td>\n<td>16 kg<\/td>\n<td>259 cm<\/td>\n<td>ok<\/td>\n<td>425.27 \u20ac<\/td>\n<\/tr>\n<tr>\n<td>4T-107<\/td>\n<td>7 kpl<\/td>\n<td>172 cm<\/td>\n<td>68 cm<\/td>\n<td>150 cm<\/td>\n<td>15,5 kg<\/td>\n<td>281 cm<\/td>\n<td>\u2013<\/td>\n<td>352.06 \u20ac<\/td>\n<\/tr>\n<tr>\n<td>4T-107 P<\/td>\n<td>7 kpl<\/td>\n<td>178 cm<\/td>\n<td>120 cm<\/td>\n<td>150 cm<\/td>\n<td>18,5 kg<\/td>\n<td>287 cm<\/td>\n<td>ok<\/td>\n<td>460.64 \u20ac<\/td>\n<\/tr>\n<tr>\n<td>4T-108<\/td>\n<td>8 kpl<\/td>\n<td>194 cm<\/td>\n<td>71 cm<\/td>\n<td>167 cm<\/td>\n<td>16,5 kg<\/td>\n<td>309 cm<\/td>\n<td>\u2013<\/td>\n<td>383.32\u20ac<\/td>\n<\/tr>\n<tr>\n<td>4T-108 P<\/td>\n<td>8 kpl<\/td>\n<td>200 cm<\/td>\n<td>130 cm<\/td>\n<td>167 cm<\/td>\n<td>19,5 kg<\/td>\n<td>315 cm<\/td>\n<td>ok<\/td>\n<td>498.48\u20ac<\/td>\n<\/tr>\n<\/tbody>\n<\/table>\n<\/div>\n<p><a href=\"https:\/\/factory.sale\/wp-content\/uploads\/2024\/04\/redeli-juhised.pdf\" target=\"_blank\" rel=\"noopener\">Redeli ohutu kasutamise meelespea<\/a><\/p>\n","protected":false},"excerpt":{"rendered":"<p>4T-taseme redelid on k\u00f5ige populaarsem mudel ehitusplatsidel, kui on vajalik platvormi k\u00f5rgus \u00fcle 150 cm. Redeli laiem t\u00f6\u00f6platvorm pakub ruumi isegi k\u00f5ige treenitumatele reitele, ja k\u00f5rge puusatoetus on t\u00f6\u00f6tamisel mugav ja ohutu.<\/p>\n<p><img loading=\"lazy\" decoding=\"async\" class=\"alignnone size-medium wp-image-27957\" src=\"https:\/\/factory.sale\/wp-content\/uploads\/2023\/05\/made-in-finland-300x240.png\" alt=\"\" width=\"300\" height=\"240\" srcset=\"https:\/\/factory.sale\/wp-content\/uploads\/2023\/05\/made-in-finland-300x240.png 300w, https:\/\/factory.sale\/wp-content\/uploads\/2023\/05\/made-in-finland-150x120.png 150w, https:\/\/factory.sale\/wp-content\/uploads\/2023\/05\/made-in-finland-600x480.png 600w, https:\/\/factory.sale\/wp-content\/uploads\/2023\/05\/made-in-finland.png 750w\" sizes=\"auto, (max-width: 300px) 100vw, 300px\" \/><\/p>\n","protected":false},"featured_media":83782,"comment_status":"open","ping_status":"closed","template":"","meta":{"_acf_changed":false},"factory":[],"free-shipment":[],"product_brand":[],"product_cat":[2855,1041],"product_tag":[313],"class_list":{"0":"post-83794","1":"product","2":"type-product","3":"status-publish","4":"has-post-thumbnail","6":"product_cat-redelid-ja-tellingud","7":"product_cat-tooriistad-ja-tarvikud","8":"product_tag-tools-et-2","10":"first","11":"instock","12":"sale","13":"taxable","14":"shipping-taxable","15":"purchasable","16":"product-type-simple"},"acf":[],"_links":{"self":[{"href":"https:\/\/factory.sale\/et\/wp-json\/wp\/v2\/product\/83794","targetHints":{"allow":["GET"]}}],"collection":[{"href":"https:\/\/factory.sale\/et\/wp-json\/wp\/v2\/product"}],"about":[{"href":"https:\/\/factory.sale\/et\/wp-json\/wp\/v2\/types\/product"}],"replies":[{"embeddable":true,"href":"https:\/\/factory.sale\/et\/wp-json\/wp\/v2\/comments?post=83794"}],"wp:featuredmedia":[{"embeddable":true,"href":"https:\/\/factory.sale\/et\/wp-json\/wp\/v2\/media\/83782"}],"wp:attachment":[{"href":"https:\/\/factory.sale\/et\/wp-json\/wp\/v2\/media?parent=83794"}],"wp:term":[{"taxonomy":"factory","embeddable":true,"href":"https:\/\/factory.sale\/et\/wp-json\/wp\/v2\/factory?post=83794"},{"taxonomy":"free-shipment","embeddable":true,"href":"https:\/\/factory.sale\/et\/wp-json\/wp\/v2\/free-shipment?post=83794"},{"taxonomy":"product_brand","embeddable":true,"href":"https:\/\/factory.sale\/et\/wp-json\/wp\/v2\/product_brand?post=83794"},{"taxonomy":"product_cat","embeddable":true,"href":"https:\/\/factory.sale\/et\/wp-json\/wp\/v2\/product_cat?post=83794"},{"taxonomy":"product_tag","embeddable":true,"href":"https:\/\/factory.sale\/et\/wp-json\/wp\/v2\/product_tag?post=83794"}],"curies":[{"name":"wp","href":"https:\/\/api.w.org\/{rel}","templated":true}]}}