{"id":83750,"date":"2026-03-12T16:29:02","date_gmt":"2024-04-08T16:29:02","guid":{"rendered":"https:\/\/factory.sale\/product\/hot-tub-blackpearl-2-spa-system\/"},"modified":"2025-12-11T22:49:07","modified_gmt":"2025-12-11T19:49:07","slug":"kumblustunn-mustparl-2","status":"publish","type":"product","link":"https:\/\/factory.sale\/et\/toode\/kumblustunn-mustparl-2\/","title":{"rendered":"SUPERPAKKUMINE-TASUTA KAASA TERMOKATE! K\u00fcmblust\u00fcnn MustP\u00e4rl 2 + kombineeritud massa\u017eis\u00fcsteem (vesi+\u00f5hk)"},"content":{"rendered":"<p><strong>K\u00f5rgkvaliteetne ergonoomiline klaasfiibrist sisu<\/strong><\/p>\n<p>See vastupidav k\u00fcmblust\u00fcnn on disainitud ergonoomikat silmas pidades ning on suurep\u00e4rane investeering sinu heaolusse. Sobib ideaalselt nii koduseks kasutamiseks kui ka professionaalseks kasutuseks luksuslikes hotellides ja spades. Unikaalne sisedisain toetab mugavalt keha, v\u00f5imaldades t\u00e4ielikult l\u00f5\u00f5gastuda ja igap\u00e4evaelust taastuda.<\/p>\n<p><strong>Elegantne ja mugav lisavarustus<\/strong><\/p>\n<p>Avasta t\u00f5eline ja s\u00fcgav l\u00f5\u00f5gastus meie uuendusliku kombineeritud massaa\u017eis\u00fcsteemiga, mis \u00fchendab vee- ja \u00f5humassaa\u017ei parimad omadused, mida t\u00e4iendab pilkup\u00fc\u00fcdev 8-v\u00e4rviline RGB LED-valgustus. 8 veed\u00fc\u00fcsi ja kuni 12 \u00f5hud\u00fc\u00fcsi koostoimel saab kogu keha m\u00f5nusalt l\u00e4bi masseeritud, pakkudes s\u00fcgavat l\u00f5\u00f5gastust igale lihasele.<\/p>\n<p>Olgu see sinu privaatne pelgupaik aias v\u00f5i elegantne t\u00e4iendus spaakeskuses \u2013 meie eesm\u00e4rk on muuta igast k\u00fcmblusest eriline elamus ning tuua igap\u00e4evaellu killuke luksust.<\/p>\n<p><strong>Komplektis:<\/strong><\/p>\n<ul>\n<li>20 mm paksune termopuidust vooder (soovi korral viimistletav Remmers lasuuriga \u2013 lai valik toone. V\u00e4rvikaardid: <a href=\"https:\/\/factory.sale\/wp-content\/uploads\/2024\/06\/Remmers-lasuur.pdf\" target=\"_blank\" rel=\"noopener\">V\u00e4rvikaart 1<\/a>\u00a0<a href=\"https:\/\/factory.sale\/wp-content\/uploads\/2024\/06\/ZI10906_2250_DE_1_81907.pdf\" target=\"_blank\" rel=\"noopener\">V\u00e4rvikaart 2<\/a><\/li>\n<li>Integreeritud AISI 304 roostevabast terasest puuk\u00fcttega ahi<\/li>\n<li>2-meetrine korstnakomplekt koos kuumakaitse ja m\u00fctsiga<\/li>\n<li>Vee \u00e4ravoolukraan<\/li>\n<li>Trepp<\/li>\n<li>Topsialus<\/li>\n<li>Must, hall v\u00f5i pruun termokate<\/li>\n<li>4 peatuge<\/li>\n<li>LED-valgustus (2 valgustit)<\/li>\n<li>Elektri kaitmsekilp<\/li>\n<li>Kombineeritud massaa\u017eis\u00fcsteemil on kokku 12 d\u00fc\u00fcsi, millest 8 on veed\u00fc\u00fcsid ja 4 \u00f5hud\u00fc\u00fcsid. S\u00fcsteem t\u00f6\u00f6tab kahes erinevas re\u017eiimis. \u00d5hure\u017eiimis t\u00f6\u00f6tavad k\u00f5ik 12 d\u00fc\u00fcsi \u00f5hud\u00fc\u00fcsidena, pakkudes t\u00e4ielikku kehale suunatud \u00f5humassaa\u017ei. Kombineeritud re\u017eiimis t\u00f6\u00f6tavad 8 d\u00fc\u00fcsi veed\u00fc\u00fcsidena ja 4 d\u00fc\u00fcsi \u00f5hud\u00fc\u00fcsidena, pakkudes samaaegselt vee- ja \u00f5humassaa\u017ei.<\/li>\n<li>Ujuv bluetooth \u00fchendusega termomeeter<\/li>\n<li>Vastupidav klaasfiibrist sisu, kaetud mereklassi Gelcoat\u2019iga (kasutatakse jahtidel ja laevadel) Saadaval v\u00e4rvitoonid: Sinine (RAL5012), Valge\/Kreemikas (RAL9001), Hall (RAL7015)<\/li>\n<\/ul>\n<p><strong>\u00a0 \u00a0 \u00a0 \u00a0 \u00a0 \u00a0 \u00a0 \u00a0 \u00a0<img loading=\"lazy\" decoding=\"async\" class=\"alignnone size-medium wp-image-86083\" src=\"https:\/\/factory.sale\/wp-content\/uploads\/2024\/04\/Colors-300x240.jpg\" alt=\"\" width=\"300\" height=\"240\" srcset=\"https:\/\/factory.sale\/wp-content\/uploads\/2024\/04\/Colors-300x240.jpg 300w, https:\/\/factory.sale\/wp-content\/uploads\/2024\/04\/Colors-150x120.jpg 150w, https:\/\/factory.sale\/wp-content\/uploads\/2024\/04\/Colors-600x480.jpg 600w, https:\/\/factory.sale\/wp-content\/uploads\/2024\/04\/Colors.jpg 750w\" sizes=\"auto, (max-width: 300px) 100vw, 300px\" \/><\/strong><\/p>\n<ul>\n<li>Lisatasu eest on v\u00f5imalik valida akr\u00fc\u00fclist sisu. V\u00e4rvivalikud: Sinine RAL5012, Valge\/kreemjas RAL9001, Hall RAL7015, Must marmor, Sinine marmor, Kohvi marmor, roheline marmor, Valge marmor, Pruun marmor<\/li>\n<\/ul>\n<p><img loading=\"lazy\" decoding=\"async\" class=\"alignnone wp-image-100878\" src=\"https:\/\/factory.sale\/wp-content\/uploads\/2024\/04\/Marmortoonides-kumblustunni-sisud-factory.sale_-300x120.webp\" alt=\"\" width=\"595\" height=\"238\" srcset=\"https:\/\/factory.sale\/wp-content\/uploads\/2024\/04\/Marmortoonides-kumblustunni-sisud-factory.sale_-300x120.webp 300w, https:\/\/factory.sale\/wp-content\/uploads\/2024\/04\/Marmortoonides-kumblustunni-sisud-factory.sale_-150x60.webp 150w, https:\/\/factory.sale\/wp-content\/uploads\/2024\/04\/Marmortoonides-kumblustunni-sisud-factory.sale_-600x240.webp 600w, https:\/\/factory.sale\/wp-content\/uploads\/2024\/04\/Marmortoonides-kumblustunni-sisud-factory.sale_.webp 750w\" sizes=\"auto, (max-width: 595px) 100vw, 595px\" \/><\/p>\n<p>&nbsp;<\/p>\n<p><strong>Tehnilised andmed:<\/strong><\/p>\n<ul>\n<li>Sisemine l\u00e4bim\u00f5\u00f5t: 180 cm<\/li>\n<li>V\u00e4limine l\u00e4bim\u00f5\u00f5t: 200 cm<\/li>\n<li>Sisemine k\u00f5rgus: 85 cm<\/li>\n<li>V\u00e4limine k\u00f5rgus: 95 cm<\/li>\n<li>Veemaht: 1100 liitrit<\/li>\n<li>Veetemperatuuri kuni 40\u00b0C saavutab 1,5-2 tunniga<\/li>\n<li>Kaal: 200 kg<\/li>\n<li>Klaasplast sisu: Klaaskiud<\/li>\n<li>Ahi: Integreeritud roostevabast terasest AISI 304<\/li>\n<li>Integreeritud k\u00fcttev\u00f5imsus: 30 kW<\/li>\n<li>Elektrikaitse, \u00fchendus 5 pooluse pistikuga 230 V Schuko \/400 V CEE, 16 A*<\/li>\n<li>IP kaitseklass: IPX 5<\/li>\n<li>Mahutavus: 4-6 t\u00e4iskasvanut<\/li>\n<\/ul>\n<p><img loading=\"lazy\" decoding=\"async\" class=\"alignnone wp-image-102101\" src=\"https:\/\/factory.sale\/wp-content\/uploads\/2024\/04\/jets-factory-sale-1-300x60.webp\" alt=\"\" width=\"575\" height=\"115\" srcset=\"https:\/\/factory.sale\/wp-content\/uploads\/2024\/04\/jets-factory-sale-1-300x60.webp 300w, https:\/\/factory.sale\/wp-content\/uploads\/2024\/04\/jets-factory-sale-1-150x30.webp 150w, https:\/\/factory.sale\/wp-content\/uploads\/2024\/04\/jets-factory-sale-1-600x120.webp 600w, https:\/\/factory.sale\/wp-content\/uploads\/2024\/04\/jets-factory-sale-1.webp 750w\" sizes=\"auto, (max-width: 575px) 100vw, 575px\" \/><\/p>\n<p><strong>Valikulised lisad (lisatasu eest):<\/strong><\/p>\n<ul>\n<li>\u00dcmar trepp<\/li>\n<li>Platvormtrepp (M-suurus)<\/li>\n<li>Roostevabast terasest filtriliitmik<\/li>\n<li>Liivafilter<\/li>\n<li>Liivafiltri t\u00e4itematerjal (puuvillapallid)<\/li>\n<li>Liivafiltri kast (kuusk)<\/li>\n<li>Liivafiltri kast (termopuit)<\/li>\n<li>Liivafiltri kast (WPC)<\/li>\n<li>UV-C lamp (Blue Lagoon) +<\/li>\n<li>Elektrik\u00fcte tsirkulatsioonipumbaga 3 kW<\/li>\n<li>Elektrik\u00fcte tsirkulatsioonipumbaga 6 kW<\/li>\n<li>Elektrik\u00fcte tsirkulatsioonipumbaga 9 kW<\/li>\n<li>Terasest pingutusrihmad (2 tk)<\/li>\n<li>Puidust riiul<\/li>\n<li>Plastikust riiul<\/li>\n<li>WPC viimistlus (antratsiit, tumepruun, hall)<\/li>\n<\/ul>\n<p><img loading=\"lazy\" decoding=\"async\" class=\"alignnone wp-image-102001\" src=\"https:\/\/factory.sale\/wp-content\/uploads\/2024\/04\/WPC-factory-sale-300x100.webp\" alt=\"\" width=\"438\" height=\"146\" srcset=\"https:\/\/factory.sale\/wp-content\/uploads\/2024\/04\/WPC-factory-sale-300x100.webp 300w, https:\/\/factory.sale\/wp-content\/uploads\/2024\/04\/WPC-factory-sale-150x50.webp 150w, https:\/\/factory.sale\/wp-content\/uploads\/2024\/04\/WPC-factory-sale-600x200.webp 600w, https:\/\/factory.sale\/wp-content\/uploads\/2024\/04\/WPC-factory-sale.webp 750w\" sizes=\"auto, (max-width: 438px) 100vw, 438px\" \/><\/p>\n<p>Tootekood: kubblackp2<\/p>\n<p><a href=\"https:\/\/factory.sale\/wp-content\/uploads\/2024\/04\/Must-Parl-kasutusjuhend-factory.sale-2025-et.pdf\" target=\"_blank\" rel=\"noopener\">Tutvu kasutusjuhendiga siit<\/a><\/p>\n<p><strong>* Soovid rohkem infot? V\u00f5ta meiega \u00fchendust \u2013 aitame paigalduse ja tehniliste k\u00fcsimustega meeleldi!<\/strong><\/p>\n<div class=\"video-wrapper \"><iframe loading=\"lazy\" title=\"BlackPearl hot tub\" width=\"500\" height=\"281\" src=\"https:\/\/www.youtube.com\/embed\/yC12XRrt2_c?feature=oembed\" frameborder=\"0\" allow=\"accelerometer; autoplay; clipboard-write; encrypted-media; gyroscope; picture-in-picture; web-share\" referrerpolicy=\"strict-origin-when-cross-origin\" allowfullscreen><\/iframe><\/div>\n","protected":false},"excerpt":{"rendered":"<p>Must P\u00e4rl 2 on kaasaegne, esteetiline klaaskiust k\u00fcmblust\u00fcnn, mis vastab k\u00f5rgeimatele kvaliteedikriteeriumidele t\u00e4iusliku l\u00f5\u00f5gastumise tagamiseks Teile ja Teie k\u00fclalistele.<\/p>\n<p>Mahutab 4-6 inimest<\/p>\n","protected":false},"featured_media":86086,"comment_status":"open","ping_status":"closed","template":"","meta":{"_acf_changed":false},"factory":[],"free-shipment":[],"product_brand":[],"product_cat":[2587,2209],"product_tag":[2842,2843,2844,2845],"class_list":{"0":"post-83750","1":"product","2":"type-product","3":"status-publish","4":"has-post-thumbnail","6":"product_cat-klaasplastist-kumblustunnid","7":"product_cat-kumblustunnid","8":"product_tag-hot-tub-et","9":"product_tag-integrated-heater-et","10":"product_tag-spa-et","11":"product_tag-wellness-et","13":"first","14":"instock","15":"sale","16":"taxable","17":"shipping-taxable","18":"purchasable","19":"product-type-simple"},"acf":[],"_links":{"self":[{"href":"https:\/\/factory.sale\/et\/wp-json\/wp\/v2\/product\/83750","targetHints":{"allow":["GET"]}}],"collection":[{"href":"https:\/\/factory.sale\/et\/wp-json\/wp\/v2\/product"}],"about":[{"href":"https:\/\/factory.sale\/et\/wp-json\/wp\/v2\/types\/product"}],"replies":[{"embeddable":true,"href":"https:\/\/factory.sale\/et\/wp-json\/wp\/v2\/comments?post=83750"}],"wp:featuredmedia":[{"embeddable":true,"href":"https:\/\/factory.sale\/et\/wp-json\/wp\/v2\/media\/86086"}],"wp:attachment":[{"href":"https:\/\/factory.sale\/et\/wp-json\/wp\/v2\/media?parent=83750"}],"wp:term":[{"taxonomy":"factory","embeddable":true,"href":"https:\/\/factory.sale\/et\/wp-json\/wp\/v2\/factory?post=83750"},{"taxonomy":"free-shipment","embeddable":true,"href":"https:\/\/factory.sale\/et\/wp-json\/wp\/v2\/free-shipment?post=83750"},{"taxonomy":"product_brand","embeddable":true,"href":"https:\/\/factory.sale\/et\/wp-json\/wp\/v2\/product_brand?post=83750"},{"taxonomy":"product_cat","embeddable":true,"href":"https:\/\/factory.sale\/et\/wp-json\/wp\/v2\/product_cat?post=83750"},{"taxonomy":"product_tag","embeddable":true,"href":"https:\/\/factory.sale\/et\/wp-json\/wp\/v2\/product_tag?post=83750"}],"curies":[{"name":"wp","href":"https:\/\/api.w.org\/{rel}","templated":true}]}}