{"id":83591,"date":"2024-03-29T19:12:31","date_gmt":"2024-03-29T19:27:04","guid":{"rendered":"https:\/\/factory.sale\/?post_type=product&#038;p=83591"},"modified":"2024-06-26T14:24:34","modified_gmt":"2024-06-26T14:24:34","slug":"leapton-410w-moodul-lp182182-m54-mh-410-w-must-raam","status":"publish","type":"product","link":"https:\/\/factory.sale\/et\/toode\/leapton-410w-moodul-lp182182-m54-mh-410-w-must-raam\/","title":{"rendered":"LEAPTON 410W MOODUL LP182*182-M54-MH 410 W must raam"},"content":{"rendered":"<p>Leapton, \u00fclemaailmne k\u00f5rgeima kvaliteediga fotogalvaaniliste paneelide tootja. Ettev\u00f5te keskendub kvaliteetsete tootes\u00fcsteemide projekteerimisele ja integreerimisele ning tegeleb keskmise ja k\u00f5rgekvaliteediliste PV elektritootmiss\u00fcsteemide arendamisega ja edendamisega.<\/p>\n<p>&nbsp;<\/p>\n<p><strong>Tehniline informatsioon:<\/strong><\/p>\n<p>Nimiv\u00f5imsus: 410 W<br \/>\nLahtri t\u00fc\u00fcp: Mono<br \/>\nLahtrite arv: 108<br \/>\nLahtri vorming: n\/a<br \/>\nMooduli efektiivsus:\u00a020,97%<br \/>\nV\u00f5imsustolerants: v\u00f5imsustaluvuse v\u00e4\u00e4rtus<br \/>\nTemp. Koefitsient. P(max): -0,36 %\/\u00b0C<br \/>\nS\u00fcsteemi pinge: 1500 V<br \/>\nOptimeerija, sh: ei<\/p>\n<p><strong>Pakkimine:<\/strong><\/p>\n<p>T\u00fckki kaubaalusel: 36<br \/>\nT\u00fckid: 40 936<\/p>\n<p>&nbsp;<\/p>\n<p><strong>M\u00f5\u00f5dud:<\/strong><\/p>\n<p>Pikkus: 1724 mm<br \/>\nLaius: 1134 mm<br \/>\nRaam: 30 mm<br \/>\nKaal: 21,0 kg<\/p>\n<p>&nbsp;<\/p>\n<p><strong>Teised omadused:<\/strong><\/p>\n<p>Raam\/tagaleht: must\/valge<br \/>\nKaabli pikkus: + \/ \u2013 1100 mm \/ 1100 mm<br \/>\nPistiku t\u00fc\u00fcp: St\u00e4ubli MC4<br \/>\nLumekoormus: 5.400 Pa<br \/>\nTuulekoormus: 2.400 Pa<\/p>\n<p>&nbsp;<\/p>\n<p>&nbsp;<\/p>\n<p><em>NB! Hind on \u00fche konteineri kohta!<\/em><br \/>\n<em>K\u00fcsi pakkumist kaubaalusele.<\/em><\/p>\n<p>&nbsp;<\/p>\n<p><a href=\"https:\/\/factory.sale\/wp-content\/uploads\/2023\/11\/410W.pdf\" target=\"_blank\" rel=\"noopener\">Leaptoni tootekaart<\/a><\/p>\n","protected":false},"excerpt":{"rendered":"<h3>Jaapani fotogalvaaniliste paneelide tootja<\/h3>\n<p>Leapton, \u00fclemaailmne k\u00f5rgeima kvaliteediga fotogalvaaniliste paneelide tootja. Ettev\u00f5te keskendub kvaliteetsete tootes\u00fcsteemide projekteerimisele ja integreerimisele ning tegeleb keskmise ja k\u00f5rgekvaliteediliste PV elektritootmiss\u00fcsteemide arendamisega ja edendamisega.<\/p>\n<p>&nbsp;<\/p>\n<p><em><strong>Tellimus alates \u20ac1000 transport mandri Eestis hinnas.<\/strong><\/em><\/p>\n","protected":false},"featured_media":47041,"comment_status":"open","ping_status":"closed","template":"","meta":{"_acf_changed":false},"factory":[],"free-shipment":[],"product_brand":[],"product_cat":[2652,965],"product_tag":[3002],"class_list":{"0":"post-83591","1":"product","2":"type-product","3":"status-publish","4":"has-post-thumbnail","6":"product_cat-leapton-solar-et","7":"product_cat-taastuv-energia","8":"product_tag-renewable-energy-et","10":"first","11":"instock","12":"sale","13":"taxable","14":"shipping-taxable","15":"purchasable","16":"product-type-simple"},"acf":[],"_links":{"self":[{"href":"https:\/\/factory.sale\/et\/wp-json\/wp\/v2\/product\/83591","targetHints":{"allow":["GET"]}}],"collection":[{"href":"https:\/\/factory.sale\/et\/wp-json\/wp\/v2\/product"}],"about":[{"href":"https:\/\/factory.sale\/et\/wp-json\/wp\/v2\/types\/product"}],"replies":[{"embeddable":true,"href":"https:\/\/factory.sale\/et\/wp-json\/wp\/v2\/comments?post=83591"}],"wp:featuredmedia":[{"embeddable":true,"href":"https:\/\/factory.sale\/et\/wp-json\/wp\/v2\/media\/47041"}],"wp:attachment":[{"href":"https:\/\/factory.sale\/et\/wp-json\/wp\/v2\/media?parent=83591"}],"wp:term":[{"taxonomy":"factory","embeddable":true,"href":"https:\/\/factory.sale\/et\/wp-json\/wp\/v2\/factory?post=83591"},{"taxonomy":"free-shipment","embeddable":true,"href":"https:\/\/factory.sale\/et\/wp-json\/wp\/v2\/free-shipment?post=83591"},{"taxonomy":"product_brand","embeddable":true,"href":"https:\/\/factory.sale\/et\/wp-json\/wp\/v2\/product_brand?post=83591"},{"taxonomy":"product_cat","embeddable":true,"href":"https:\/\/factory.sale\/et\/wp-json\/wp\/v2\/product_cat?post=83591"},{"taxonomy":"product_tag","embeddable":true,"href":"https:\/\/factory.sale\/et\/wp-json\/wp\/v2\/product_tag?post=83591"}],"curies":[{"name":"wp","href":"https:\/\/api.w.org\/{rel}","templated":true}]}}