{"id":83549,"date":"2024-03-26T13:42:54","date_gmt":"2024-03-26T18:05:13","guid":{"rendered":"https:\/\/factory.sale\/?post_type=product&#038;p=83549"},"modified":"2024-08-15T09:32:44","modified_gmt":"2024-08-15T06:32:44","slug":"oaassaun-moodul","status":"publish","type":"product","link":"https:\/\/factory.sale\/et\/toode\/oaassaun-moodul\/","title":{"rendered":"Oaassaun moodul"},"content":{"rendered":"<p>Saun koos k\u00fcmblust\u00fcnniga on ideaalne valik.<\/p>\n<p>T\u00e4nu moodulitele saate paigutada toodet vastavalt oma \u00e4ran\u00e4gemise j\u00e4rgi, v\u00f5imalusi on palju.<\/p>\n<p>\u00dche mooduli m\u00f5\u00f5t on 2200 x 2200 x 2300, terassi moodul 2200 x 2200 x 130<\/p>\n<p>Saun on \u00fche ruumiline, leiliruumi mahub kuni 5 inimest.<\/p>\n<p>K\u00fcmblust\u00fcnni mahub kuni 6 inimest, k\u00fcmblust\u00fcnni 30kw ahi on integreeritud kesta sisse ja vesi soojeneb t\u00e4nu sellele v\u00e4ga kiiresti.<\/p>\n<p>Sauna seinad ja lagi on soojustatud ja varustatud Eesti disainkerisega HUUM.<\/p>\n<p>Valgustus on olemas nii sees kui ka v\u00e4ljas. K\u00fcmblust\u00fcnnil on olemas v\u00e4rvimuutev led valgus ja termokate.V\u00f5imalik paigaldada ka mullis\u00fcsteem ja nanosoojustus, et k\u00fctmisaega veelgi v\u00e4hendada.<\/p>\n<p>K\u00fcmblust\u00fcnn on varikatusega, mille katus on l\u00e4bipaistev (p\u00f5him\u00f5tteliselt purunematu materjal, UV kaitse)<\/p>\n<p>K\u00f5iki tooteid on v\u00f5imalik osta eraldi.<\/p>\n<p>Ostes komplekti(saun, k\u00fcmblust\u00fcnn varikatusega,terass) hind soodsam.<\/p>\n<p>&nbsp;<\/p>\n<p><em><strong>PS! Arvestame ka kliendi erisoovidega.<\/strong><\/em><\/p>\n<p><em><strong>PS! Tootele on v\u00e4ljastatud EU Intellektuaalomandi Ameti(EUIPO) poolt disaini registreerimise tunnistus Nr:007878251-0<\/strong><\/em><\/p>\n","protected":false},"excerpt":{"rendered":"<p>\u00dcheruumiline saun koos k\u00fcmblust\u00fcnni ja terassiga.<\/p>\n<p>&nbsp;<\/p>\n<p><em><strong>Hind sisaldab sauna kokkupanduna.<\/strong><\/em><\/p>\n","protected":false},"featured_media":83532,"comment_status":"open","ping_status":"closed","template":"","meta":{"_acf_changed":false},"factory":[],"free-shipment":[],"product_brand":[],"product_cat":[826,2257],"product_tag":[830,811],"class_list":{"0":"post-83549","1":"product","2":"type-product","3":"status-publish","4":"has-post-thumbnail","6":"product_cat-saunas-et","7":"product_cat-valisaun","8":"product_tag-modular-sauna-et","9":"product_tag-sauna-et","11":"first","12":"instock","13":"sale","14":"taxable","15":"shipping-taxable","16":"purchasable","17":"product-type-simple"},"acf":[],"_links":{"self":[{"href":"https:\/\/factory.sale\/et\/wp-json\/wp\/v2\/product\/83549","targetHints":{"allow":["GET"]}}],"collection":[{"href":"https:\/\/factory.sale\/et\/wp-json\/wp\/v2\/product"}],"about":[{"href":"https:\/\/factory.sale\/et\/wp-json\/wp\/v2\/types\/product"}],"replies":[{"embeddable":true,"href":"https:\/\/factory.sale\/et\/wp-json\/wp\/v2\/comments?post=83549"}],"wp:featuredmedia":[{"embeddable":true,"href":"https:\/\/factory.sale\/et\/wp-json\/wp\/v2\/media\/83532"}],"wp:attachment":[{"href":"https:\/\/factory.sale\/et\/wp-json\/wp\/v2\/media?parent=83549"}],"wp:term":[{"taxonomy":"factory","embeddable":true,"href":"https:\/\/factory.sale\/et\/wp-json\/wp\/v2\/factory?post=83549"},{"taxonomy":"free-shipment","embeddable":true,"href":"https:\/\/factory.sale\/et\/wp-json\/wp\/v2\/free-shipment?post=83549"},{"taxonomy":"product_brand","embeddable":true,"href":"https:\/\/factory.sale\/et\/wp-json\/wp\/v2\/product_brand?post=83549"},{"taxonomy":"product_cat","embeddable":true,"href":"https:\/\/factory.sale\/et\/wp-json\/wp\/v2\/product_cat?post=83549"},{"taxonomy":"product_tag","embeddable":true,"href":"https:\/\/factory.sale\/et\/wp-json\/wp\/v2\/product_tag?post=83549"}],"curies":[{"name":"wp","href":"https:\/\/api.w.org\/{rel}","templated":true}]}}