{"id":83518,"date":"2024-03-25T18:26:03","date_gmt":"2024-03-25T18:34:22","guid":{"rendered":"https:\/\/factory.sale\/?post_type=product&#038;p=83518"},"modified":"2024-08-14T23:36:06","modified_gmt":"2024-08-14T20:36:06","slug":"oaassaun-2","status":"publish","type":"product","link":"https:\/\/factory.sale\/et\/toode\/oaassaun-2\/","title":{"rendered":"Oaassaun 2"},"content":{"rendered":"<ul>\n<li>Saun koos k\u00fcmblust\u00fcnniga on ideaalne valik.<\/li>\n<li>Saun on kahe ruumiline, leiliruumi mahub 4 inimest.<\/li>\n<li>K\u00fcmblust\u00fcnni mahub kuni 6 inimest, k\u00fcmblust\u00fcnni 30kw ahi on integreeritud kesta sisse ja vesi soojeneb t\u00e4nu sellele v\u00e4ga kiiresti.<\/li>\n<li>Valgustus on olemas nii sees kui ka v\u00e4ljas.<\/li>\n<\/ul>\n<p>&nbsp;<\/p>\n<p><strong>M\u00f5\u00f5dud:<\/strong> 4800 x 2300 x 2300, sellest saunaosa 3000 x 2300 x 2300<\/p>\n<p><strong>Komplektis on<\/strong> terass ja plastikkuppelkate.<\/p>\n<p>&nbsp;<\/p>\n<p><em>PS! Tootele on v\u00e4ljastatud EU Intellektuaalomandi Ameti(EUIPO) poolt disaini registreerimise tunnistus Nr:007878251-0001<\/em><\/p>\n","protected":false},"excerpt":{"rendered":"<ul>\n<li>Saun koos k\u00fcmblust\u00fcnniga on ideaalne valik.<\/li>\n<li>Saun on kahe ruumiline, leiliruumi mahub 4 inimest.<\/li>\n<li>K\u00fcmblust\u00fcnni mahub kuni 6 inimest, k\u00fcmblust\u00fcnni 30kw ahi on integreeritud kesta sisse ja vesi soojeneb t\u00e4nu sellele v\u00e4ga kiiresti.<\/li>\n<li>Valgustus on olemas nii sees kui ka v\u00e4ljas.<\/li>\n<\/ul>\n<p>&nbsp;<\/p>\n<p><em><strong>Hind sisaldab sauna kokkupanemist ja elektrikerist<\/strong><\/em><\/p>\n<p><strong><em>V\u00f5imalik tellida ka puuk\u00fcttega kerisega (+491.80 \u20ac)<\/em><\/strong><\/p>\n","protected":false},"featured_media":83513,"comment_status":"open","ping_status":"closed","template":"","meta":{"_acf_changed":false},"factory":[],"free-shipment":[],"product_brand":[],"product_cat":[826,2257],"product_tag":[811],"class_list":{"0":"post-83518","1":"product","2":"type-product","3":"status-publish","4":"has-post-thumbnail","6":"product_cat-saunas-et","7":"product_cat-valisaun","8":"product_tag-sauna-et","10":"first","11":"instock","12":"sale","13":"taxable","14":"shipping-taxable","15":"purchasable","16":"product-type-simple"},"acf":[],"_links":{"self":[{"href":"https:\/\/factory.sale\/et\/wp-json\/wp\/v2\/product\/83518","targetHints":{"allow":["GET"]}}],"collection":[{"href":"https:\/\/factory.sale\/et\/wp-json\/wp\/v2\/product"}],"about":[{"href":"https:\/\/factory.sale\/et\/wp-json\/wp\/v2\/types\/product"}],"replies":[{"embeddable":true,"href":"https:\/\/factory.sale\/et\/wp-json\/wp\/v2\/comments?post=83518"}],"wp:featuredmedia":[{"embeddable":true,"href":"https:\/\/factory.sale\/et\/wp-json\/wp\/v2\/media\/83513"}],"wp:attachment":[{"href":"https:\/\/factory.sale\/et\/wp-json\/wp\/v2\/media?parent=83518"}],"wp:term":[{"taxonomy":"factory","embeddable":true,"href":"https:\/\/factory.sale\/et\/wp-json\/wp\/v2\/factory?post=83518"},{"taxonomy":"free-shipment","embeddable":true,"href":"https:\/\/factory.sale\/et\/wp-json\/wp\/v2\/free-shipment?post=83518"},{"taxonomy":"product_brand","embeddable":true,"href":"https:\/\/factory.sale\/et\/wp-json\/wp\/v2\/product_brand?post=83518"},{"taxonomy":"product_cat","embeddable":true,"href":"https:\/\/factory.sale\/et\/wp-json\/wp\/v2\/product_cat?post=83518"},{"taxonomy":"product_tag","embeddable":true,"href":"https:\/\/factory.sale\/et\/wp-json\/wp\/v2\/product_tag?post=83518"}],"curies":[{"name":"wp","href":"https:\/\/api.w.org\/{rel}","templated":true}]}}