{"id":83479,"date":"2024-03-22T08:52:33","date_gmt":"2024-03-22T08:58:29","guid":{"rendered":"https:\/\/factory.sale\/?post_type=product&#038;p=83479"},"modified":"2024-07-01T13:54:38","modified_gmt":"2024-07-01T13:54:38","slug":"ariston-blu1-r-80-h-eu-3201893-email-80l","status":"publish","type":"product","link":"https:\/\/factory.sale\/et\/toode\/ariston-blu1-r-80-h-eu-3201893-email-80l\/","title":{"rendered":"Ariston Blu1 R 80 H EU 3201893, email, 80l"},"content":{"rendered":"<p>Ariston Blu R Evo 80 H on kvaliteetne 80-liitrine horisontaalne mudel soojaveeboiler. Boiler on CE-heakskiidetud ja valmistatud Euroopas vastavalt ELi standarditele.<\/p>\n<p>Aristoni soojaveeboilerid on varustatud t\u00f5husa pol\u00fcuretaanisolatsiooniga. Survekindlad ventiilid on testitud 8 baari r\u00f5hul ja emailitud sisepaak 16 baari r\u00f5hul. Luksuslik disain, vastupidav konstruktsioon ja tugevad osad tagavad toote pika eluea.<\/p>\n<p><em>T\u00e4helepanu! Boileri \u00fchendamisel avaliku (10bar) vees\u00fcsteemiga tuleb paigaldada r\u00f5hu v\u00e4hendamise ventiil ja standardne r\u00f5huventiil.<\/em><\/p>\n<p>&nbsp;<\/p>\n<p><strong>Toote m\u00f5\u00f5tmed:<\/strong><\/p>\n<ul>\n<li>K\u00f5rgus (mm): 480<\/li>\n<li>Laius (mm): 758<\/li>\n<li>S\u00fcgavus (mm): 480<\/li>\n<li>Maht (l): 80<\/li>\n<\/ul>\n<p>&nbsp;<\/p>\n<p><strong>Omadused:<\/strong><\/p>\n<ul>\n<li>Ohutusseadmete grupp: Ei<\/li>\n<li>Paagi sisepinna materjal: Email<\/li>\n<li>Energiaklass: C<\/li>\n<li>Termostaat, varustatud kahepoolse ohutusseadmega<\/li>\n<\/ul>\n<p>&nbsp;<\/p>\n<p><strong>Tooteinfo:<\/strong><\/p>\n<ul>\n<li>Br\u00e4nd: Ariston<\/li>\n<li>Sertifikaadid ja heakskiidud: CE m\u00e4rgistus<\/li>\n<li>Garantii: 2 aastat<\/li>\n<li>GTIN kood: 5414849786899<\/li>\n<li>Elektri\u00fchendus: \u00dchefaasiline<\/li>\n<li>Pinge (V): 230<\/li>\n<li>V\u00f5imsus (W): 1,500<\/li>\n<li>IP klass: IPX3<\/li>\n<li>Maksimaalne veesurve (bar): 8<\/li>\n<li>Rahtkaal (kg): 22,50<\/li>\n<\/ul>\n<p>&nbsp;<\/p>\n<p>&nbsp;<\/p>\n<p><strong>Paigaldus:<\/strong><\/p>\n<ul>\n<li>Paigalduskoht: Sein<\/li>\n<li>Paigaldusviis: Horisontaalne paigaldus<\/li>\n<\/ul>\n<p>&nbsp;<\/p>\n<p>&nbsp;<\/p>\n<p><em>Toode ei sisalda elektrijuhtmeid, pistikut ega seinakinnitusi\/jalga. Boiler on ette n\u00e4htud statsionaarseks paigalduseks. \u00dchenduse tohib teha ainult elektriala spetsialist. Sobiva ohutusseadmete grupi paigaldamine boilerile on vajalik r\u00f5hu reguleerimiseks.<\/em><\/p>\n","protected":false},"excerpt":{"rendered":"<p>Ariston Blu R Evo 80 H on kvaliteetne 80-liitrine horisontaalne mudel soojaveeboiler. Boiler on CE-heakskiidetud ja valmistatud Euroopas vastavalt ELi standarditele.<\/p>\n","protected":false},"featured_media":83476,"comment_status":"open","ping_status":"closed","template":"","meta":{"_acf_changed":false},"factory":[],"free-shipment":[],"product_brand":[],"product_cat":[2834,1227],"product_tag":[],"class_list":{"0":"post-83479","1":"product","2":"type-product","3":"status-publish","4":"has-post-thumbnail","6":"product_cat-boilerid","7":"product_cat-kute-vesi-ja-ventilatsioon","9":"first","10":"instock","11":"sale","12":"taxable","13":"shipping-taxable","14":"purchasable","15":"product-type-simple"},"acf":[],"_links":{"self":[{"href":"https:\/\/factory.sale\/et\/wp-json\/wp\/v2\/product\/83479","targetHints":{"allow":["GET"]}}],"collection":[{"href":"https:\/\/factory.sale\/et\/wp-json\/wp\/v2\/product"}],"about":[{"href":"https:\/\/factory.sale\/et\/wp-json\/wp\/v2\/types\/product"}],"replies":[{"embeddable":true,"href":"https:\/\/factory.sale\/et\/wp-json\/wp\/v2\/comments?post=83479"}],"wp:featuredmedia":[{"embeddable":true,"href":"https:\/\/factory.sale\/et\/wp-json\/wp\/v2\/media\/83476"}],"wp:attachment":[{"href":"https:\/\/factory.sale\/et\/wp-json\/wp\/v2\/media?parent=83479"}],"wp:term":[{"taxonomy":"factory","embeddable":true,"href":"https:\/\/factory.sale\/et\/wp-json\/wp\/v2\/factory?post=83479"},{"taxonomy":"free-shipment","embeddable":true,"href":"https:\/\/factory.sale\/et\/wp-json\/wp\/v2\/free-shipment?post=83479"},{"taxonomy":"product_brand","embeddable":true,"href":"https:\/\/factory.sale\/et\/wp-json\/wp\/v2\/product_brand?post=83479"},{"taxonomy":"product_cat","embeddable":true,"href":"https:\/\/factory.sale\/et\/wp-json\/wp\/v2\/product_cat?post=83479"},{"taxonomy":"product_tag","embeddable":true,"href":"https:\/\/factory.sale\/et\/wp-json\/wp\/v2\/product_tag?post=83479"}],"curies":[{"name":"wp","href":"https:\/\/api.w.org\/{rel}","templated":true}]}}