{"id":8290,"date":"2022-06-08T18:07:10","date_gmt":"2023-09-29T15:09:09","guid":{"rendered":"https:\/\/factory.sale\/?post_type=product&#038;p=8290"},"modified":"2024-06-27T15:34:35","modified_gmt":"2024-06-27T15:34:35","slug":"raamita-dusisein-dija","status":"publish","type":"product","link":"https:\/\/factory.sale\/et\/toode\/raamita-dusisein-dija\/","title":{"rendered":"Raamita du\u0161isein DIJA"},"content":{"rendered":"<p>Minimalistlik ja kergesti hooldatav sein. Profiil sulandub peaaegu klaasiga ja on minimaalselt m\u00e4rgatav, kergesti puhastatav. Puuduvad n\u00e4htavad kinnitusdetailid ja seel\u00e4bi ka mustuse kogunemise kohad.<\/p>\n<p>&nbsp;<\/p>\n<p><strong>Standardsed du\u0161isein m\u00f5\u00f5dud ja hinnad<\/strong><\/p>\n<p>&nbsp;<\/p>\n<table border=\"1\" cellspacing=\"0\" cellpadding=\"5\">\n<tbody>\n<tr>\n<td rowspan=\"2\"><strong>Sein<\/strong><\/td>\n<td rowspan=\"2\">&nbsp;<\/p>\n<p><strong>A (mm)<\/strong><\/td>\n<td rowspan=\"2\"><strong>PAKSUNE KLAASKLAAS(mm)<\/strong><\/td>\n<td colspan=\"3\"><strong>Karastatud 6 mm turvaklaas<\/strong><\/td>\n<\/tr>\n<tr>\n<td><strong>Kirgas klaas<\/strong><\/td>\n<td><strong>Toonitud (hall\/pruun)<\/strong><\/td>\n<td><strong>Mustriline, sinakas, rohekas, matt<\/strong><\/td>\n<\/tr>\n<tr>\n<td>80<\/td>\n<td>795-801<\/td>\n<td>6<\/td>\n<td><strong>286 \u20ac<\/strong><\/td>\n<td><strong>309 \u20ac<\/strong><\/td>\n<td><strong>332 \u20ac<\/strong><\/td>\n<\/tr>\n<tr>\n<td>90<\/td>\n<td>895-901<\/td>\n<td>6<\/td>\n<td><strong>298 \u20ac<\/strong><\/td>\n<td><strong>321 \u20ac<\/strong><\/td>\n<td><strong>344 \u20ac<\/strong><\/td>\n<\/tr>\n<tr>\n<td>100<\/td>\n<td>995-1001<\/td>\n<td>6<\/td>\n<td><strong>309 \u20ac<\/strong><\/td>\n<td><strong>332 \u20ac<\/strong><\/td>\n<td><strong>355 \u20ac<\/strong><\/td>\n<\/tr>\n<tr>\n<td>110<\/td>\n<td>1095-1101<\/td>\n<td>6<\/td>\n<td><strong>367 \u20ac<\/strong><\/td>\n<td><strong>390 \u20ac<\/strong><\/td>\n<td><strong>413 \u20ac<\/strong><\/td>\n<\/tr>\n<tr>\n<td>120<\/td>\n<td>1195-1201<\/td>\n<td>8<\/td>\n<td><strong>378 \u20ac<\/strong><\/td>\n<td><strong>401 \u20ac<\/strong><\/td>\n<td><strong>424 \u20ac<\/strong><\/td>\n<\/tr>\n<tr>\n<td>130<\/td>\n<td>1295-1301<\/td>\n<td>8<\/td>\n<td><strong>390 \u20ac<\/strong><\/td>\n<td><strong>413 \u20ac<\/strong><\/td>\n<td><strong>447 \u20ac<\/strong><\/td>\n<\/tr>\n<tr>\n<td>140<\/td>\n<td>1395-1401<\/td>\n<td>8<\/td>\n<td><strong>401 \u20ac<\/strong><\/td>\n<td><strong>424 \u20ac<\/strong><\/td>\n<td><strong>459 \u20ac<\/strong><\/td>\n<\/tr>\n<tr>\n<td colspan=\"2\">Muud m\u00f5\u00f5dud vahemikus 600&#8230;1100 mm<\/td>\n<td>6<\/td>\n<td><strong>390 \u20ac<\/strong><\/td>\n<td><strong>413 \u20ac<\/strong><\/td>\n<td><strong>447 \u20ac<\/strong><\/td>\n<\/tr>\n<tr>\n<td colspan=\"2\">Muud m\u00f5\u00f5dud vahemikus 1101&#8230;1400 mm<\/td>\n<td>8<\/td>\n<td><strong>482 \u20ac<\/strong><\/td>\n<td><strong>505 \u20ac<\/strong><\/td>\n<td><strong>528 \u20ac<\/strong><\/td>\n<\/tr>\n<tr>\n<td colspan=\"2\">Muud m\u00f5\u00f5dud vahemikus 1401&#8230;1600 mm<\/td>\n<td>8<\/td>\n<td><strong>505 \u20ac<\/strong><\/td>\n<td><strong>528 \u20ac<\/strong><\/td>\n<td><strong>551 \u20ac<\/strong><\/td>\n<\/tr>\n<\/tbody>\n<\/table>\n<ul>\n<li>Standardsete du\u0161\u0161iseinte DORA, EMA ja DIJA k\u00f5rgus \u2013 2000 mm.<\/li>\n<li>Muutes k\u00f5rgust, lisandub 15% juurde hindlus.<\/li>\n<li>Maksimaalne k\u00f5rgus 2250 mm.<\/li>\n<li>Seinad laiusega kuni 1100 mm valmistatakse 6 mm<\/li>\n<li>paksusest ohutust karastatud klaasist, laiemad \u2013 8 mm paksusest klaasist.<\/li>\n<li>Muutes k\u00f5rgust kuni 100&#215;2250 mm, seinad valmistatakse 6 mm paksusest klaasist. Lisandub 15% juurde hindlus.<\/li>\n<li>Muutes k\u00f5rgust kuni 110&#215;2250 mm, seinad valmistatakse 6 mm paksusega klaasist. Lisandub 25% juurdehindlus.<\/li>\n<li>Juhul kui soovite standardsete m\u00f5\u00f5tmetega ja laiusega seinu 8 mm paksusest klaasist, siis lisandub 15% juurdehindlus.<\/li>\n<li>Komplektis oleva \u00fclemise hoidja pikkus on 1000 mm.<\/li>\n<li>Kui vajate muu pikkuseha hoidjat, siis n\u00e4idake see tellimuses.<\/li>\n<\/ul>\n<p>&nbsp;<\/p>\n<p><strong>T\u00c4HELEPANU!<\/strong><br \/>\nK\u00f5iki seinu saab kinnitada nurgahoidiku abil, nagu on n\u00e4idatud fotol lisas. Seinad erinevad seina k\u00fclge kinnitamise viisi poolest.<\/p>\n<p><a href=\"http:\/\/www.baltijosbrasta.com\/system\/download\/Instruncion%20EN.pdf\" target=\"_blank\" rel=\"noopener\">Klaasihooldus juhis<\/a><\/p>\n<p>&nbsp;<\/p>\n<p><img decoding=\"async\" src=\"http:\/\/www.brasta.ee\/image\/Screenshot_3(2).png\" alt=\"\" \/><\/p>\n<p>&nbsp;<\/p>\n<p>&nbsp;<\/p>\n<p>&nbsp;<\/p>\n<p><em>K\u00fcsi personaalset pakkumist!<\/em><\/p>\n","protected":false},"excerpt":{"rendered":"<ul>\n<li>minimalistlik<\/li>\n<li>kerge puhastada<\/li>\n<li>raamita<\/li>\n<\/ul>\n","protected":false},"featured_media":8293,"comment_status":"open","ping_status":"closed","template":"","meta":{"_acf_changed":false},"factory":[],"free-shipment":[],"product_brand":[],"product_cat":[1014,784],"product_tag":[],"class_list":{"0":"post-8290","1":"product","2":"type-product","3":"status-publish","4":"has-post-thumbnail","6":"product_cat-dusinurgad","7":"product_cat-sanitaartehnika","9":"first","10":"instock","11":"sale","12":"taxable","13":"shipping-taxable","14":"purchasable","15":"product-type-simple"},"acf":[],"_links":{"self":[{"href":"https:\/\/factory.sale\/et\/wp-json\/wp\/v2\/product\/8290","targetHints":{"allow":["GET"]}}],"collection":[{"href":"https:\/\/factory.sale\/et\/wp-json\/wp\/v2\/product"}],"about":[{"href":"https:\/\/factory.sale\/et\/wp-json\/wp\/v2\/types\/product"}],"replies":[{"embeddable":true,"href":"https:\/\/factory.sale\/et\/wp-json\/wp\/v2\/comments?post=8290"}],"wp:featuredmedia":[{"embeddable":true,"href":"https:\/\/factory.sale\/et\/wp-json\/wp\/v2\/media\/8293"}],"wp:attachment":[{"href":"https:\/\/factory.sale\/et\/wp-json\/wp\/v2\/media?parent=8290"}],"wp:term":[{"taxonomy":"factory","embeddable":true,"href":"https:\/\/factory.sale\/et\/wp-json\/wp\/v2\/factory?post=8290"},{"taxonomy":"free-shipment","embeddable":true,"href":"https:\/\/factory.sale\/et\/wp-json\/wp\/v2\/free-shipment?post=8290"},{"taxonomy":"product_brand","embeddable":true,"href":"https:\/\/factory.sale\/et\/wp-json\/wp\/v2\/product_brand?post=8290"},{"taxonomy":"product_cat","embeddable":true,"href":"https:\/\/factory.sale\/et\/wp-json\/wp\/v2\/product_cat?post=8290"},{"taxonomy":"product_tag","embeddable":true,"href":"https:\/\/factory.sale\/et\/wp-json\/wp\/v2\/product_tag?post=8290"}],"curies":[{"name":"wp","href":"https:\/\/api.w.org\/{rel}","templated":true}]}}