{"id":8265,"date":"2022-06-08T18:07:10","date_gmt":"2023-09-29T15:10:33","guid":{"rendered":"https:\/\/factory.sale\/?post_type=product&#038;p=8265"},"modified":"2024-06-28T12:44:38","modified_gmt":"2024-06-28T12:44:38","slug":"dusiuks-greta","status":"publish","type":"product","link":"https:\/\/factory.sale\/et\/toode\/dusiuks-greta\/","title":{"rendered":"Du\u0161iuks GRETA"},"content":{"rendered":"<p>Skandinaavia stiilis du\u0161iuks ukse t\u00f5stmise funktsiooniga. Sobib kitsamatele ni\u0161\u0161idele.<\/p>\n<p>&nbsp;<\/p>\n<p><strong>M\u00d5\u00d5DUD:<\/strong><\/p>\n<table border=\"0\" width=\"386\" cellspacing=\"0\" cellpadding=\"0\">\n<colgroup>\n<col width=\"127\" \/>\n<col width=\"107\" \/>\n<col width=\"152\" \/><\/colgroup>\n<tbody>\n<tr>\n<td class=\"xl66\" width=\"127\" height=\"20\">&nbsp;<\/p>\n<p>70 (695-711)<\/td>\n<td class=\"xl66\" width=\"107\">K\u00f5rgus<\/p>\n<p>2000<\/td>\n<td class=\"xl66\" width=\"152\">Klaas<\/p>\n<p>6mm, l\u00e4bipaistev<\/td>\n<\/tr>\n<tr>\n<td class=\"xl66\" height=\"20\">80 (795-811)<\/td>\n<td class=\"xl66\">2000<\/td>\n<td class=\"xl66\">6mm, l\u00e4bipaistev<\/td>\n<\/tr>\n<tr>\n<td class=\"xl66\" height=\"20\">90 (895-911)<\/td>\n<td class=\"xl66\">2000<\/td>\n<td class=\"xl66\">6mm, l\u00e4bipaistev<\/td>\n<\/tr>\n<tr>\n<td class=\"xl66\" height=\"20\">70 (695-711)<\/td>\n<td class=\"xl66\">2000<\/td>\n<td class=\"xl66\">6mm, l\u00e4bipaistev<\/td>\n<\/tr>\n<tr>\n<td class=\"xl66\" height=\"20\">80 (795-811)<\/td>\n<td class=\"xl66\">2000<\/td>\n<td class=\"xl66\">6mm, l\u00e4bipaistev<\/td>\n<\/tr>\n<tr>\n<td class=\"xl66\" height=\"20\">90 (895-911)<\/td>\n<td class=\"xl66\">2000<\/td>\n<td class=\"xl66\">6mm, l\u00e4bipaistev<\/td>\n<\/tr>\n<tr>\n<td class=\"xl66\" height=\"20\">70 (695-711)<\/td>\n<td class=\"xl66\">2000<\/td>\n<td class=\"xl66\">6mm, l\u00e4bipaistev<\/td>\n<\/tr>\n<tr>\n<td class=\"xl66\" height=\"20\">80 (795-811)<\/td>\n<td class=\"xl66\">2000<\/td>\n<td class=\"xl66\">6mm, l\u00e4bipaistev<\/td>\n<\/tr>\n<tr>\n<td class=\"xl66\" height=\"20\">90 (895-911)<\/td>\n<td class=\"xl66\">2000<\/td>\n<td class=\"xl66\">6mm, l\u00e4bipaistev<\/td>\n<\/tr>\n<\/tbody>\n<\/table>\n<p>&nbsp;<\/p>\n<p><a href=\"http:\/\/www.baltijosbrasta.com\/system\/download\/Instruncion%20EN.pdf\" target=\"_blank\" rel=\"noopener\"><b>Klaasihooldus juhis<\/b><\/a><\/p>\n<p>&nbsp;<\/p>\n<p><em>K\u00fcsi personaalset pakkumist!<\/em><\/p>\n","protected":false},"excerpt":{"rendered":"<p><b>Du\u0161ikabiinide kollektsioonist ACROBAT.<\/b><\/p>\n<p>Skandinaavia stiilis du\u0161iuks ukse t\u00f5stmise funktsiooniga. Sobib kitsamatele ni\u0161\u0161idele.<\/p>\n<p>&nbsp;<\/p>\n","protected":false},"featured_media":8268,"comment_status":"open","ping_status":"closed","template":"","meta":{"_acf_changed":false},"factory":[],"free-shipment":[],"product_brand":[],"product_cat":[1014,784],"product_tag":[],"class_list":{"0":"post-8265","1":"product","2":"type-product","3":"status-publish","4":"has-post-thumbnail","6":"product_cat-dusinurgad","7":"product_cat-sanitaartehnika","9":"first","10":"instock","11":"sale","12":"taxable","13":"shipping-taxable","14":"purchasable","15":"product-type-simple"},"acf":[],"_links":{"self":[{"href":"https:\/\/factory.sale\/et\/wp-json\/wp\/v2\/product\/8265","targetHints":{"allow":["GET"]}}],"collection":[{"href":"https:\/\/factory.sale\/et\/wp-json\/wp\/v2\/product"}],"about":[{"href":"https:\/\/factory.sale\/et\/wp-json\/wp\/v2\/types\/product"}],"replies":[{"embeddable":true,"href":"https:\/\/factory.sale\/et\/wp-json\/wp\/v2\/comments?post=8265"}],"wp:featuredmedia":[{"embeddable":true,"href":"https:\/\/factory.sale\/et\/wp-json\/wp\/v2\/media\/8268"}],"wp:attachment":[{"href":"https:\/\/factory.sale\/et\/wp-json\/wp\/v2\/media?parent=8265"}],"wp:term":[{"taxonomy":"factory","embeddable":true,"href":"https:\/\/factory.sale\/et\/wp-json\/wp\/v2\/factory?post=8265"},{"taxonomy":"free-shipment","embeddable":true,"href":"https:\/\/factory.sale\/et\/wp-json\/wp\/v2\/free-shipment?post=8265"},{"taxonomy":"product_brand","embeddable":true,"href":"https:\/\/factory.sale\/et\/wp-json\/wp\/v2\/product_brand?post=8265"},{"taxonomy":"product_cat","embeddable":true,"href":"https:\/\/factory.sale\/et\/wp-json\/wp\/v2\/product_cat?post=8265"},{"taxonomy":"product_tag","embeddable":true,"href":"https:\/\/factory.sale\/et\/wp-json\/wp\/v2\/product_tag?post=8265"}],"curies":[{"name":"wp","href":"https:\/\/api.w.org\/{rel}","templated":true}]}}