{"id":82364,"date":"2024-03-07T11:57:36","date_gmt":"2024-03-07T12:08:35","guid":{"rendered":"https:\/\/factory.sale\/?post_type=product&#038;p=82364"},"modified":"2026-03-23T22:24:23","modified_gmt":"2026-03-23T19:24:23","slug":"validuss","status":"publish","type":"product","link":"https:\/\/factory.sale\/et\/toode\/validuss\/","title":{"rendered":"V\u00e4lidu\u0161\u0161"},"content":{"rendered":"<p>Olenemata sellest, kas jahutate end p\u00e4rast sauna v\u00f5i loputate end enne mullivanni, lisab meie v\u00e4li du\u0161\u0161 teie v\u00e4lisalale luksuse ja praktilisuse kihi. See on oluline osa teie heaolu rutiinist, tagades, et tunnete end v\u00e4rskendatuna ja valmis l\u00f5\u00f5gastuma.<\/p>\n<p>&nbsp;<\/p>\n<p>Seina paksus 38mm<\/p>\n<p>M\u00f5\u00f5dud: 2200x1200mm<\/p>\n<p>&nbsp;<\/p>\n<p><strong>Puidu valikud:<\/strong><\/p>\n<ul>\n<li>Kuusk &#8211; 1035 \u20ac<\/li>\n<li>Termopuit &#8211; 1391,50 \u20ac<\/li>\n<\/ul>\n<p>&nbsp;<\/p>\n<p>&nbsp;<\/p>\n<p>&nbsp;<\/p>\n","protected":false},"excerpt":{"rendered":"<p>T\u00f5stke oma l\u00f5\u00f5gastuskogemus uuele tasemele meie v\u00e4lidu\u0161iga, mis on t\u00e4iuslik lisa teie v\u00e4lisaunale v\u00f5i t\u00fcnnisaunale. Kujutage ette, kuidas astute v\u00e4lja oma sauna auravast soojusest v\u00f5i mullivannist ja sisenete loodusliku du\u0161i v\u00e4rskendavasse embusse, \u00fcmbritsetuna oma tagaaia ilust.<\/p>\n<p>&nbsp;<\/p>\n<p>&nbsp;<\/p>\n<p><strong>Ostes Eesti tooteid, saate ainult k\u00f5rgeima kvaliteediga tooted.<\/strong><\/p>\n<p><img loading=\"lazy\" decoding=\"async\" class=\"alignnone wp-image-100903\" src=\"https:\/\/factory.sale\/wp-content\/uploads\/2023\/04\/made-inestonia-3-factory-sale-300x300.webp\" alt=\"Made in Estonia.\" width=\"255\" height=\"255\" srcset=\"https:\/\/factory.sale\/wp-content\/uploads\/2023\/04\/made-inestonia-3-factory-sale-300x300.webp 300w, https:\/\/factory.sale\/wp-content\/uploads\/2023\/04\/made-inestonia-3-factory-sale-1024x1024.webp 1024w, https:\/\/factory.sale\/wp-content\/uploads\/2023\/04\/made-inestonia-3-factory-sale-150x150.webp 150w, https:\/\/factory.sale\/wp-content\/uploads\/2023\/04\/made-inestonia-3-factory-sale-1536x1536.webp 1536w, https:\/\/factory.sale\/wp-content\/uploads\/2023\/04\/made-inestonia-3-factory-sale-600x600.webp 600w, https:\/\/factory.sale\/wp-content\/uploads\/2023\/04\/made-inestonia-3-factory-sale-100x100.webp 100w, https:\/\/factory.sale\/wp-content\/uploads\/2023\/04\/made-inestonia-3-factory-sale.webp 2048w\" sizes=\"auto, (max-width: 255px) 100vw, 255px\" \/><\/p>\n<p>&nbsp;<\/p>\n","protected":false},"featured_media":82348,"comment_status":"open","ping_status":"closed","template":"","meta":{"_acf_changed":false},"factory":[],"free-shipment":[],"product_brand":[],"product_cat":[826,1643],"product_tag":[1483,811,1609,301],"class_list":{"0":"post-82364","1":"product","2":"type-product","3":"status-publish","4":"has-post-thumbnail","6":"product_cat-saunas-et","7":"product_cat-tunnisaun","8":"product_tag-garden-et","9":"product_tag-sauna-et","10":"product_tag-spruce-et","11":"product_tag-wood-et-2","13":"first","14":"instock","15":"sale","16":"taxable","17":"shipping-taxable","18":"purchasable","19":"product-type-simple"},"acf":[],"_links":{"self":[{"href":"https:\/\/factory.sale\/et\/wp-json\/wp\/v2\/product\/82364","targetHints":{"allow":["GET"]}}],"collection":[{"href":"https:\/\/factory.sale\/et\/wp-json\/wp\/v2\/product"}],"about":[{"href":"https:\/\/factory.sale\/et\/wp-json\/wp\/v2\/types\/product"}],"replies":[{"embeddable":true,"href":"https:\/\/factory.sale\/et\/wp-json\/wp\/v2\/comments?post=82364"}],"wp:featuredmedia":[{"embeddable":true,"href":"https:\/\/factory.sale\/et\/wp-json\/wp\/v2\/media\/82348"}],"wp:attachment":[{"href":"https:\/\/factory.sale\/et\/wp-json\/wp\/v2\/media?parent=82364"}],"wp:term":[{"taxonomy":"factory","embeddable":true,"href":"https:\/\/factory.sale\/et\/wp-json\/wp\/v2\/factory?post=82364"},{"taxonomy":"free-shipment","embeddable":true,"href":"https:\/\/factory.sale\/et\/wp-json\/wp\/v2\/free-shipment?post=82364"},{"taxonomy":"product_brand","embeddable":true,"href":"https:\/\/factory.sale\/et\/wp-json\/wp\/v2\/product_brand?post=82364"},{"taxonomy":"product_cat","embeddable":true,"href":"https:\/\/factory.sale\/et\/wp-json\/wp\/v2\/product_cat?post=82364"},{"taxonomy":"product_tag","embeddable":true,"href":"https:\/\/factory.sale\/et\/wp-json\/wp\/v2\/product_tag?post=82364"}],"curies":[{"name":"wp","href":"https:\/\/api.w.org\/{rel}","templated":true}]}}