{"id":8233,"date":"2022-06-08T18:07:10","date_gmt":"2023-09-29T15:13:27","guid":{"rendered":"https:\/\/factory.sale\/?post_type=product&#038;p=8233"},"modified":"2024-06-26T12:45:18","modified_gmt":"2024-06-26T12:45:18","slug":"dusinurk-kristina","status":"publish","type":"product","link":"https:\/\/factory.sale\/et\/toode\/dusinurk-kristina\/","title":{"rendered":"Du\u0161inurk KRISTINA"},"content":{"rendered":"<p><span style=\"font-weight: 400;\">Ristk\u00fclikukujulist du\u0161inurka on lihtne paigaldada ja kasutada . Kui du\u0161inurka ei kasutata, v\u00f5ivad uksed olla seina poole sisse- ja v\u00e4ljapoole, t\u00e4nu sellele tundub vannituba avaram.<\/span><\/p>\n<p>&nbsp;<\/p>\n<ul>\n<li><span style=\"font-weight: 400;\">Kollektsiooni &#8220;Acrobat&#8221; eksklusiivsus &#8211; <strong>t\u00e4is p\u00f6\u00f6rdhinged<\/strong>. Seda t\u00fc\u00fcpi hingedega du\u0161iuksed saab avada ja seina k\u00fclge kokku voltida, kui vannitoas on vaja rohkem ruumi.<\/span><\/li>\n<li><span style=\"font-weight: 400;\"><strong>Hebe-valamu mehhanism<\/strong>. Kui uksed t\u00f5usevad ja vajuvad alla, on korpuse p\u00f5hi parimal juhul tihendatud. Samuti on v\u00e4ga mugav puhtust s\u00e4ilitada.<\/span><\/li>\n<li><strong>T\u00f6\u00f6kindel ja vaikne<\/strong>, kuna ustel puuduvad kandemehhanismid ja need on kindlalt vannitoa seina k\u00fclge kinnitatud.<\/li>\n<li>Kogu kollektsioon n\u00e4eb<strong> ruumikas<\/strong> v\u00e4lja, kuna on kujundatud <strong>raamita<\/strong> ja on paigaldatud ainult seinale kinnitatud esteetiliste profiilidega.<\/li>\n<\/ul>\n<p>&nbsp;<\/p>\n<p><span style=\"font-weight: 400;\">Uue tehnoloogiaga <strong>FAST DROPS,<\/strong> mis kaitseb du\u0161ikabiinide klaase vee m\u00f5ju eest. Klaas muutub kriimustustele vastupidavamaks ja seda on lihtne puhastada.<\/span><\/p>\n<p><span style=\"font-weight: 400;\">Vesi j\u00e4\u00e4b klaasile molekulaarj\u00f5u t\u00f5ttu, mida nimetatakse pindpinevuseks. Pinna katmisel kattekihiga fast drops kaob veemolekulide otsene kokkupuude klaasiga. Piisad muutuvad pallideks ja voolavad alla.<\/span><\/p>\n<p>&nbsp;<\/p>\n<p><strong>M\u00d5\u00d5DUD:<\/strong><\/p>\n<table border=\"0\" width=\"386\" cellspacing=\"0\" cellpadding=\"0\">\n<colgroup>\n<col width=\"127\" \/>\n<col width=\"107\" \/>\n<col width=\"152\" \/><\/colgroup>\n<tbody>\n<tr>\n<td class=\"xl66\" width=\"127\" height=\"20\">&nbsp;<\/p>\n<p>80&#215;80 (779-788)<\/td>\n<td class=\"xl66\" width=\"107\">K\u00f5rgus<\/p>\n<p>2000<\/td>\n<td class=\"xl66\" width=\"152\">Klaas<\/p>\n<p>6mm, clear glass<\/td>\n<\/tr>\n<tr>\n<td class=\"xl66\" height=\"20\">90&#215;90 (879-888)<\/td>\n<td class=\"xl66\">2000<\/td>\n<td class=\"xl66\">6mm, clear glass<\/td>\n<\/tr>\n<tr>\n<td class=\"xl66\" height=\"20\">100&#215;100 (979-988)<\/td>\n<td class=\"xl66\">2000<\/td>\n<td class=\"xl66\">6mm, clear glass<\/td>\n<\/tr>\n<tr>\n<td class=\"xl66\" height=\"20\">80&#215;80 (779-788)<\/td>\n<td class=\"xl66\">2000<\/td>\n<td class=\"xl66\">6mm, clear glass<\/td>\n<\/tr>\n<tr>\n<td class=\"xl66\" height=\"20\">90&#215;90 (879-888)<\/td>\n<td class=\"xl66\">2000<\/td>\n<td class=\"xl66\">6mm, clear glass<\/td>\n<\/tr>\n<tr>\n<td class=\"xl66\" height=\"20\">100&#215;100 (979-988)<\/td>\n<td class=\"xl66\">2000<\/td>\n<td class=\"xl66\">6mm, clear glass<\/td>\n<\/tr>\n<tr>\n<td class=\"xl66\" height=\"20\">80&#215;80 (779-788)<\/td>\n<td class=\"xl66\">2000<\/td>\n<td class=\"xl66\">6mm, clear glass<\/td>\n<\/tr>\n<tr>\n<td class=\"xl66\" height=\"20\">90&#215;90 (879-888)<\/td>\n<td class=\"xl66\">2000<\/td>\n<td class=\"xl66\">6mm, clear glass<\/td>\n<\/tr>\n<tr>\n<td class=\"xl66\" height=\"20\">100&#215;100 (979-988)<\/td>\n<td class=\"xl66\">2000<\/td>\n<td class=\"xl66\">6mm, clear glass<\/td>\n<\/tr>\n<\/tbody>\n<\/table>\n<p>&nbsp;<\/p>\n<p><a href=\"http:\/\/www.baltijosbrasta.com\/system\/download\/Instruncion%20EN.pdf\" target=\"_blank\" rel=\"noopener\"><span style=\"font-weight: 400;\">Klaasi hooldusjuhend<\/span><\/a><\/p>\n<p>&nbsp;<\/p>\n<p><em>K\u00fcsi personaalset pakkumist!<\/em><\/p>\n","protected":false},"excerpt":{"rendered":"<p><b>Du\u0161ikabiinide kollektsioonist ACROBAT<\/b><\/p>\n<p><span style=\"font-weight: 400;\">Kaunis ja kaasaegne skandinaavia stiilis du\u0161inurk, mis sobib imeliselt igasse vannituppa.<\/span><\/p>\n<ul>\n<li style=\"font-weight: 400;\" aria-level=\"1\"><span style=\"font-weight: 400;\">erakordne paindlikkus<\/span><\/li>\n<li style=\"font-weight: 400;\" aria-level=\"1\"><span style=\"font-weight: 400;\">tugevus<\/span><\/li>\n<li style=\"font-weight: 400;\" aria-level=\"1\"><span style=\"font-weight: 400;\">tasakaal<\/span><\/li>\n<li style=\"font-weight: 400;\" aria-level=\"1\"><span style=\"font-weight: 400;\">raamita konstruktsioon<\/span><\/li>\n<li style=\"font-weight: 400;\" aria-level=\"1\"><span style=\"font-weight: 400;\">lihtne puhastada<\/span><\/li>\n<\/ul>\n","protected":false},"featured_media":8236,"comment_status":"open","ping_status":"closed","template":"","meta":{"_acf_changed":false},"factory":[],"free-shipment":[],"product_brand":[],"product_cat":[1014,784],"product_tag":[],"class_list":{"0":"post-8233","1":"product","2":"type-product","3":"status-publish","4":"has-post-thumbnail","6":"product_cat-dusinurgad","7":"product_cat-sanitaartehnika","9":"first","10":"instock","11":"sale","12":"taxable","13":"shipping-taxable","14":"purchasable","15":"product-type-simple"},"acf":[],"_links":{"self":[{"href":"https:\/\/factory.sale\/et\/wp-json\/wp\/v2\/product\/8233","targetHints":{"allow":["GET"]}}],"collection":[{"href":"https:\/\/factory.sale\/et\/wp-json\/wp\/v2\/product"}],"about":[{"href":"https:\/\/factory.sale\/et\/wp-json\/wp\/v2\/types\/product"}],"replies":[{"embeddable":true,"href":"https:\/\/factory.sale\/et\/wp-json\/wp\/v2\/comments?post=8233"}],"wp:featuredmedia":[{"embeddable":true,"href":"https:\/\/factory.sale\/et\/wp-json\/wp\/v2\/media\/8236"}],"wp:attachment":[{"href":"https:\/\/factory.sale\/et\/wp-json\/wp\/v2\/media?parent=8233"}],"wp:term":[{"taxonomy":"factory","embeddable":true,"href":"https:\/\/factory.sale\/et\/wp-json\/wp\/v2\/factory?post=8233"},{"taxonomy":"free-shipment","embeddable":true,"href":"https:\/\/factory.sale\/et\/wp-json\/wp\/v2\/free-shipment?post=8233"},{"taxonomy":"product_brand","embeddable":true,"href":"https:\/\/factory.sale\/et\/wp-json\/wp\/v2\/product_brand?post=8233"},{"taxonomy":"product_cat","embeddable":true,"href":"https:\/\/factory.sale\/et\/wp-json\/wp\/v2\/product_cat?post=8233"},{"taxonomy":"product_tag","embeddable":true,"href":"https:\/\/factory.sale\/et\/wp-json\/wp\/v2\/product_tag?post=8233"}],"curies":[{"name":"wp","href":"https:\/\/api.w.org\/{rel}","templated":true}]}}