{"id":82312,"date":"2024-03-07T10:03:04","date_gmt":"2024-03-07T10:20:41","guid":{"rendered":"https:\/\/factory.sale\/?post_type=product&#038;p=82312"},"modified":"2024-07-18T13:57:08","modified_gmt":"2024-07-18T10:57:08","slug":"inmotion-v11-elektriline-uksratas","status":"publish","type":"product","link":"https:\/\/factory.sale\/et\/toode\/inmotion-v11-elektriline-uksratas\/","title":{"rendered":"InMotion V11 elektriline \u00fcksratas"},"content":{"rendered":"<p>Profis\u00f5itjatele m\u00f5eldud V11 on maailma esimene sisseehitatud \u00f5hkvedruga pedaalvedrustuse disainiga, mille vertikaalne liikumisulatus on kuni 3,3 tolli, et neelata k\u00f5ik l\u00f6\u00f6gid v\u00f5i augud. Lisaks on V11 varustatud 18&#8243; x 3&#8243; rehviga, mis pakub teile suuremat stabiilsust. V\u00f5tke see teele &#8211; augud ei ole probleem. V\u00f5tke see teelt v\u00e4lja &#8211; see on k\u00f5ige sujuvam kogemus, mida saate kruusal s\u00f5ites kogeda.<\/p>\n<p>Kasutage V11 kahetist laadimisporti, et \u00fchendada teine \u200b\u200blaadija 5A \u00fchendatud laadimiseks!<\/p>\n<p>Ei soovi kaasas kanda kahte laadijat, kuid soovite siiski 5A laadimist? Soovite akut osaliselt laadida, et pikendada selle eluiga? Siis see laadija on teie jaoks!<\/p>\n<p>&nbsp;<\/p>\n<p><strong>Tehnilised andmed:<\/strong><\/p>\n<ul>\n<li>S\u00f5iduulatus: ~60 miili maksimaalselt<\/li>\n<li>Mootori v\u00f5imsus: 2200W (pikka aega kestev, v\u00f5ib tippv\u00f5imsusel olla palju suurem)<\/li>\n<li>Aku: 1500WH 84V<\/li>\n<li>Laadimisaeg: 5 tundi kahe laadijaga (10 tundi \u00fche laadijaga)<\/li>\n<li>Maksimaalne kiirus: 31 mph (ideaalsetes tingimustes maksimaalne kiirus, rakenduses avatav 34 mph)<\/li>\n<li>Ronimisnurk: 35 kraadi<\/li>\n<li>Rehv: 18 x 3 tolli<\/li>\n<li>Kaal: 60 naela<\/li>\n<li>Kandev\u00f5ime: 265 naela<\/li>\n<li>IP Reiting: IP55<\/li>\n<li>Juhtiv jahutuss\u00fcsteem k\u00f5rge j\u00f5udlusega soojuse hajutamiseks (konvektsioon, juhtivus, ventilaator)<\/li>\n<li>Tuled: Esituli (7800 luksi) ja tagumine s\u00f5idukitase tagatuli<\/li>\n<li>Laadija v\u00e4ljund: DC 84V* 2.5A<\/li>\n<li>T\u00e4iustatud rakendusesisesed statistikad annavad teile juurdep\u00e4\u00e4su andmetele, et j\u00e4lgida oma j\u00f5udlust ja kasutamisharjumusi<\/li>\n<li>Algusest peale projekteeritud optimaalseks kaalujagamiseks ja kompromissituks vormiteguriks<\/li>\n<\/ul>\n<p>&nbsp;<\/p>\n<p><strong>Kokkuklapitav k\u00e4epide<\/strong><\/p>\n<p>Ei ole vaja ratast k\u00e4es kanda &#8211; veeretage seda enda k\u00f5rval nagu kohvrit<\/p>\n<p><strong><img loading=\"lazy\" decoding=\"async\" class=\"alignnone wp-image-82256\" src=\"https:\/\/factory.sale\/wp-content\/uploads\/2024\/03\/fold-up-handle-300x209.png\" alt=\"\" width=\"433\" height=\"302\" srcset=\"https:\/\/factory.sale\/wp-content\/uploads\/2024\/03\/fold-up-handle-300x209.png 300w, https:\/\/factory.sale\/wp-content\/uploads\/2024\/03\/fold-up-handle-150x105.png 150w, https:\/\/factory.sale\/wp-content\/uploads\/2024\/03\/fold-up-handle-600x418.png 600w, https:\/\/factory.sale\/wp-content\/uploads\/2024\/03\/fold-up-handle.png 904w\" sizes=\"auto, (max-width: 433px) 100vw, 433px\" \/><\/strong><\/p>\n<p>&nbsp;<\/p>\n<p><strong>Eriliselt valmistatud mootor<\/strong><\/p>\n<p>Paremaks p\u00f6\u00f6rdemomendiks<\/p>\n<p><strong><img loading=\"lazy\" decoding=\"async\" class=\"alignnone wp-image-82259\" src=\"https:\/\/factory.sale\/wp-content\/uploads\/2024\/03\/motor-300x212.png\" alt=\"\" width=\"433\" height=\"306\" srcset=\"https:\/\/factory.sale\/wp-content\/uploads\/2024\/03\/motor-300x212.png 300w, https:\/\/factory.sale\/wp-content\/uploads\/2024\/03\/motor-150x106.png 150w, https:\/\/factory.sale\/wp-content\/uploads\/2024\/03\/motor-600x424.png 600w, https:\/\/factory.sale\/wp-content\/uploads\/2024\/03\/motor.png 816w\" sizes=\"auto, (max-width: 433px) 100vw, 433px\" \/><\/strong><\/p>\n<p>&nbsp;<\/p>\n<p><strong>Kahekordsed laadimispesad<\/strong><\/p>\n<p>V\u00e4hendab laadimisaega 2x<br \/>\n(sisaldab ka USB laadimisporti)<\/p>\n<p><strong><img loading=\"lazy\" decoding=\"async\" class=\"alignnone wp-image-82262\" src=\"https:\/\/factory.sale\/wp-content\/uploads\/2024\/03\/charge-port-300x211.png\" alt=\"\" width=\"428\" height=\"301\" srcset=\"https:\/\/factory.sale\/wp-content\/uploads\/2024\/03\/charge-port-300x211.png 300w, https:\/\/factory.sale\/wp-content\/uploads\/2024\/03\/charge-port-150x105.png 150w, https:\/\/factory.sale\/wp-content\/uploads\/2024\/03\/charge-port-600x421.png 600w, https:\/\/factory.sale\/wp-content\/uploads\/2024\/03\/charge-port.png 818w\" sizes=\"auto, (max-width: 428px) 100vw, 428px\" \/><\/strong><\/p>\n<p>&nbsp;<\/p>\n<p><strong>Tundlik pidurituli<\/strong><\/p>\n<p>Erk esituli<\/p>\n<p>7800luksi &#8211; k\u00f5ige eredam elektriline \u00fchik\u00f5ikur turul.<\/p>\n<p><img loading=\"lazy\" decoding=\"async\" class=\"alignnone wp-image-82265\" src=\"https:\/\/factory.sale\/wp-content\/uploads\/2024\/03\/brake-light-300x218.png\" alt=\"\" width=\"422\" height=\"307\" srcset=\"https:\/\/factory.sale\/wp-content\/uploads\/2024\/03\/brake-light-300x218.png 300w, https:\/\/factory.sale\/wp-content\/uploads\/2024\/03\/brake-light-150x109.png 150w, https:\/\/factory.sale\/wp-content\/uploads\/2024\/03\/brake-light-600x435.png 600w, https:\/\/factory.sale\/wp-content\/uploads\/2024\/03\/brake-light.png 822w\" sizes=\"auto, (max-width: 422px) 100vw, 422px\" \/><\/p>\n<p>&nbsp;<\/p>\n<p><strong>Sisseehitatud akud<\/strong><\/p>\n<p>Akud on integreeritud mootorisse madalama raskuskeskme ja parema juhitavuse jaoks.<\/p>\n<p><strong><img loading=\"lazy\" decoding=\"async\" class=\"alignnone wp-image-82269\" src=\"https:\/\/factory.sale\/wp-content\/uploads\/2024\/03\/headlight-300x228.png\" alt=\"\" width=\"420\" height=\"319\" srcset=\"https:\/\/factory.sale\/wp-content\/uploads\/2024\/03\/headlight-300x228.png 300w, https:\/\/factory.sale\/wp-content\/uploads\/2024\/03\/headlight-150x114.png 150w, https:\/\/factory.sale\/wp-content\/uploads\/2024\/03\/headlight-600x455.png 600w, https:\/\/factory.sale\/wp-content\/uploads\/2024\/03\/headlight.png 822w\" sizes=\"auto, (max-width: 420px) 100vw, 420px\" \/><\/strong><\/p>\n<p>&nbsp;<\/p>\n<p><strong>Juhtiv jahutuss\u00fcsteem<\/strong><\/p>\n<p>Kolmekordne soojuse hajutamine (konvektsioon, juhtivus, ventilaator)<\/p>\n<p><strong><img loading=\"lazy\" decoding=\"async\" class=\"alignnone wp-image-82273\" src=\"https:\/\/factory.sale\/wp-content\/uploads\/2024\/03\/batteries-300x227.png\" alt=\"\" width=\"414\" height=\"313\" srcset=\"https:\/\/factory.sale\/wp-content\/uploads\/2024\/03\/batteries-300x227.png 300w, https:\/\/factory.sale\/wp-content\/uploads\/2024\/03\/batteries-150x114.png 150w, https:\/\/factory.sale\/wp-content\/uploads\/2024\/03\/batteries-600x454.png 600w, https:\/\/factory.sale\/wp-content\/uploads\/2024\/03\/batteries.png 822w\" sizes=\"auto, (max-width: 414px) 100vw, 414px\" \/><\/strong><\/p>\n<p>&nbsp;<\/p>\n<p><strong>T\u00e4iustatud juhtimisplaat<\/strong><\/p>\n<p>12 kvaliteetset MOSFET-i t\u00e4hendab, et kriitilised komponendid on alati toeks<\/p>\n<p><strong><img loading=\"lazy\" decoding=\"async\" class=\"alignnone wp-image-82278\" src=\"https:\/\/factory.sale\/wp-content\/uploads\/2024\/03\/cooling-system-300x230.png\" alt=\"\" width=\"419\" height=\"321\" srcset=\"https:\/\/factory.sale\/wp-content\/uploads\/2024\/03\/cooling-system-300x230.png 300w, https:\/\/factory.sale\/wp-content\/uploads\/2024\/03\/cooling-system-150x115.png 150w, https:\/\/factory.sale\/wp-content\/uploads\/2024\/03\/cooling-system-600x460.png 600w, https:\/\/factory.sale\/wp-content\/uploads\/2024\/03\/cooling-system.png 822w\" sizes=\"auto, (max-width: 419px) 100vw, 419px\" \/><\/strong><\/p>\n<p>&nbsp;<\/p>\n<p><strong>Suured pedaalid<\/strong><\/p>\n<p>Varustatud haardeteibiga 20% suurema h\u00f5\u00f5rdumise jaoks<br \/>\nSisseehitatud alus<\/p>\n<p><strong><img loading=\"lazy\" decoding=\"async\" class=\"alignnone wp-image-82281\" src=\"https:\/\/factory.sale\/wp-content\/uploads\/2024\/03\/control-300x231.png\" alt=\"\" width=\"411\" height=\"316\" srcset=\"https:\/\/factory.sale\/wp-content\/uploads\/2024\/03\/control-300x231.png 300w, https:\/\/factory.sale\/wp-content\/uploads\/2024\/03\/control-150x115.png 150w, https:\/\/factory.sale\/wp-content\/uploads\/2024\/03\/control-600x462.png 600w, https:\/\/factory.sale\/wp-content\/uploads\/2024\/03\/control.png 826w\" sizes=\"auto, (max-width: 411px) 100vw, 411px\" \/><\/strong><\/p>\n<p>&nbsp;<\/p>\n<p><strong>Esimene iseseisvalt seisev elektriline \u00fchik\u00f5ikur<\/strong><\/p>\n<p>Laiem 3&#8243; rehv<\/p>\n<p>Parem haare, saab hakkama igasuguse maastikuga<\/p>\n<p><strong><img loading=\"lazy\" decoding=\"async\" class=\"alignnone wp-image-82284\" src=\"https:\/\/factory.sale\/wp-content\/uploads\/2024\/03\/large-pedals-300x234.png\" alt=\"\" width=\"415\" height=\"324\" srcset=\"https:\/\/factory.sale\/wp-content\/uploads\/2024\/03\/large-pedals-300x234.png 300w, https:\/\/factory.sale\/wp-content\/uploads\/2024\/03\/large-pedals-150x117.png 150w, https:\/\/factory.sale\/wp-content\/uploads\/2024\/03\/large-pedals-600x468.png 600w, https:\/\/factory.sale\/wp-content\/uploads\/2024\/03\/large-pedals.png 818w\" sizes=\"auto, (max-width: 415px) 100vw, 415px\" \/><\/strong><\/p>\n<p>&nbsp;<\/p>\n<p><strong>Sisseehitatud \u00f5hkvedrustus<\/strong><\/p>\n<p>2,75 tolli vedrustuse liikumine<\/p>\n<p><img loading=\"lazy\" decoding=\"async\" class=\"alignnone wp-image-82295\" src=\"https:\/\/factory.sale\/wp-content\/uploads\/2024\/03\/air-suspension-300x244.png\" alt=\"\" width=\"411\" height=\"335\" srcset=\"https:\/\/factory.sale\/wp-content\/uploads\/2024\/03\/air-suspension-300x244.png 300w, https:\/\/factory.sale\/wp-content\/uploads\/2024\/03\/air-suspension-150x122.png 150w, https:\/\/factory.sale\/wp-content\/uploads\/2024\/03\/air-suspension-600x487.png 600w, https:\/\/factory.sale\/wp-content\/uploads\/2024\/03\/air-suspension.png 820w\" sizes=\"auto, (max-width: 411px) 100vw, 411px\" \/><\/p>\n<p>&nbsp;<\/p>\n<div class=\"video-wrapper \"><iframe loading=\"lazy\" title=\"InMotion V11 - Overview and Off-Road Comparison\" width=\"500\" height=\"281\" src=\"https:\/\/www.youtube.com\/embed\/eLRzXR5gKHQ?feature=oembed\" frameborder=\"0\" allow=\"accelerometer; autoplay; clipboard-write; encrypted-media; gyroscope; picture-in-picture; web-share\" referrerpolicy=\"strict-origin-when-cross-origin\" allowfullscreen><\/iframe><\/div>\n","protected":false},"excerpt":{"rendered":"<p>Profis\u00f5itjatele m\u00f5eldud V11 on maailma esimene sisseehitatud \u00f5hkvedruga pedaalvedrustuse disainiga, mille vertikaalne liikumisulatus on kuni 3,3 tolli, et neelata k\u00f5ik l\u00f6\u00f6gid v\u00f5i augud. Lisaks on V11 varustatud 18&#8243; x 3&#8243; rehviga, mis pakub teile suuremat stabiilsust. V\u00f5tke see teele &#8211; augud ei ole probleem. V\u00f5tke see teelt v\u00e4lja &#8211; see on k\u00f5ige sujuvam kogemus, mida saate kruusal s\u00f5ites kogeda.<\/p>\n","protected":false},"featured_media":82300,"comment_status":"open","ping_status":"closed","template":"","meta":{"_acf_changed":false},"factory":[],"free-shipment":[],"product_brand":[],"product_cat":[738,1315],"product_tag":[740],"class_list":{"0":"post-82312","1":"product","2":"type-product","3":"status-publish","4":"has-post-thumbnail","6":"product_cat-elektrilised-liikurid","7":"product_cat-uksratas","8":"product_tag-inmotion-et","10":"first","11":"instock","12":"sale","13":"taxable","14":"shipping-taxable","15":"purchasable","16":"product-type-simple"},"acf":[],"_links":{"self":[{"href":"https:\/\/factory.sale\/et\/wp-json\/wp\/v2\/product\/82312","targetHints":{"allow":["GET"]}}],"collection":[{"href":"https:\/\/factory.sale\/et\/wp-json\/wp\/v2\/product"}],"about":[{"href":"https:\/\/factory.sale\/et\/wp-json\/wp\/v2\/types\/product"}],"replies":[{"embeddable":true,"href":"https:\/\/factory.sale\/et\/wp-json\/wp\/v2\/comments?post=82312"}],"wp:featuredmedia":[{"embeddable":true,"href":"https:\/\/factory.sale\/et\/wp-json\/wp\/v2\/media\/82300"}],"wp:attachment":[{"href":"https:\/\/factory.sale\/et\/wp-json\/wp\/v2\/media?parent=82312"}],"wp:term":[{"taxonomy":"factory","embeddable":true,"href":"https:\/\/factory.sale\/et\/wp-json\/wp\/v2\/factory?post=82312"},{"taxonomy":"free-shipment","embeddable":true,"href":"https:\/\/factory.sale\/et\/wp-json\/wp\/v2\/free-shipment?post=82312"},{"taxonomy":"product_brand","embeddable":true,"href":"https:\/\/factory.sale\/et\/wp-json\/wp\/v2\/product_brand?post=82312"},{"taxonomy":"product_cat","embeddable":true,"href":"https:\/\/factory.sale\/et\/wp-json\/wp\/v2\/product_cat?post=82312"},{"taxonomy":"product_tag","embeddable":true,"href":"https:\/\/factory.sale\/et\/wp-json\/wp\/v2\/product_tag?post=82312"}],"curies":[{"name":"wp","href":"https:\/\/api.w.org\/{rel}","templated":true}]}}