{"id":81500,"date":"2024-03-04T09:09:21","date_gmt":"2024-03-04T09:19:27","guid":{"rendered":"https:\/\/factory.sale\/?post_type=product&#038;p=81500"},"modified":"2024-06-27T12:22:03","modified_gmt":"2024-06-27T12:22:03","slug":"massaazitool-beez","status":"publish","type":"product","link":"https:\/\/factory.sale\/et\/toode\/massaazitool-beez\/","title":{"rendered":"Massaa\u017eitool beez"},"content":{"rendered":"<p>Kvaliteetse kunstnaha polsterdusega ning tihke pehmendusega istme ja seljatoega p\u00f6\u00f6rlev tugitool pakub \u00fclimat mugavust. Tugitoolil on p\u00f6\u00f6rlev s\u00fcsteem, mis v\u00f5imaldab toale 360-kraadist vaadet. Kiikuval massaa\u017eitoolil on 8 massaa\u017eis\u00f5lme kogu keha l\u00f5\u00f5gastamiseks. T\u00e4nu soojendusele kiirgab tugitool mugavat soojust, mis v\u00e4hendab pingeid. Selja- ja jalatuge saab vastavalt vajadusele erineva nurga alla seada. Komplekti kuuluvat pulti saab massaa\u017eitooli k\u00fcljetaskus hoida.<\/p>\n<p>&nbsp;<\/p>\n<p><strong>Lisainformatsioon:<\/strong><\/p>\n<ul>\n<li>2 massaa\u017ei intensiivsuse astet, k\u00f5rge\/madal<\/li>\n<li>8 massaa\u017eipatja<\/li>\n<li>Reguleeritav selja- ja jalatugi<\/li>\n<li>Pult<\/li>\n<li>Materjal: s\u00fcnteetiline nahk<\/li>\n<li>Kaalupiirang: 110 kg<\/li>\n<li>Tool p\u00f6\u00f6rleb 360\u00b0<\/li>\n<li>220 v<\/li>\n<li>Kaal: 56 kg<\/li>\n<li>Tooli m\u00f5\u00f5dud: 106 x 94 x 88cm<\/li>\n<li>Istme s\u00fcgavus: 50 cm<\/li>\n<li>Istme laius: 56 cm<\/li>\n<li>V\u00e4rvus: bee\u017e<\/li>\n<\/ul>\n","protected":false},"excerpt":{"rendered":"<p>Professionaalsete funktsioonidega massaa\u017eitool koduseks kasutamiseks.<\/p>\n","protected":false},"featured_media":81479,"comment_status":"open","ping_status":"closed","template":"","meta":{"_acf_changed":false},"factory":[],"free-shipment":[],"product_brand":[],"product_cat":[714],"product_tag":[],"class_list":{"0":"post-81500","1":"product","2":"type-product","3":"status-publish","4":"has-post-thumbnail","6":"product_cat-moobel","8":"first","9":"instock","10":"sale","11":"taxable","12":"shipping-taxable","13":"purchasable","14":"product-type-simple"},"acf":[],"_links":{"self":[{"href":"https:\/\/factory.sale\/et\/wp-json\/wp\/v2\/product\/81500","targetHints":{"allow":["GET"]}}],"collection":[{"href":"https:\/\/factory.sale\/et\/wp-json\/wp\/v2\/product"}],"about":[{"href":"https:\/\/factory.sale\/et\/wp-json\/wp\/v2\/types\/product"}],"replies":[{"embeddable":true,"href":"https:\/\/factory.sale\/et\/wp-json\/wp\/v2\/comments?post=81500"}],"wp:featuredmedia":[{"embeddable":true,"href":"https:\/\/factory.sale\/et\/wp-json\/wp\/v2\/media\/81479"}],"wp:attachment":[{"href":"https:\/\/factory.sale\/et\/wp-json\/wp\/v2\/media?parent=81500"}],"wp:term":[{"taxonomy":"factory","embeddable":true,"href":"https:\/\/factory.sale\/et\/wp-json\/wp\/v2\/factory?post=81500"},{"taxonomy":"free-shipment","embeddable":true,"href":"https:\/\/factory.sale\/et\/wp-json\/wp\/v2\/free-shipment?post=81500"},{"taxonomy":"product_brand","embeddable":true,"href":"https:\/\/factory.sale\/et\/wp-json\/wp\/v2\/product_brand?post=81500"},{"taxonomy":"product_cat","embeddable":true,"href":"https:\/\/factory.sale\/et\/wp-json\/wp\/v2\/product_cat?post=81500"},{"taxonomy":"product_tag","embeddable":true,"href":"https:\/\/factory.sale\/et\/wp-json\/wp\/v2\/product_tag?post=81500"}],"curies":[{"name":"wp","href":"https:\/\/api.w.org\/{rel}","templated":true}]}}