{"id":8145,"date":"2022-05-25T13:10:42","date_gmt":"2022-05-25T13:34:21","guid":{"rendered":"https:\/\/factory.sale\/?post_type=product&#038;p=8145"},"modified":"2024-06-28T02:37:18","modified_gmt":"2024-06-28T02:37:18","slug":"ja-solar-540wp-moodul-jam72s30-540-mr-hobedane-must-raam","status":"publish","type":"product","link":"https:\/\/factory.sale\/et\/toode\/ja-solar-540wp-moodul-jam72s30-540-mr-hobedane-must-raam\/","title":{"rendered":"JA Solar 540WP Moodul &#8211; JAM72S30 540 MR h\u00f5bedane raam"},"content":{"rendered":"<p><span style=\"font-weight: 400;\">Mitme siini PERC-elementidega kokkupanduna pakub moodulite pool elemendi konfiguratsioon eeliseid suurema v\u00e4ljundv\u00f5imsuse, parema temperatuurist s\u00f5ltuva j\u00f5udluse ja v\u00e4iksema varjutuse poolest. m\u00f5ju energia tootmisele, v\u00e4iksem kuumade punktide oht, samuti suurem taluvus mehaanilise koormuse suhtes.<\/span><\/p>\n<ul>\n<li style=\"font-weight: 400;\" aria-level=\"1\"><span style=\"font-weight: 400;\">Suurem v\u00e4ljundv\u00f5imsus<\/span><\/li>\n<li style=\"font-weight: 400;\" aria-level=\"1\"><span style=\"font-weight: 400;\">Madalam LCOE<\/span><\/li>\n<li style=\"font-weight: 400;\" aria-level=\"1\"><span style=\"font-weight: 400;\">V\u00e4iksem varjutus ja v\u00e4iksem takistuskadu<\/span><\/li>\n<li style=\"font-weight: 400;\" aria-level=\"1\"><span style=\"font-weight: 400;\">Parem mehaaniline laadimine<\/span><\/li>\n<\/ul>\n<p><strong>LISAINFORMATSIOON:<\/strong><\/p>\n<table class=\"table\" style=\"height: 216px;\" width=\"360\">\n<tbody>\n<tr class=\"r--l-flex r--l-flex-wrap\">\n<td class=\"name r--l-box-5 r--l-md-box-10 r--l-xs-box-10\">Max. v\u00f5imsus (Pmax)<\/td>\n<td class=\"value r--l-box-5 r--l-md-box-10 r--l-xs-box-10\">540<\/td>\n<\/tr>\n<tr class=\"r--l-flex r--l-flex-wrap\">\n<td class=\"name r--l-box-5 r--l-md-box-10 r--l-xs-box-10\">\u00dchendused<\/td>\n<td class=\"value r--l-box-5 r--l-md-box-10 r--l-xs-box-10\">MC\/QC<\/td>\n<\/tr>\n<tr class=\"r--l-flex r--l-flex-wrap\">\n<td class=\"name r--l-box-5 r--l-md-box-10 r--l-xs-box-10\">Raami paksus [mm]<\/td>\n<td class=\"value r--l-box-5 r--l-md-box-10 r--l-xs-box-10\">35<\/td>\n<\/tr>\n<tr class=\"r--l-flex r--l-flex-wrap\">\n<td class=\"name r--l-box-5 r--l-md-box-10 r--l-xs-box-10\">K\u00f5rgus [mm]<\/td>\n<td class=\"value r--l-box-5 r--l-md-box-10 r--l-xs-box-10\">2279<\/td>\n<\/tr>\n<tr class=\"r--l-flex r--l-flex-wrap\">\n<td class=\"name r--l-box-5 r--l-md-box-10 r--l-xs-box-10\">Kaal [kg]<\/td>\n<td class=\"value r--l-box-5 r--l-md-box-10 r--l-xs-box-10\">28,6<\/td>\n<\/tr>\n<tr class=\"r--l-flex r--l-flex-wrap\">\n<td class=\"name r--l-box-5 r--l-md-box-10 r--l-xs-box-10\">Paki konfiguratsioon (alus)<\/td>\n<td class=\"value r--l-box-5 r--l-md-box-10 r--l-xs-box-10\">31 tk<\/td>\n<\/tr>\n<tr class=\"r--l-flex r--l-flex-wrap\">\n<td class=\"name r--l-box-5 r--l-md-box-10 r--l-xs-box-10\">Paki konfiguratsioon (konteiner)<\/td>\n<td class=\"value r--l-box-5 r--l-md-box-10 r--l-xs-box-10\">620 tk<\/td>\n<\/tr>\n<\/tbody>\n<\/table>\n<p>&nbsp;<\/p>\n","protected":false},"excerpt":{"rendered":"<p><b>JA Solar on k\u00f5rgekvaliteediliste fotogalvaaniliste moodulite tootmise liider maailmas. JA Solar sai \u00e4sja EuPD Researchilt m\u00e4rgid &#8220;Top Brand PV Chile 2022&#8221; ja &#8220;Top Brand PV Mexico 2022&#8221;, mis kinnitab selle pidevalt k\u00f5rgelt tunnustatud turutulemusi p\u00e4ikeselises Ladina-Ameerika piirkonnas.<\/b><\/p>\n<p><a href=\"https:\/\/factory.sale\/wp-content\/uploads\/2022\/05\/Datasheet-JAM72S30-540.pdf\">Datasheet-JAM72S30-540<\/a><\/p>\n","protected":false},"featured_media":8133,"comment_status":"open","ping_status":"closed","template":"","meta":{"_acf_changed":false},"factory":[],"free-shipment":[],"product_brand":[],"product_cat":[2401,965],"product_tag":[3002,966],"class_list":{"0":"post-8145","1":"product","2":"type-product","3":"status-publish","4":"has-post-thumbnail","6":"product_cat-ja-solar-et","7":"product_cat-taastuv-energia","8":"product_tag-renewable-energy-et","9":"product_tag-solarpanel-solar-panel-sustainableenergy-et","11":"first","12":"instock","13":"sale","14":"taxable","15":"shipping-taxable","16":"purchasable","17":"product-type-simple"},"acf":[],"_links":{"self":[{"href":"https:\/\/factory.sale\/et\/wp-json\/wp\/v2\/product\/8145","targetHints":{"allow":["GET"]}}],"collection":[{"href":"https:\/\/factory.sale\/et\/wp-json\/wp\/v2\/product"}],"about":[{"href":"https:\/\/factory.sale\/et\/wp-json\/wp\/v2\/types\/product"}],"replies":[{"embeddable":true,"href":"https:\/\/factory.sale\/et\/wp-json\/wp\/v2\/comments?post=8145"}],"wp:featuredmedia":[{"embeddable":true,"href":"https:\/\/factory.sale\/et\/wp-json\/wp\/v2\/media\/8133"}],"wp:attachment":[{"href":"https:\/\/factory.sale\/et\/wp-json\/wp\/v2\/media?parent=8145"}],"wp:term":[{"taxonomy":"factory","embeddable":true,"href":"https:\/\/factory.sale\/et\/wp-json\/wp\/v2\/factory?post=8145"},{"taxonomy":"free-shipment","embeddable":true,"href":"https:\/\/factory.sale\/et\/wp-json\/wp\/v2\/free-shipment?post=8145"},{"taxonomy":"product_brand","embeddable":true,"href":"https:\/\/factory.sale\/et\/wp-json\/wp\/v2\/product_brand?post=8145"},{"taxonomy":"product_cat","embeddable":true,"href":"https:\/\/factory.sale\/et\/wp-json\/wp\/v2\/product_cat?post=8145"},{"taxonomy":"product_tag","embeddable":true,"href":"https:\/\/factory.sale\/et\/wp-json\/wp\/v2\/product_tag?post=8145"}],"curies":[{"name":"wp","href":"https:\/\/api.w.org\/{rel}","templated":true}]}}