{"id":8141,"date":"2022-05-25T13:12:55","date_gmt":"2022-05-25T13:34:21","guid":{"rendered":"https:\/\/factory.sale\/?post_type=product&#038;p=8141"},"modified":"2024-06-28T02:01:59","modified_gmt":"2024-06-28T02:01:59","slug":"ja-solar-455wp-moodul-jam72s20-455-mr-hobedane-raam","status":"publish","type":"product","link":"https:\/\/factory.sale\/et\/toode\/ja-solar-455wp-moodul-jam72s20-455-mr-hobedane-raam\/","title":{"rendered":"JA Solar 455WP Moodul &#8211; JAM72S20 455 MR h\u00f5bedane raam"},"content":{"rendered":"<p><span style=\"font-weight: 400;\">Mitme siini PERC-elementidega kokkupanduna pakub moodulite pool elemendi konfiguratsioon eeliseid suurema v\u00e4ljundv\u00f5imsuse, parema temperatuurist s\u00f5ltuva j\u00f5udluse ja v\u00e4iksema varjutuse poolest. m\u00f5ju energia tootmisele, v\u00e4iksem kuumade punktide oht, samuti suurem taluvus mehaanilise koormuse suhtes.<\/span><\/p>\n<ul>\n<li style=\"font-weight: 400;\" aria-level=\"1\"><span style=\"font-weight: 400;\">Suurem v\u00e4ljundv\u00f5imsus<\/span><\/li>\n<li style=\"font-weight: 400;\" aria-level=\"1\"><span style=\"font-weight: 400;\">Madalam LCOE<\/span><\/li>\n<li style=\"font-weight: 400;\" aria-level=\"1\"><span style=\"font-weight: 400;\">V\u00e4iksem varjutus ja v\u00e4iksem takistuskadu<\/span><\/li>\n<li style=\"font-weight: 400;\" aria-level=\"1\"><span style=\"font-weight: 400;\">Parem mehaaniline laadimine<\/span><\/li>\n<\/ul>\n<p>&nbsp;<\/p>\n<p><strong>LISAINFORMATSIOON:<\/strong><\/p>\n<p>&nbsp;<\/p>\n<p><strong>Stock:\u00a03,3 MW<\/strong><\/p>\n<table class=\"table\">\n<tbody>\n<tr class=\"r--l-flex r--l-flex-wrap\">\n<td class=\"name r--l-box-5 r--l-md-box-10 r--l-xs-box-10\">Max. v\u00f5imsus (Pmax)<\/td>\n<td class=\"value r--l-box-5 r--l-md-box-10 r--l-xs-box-10\">455<\/td>\n<\/tr>\n<tr class=\"r--l-flex r--l-flex-wrap\">\n<td class=\"name r--l-box-5 r--l-md-box-10 r--l-xs-box-10\">\u00dchendused<\/td>\n<td class=\"value r--l-box-5 r--l-md-box-10 r--l-xs-box-10\">MC\/QC<\/td>\n<\/tr>\n<tr class=\"r--l-flex r--l-flex-wrap\">\n<td class=\"name r--l-box-5 r--l-md-box-10 r--l-xs-box-10\">Raami paksus [mm]<\/td>\n<td class=\"value r--l-box-5 r--l-md-box-10 r--l-xs-box-10\">35<\/td>\n<\/tr>\n<tr class=\"r--l-flex r--l-flex-wrap\">\n<td class=\"name r--l-box-5 r--l-md-box-10 r--l-xs-box-10\">K\u00f5rgus [mm]<\/td>\n<td class=\"value r--l-box-5 r--l-md-box-10 r--l-xs-box-10\">2112<\/td>\n<\/tr>\n<tr class=\"r--l-flex r--l-flex-wrap\">\n<td class=\"name r--l-box-5 r--l-md-box-10 r--l-xs-box-10\">Kaal [kg]<\/td>\n<td class=\"value r--l-box-5 r--l-md-box-10 r--l-xs-box-10\">24,7<\/td>\n<\/tr>\n<tr class=\"r--l-flex r--l-flex-wrap\">\n<td class=\"name r--l-box-5 r--l-md-box-10 r--l-xs-box-10\">Paki konfiguratsioon (Pallet)<\/td>\n<td class=\"value r--l-box-5 r--l-md-box-10 r--l-xs-box-10\">36 PCS<\/td>\n<\/tr>\n<tr class=\"r--l-flex r--l-flex-wrap\">\n<td class=\"name r--l-box-5 r--l-md-box-10 r--l-xs-box-10\">Paki konfiguratsioon\u00a0(Konteiner)<\/td>\n<td class=\"value r--l-box-5 r--l-md-box-10 r--l-xs-box-10\">682 PCS<\/td>\n<\/tr>\n<\/tbody>\n<\/table>\n<p>&nbsp;<\/p>\n<p>&nbsp;<\/p>\n<p><b><i>Hind s\u00f5ltub kogustest, k\u00fcsi personaalset pakkumist!<\/i><\/b><\/p>\n<p>&nbsp;<\/p>\n<p>&nbsp;<\/p>\n<p><b><i>Hind s\u00f5ltub kogustest, k\u00fcsi personaalset pakkumist!<\/i><\/b><\/p>\n<p>&nbsp;<\/p>\n","protected":false},"excerpt":{"rendered":"<p><b>JA Solar on k\u00f5rgekvaliteediliste fotogalvaaniliste moodulite tootmise liider maailmas.<\/b><\/p>\n<p>&nbsp;<\/p>\n","protected":false},"featured_media":8097,"comment_status":"open","ping_status":"closed","template":"","meta":{"_acf_changed":false},"factory":[],"free-shipment":[],"product_brand":[],"product_cat":[2401,965],"product_tag":[],"class_list":{"0":"post-8141","1":"product","2":"type-product","3":"status-publish","4":"has-post-thumbnail","6":"product_cat-ja-solar-et","7":"product_cat-taastuv-energia","9":"first","10":"instock","11":"sale","12":"taxable","13":"shipping-taxable","14":"purchasable","15":"product-type-simple"},"acf":[],"_links":{"self":[{"href":"https:\/\/factory.sale\/et\/wp-json\/wp\/v2\/product\/8141","targetHints":{"allow":["GET"]}}],"collection":[{"href":"https:\/\/factory.sale\/et\/wp-json\/wp\/v2\/product"}],"about":[{"href":"https:\/\/factory.sale\/et\/wp-json\/wp\/v2\/types\/product"}],"replies":[{"embeddable":true,"href":"https:\/\/factory.sale\/et\/wp-json\/wp\/v2\/comments?post=8141"}],"wp:featuredmedia":[{"embeddable":true,"href":"https:\/\/factory.sale\/et\/wp-json\/wp\/v2\/media\/8097"}],"wp:attachment":[{"href":"https:\/\/factory.sale\/et\/wp-json\/wp\/v2\/media?parent=8141"}],"wp:term":[{"taxonomy":"factory","embeddable":true,"href":"https:\/\/factory.sale\/et\/wp-json\/wp\/v2\/factory?post=8141"},{"taxonomy":"free-shipment","embeddable":true,"href":"https:\/\/factory.sale\/et\/wp-json\/wp\/v2\/free-shipment?post=8141"},{"taxonomy":"product_brand","embeddable":true,"href":"https:\/\/factory.sale\/et\/wp-json\/wp\/v2\/product_brand?post=8141"},{"taxonomy":"product_cat","embeddable":true,"href":"https:\/\/factory.sale\/et\/wp-json\/wp\/v2\/product_cat?post=8141"},{"taxonomy":"product_tag","embeddable":true,"href":"https:\/\/factory.sale\/et\/wp-json\/wp\/v2\/product_tag?post=8141"}],"curies":[{"name":"wp","href":"https:\/\/api.w.org\/{rel}","templated":true}]}}