{"id":8094,"date":"2022-05-25T13:16:09","date_gmt":"2022-05-25T13:34:20","guid":{"rendered":"https:\/\/factory.sale\/?post_type=product&#038;p=8094"},"modified":"2025-03-20T01:11:46","modified_gmt":"2025-03-19T22:11:46","slug":"solar-460wp-moodul-jam72s20-460-mr-hobedane-raam","status":"publish","type":"product","link":"https:\/\/factory.sale\/et\/toode\/solar-460wp-moodul-jam72s20-460-mr-hobedane-raam\/","title":{"rendered":"Solar 460WP moodul \u2013 JAM72S20 460 MR h\u00f5bedane raam"},"content":{"rendered":"<p>Mitme siini PERC-elementidega kokkupanduna pakub moodulite poolelemendi konfiguratsioon eeliseid suurema v\u00e4ljundv\u00f5imsuse, parema temperatuurist s\u00f5ltuva j\u00f5udluse ja v\u00e4iksema varjutuse poolest. m\u00f5ju energia tootmisele, v\u00e4iksem kuumade punktide oht, samuti suurem taluvus mehaanilise koormuse suhtes.<\/p>\n<ul>\n<li>Suurem v\u00e4ljundv\u00f5imsus<\/li>\n<li>Madalam LCOE<\/li>\n<li>V\u00e4iksem varjutus ja v\u00e4iksem takistuskadu<\/li>\n<li>Parem mehaaniline laadimine<\/li>\n<\/ul>\n<p>&nbsp;<\/p>\n<p><strong>LISAINFORMATSIOON:<\/strong><\/p>\n<p>&nbsp;<\/p>\n<p><strong>Varu: 5,51 MW<\/strong><\/p>\n<p>&nbsp;<\/p>\n<table class=\"table\">\n<tbody>\n<tr class=\"r--l-flex r--l-flex-wrap\">\n<td class=\"name r--l-box-5 r--l-md-box-10 r--l-xs-box-10\">Max. v\u00f5imsus (Pmax)<\/td>\n<td class=\"value r--l-box-5 r--l-md-box-10 r--l-xs-box-10\">460<\/td>\n<\/tr>\n<tr class=\"r--l-flex r--l-flex-wrap\">\n<td class=\"name r--l-box-5 r--l-md-box-10 r--l-xs-box-10\">\u00dchendused<\/td>\n<td class=\"value r--l-box-5 r--l-md-box-10 r--l-xs-box-10\">MC\/QC<\/td>\n<\/tr>\n<tr class=\"r--l-flex r--l-flex-wrap\">\n<td class=\"name r--l-box-5 r--l-md-box-10 r--l-xs-box-10\">Raami paksus [mm]<\/td>\n<td class=\"value r--l-box-5 r--l-md-box-10 r--l-xs-box-10\">35<\/td>\n<\/tr>\n<tr class=\"r--l-flex r--l-flex-wrap\">\n<td class=\"name r--l-box-5 r--l-md-box-10 r--l-xs-box-10\">K\u00f5rgus [mm]<\/td>\n<td class=\"value r--l-box-5 r--l-md-box-10 r--l-xs-box-10\">2112<\/td>\n<\/tr>\n<tr class=\"r--l-flex r--l-flex-wrap\">\n<td class=\"name r--l-box-5 r--l-md-box-10 r--l-xs-box-10\">Kaal [kg]<\/td>\n<td class=\"value r--l-box-5 r--l-md-box-10 r--l-xs-box-10\">24,7<\/td>\n<\/tr>\n<tr class=\"r--l-flex r--l-flex-wrap\">\n<td class=\"name r--l-box-5 r--l-md-box-10 r--l-xs-box-10\">Pakendi konfiguratsioon (Pallet)<\/td>\n<td class=\"value r--l-box-5 r--l-md-box-10 r--l-xs-box-10\">31 PCS<\/td>\n<\/tr>\n<tr class=\"r--l-flex r--l-flex-wrap\">\n<td class=\"name r--l-box-5 r--l-md-box-10 r--l-xs-box-10\">Pakendi konfiguratsioon(Container)<\/td>\n<td class=\"value r--l-box-5 r--l-md-box-10 r--l-xs-box-10\">682 PCS<\/td>\n<\/tr>\n<\/tbody>\n<\/table>\n","protected":false},"excerpt":{"rendered":"<p>Mitme siini PERC-elementidega kokkupanduna pakub moodulite poolelemendi konfiguratsioon eeliseid suurema v\u00e4ljundv\u00f5imsuse, parema temperatuurist s\u00f5ltuva j\u00f5udluse ja v\u00e4iksema varjutuse poolest. m\u00f5ju energia tootmisele, v\u00e4iksem kuumade punktide oht, samuti suurem taluvus mehaanilise koormuse suhtes.<\/p>\n","protected":false},"featured_media":8097,"comment_status":"open","ping_status":"closed","template":"","meta":{"_acf_changed":false},"factory":[],"free-shipment":[],"product_brand":[],"product_cat":[2401,965],"product_tag":[3002,2110],"class_list":{"0":"post-8094","1":"product","2":"type-product","3":"status-publish","4":"has-post-thumbnail","6":"product_cat-ja-solar-et","7":"product_cat-taastuv-energia","8":"product_tag-renewable-energy-et","9":"product_tag-solar-panel-et","11":"first","12":"instock","13":"sale","14":"taxable","15":"shipping-taxable","16":"purchasable","17":"product-type-simple"},"acf":[],"_links":{"self":[{"href":"https:\/\/factory.sale\/et\/wp-json\/wp\/v2\/product\/8094","targetHints":{"allow":["GET"]}}],"collection":[{"href":"https:\/\/factory.sale\/et\/wp-json\/wp\/v2\/product"}],"about":[{"href":"https:\/\/factory.sale\/et\/wp-json\/wp\/v2\/types\/product"}],"replies":[{"embeddable":true,"href":"https:\/\/factory.sale\/et\/wp-json\/wp\/v2\/comments?post=8094"}],"wp:featuredmedia":[{"embeddable":true,"href":"https:\/\/factory.sale\/et\/wp-json\/wp\/v2\/media\/8097"}],"wp:attachment":[{"href":"https:\/\/factory.sale\/et\/wp-json\/wp\/v2\/media?parent=8094"}],"wp:term":[{"taxonomy":"factory","embeddable":true,"href":"https:\/\/factory.sale\/et\/wp-json\/wp\/v2\/factory?post=8094"},{"taxonomy":"free-shipment","embeddable":true,"href":"https:\/\/factory.sale\/et\/wp-json\/wp\/v2\/free-shipment?post=8094"},{"taxonomy":"product_brand","embeddable":true,"href":"https:\/\/factory.sale\/et\/wp-json\/wp\/v2\/product_brand?post=8094"},{"taxonomy":"product_cat","embeddable":true,"href":"https:\/\/factory.sale\/et\/wp-json\/wp\/v2\/product_cat?post=8094"},{"taxonomy":"product_tag","embeddable":true,"href":"https:\/\/factory.sale\/et\/wp-json\/wp\/v2\/product_tag?post=8094"}],"curies":[{"name":"wp","href":"https:\/\/api.w.org\/{rel}","templated":true}]}}