{"id":8090,"date":"2022-05-25T13:17:05","date_gmt":"2022-05-25T13:33:16","guid":{"rendered":"https:\/\/factory.sale\/?post_type=product&#038;p=8090"},"modified":"2024-06-28T04:21:09","modified_gmt":"2024-06-28T04:21:09","slug":"solar-400wp-moodul-jam54s30-400-mr-must-raam","status":"publish","type":"product","link":"https:\/\/factory.sale\/et\/toode\/solar-400wp-moodul-jam54s30-400-mr-must-raam\/","title":{"rendered":"Solar 400WP moodul \u2013 JAM54S30 400 MR must raam"},"content":{"rendered":"<p>Mitme siini PERC-elementidega kokkupanduna pakub moodulite poolelemendi konfiguratsioon eeliseid suurema v\u00e4ljundv\u00f5imsuse, parema temperatuurist s\u00f5ltuva j\u00f5udluse ja v\u00e4iksema varjutuse poolest. m\u00f5ju energia tootmisele, v\u00e4iksem kuumade punktide oht, samuti suurem taluvus mehaanilise koormuse suhtes.<\/p>\n<ul>\n<li style=\"font-weight: 400;\" aria-level=\"1\"><span style=\"font-weight: 400;\">Suurem v\u00e4ljundv\u00f5imsus<\/span><\/li>\n<li style=\"font-weight: 400;\" aria-level=\"1\"><span style=\"font-weight: 400;\">Madalam LCOE<\/span><\/li>\n<li style=\"font-weight: 400;\" aria-level=\"1\"><span style=\"font-weight: 400;\">V\u00e4iksem varjutus ja v\u00e4iksem takistuskadu<\/span><\/li>\n<li style=\"font-weight: 400;\" aria-level=\"1\"><span style=\"font-weight: 400;\">Parem mehaaniline laadimine<\/span><\/li>\n<\/ul>\n<p>&nbsp;<\/p>\n<p><strong>LISAINFORMATSIOON:<\/strong><\/p>\n<p><strong>Varu: 2,64 MW<\/strong><\/p>\n<table class=\"table\">\n<tbody>\n<tr class=\"r--l-flex r--l-flex-wrap\">\n<td class=\"name r--l-box-5 r--l-md-box-10 r--l-xs-box-10\">Max. v\u00f5imsus (Pmax)<\/td>\n<td class=\"value r--l-box-5 r--l-md-box-10 r--l-xs-box-10\">400<\/td>\n<\/tr>\n<tr class=\"r--l-flex r--l-flex-wrap\">\n<td class=\"name r--l-box-5 r--l-md-box-10 r--l-xs-box-10\">\u00dchendused<\/td>\n<td class=\"value r--l-box-5 r--l-md-box-10 r--l-xs-box-10\">MC\/QC<\/td>\n<\/tr>\n<tr class=\"r--l-flex r--l-flex-wrap\">\n<td class=\"name r--l-box-5 r--l-md-box-10 r--l-xs-box-10\">Raami paksus [mm]<\/td>\n<td class=\"value r--l-box-5 r--l-md-box-10 r--l-xs-box-10\">30<\/td>\n<\/tr>\n<tr class=\"r--l-flex r--l-flex-wrap\">\n<td class=\"name r--l-box-5 r--l-md-box-10 r--l-xs-box-10\">K\u00f5rgus [mm]<\/td>\n<td class=\"value r--l-box-5 r--l-md-box-10 r--l-xs-box-10\">1722<\/td>\n<\/tr>\n<tr class=\"r--l-flex r--l-flex-wrap\">\n<td class=\"name r--l-box-5 r--l-md-box-10 r--l-xs-box-10\">Kaal [kg]<\/td>\n<td class=\"value r--l-box-5 r--l-md-box-10 r--l-xs-box-10\">21,5<\/td>\n<\/tr>\n<tr class=\"r--l-flex r--l-flex-wrap\">\n<td class=\"name r--l-box-5 r--l-md-box-10 r--l-xs-box-10\">Pakendi konfiguratsioon (Pallet)<\/td>\n<td class=\"value r--l-box-5 r--l-md-box-10 r--l-xs-box-10\">36 x<\/td>\n<\/tr>\n<tr class=\"r--l-flex r--l-flex-wrap\">\n<td class=\"name r--l-box-5 r--l-md-box-10 r--l-xs-box-10\">Pakendi konfiguratsioon (Konteiner)<\/td>\n<td class=\"value r--l-box-5 r--l-md-box-10 r--l-xs-box-10\">936 x<\/td>\n<\/tr>\n<\/tbody>\n<\/table>\n<p>&nbsp;<\/p>\n<p><strong><em>Hind s\u00f5ltub kogustest, k\u00fcsi personaalset pakkumist!<\/em><\/strong><\/p>\n","protected":false},"excerpt":{"rendered":"<p><strong>JA Solar on k\u00f5rgekvaliteediliste fotogalvaaniliste moodulite tootmise liider maailmas.<\/strong><\/p>\n","protected":false},"featured_media":8156,"comment_status":"open","ping_status":"closed","template":"","meta":{"_acf_changed":false},"factory":[],"free-shipment":[],"product_brand":[],"product_cat":[2401,965],"product_tag":[3002],"class_list":{"0":"post-8090","1":"product","2":"type-product","3":"status-publish","4":"has-post-thumbnail","6":"product_cat-ja-solar-et","7":"product_cat-taastuv-energia","8":"product_tag-renewable-energy-et","10":"first","11":"instock","12":"sale","13":"taxable","14":"shipping-taxable","15":"purchasable","16":"product-type-simple"},"acf":[],"_links":{"self":[{"href":"https:\/\/factory.sale\/et\/wp-json\/wp\/v2\/product\/8090","targetHints":{"allow":["GET"]}}],"collection":[{"href":"https:\/\/factory.sale\/et\/wp-json\/wp\/v2\/product"}],"about":[{"href":"https:\/\/factory.sale\/et\/wp-json\/wp\/v2\/types\/product"}],"replies":[{"embeddable":true,"href":"https:\/\/factory.sale\/et\/wp-json\/wp\/v2\/comments?post=8090"}],"wp:featuredmedia":[{"embeddable":true,"href":"https:\/\/factory.sale\/et\/wp-json\/wp\/v2\/media\/8156"}],"wp:attachment":[{"href":"https:\/\/factory.sale\/et\/wp-json\/wp\/v2\/media?parent=8090"}],"wp:term":[{"taxonomy":"factory","embeddable":true,"href":"https:\/\/factory.sale\/et\/wp-json\/wp\/v2\/factory?post=8090"},{"taxonomy":"free-shipment","embeddable":true,"href":"https:\/\/factory.sale\/et\/wp-json\/wp\/v2\/free-shipment?post=8090"},{"taxonomy":"product_brand","embeddable":true,"href":"https:\/\/factory.sale\/et\/wp-json\/wp\/v2\/product_brand?post=8090"},{"taxonomy":"product_cat","embeddable":true,"href":"https:\/\/factory.sale\/et\/wp-json\/wp\/v2\/product_cat?post=8090"},{"taxonomy":"product_tag","embeddable":true,"href":"https:\/\/factory.sale\/et\/wp-json\/wp\/v2\/product_tag?post=8090"}],"curies":[{"name":"wp","href":"https:\/\/api.w.org\/{rel}","templated":true}]}}