{"id":8006,"date":"2022-06-30T14:23:25","date_gmt":"2022-06-30T14:23:58","guid":{"rendered":"https:\/\/factory.sale\/?post_type=product&#038;p=8006"},"modified":"2024-06-30T14:39:08","modified_gmt":"2024-06-30T14:39:08","slug":"garaaz-aiakuur-tavaliste-ustega","status":"publish","type":"product","link":"https:\/\/factory.sale\/et\/toode\/garaaz-aiakuur-tavaliste-ustega\/","title":{"rendered":"Garaaz \/ aiakuur tavaliste ustega 17,1 m2"},"content":{"rendered":"<p>Garaaz \/ aiakuur tavaliste ustega on kergesti paigaldatav.\u00a0\u00a0Seinad ja katus on valmistatud galvaniseeritud terasplekist ning vastupidavast karkass galvaniseeritud terasest.<\/p>\n<p>&nbsp;<\/p>\n<p><strong>LISAINFORMATSIOON<\/strong>:<\/p>\n<ul>\n<li>Kaks ust (\u00fcks peauks ja \u00fcks k\u00fcljeuks)<\/li>\n<li>4 ventilatsiooniava<\/li>\n<li>Materjal:\u00a0tsingitud+v\u00e4rvitud teras plaadid,\u00a0tsingitud terasest karkass<\/li>\n<li>M\u00f5\u00f5dud (P x L x K): 590 x 289 x 232 cm<\/li>\n<li>Peaukse m\u00f5\u00f5t: (L xK) 212 x 186cm<\/li>\n<li>K\u00fcljeukse m\u00f5\u00f5t: 78 x 187 cm , k\u00fcljeuks on lukustatav<\/li>\n<li>V\u00e4rv: hall<\/li>\n<li>Roostegarantii 15 aastat<\/li>\n<li>Lumekoormus 15kg\/m2<\/li>\n<\/ul>\n","protected":false},"excerpt":{"rendered":"<p><strong>Garaaz \/ aiakuur tavaliste ustega<\/strong> on kergesti paigaldatav.\u00a0\u00a0Seinad ja katus on valmistatud galvaniseeritud terasplekist ning vastupidavast karkass galvaniseeritud terasest.<\/p>\n<p>&nbsp;<\/p>\n","protected":false},"featured_media":9496,"comment_status":"open","ping_status":"closed","template":"","meta":{"_acf_changed":false},"factory":[],"free-shipment":[],"product_brand":[],"product_cat":[924],"product_tag":[1483,1484],"class_list":{"0":"post-8006","1":"product","2":"type-product","3":"status-publish","4":"has-post-thumbnail","6":"product_cat-aiatooted","7":"product_tag-garden-et","8":"product_tag-yard-et","10":"first","11":"instock","12":"sale","13":"taxable","14":"shipping-taxable","15":"purchasable","16":"product-type-simple"},"acf":[],"_links":{"self":[{"href":"https:\/\/factory.sale\/et\/wp-json\/wp\/v2\/product\/8006","targetHints":{"allow":["GET"]}}],"collection":[{"href":"https:\/\/factory.sale\/et\/wp-json\/wp\/v2\/product"}],"about":[{"href":"https:\/\/factory.sale\/et\/wp-json\/wp\/v2\/types\/product"}],"replies":[{"embeddable":true,"href":"https:\/\/factory.sale\/et\/wp-json\/wp\/v2\/comments?post=8006"}],"wp:featuredmedia":[{"embeddable":true,"href":"https:\/\/factory.sale\/et\/wp-json\/wp\/v2\/media\/9496"}],"wp:attachment":[{"href":"https:\/\/factory.sale\/et\/wp-json\/wp\/v2\/media?parent=8006"}],"wp:term":[{"taxonomy":"factory","embeddable":true,"href":"https:\/\/factory.sale\/et\/wp-json\/wp\/v2\/factory?post=8006"},{"taxonomy":"free-shipment","embeddable":true,"href":"https:\/\/factory.sale\/et\/wp-json\/wp\/v2\/free-shipment?post=8006"},{"taxonomy":"product_brand","embeddable":true,"href":"https:\/\/factory.sale\/et\/wp-json\/wp\/v2\/product_brand?post=8006"},{"taxonomy":"product_cat","embeddable":true,"href":"https:\/\/factory.sale\/et\/wp-json\/wp\/v2\/product_cat?post=8006"},{"taxonomy":"product_tag","embeddable":true,"href":"https:\/\/factory.sale\/et\/wp-json\/wp\/v2\/product_tag?post=8006"}],"curies":[{"name":"wp","href":"https:\/\/api.w.org\/{rel}","templated":true}]}}