{"id":8002,"date":"2022-07-04T10:08:30","date_gmt":"2022-07-04T10:08:42","guid":{"rendered":"https:\/\/factory.sale\/?post_type=product&#038;p=8002"},"modified":"2024-06-26T16:31:52","modified_gmt":"2024-06-26T16:31:52","slug":"aiakuur-102-m2","status":"publish","type":"product","link":"https:\/\/factory.sale\/et\/toode\/aiakuur-102-m2\/","title":{"rendered":"Aiakuur 10,2 m2"},"content":{"rendered":"<p>Aiakuuri seinad ja katus on valmistatud galvaniseeritud terasplekist ning vastupidav karkass galvaniseeritud terasest. Aiakuuril on<strong> 4<\/strong> ventilatsiooni ava.<\/p>\n<p>&nbsp;<\/p>\n<p><strong>LISAINFORMATSIOON:<\/strong><\/p>\n<ul>\n<li>M\u00f5\u00f5dud: Laius 330 cm x S\u00fcgavus 309 cm x K\u00f5rgus katuseharjani 208cm<\/li>\n<li>Ukseava (LxH) 138 x 162 cm<\/li>\n<li>Pindala 10,2m\u00b2<\/li>\n<li>Lumekoormus 15kg\/m2<\/li>\n<li>Materjal:\u00a0seinad ja katus 0,25 mm galvaniseeritud terasplekk,\u00a0karkass 0,6 mm galvaniseeritud teras<\/li>\n<li>Pakendatud kahte pakki: 200 x 100 x 60 cm 68 kg ja 220 x 26 x 14 cm 45 kg<\/li>\n<\/ul>\n","protected":false},"excerpt":{"rendered":"<p><strong>Aiakuur 10,2 m2 &#8211;<\/strong> Aiakuuri seinad ja katus on valmistatud galvaniseeritud terasplekist ning vastupidav karkass galvaniseeritud terasest. Aiakuuril on<strong> 4<\/strong> ventilatsiooni ava.<\/p>\n","protected":false},"featured_media":85261,"comment_status":"open","ping_status":"closed","template":"","meta":{"_acf_changed":false},"factory":[],"free-shipment":[],"product_brand":[],"product_cat":[924,2356],"product_tag":[1483,1484],"class_list":{"0":"post-8002","1":"product","2":"type-product","3":"status-publish","4":"has-post-thumbnail","6":"product_cat-aiatooted","7":"product_cat-aiarajatised","8":"product_tag-garden-et","9":"product_tag-yard-et","11":"first","12":"instock","13":"sale","14":"taxable","15":"shipping-taxable","16":"purchasable","17":"product-type-simple"},"acf":[],"_links":{"self":[{"href":"https:\/\/factory.sale\/et\/wp-json\/wp\/v2\/product\/8002","targetHints":{"allow":["GET"]}}],"collection":[{"href":"https:\/\/factory.sale\/et\/wp-json\/wp\/v2\/product"}],"about":[{"href":"https:\/\/factory.sale\/et\/wp-json\/wp\/v2\/types\/product"}],"replies":[{"embeddable":true,"href":"https:\/\/factory.sale\/et\/wp-json\/wp\/v2\/comments?post=8002"}],"wp:featuredmedia":[{"embeddable":true,"href":"https:\/\/factory.sale\/et\/wp-json\/wp\/v2\/media\/85261"}],"wp:attachment":[{"href":"https:\/\/factory.sale\/et\/wp-json\/wp\/v2\/media?parent=8002"}],"wp:term":[{"taxonomy":"factory","embeddable":true,"href":"https:\/\/factory.sale\/et\/wp-json\/wp\/v2\/factory?post=8002"},{"taxonomy":"free-shipment","embeddable":true,"href":"https:\/\/factory.sale\/et\/wp-json\/wp\/v2\/free-shipment?post=8002"},{"taxonomy":"product_brand","embeddable":true,"href":"https:\/\/factory.sale\/et\/wp-json\/wp\/v2\/product_brand?post=8002"},{"taxonomy":"product_cat","embeddable":true,"href":"https:\/\/factory.sale\/et\/wp-json\/wp\/v2\/product_cat?post=8002"},{"taxonomy":"product_tag","embeddable":true,"href":"https:\/\/factory.sale\/et\/wp-json\/wp\/v2\/product_tag?post=8002"}],"curies":[{"name":"wp","href":"https:\/\/api.w.org\/{rel}","templated":true}]}}