{"id":79214,"date":"2024-02-25T21:50:18","date_gmt":"2024-02-25T21:59:03","guid":{"rendered":"https:\/\/factory.sale\/?post_type=product&#038;p=79214"},"modified":"2024-06-27T14:08:56","modified_gmt":"2024-06-27T14:08:56","slug":"dusinurk-vetro-501","status":"publish","type":"product","link":"https:\/\/factory.sale\/et\/toode\/dusinurk-vetro-501\/","title":{"rendered":"Du\u0161inurk VETRO 501"},"content":{"rendered":"<p>T\u00e4ielikult raamitud du\u0161isein koosneb klaaspaneelist ja paigaldusraamidest. Fikseeritud paneel kinnitatakse seina, p\u00f5randa ja lae k\u00fclge roostevabast terasest profiilide abil, millele lisaks kinnitatakse klaasi esik\u00fcljele roostevabast terasest profiil, et du\u0161iekraan t\u00e4ielikult raamida. Fikseeritud du\u0161isein on tugev ja seda saab t\u00f5husalt kasutada vee eest kaitsmiseks.<\/p>\n<p>&nbsp;<\/p>\n<p><strong>PAIGALDAMINE<\/strong><\/p>\n<p>Raamitud seinapaneel kinnitatakse, keerates raamiprofiilid seina ja lakke. Klaas liimitakse raamiprofiilide k\u00fclge ja pehmendatakse tihenditega.<\/p>\n<p>&nbsp;<\/p>\n<p><strong>RAAMI V\u00c4RV<\/strong><\/p>\n<p>Paneeli servadele kinnitatud profiilid on valmistatud roostevabast terasest. Pinnat\u00f6\u00f6tlusv\u00f5imalused on kroomitud, messing ja mustaks v\u00e4rvitud.<\/p>\n<ul>\n<li>Kroomitud<\/li>\n<li>Messing<\/li>\n<li>Mustaks v\u00e4rvitud<\/li>\n<\/ul>\n<p>&nbsp;<\/p>\n<p><strong>KLAASI V\u00c4RV<\/strong><\/p>\n<p>Toode on valmistatud 8 mm paksusest karastatud turvalisest paneelist (EN 12150). L\u00e4bipaistev, hall ja pruun on siledapinnalised ja l\u00e4bipaistvad paneelid. Satiinpaneelid ei ole t\u00e4ielikult l\u00e4bipaistvad, paneeli kaudu ei saa detaile eristada. \u00dcks satiinpaneeli k\u00fclg on etsitud, et saavutada sametine tunne ja teine k\u00fclg on sile. Satiinpaneeli toodet valides tuleb arvestada, et paneeli etsitud pind on kriimustuste ja plekkide suhtes tundlik.<\/p>\n<ul>\n<li>L\u00e4bipaistev<\/li>\n<li>Hall<\/li>\n<li>Pruun<\/li>\n<li>Satiin<\/li>\n<li>Erakordselt hele<\/li>\n<li>Must<\/li>\n<\/ul>\n<p>&nbsp;<\/p>\n<p><strong>TOOTE SUURUS<\/strong><\/p>\n<p>Du\u0161isein valmistatakse vastavalt eritellimuse m\u00f5\u00f5tmetele.<\/p>\n<p>A 800<\/p>\n<p>B 2000<\/p>\n<p>&nbsp;<\/p>\n","protected":false},"excerpt":{"rendered":"<p>T\u00e4ielikult raamitud du\u0161isein koosneb klaaspaneelist ja paigaldusraamidest. Fikseeritud paneel kinnitatakse seina, p\u00f5randa ja lae k\u00fclge roostevabast terasest profiilide abil, millele lisaks kinnitatakse klaasi esik\u00fcljele roostevabast terasest profiil, et du\u0161iekraan t\u00e4ielikult raamida. Fikseeritud du\u0161isein on tugev ja seda saab t\u00f5husalt kasutada vee eest kaitsmiseks.<\/p>\n","protected":false},"featured_media":79206,"comment_status":"open","ping_status":"closed","template":"","meta":{"_acf_changed":false},"factory":[],"free-shipment":[],"product_brand":[],"product_cat":[1014],"product_tag":[],"class_list":{"0":"post-79214","1":"product","2":"type-product","3":"status-publish","4":"has-post-thumbnail","6":"product_cat-dusinurgad","8":"first","9":"instock","10":"sale","11":"taxable","12":"shipping-taxable","13":"purchasable","14":"product-type-simple"},"acf":[],"_links":{"self":[{"href":"https:\/\/factory.sale\/et\/wp-json\/wp\/v2\/product\/79214","targetHints":{"allow":["GET"]}}],"collection":[{"href":"https:\/\/factory.sale\/et\/wp-json\/wp\/v2\/product"}],"about":[{"href":"https:\/\/factory.sale\/et\/wp-json\/wp\/v2\/types\/product"}],"replies":[{"embeddable":true,"href":"https:\/\/factory.sale\/et\/wp-json\/wp\/v2\/comments?post=79214"}],"wp:featuredmedia":[{"embeddable":true,"href":"https:\/\/factory.sale\/et\/wp-json\/wp\/v2\/media\/79206"}],"wp:attachment":[{"href":"https:\/\/factory.sale\/et\/wp-json\/wp\/v2\/media?parent=79214"}],"wp:term":[{"taxonomy":"factory","embeddable":true,"href":"https:\/\/factory.sale\/et\/wp-json\/wp\/v2\/factory?post=79214"},{"taxonomy":"free-shipment","embeddable":true,"href":"https:\/\/factory.sale\/et\/wp-json\/wp\/v2\/free-shipment?post=79214"},{"taxonomy":"product_brand","embeddable":true,"href":"https:\/\/factory.sale\/et\/wp-json\/wp\/v2\/product_brand?post=79214"},{"taxonomy":"product_cat","embeddable":true,"href":"https:\/\/factory.sale\/et\/wp-json\/wp\/v2\/product_cat?post=79214"},{"taxonomy":"product_tag","embeddable":true,"href":"https:\/\/factory.sale\/et\/wp-json\/wp\/v2\/product_tag?post=79214"}],"curies":[{"name":"wp","href":"https:\/\/api.w.org\/{rel}","templated":true}]}}